{"id":125,"date":"2022-02-21T11:00:10","date_gmt":"2022-02-21T10:00:10","guid":{"rendered":"http:\/\/www.infonautics-software.ch\/mymenuexplorerde\/?page_id=125"},"modified":"2022-02-21T19:14:18","modified_gmt":"2022-02-21T18:14:18","slug":"caracteristiques","status":"publish","type":"page","link":"https:\/\/www.infonautics-software.ch\/aidedecisionnelle\/caracteristiques\/","title":{"rendered":"CARACT\u00c9RISTIQUES"},"content":{"rendered":"<p>[et_pb_section fb_built=\u00a0\u00bb1&Prime; make_equal=\u00a0\u00bbon\u00a0\u00bb fullwidth=\u00a0\u00bbon\u00a0\u00bb custom_padding_last_edited=\u00a0\u00bbon|desktop\u00a0\u00bb admin_label=\u00a0\u00bbsection\u00a0\u00bb _builder_version=\u00a0\u00bb3.22&Prime; background_color=\u00a0\u00bb#00458e\u00a0\u00bb custom_padding=\u00a0\u00bb50px|||\u00a0\u00bb custom_padding_tablet=\u00a0\u00bb50px|0|50px|0&Prime; custom_padding_phone=\u00a0\u00bb\u00a0\u00bb transparent_background=\u00a0\u00bboff\u00a0\u00bb padding_mobile=\u00a0\u00bboff\u00a0\u00bb make_fullwidth=\u00a0\u00bboff\u00a0\u00bb use_custom_width=\u00a0\u00bboff\u00a0\u00bb width_unit=\u00a0\u00bboff\u00a0\u00bb][et_pb_fullwidth_header title=\u00a0\u00bbPrendre la bonne d\u00e9cision &#8211; profond\u00e9ment, consciemment et objectivement.\u00a0\u00bb content_max_width=\u00a0\u00bbnone\u00a0\u00bb admin_label=\u00a0\u00bbFullwidth Header\u00a0\u00bb _builder_version=\u00a0\u00bb3.16&Prime; background_color=\u00a0\u00bbrgba(255, 255, 255, 0)\u00a0\u00bb button_one_border_radius_hover=\u00a0\u00bb3&Prime; button_two_border_radius_hover=\u00a0\u00bb3&Prime; button_one_letter_spacing_hover=\u00a0\u00bb0&Prime; button_two_letter_spacing_hover=\u00a0\u00bb0&Prime; button_one_text_size__hover_enabled=\u00a0\u00bboff\u00a0\u00bb button_two_text_size__hover_enabled=\u00a0\u00bboff\u00a0\u00bb button_one_text_color__hover_enabled=\u00a0\u00bboff\u00a0\u00bb button_two_text_color__hover_enabled=\u00a0\u00bboff\u00a0\u00bb button_one_border_width__hover_enabled=\u00a0\u00bboff\u00a0\u00bb button_two_border_width__hover_enabled=\u00a0\u00bboff\u00a0\u00bb button_one_border_color__hover_enabled=\u00a0\u00bboff\u00a0\u00bb button_two_border_color__hover_enabled=\u00a0\u00bboff\u00a0\u00bb button_one_border_radius__hover_enabled=\u00a0\u00bbon\u00a0\u00bb button_one_border_radius__hover=\u00a0\u00bb3&Prime; button_two_border_radius__hover_enabled=\u00a0\u00bbon\u00a0\u00bb button_two_border_radius__hover=\u00a0\u00bb3&Prime; button_one_letter_spacing__hover_enabled=\u00a0\u00bbon\u00a0\u00bb button_one_letter_spacing__hover=\u00a0\u00bb0&Prime; button_two_letter_spacing__hover_enabled=\u00a0\u00bbon\u00a0\u00bb button_two_letter_spacing__hover=\u00a0\u00bb0&Prime; button_one_bg_color__hover_enabled=\u00a0\u00bboff\u00a0\u00bb button_two_bg_color__hover_enabled=\u00a0\u00bboff\u00a0\u00bb][\/et_pb_fullwidth_header][\/et_pb_section][et_pb_section fb_built=\u00a0\u00bb1&Prime; specialty=\u00a0\u00bbon\u00a0\u00bb custom_padding_last_edited=\u00a0\u00bbon|desktop\u00a0\u00bb admin_label=\u00a0\u00bbsection\u00a0\u00bb _builder_version=\u00a0\u00bb3.22&Prime; custom_padding=\u00a0\u00bb50px||50px|\u00a0\u00bb custom_padding_tablet=\u00a0\u00bb50px|0|50px|0&Prime; custom_padding_phone=\u00a0\u00bb\u00a0\u00bb transparent_background=\u00a0\u00bboff\u00a0\u00bb padding_mobile=\u00a0\u00bboff\u00a0\u00bb make_fullwidth=\u00a0\u00bboff\u00a0\u00bb use_custom_width=\u00a0\u00bboff\u00a0\u00bb width_unit=\u00a0\u00bbon\u00a0\u00bb][et_pb_column type=\u00a0\u00bb3_4&Prime; specialty_columns=\u00a0\u00bb3&Prime; _builder_version=\u00a0\u00bb3.25&Prime; custom_padding=\u00a0\u00bb|||\u00a0\u00bb custom_padding__hover=\u00a0\u00bb|||\u00a0\u00bb][et_pb_row_inner _builder_version=\u00a0\u00bb3.25&Prime;][et_pb_column_inner saved_specialty_column_type=\u00a0\u00bb3_4&Prime; _builder_version=\u00a0\u00bb3.25&Prime; custom_padding=\u00a0\u00bb|||\u00a0\u00bb custom_padding__hover=\u00a0\u00bb|||\u00a0\u00bb][et_pb_text admin_label=\u00a0\u00bbText\u00a0\u00bb _builder_version=\u00a0\u00bb3.27.4&Prime; text_font_size=\u00a0\u00bb16&Prime; module_alignment=\u00a0\u00bbleft\u00a0\u00bb use_border_color=\u00a0\u00bboff\u00a0\u00bb]<\/p>\n<h1><span style=\"color: #000080;\"><strong>L&rsquo;aide \u00e0 la d\u00e9cision Decision Making Helper soutient le processus de d\u00e9cision<\/strong><\/span><\/h1>\n<p>&nbsp;<\/p>\n<p>Des d\u00e9cisions personnelles, professionnelles et commerciales peuvent parfois \u00eatre complexes et laborieuses. Et une fois que vous avez pris\u00a0une d\u00e9cision, des doutes peuvent surgir comme: \u00ab\u00a0Est-ce que ce fut la bonne d\u00e9cision?\u00a0\u00bb C&rsquo;est justement l\u00e0 o\u00f9 l&rsquo;aide \u00e0 la d\u00e9cision Decision Making Helper offre un grand soutien. Decision Making Helper ne se contente pas de seulement soutenir le processus de prise de d\u00e9cision, mais fournit \u00e9galement une analyse informative afin d&rsquo;identifier la d\u00e9cision consciente et transparente. L&rsquo;auteur de la question se rend compte quels crit\u00e8res ont du poids dans la d\u00e9cision et pourquoi la d\u00e9cision prise est logique. Avec le logiciel convivial Decision Making Helper la prise d\u00e9cision deviendra un jeu d&rsquo;enfant sans perdre de vue la gravit\u00e9 du processus d\u00e9cisionnel.<\/p>\n<p>&nbsp;<\/p>\n<h2><strong><span style=\"color: #000080;\"><a id=\"vid\u00e9o\"><\/a>Guide vid\u00e9o pour\u00a0Decision Making Helper:<\/span><\/strong><\/h2>\n<p>(Des fontctionalit\u00e9s de base de l&rsquo;aide \u00e0 la d\u00e9cision Decision Making Helper)<\/p>\n<p><iframe loading=\"lazy\" title=\"Decision Making Helper Software Demo\" width=\"1080\" height=\"810\" src=\"https:\/\/www.youtube.com\/embed\/LMZNVX1OOqQ?feature=oembed\"  allow=\"accelerometer; autoplay; clipboard-write; encrypted-media; gyroscope; picture-in-picture; web-share\" referrerpolicy=\"strict-origin-when-cross-origin\" allowfullscreen><\/iframe><\/p>\n<h3>\u00a0<\/h3>\n<p>[\/et_pb_text][\/et_pb_column_inner][\/et_pb_row_inner][et_pb_row_inner _builder_version=\u00a0\u00bb3.25&Prime;][et_pb_column_inner saved_specialty_column_type=\u00a0\u00bb3_4&Prime; _builder_version=\u00a0\u00bb3.25&Prime; custom_padding=\u00a0\u00bb|||\u00a0\u00bb custom_padding__hover=\u00a0\u00bb|||\u00a0\u00bb][et_pb_text admin_label=\u00a0\u00bbText\u00a0\u00bb _builder_version=\u00a0\u00bb4.6.1&Prime; text_font_size=\u00a0\u00bb16&Prime; module_alignment=\u00a0\u00bbleft\u00a0\u00bb hover_enabled=\u00a0\u00bb0&Prime; sticky_enabled=\u00a0\u00bb0&Prime;]<\/p>\n<h2><span style=\"color: #000080;\"><strong>Les Caract\u00e9ristiques de Decision Making Helper<\/strong><\/span><\/h2>\n<ul>\n<li><b>Prise de d\u00e9cision<\/b> en saisissant jusqu&rsquo;aux <b>300 crit\u00e8res, 26 options<\/b> (choix) ou <b>1000 \u00e9valuations<\/b>.<\/li>\n<li><b>Pond\u00e9ration des crit\u00e8res en 5 niveaux<\/b> de \u00ab\u00a0bas\u00a0\u00bb \u00e0 \u00ab\u00a0haut\u00a0\u00bb<\/li>\n<li><b>\u00c9valuation des crit\u00e8res de chaque option en 10 niveaux<\/b>, de n\u00e9gatif \u00ab\u00a0-5\u00a0\u00bb par neutre \u00ab\u00a00\u00a0\u00bb jusqu&rsquo;\u00e0 positif \u00ab\u00a0+5\u00a0\u00bb.<\/li>\n<li><b>Saisie des commentaires<\/b> pour chaque \u00e9valuation.<\/li>\n<li><b>Calcul de chaque \u00e9valuation, en termes de pourcentage<\/b> de -100% \u00e0 +100% <b>et en mots<\/b> \u00ab\u00a0n\u00e9gatif \/ plut\u00f4t n\u00e9gatif \/ neutre \/ plut\u00f4t positif \/ positif\u00a0\u00bb.<\/li>\n<li><b>Calcul de la d\u00e9cision<\/b> de la meilleure option disponible.<\/li>\n<li><b>Affichage graphique sous la forme d&rsquo;un diagramme en barres<\/b> (Bar Chart) pour comparer les valeurs de toutes les options.<\/li>\n<li><b>Affichage graphique sous la forme d&rsquo;un diagramme de dispersion<\/b> (Scatter Chart) de la position de tous les crit\u00e8res pour chaque option.<\/li>\n<li><b>Affichage graphique sous la forme d&rsquo;une carte radar<\/b> (Radar Chart) pour une comparaison de tous les crit\u00e8res et options du projet complet.<\/li>\n<li><b>Affichage sous forme de tableau<\/b> comme un aper\u00e7u de toutes les options, des crit\u00e8res, des \u00e9valuations et des commentaires de tout le projet.<\/li>\n<li><b>Copier les graphiques<\/b> dans le presse papier et les stocker dans un fichier (jpg, bmp, gif, tif).<\/li>\n<li><b>Copier les tableaux<\/b> dans le presse papier le les stocker dans un ficher (html, mht).<\/li>\n<li><b>Impression directe<\/b> de tous les rapports.<\/li>\n<li><b>Stockage de chaque prise de d\u00e9cision<\/b> comme projet dans un fichier (dmh).<\/li>\n<li><b>Exportation des donn\u00e9es<\/b> comme fichier texte d\u00e9limit\u00e9 par des tabulations (txt), sous forme de tableau selon des options ou des crit\u00e8res.<\/li>\n<li><strong>UNICODE compatible<\/strong> pour utiliser le contenu du texte dans n&rsquo;importe quelle langue (par exemple, les langues asiatiques).<\/li>\n<li><b>Manuel utilisateur<\/b> en fran\u00e7ais, allemand\u00a0et\u00a0anglais.<\/li>\n<li><b>Support technique par courriel<\/b> en allemand et en anglais.<\/li>\n<\/ul>\n<p>&nbsp;<\/p>\n<h2><strong><span style=\"color: #000080;\"><b>Configuration syst\u00e8me requise<\/b>\u00a0<\/span><\/strong><\/h2>\n<p><b>Syst\u00e8me d&rsquo;exploitation: <\/b>Microsoft Windows&#x2122; 7 \/ 8 \/ 10 \/ 11\u00a0 (fonctionne sur des syst\u00e8mes 32-bit et 64-bit)<br \/><b>M\u00e9moire principale RAM:<\/b> environ 30 Mo<br \/><b>L&rsquo;espace disque pour le programme:<\/b> environ 10 Mo<\/p>\n<p>&nbsp;<\/p>\n<h2><span style=\"color: #000080;\"><strong>T\u00e9l\u00e9charger et tester gratuitement<\/strong><\/span><\/h2>\n<p>L&rsquo;aide \u00e0 la d\u00e9cision Decision Making Helper peut \u00eatre test\u00e9 enti\u00e8rement avant de l&rsquo;acheter. Le logiciel est disponible dans les langues Fran\u00e7ais, Anglais et Allemend.\u00a0<strong><a href=\"https:\/\/www.infonautics-software.ch\/aidedecisionnelle\/telecharger\">T\u00e9l\u00e9charger maintenant et tester gratuitement.<\/a><\/strong><\/p>\n<p>[\/et_pb_text][\/et_pb_column_inner][\/et_pb_row_inner][\/et_pb_column][et_pb_column type=\u00a0\u00bb1_4&Prime; _builder_version=\u00a0\u00bb3.25&Prime; custom_padding=\u00a0\u00bb|||\u00a0\u00bb custom_padding__hover=\u00a0\u00bb|||\u00a0\u00bb][et_pb_sidebar orientation=\u00a0\u00bbright\u00a0\u00bb area=\u00a0\u00bbsidebar-1&Prime; admin_label=\u00a0\u00bbSidebar\u00a0\u00bb _builder_version=\u00a0\u00bb3.0.74&Prime; header_text_color=\u00a0\u00bb#000080&Prime; header_font_size=\u00a0\u00bb20&Prime; remove_border=\u00a0\u00bboff\u00a0\u00bb][\/et_pb_sidebar][\/et_pb_column][\/et_pb_section]<\/p>\n","protected":false},"excerpt":{"rendered":"<p>L&rsquo;aide \u00e0 la d\u00e9cision Decision Making Helper soutient le processus de d\u00e9cision &nbsp; Des d\u00e9cisions personnelles, professionnelles et commerciales peuvent parfois \u00eatre complexes et laborieuses. Et une fois que vous avez pris\u00a0une d\u00e9cision, des doutes peuvent surgir comme: \u00ab\u00a0Est-ce que ce fut la bonne d\u00e9cision?\u00a0\u00bb C&rsquo;est justement l\u00e0 o\u00f9 l&rsquo;aide \u00e0 la d\u00e9cision Decision Making [&hellip;]<\/p>\n","protected":false},"author":1,"featured_media":0,"parent":0,"menu_order":0,"comment_status":"open","ping_status":"open","template":"","meta":{"_et_pb_use_builder":"on","_et_pb_old_content":"<p>[et_pb_section][et_pb_row][\/et_pb_row][\/et_pb_section]<\/p>","_et_gb_content_width":"","jetpack_post_was_ever_published":false,"footnotes":""},"class_list":["post-125","page","type-page","status-publish","hentry"],"yoast_head":"<!-- This site is optimized with the Yoast SEO plugin v25.0 - https:\/\/yoast.com\/wordpress\/plugins\/seo\/ -->\n<title>Aide \u00e0 la d\u00e9cision\u00a0\u00a0Decision Making Helper<\/title>\n<meta name=\"description\" content=\"Faire le bon choix avec l&#039;aide \u00e0 la d\u00e9cision Decision Making Helper. T\u00e9l\u00e9charger et tester gratuitement le logiciel pour Windows.\" \/>\n<meta name=\"robots\" content=\"index, follow, max-snippet:-1, max-image-preview:large, max-video-preview:-1\" \/>\n<link rel=\"canonical\" href=\"https:\/\/www.infonautics-software.ch\/aidedecisionnelle\/caracteristiques\/\" \/>\n<meta property=\"og:locale\" content=\"fr_FR\" \/>\n<meta property=\"og:type\" content=\"article\" \/>\n<meta property=\"og:title\" content=\"Aide \u00e0 la d\u00e9cision\u00a0\u00a0Decision Making Helper\" \/>\n<meta property=\"og:description\" content=\"Faire le bon choix avec l&#039;aide \u00e0 la d\u00e9cision Decision Making Helper. T\u00e9l\u00e9charger et tester gratuitement le logiciel pour Windows.\" \/>\n<meta property=\"og:url\" content=\"https:\/\/www.infonautics-software.ch\/aidedecisionnelle\/caracteristiques\/\" \/>\n<meta property=\"og:site_name\" content=\"Decision Making Helper FR\" \/>\n<meta property=\"article:modified_time\" content=\"2022-02-21T18:14:18+00:00\" \/>\n<meta name=\"twitter:card\" content=\"summary_large_image\" \/>\n<meta name=\"twitter:site\" content=\"@InfonauticsGmbH\" \/>\n<meta name=\"twitter:label1\" content=\"Dur\u00e9e de lecture estim\u00e9e\" \/>\n\t<meta name=\"twitter:data1\" content=\"5 minutes\" \/>\n<script type=\"application\/ld+json\" class=\"yoast-schema-graph\">{\"@context\":\"https:\/\/schema.org\",\"@graph\":[{\"@type\":\"WebPage\",\"@id\":\"https:\/\/www.infonautics-software.ch\/aidedecisionnelle\/caracteristiques\/\",\"url\":\"https:\/\/www.infonautics-software.ch\/aidedecisionnelle\/caracteristiques\/\",\"name\":\"Aide \u00e0 la d\u00e9cision\u00a0\u00a0Decision Making Helper\",\"isPartOf\":{\"@id\":\"https:\/\/www.infonautics-software.ch\/aidedecisionnelle\/#website\"},\"datePublished\":\"2022-02-21T10:00:10+00:00\",\"dateModified\":\"2022-02-21T18:14:18+00:00\",\"description\":\"Faire le bon choix avec l'aide \u00e0 la d\u00e9cision Decision Making Helper. T\u00e9l\u00e9charger et tester gratuitement le logiciel pour Windows.\",\"breadcrumb\":{\"@id\":\"https:\/\/www.infonautics-software.ch\/aidedecisionnelle\/caracteristiques\/#breadcrumb\"},\"inLanguage\":\"fr-FR\",\"potentialAction\":[{\"@type\":\"ReadAction\",\"target\":[\"https:\/\/www.infonautics-software.ch\/aidedecisionnelle\/caracteristiques\/\"]}]},{\"@type\":\"BreadcrumbList\",\"@id\":\"https:\/\/www.infonautics-software.ch\/aidedecisionnelle\/caracteristiques\/#breadcrumb\",\"itemListElement\":[{\"@type\":\"ListItem\",\"position\":1,\"name\":\"Accueil\",\"item\":\"https:\/\/www.infonautics-software.ch\/aidedecisionnelle\/\"},{\"@type\":\"ListItem\",\"position\":2,\"name\":\"CARACT\u00c9RISTIQUES\"}]},{\"@type\":\"WebSite\",\"@id\":\"https:\/\/www.infonautics-software.ch\/aidedecisionnelle\/#website\",\"url\":\"https:\/\/www.infonautics-software.ch\/aidedecisionnelle\/\",\"name\":\"Decision Making Helper FR\",\"description\":\"Aide decisionnelle\",\"potentialAction\":[{\"@type\":\"SearchAction\",\"target\":{\"@type\":\"EntryPoint\",\"urlTemplate\":\"https:\/\/www.infonautics-software.ch\/aidedecisionnelle\/?s={search_term_string}\"},\"query-input\":{\"@type\":\"PropertyValueSpecification\",\"valueRequired\":true,\"valueName\":\"search_term_string\"}}],\"inLanguage\":\"fr-FR\"}]}<\/script>\n<!-- \/ Yoast SEO plugin. -->","yoast_head_json":{"title":"Aide \u00e0 la d\u00e9cision\u00a0\u00a0Decision Making Helper","description":"Faire le bon choix avec l'aide \u00e0 la d\u00e9cision Decision Making Helper. T\u00e9l\u00e9charger et tester gratuitement le logiciel pour Windows.","robots":{"index":"index","follow":"follow","max-snippet":"max-snippet:-1","max-image-preview":"max-image-preview:large","max-video-preview":"max-video-preview:-1"},"canonical":"https:\/\/www.infonautics-software.ch\/aidedecisionnelle\/caracteristiques\/","og_locale":"fr_FR","og_type":"article","og_title":"Aide \u00e0 la d\u00e9cision\u00a0\u00a0Decision Making Helper","og_description":"Faire le bon choix avec l'aide \u00e0 la d\u00e9cision Decision Making Helper. T\u00e9l\u00e9charger et tester gratuitement le logiciel pour Windows.","og_url":"https:\/\/www.infonautics-software.ch\/aidedecisionnelle\/caracteristiques\/","og_site_name":"Decision Making Helper FR","article_modified_time":"2022-02-21T18:14:18+00:00","twitter_card":"summary_large_image","twitter_site":"@InfonauticsGmbH","twitter_misc":{"Dur\u00e9e de lecture estim\u00e9e":"5 minutes"},"schema":{"@context":"https:\/\/schema.org","@graph":[{"@type":"WebPage","@id":"https:\/\/www.infonautics-software.ch\/aidedecisionnelle\/caracteristiques\/","url":"https:\/\/www.infonautics-software.ch\/aidedecisionnelle\/caracteristiques\/","name":"Aide \u00e0 la d\u00e9cision\u00a0\u00a0Decision Making Helper","isPartOf":{"@id":"https:\/\/www.infonautics-software.ch\/aidedecisionnelle\/#website"},"datePublished":"2022-02-21T10:00:10+00:00","dateModified":"2022-02-21T18:14:18+00:00","description":"Faire le bon choix avec l'aide \u00e0 la d\u00e9cision Decision Making Helper. T\u00e9l\u00e9charger et tester gratuitement le logiciel pour Windows.","breadcrumb":{"@id":"https:\/\/www.infonautics-software.ch\/aidedecisionnelle\/caracteristiques\/#breadcrumb"},"inLanguage":"fr-FR","potentialAction":[{"@type":"ReadAction","target":["https:\/\/www.infonautics-software.ch\/aidedecisionnelle\/caracteristiques\/"]}]},{"@type":"BreadcrumbList","@id":"https:\/\/www.infonautics-software.ch\/aidedecisionnelle\/caracteristiques\/#breadcrumb","itemListElement":[{"@type":"ListItem","position":1,"name":"Accueil","item":"https:\/\/www.infonautics-software.ch\/aidedecisionnelle\/"},{"@type":"ListItem","position":2,"name":"CARACT\u00c9RISTIQUES"}]},{"@type":"WebSite","@id":"https:\/\/www.infonautics-software.ch\/aidedecisionnelle\/#website","url":"https:\/\/www.infonautics-software.ch\/aidedecisionnelle\/","name":"Decision Making Helper FR","description":"Aide decisionnelle","potentialAction":[{"@type":"SearchAction","target":{"@type":"EntryPoint","urlTemplate":"https:\/\/www.infonautics-software.ch\/aidedecisionnelle\/?s={search_term_string}"},"query-input":{"@type":"PropertyValueSpecification","valueRequired":true,"valueName":"search_term_string"}}],"inLanguage":"fr-FR"}]}},"jetpack_sharing_enabled":true,"jetpack_shortlink":"https:\/\/wp.me\/P7fdW9-21","_links":{"self":[{"href":"https:\/\/www.infonautics-software.ch\/aidedecisionnelle\/wp-json\/wp\/v2\/pages\/125","targetHints":{"allow":["GET"]}}],"collection":[{"href":"https:\/\/www.infonautics-software.ch\/aidedecisionnelle\/wp-json\/wp\/v2\/pages"}],"about":[{"href":"https:\/\/www.infonautics-software.ch\/aidedecisionnelle\/wp-json\/wp\/v2\/types\/page"}],"author":[{"embeddable":true,"href":"https:\/\/www.infonautics-software.ch\/aidedecisionnelle\/wp-json\/wp\/v2\/users\/1"}],"replies":[{"embeddable":true,"href":"https:\/\/www.infonautics-software.ch\/aidedecisionnelle\/wp-json\/wp\/v2\/comments?post=125"}],"version-history":[{"count":11,"href":"https:\/\/www.infonautics-software.ch\/aidedecisionnelle\/wp-json\/wp\/v2\/pages\/125\/revisions"}],"predecessor-version":[{"id":1494,"href":"https:\/\/www.infonautics-software.ch\/aidedecisionnelle\/wp-json\/wp\/v2\/pages\/125\/revisions\/1494"}],"wp:attachment":[{"href":"https:\/\/www.infonautics-software.ch\/aidedecisionnelle\/wp-json\/wp\/v2\/media?parent=125"}],"curies":[{"name":"wp","href":"https:\/\/api.w.org\/{rel}","templated":true}]}}