{"id":137,"date":"2016-02-11T11:00:10","date_gmt":"2016-02-11T10:00:10","guid":{"rendered":"http:\/\/www.infonautics-software.ch\/mymenuexplorerde\/?page_id=137"},"modified":"2016-02-15T15:10:46","modified_gmt":"2016-02-15T14:10:46","slug":"support","status":"publish","type":"page","link":"https:\/\/www.infonautics-software.ch\/aidedecisionnelle\/support\/","title":{"rendered":"SUPPORT"},"content":{"rendered":"<p>[et_pb_section admin_label=\u00a0\u00bbsection\u00a0\u00bb fullwidth=\u00a0\u00bbon\u00a0\u00bb specialty=\u00a0\u00bboff\u00a0\u00bb transparent_background=\u00a0\u00bboff\u00a0\u00bb background_color=\u00a0\u00bb#00458e\u00a0\u00bb allow_player_pause=\u00a0\u00bboff\u00a0\u00bb inner_shadow=\u00a0\u00bboff\u00a0\u00bb parallax=\u00a0\u00bboff\u00a0\u00bb parallax_method=\u00a0\u00bboff\u00a0\u00bb custom_padding=\u00a0\u00bb50px|\u00a0\u00bb padding_mobile=\u00a0\u00bboff\u00a0\u00bb make_fullwidth=\u00a0\u00bboff\u00a0\u00bb use_custom_width=\u00a0\u00bboff\u00a0\u00bb width_unit=\u00a0\u00bbon\u00a0\u00bb make_equal=\u00a0\u00bboff\u00a0\u00bb use_custom_gutter=\u00a0\u00bboff\u00a0\u00bb][et_pb_fullwidth_header admin_label=\u00a0\u00bbFullwidth Header\u00a0\u00bb title=\u00a0\u00bbSupport pour Decision Making Helper\u00a0\u00bb background_layout=\u00a0\u00bbdark\u00a0\u00bb text_orientation=\u00a0\u00bbleft\u00a0\u00bb header_fullscreen=\u00a0\u00bboff\u00a0\u00bb header_scroll_down=\u00a0\u00bboff\u00a0\u00bb parallax=\u00a0\u00bboff\u00a0\u00bb parallax_method=\u00a0\u00bboff\u00a0\u00bb content_orientation=\u00a0\u00bbcenter\u00a0\u00bb image_orientation=\u00a0\u00bbcenter\u00a0\u00bb custom_button_one=\u00a0\u00bboff\u00a0\u00bb button_one_letter_spacing=\u00a0\u00bb0&Prime; button_one_use_icon=\u00a0\u00bbdefault\u00a0\u00bb button_one_icon_placement=\u00a0\u00bbright\u00a0\u00bb button_one_on_hover=\u00a0\u00bbon\u00a0\u00bb button_one_letter_spacing_hover=\u00a0\u00bb0&Prime; custom_button_two=\u00a0\u00bboff\u00a0\u00bb button_two_letter_spacing=\u00a0\u00bb0&Prime; button_two_use_icon=\u00a0\u00bbdefault\u00a0\u00bb button_two_icon_placement=\u00a0\u00bbright\u00a0\u00bb button_two_on_hover=\u00a0\u00bbon\u00a0\u00bb button_two_letter_spacing_hover=\u00a0\u00bb0&Prime; button_one_text_size=\u00a0\u00bb20&Prime; button_one_border_width=\u00a0\u00bb2&Prime; button_one_border_radius=\u00a0\u00bb3&Prime; button_one_border_radius_hover=\u00a0\u00bb3&Prime; button_two_text_size=\u00a0\u00bb20&Prime; button_two_border_width=\u00a0\u00bb2&Prime; button_two_border_radius=\u00a0\u00bb3&Prime; button_two_border_radius_hover=\u00a0\u00bb3&Prime;] [\/et_pb_fullwidth_header][\/et_pb_section][et_pb_section admin_label=\u00a0\u00bbSektion\u00a0\u00bb fullwidth=\u00a0\u00bboff\u00a0\u00bb specialty=\u00a0\u00bbon\u00a0\u00bb][et_pb_column type=\u00a0\u00bb3_4&Prime; specialty_columns=\u00a0\u00bb3&Prime;][et_pb_row_inner admin_label=\u00a0\u00bbZeile\u00a0\u00bb][et_pb_column_inner type=\u00a0\u00bb4_4&Prime; saved_specialty_column_type=\u00a0\u00bb3_4&Prime;][et_pb_text admin_label=\u00a0\u00bbText\u00a0\u00bb background_layout=\u00a0\u00bblight\u00a0\u00bb text_orientation=\u00a0\u00bbleft\u00a0\u00bb use_border_color=\u00a0\u00bboff\u00a0\u00bb border_color=\u00a0\u00bb#ffffff\u00a0\u00bb border_style=\u00a0\u00bbsolid\u00a0\u00bb text_font_size=\u00a0\u00bb16&Prime;]<\/p>\n<h1><span style=\"color: #000080;\"><strong>Support gratuit pour\u00a0Decision Making Helper<\/strong><\/span><\/h1>\n<p>&nbsp;<\/p>\n<p>L&rsquo;outil d&rsquo;aide \u00e0 la prise de d\u00e9cision Decision Making Helper pour Windows\u00a0vous soutient dans le proc\u00e9ssus de d\u00e9cision et permet de prendre des d\u00e9cisions confiantes et structur\u00e9es. Prendre la bonne d\u00e9cision devient\u00a0un jeu d&rsquo;enfant sans perdre de vue la gravit\u00e9 du processus d\u00e9cisionnel. Les d\u00e9cisions prises sont compr\u00e9hensibles et claires et elles\u00a0peuvent \u00eatre pr\u00e9sent\u00e9es en toute confiance et raisonnablement envers les tiers et des partenaires.\u00a0<\/p>\n<p>Un bref guide relatif aux fonctions offre notre vid\u00e9o (en anglais<b>)\u00a0<strong><a href=\"https:\/\/www.infonautics-software.ch\/aidedecisionnelle\/caracteristiques\/#vid\u00e9o\">\u201cDecision Making Helper Software Demo\u201d<\/a><\/strong><\/b><\/p>\n<p>&nbsp;<\/p>\n<h3><span style=\"color: #000080;\"><strong>FAQ<\/strong><\/span><\/h3>\n<p>Les questions les plus fr\u00e9quemment pos\u00e9es au sujet de outil d&rsquo;aide \u00e0 la prise de d\u00e9cision Decision Making Helper\u00a0sont r\u00e9pondues en Allemand <a href=\"https:\/\/www.infonautics-software.ch\/entscheidungshilfe\/faq\" target=\"_blank\">https:\/\/www.infonautics-software.ch\/entscheidungshilfe\/faq<\/a> et en Anglais\u00a0<a href=\"https:\/\/www.infonautics-software.com\/decisionmakinghelper\/faq\/\" target=\"_blank\">https:\/\/www.infonautics-software.com\/decisionmakinghelper\/faq\/<\/a><\/p>\n<p>&nbsp;<\/p>\n<p>&nbsp;<\/p>\n<h3><span style=\"color: #000080;\"><strong>Support<\/strong><\/span><\/h3>\n<p>Vous trouvez les derniers modifications et extensions du logiciel \u00a0dans le journal des modifications\u00a0<strong><a href=\"https:\/\/www.infonautics-software.com\/decisionmakinghelper\/changelog\/\" target=\"_blank\">Change-Log<\/a>\u00a0<\/strong>(en anglais). Avez-vous d\u2019autres questions concernant Decision Making Helper?\u00a0Veuillez nous contacter par courriel \u00e0\u00a0<a href=\"mailto:decisionmakinghelper@infonautics.ch\">decisionmakinghelper@infonautics.ch<\/a>\u00a0si vous avez des questions. Pour\u00a0Decision Making Helper\u00a0nous vous offrons un\u00a0<strong>support gratuit par courriel<\/strong> en\u00a0Anglais et en Allemand.\u00a0Nous allons vous r\u00e9pondre dans les 48 heures. \u00a0L\u2019entreprise de logiciels <a href=\"https:\/\/www.infonautics.ch\/en\/index.htm\" target=\"_blank\">INFONAUTICS GmbH<\/a>\u00a0a son si\u00e8ge social en Suisse. Veuillez consid\u00e9rer des d\u00e9calages horaires possibles.<\/p>\n<p>&nbsp;<\/p>\n<h3><span style=\"color: #000080;\"><strong>Votre liste de d\u00e9sirs \/ Vos suggestions<\/strong><\/span><\/h3>\n<p>Si vous avez des suggestions pour des mises \u00e0 jours futures, des propositions d\u2019am\u00e9liorations ou si vous avez rencontr\u00e9 un probl\u00e8me lors de l\u2019utilisation du logiciel n\u2019h\u00e9sitez pas \u00e0 nous contacter \u00e0 <a href=\"mailto:decisionmakinghelper@infonautics.ch\"><strong>decisionmakinghelper@infonautics.ch<\/strong><\/a>. Nous avons h\u00e2te de vous lire.\u00a0<\/p>\n<p>&nbsp;<\/p>\n<h3><span style=\"color: #000080;\"><strong>T\u00e9l\u00e9charger<\/strong><\/span><\/h3>\n<p><a href=\"https:\/\/www.infonautics-software.ch\/aidedecisionnelle\/telecharger\"><strong>Testez maintenant gratuitemen<\/strong><strong>t\u00a0l&rsquo;outil d&rsquo;aide \u00e0 la prise de d\u00e9cision<\/strong><\/a>. Le t\u00e9l\u00e9chargement gratuit de Decision Making Helper\u00a0est disponible en Allemand, Anglais et Fran\u00e7ais.<\/p>\n<p>[\/et_pb_text][\/et_pb_column_inner][\/et_pb_row_inner][\/et_pb_column][et_pb_column type=\u00a0\u00bb1_4&Prime;][et_pb_sidebar admin_label=\u00a0\u00bbSidebar\u00a0\u00bb orientation=\u00a0\u00bbright\u00a0\u00bb area=\u00a0\u00bbsidebar-1&Prime; background_layout=\u00a0\u00bblight\u00a0\u00bb remove_border=\u00a0\u00bboff\u00a0\u00bb header_text_color=\u00a0\u00bb#000080&Prime; header_font_size=\u00a0\u00bb20&Prime;] [\/et_pb_sidebar][\/et_pb_column][\/et_pb_section]<\/p>\n","protected":false},"excerpt":{"rendered":"<p>Support gratuit pour\u00a0Decision Making Helper&nbsp;L&rsquo;outil d&rsquo;aide \u00e0 la prise de d\u00e9cision Decision Making Helper pour Windows\u00a0vous soutient dans le proc\u00e9ssus de d\u00e9cision et permet de prendre des d\u00e9cisions confiantes et structur\u00e9es. Prendre la bonne d\u00e9cision devient\u00a0un jeu d&rsquo;enfant sans perdre de vue la gravit\u00e9 du processus d\u00e9cisionnel. Les d\u00e9cisions prises sont compr\u00e9hensibles et claires et [&hellip;]<\/p>\n","protected":false},"author":1,"featured_media":0,"parent":0,"menu_order":0,"comment_status":"open","ping_status":"open","template":"","meta":{"_et_pb_use_builder":"on","_et_pb_old_content":"","_et_gb_content_width":"","jetpack_post_was_ever_published":false,"footnotes":""},"class_list":["post-137","page","type-page","status-publish","hentry"],"yoast_head":"<!-- This site is optimized with the Yoast SEO plugin v25.0 - https:\/\/yoast.com\/wordpress\/plugins\/seo\/ -->\n<title>Decision Making Helper\u00a0outil d&#039;aide \u00e0 la prise de d\u00e9cision\u00a0<\/title>\n<meta name=\"description\" content=\"Avec l&#039;outil d&#039;aide \u00e0 la prise de d\u00e9cision Decision Making Helper vous prenez la bonne d\u00e9cision\u00a0d&#039;une mani\u00e8re approfondie, consciente et objective.\u00a0\" \/>\n<meta name=\"robots\" content=\"index, follow, max-snippet:-1, max-image-preview:large, max-video-preview:-1\" \/>\n<link rel=\"canonical\" href=\"https:\/\/www.infonautics-software.ch\/aidedecisionnelle\/support\/\" \/>\n<meta property=\"og:locale\" content=\"fr_FR\" \/>\n<meta property=\"og:type\" content=\"article\" \/>\n<meta property=\"og:title\" content=\"Decision Making Helper\u00a0outil d&#039;aide \u00e0 la prise de d\u00e9cision\u00a0\" \/>\n<meta property=\"og:description\" content=\"Avec l&#039;outil d&#039;aide \u00e0 la prise de d\u00e9cision Decision Making Helper vous prenez la bonne d\u00e9cision\u00a0d&#039;une mani\u00e8re approfondie, consciente et objective.\u00a0\" \/>\n<meta property=\"og:url\" content=\"https:\/\/www.infonautics-software.ch\/aidedecisionnelle\/support\/\" \/>\n<meta property=\"og:site_name\" content=\"Decision Making Helper FR\" \/>\n<meta property=\"article:modified_time\" content=\"2016-02-15T14:10:46+00:00\" \/>\n<meta name=\"twitter:card\" content=\"summary_large_image\" \/>\n<meta name=\"twitter:site\" content=\"@InfonauticsGmbH\" \/>\n<meta name=\"twitter:label1\" content=\"Dur\u00e9e de lecture estim\u00e9e\" \/>\n\t<meta name=\"twitter:data1\" content=\"3 minutes\" \/>\n<script type=\"application\/ld+json\" class=\"yoast-schema-graph\">{\"@context\":\"https:\/\/schema.org\",\"@graph\":[{\"@type\":\"WebPage\",\"@id\":\"https:\/\/www.infonautics-software.ch\/aidedecisionnelle\/support\/\",\"url\":\"https:\/\/www.infonautics-software.ch\/aidedecisionnelle\/support\/\",\"name\":\"Decision Making Helper\u00a0outil d'aide \u00e0 la prise de d\u00e9cision\u00a0\",\"isPartOf\":{\"@id\":\"https:\/\/www.infonautics-software.ch\/aidedecisionnelle\/#website\"},\"datePublished\":\"2016-02-11T10:00:10+00:00\",\"dateModified\":\"2016-02-15T14:10:46+00:00\",\"description\":\"Avec l'outil d'aide \u00e0 la prise de d\u00e9cision Decision Making Helper vous prenez la bonne d\u00e9cision\u00a0d'une mani\u00e8re approfondie, consciente et objective.\u00a0\",\"breadcrumb\":{\"@id\":\"https:\/\/www.infonautics-software.ch\/aidedecisionnelle\/support\/#breadcrumb\"},\"inLanguage\":\"fr-FR\",\"potentialAction\":[{\"@type\":\"ReadAction\",\"target\":[\"https:\/\/www.infonautics-software.ch\/aidedecisionnelle\/support\/\"]}]},{\"@type\":\"BreadcrumbList\",\"@id\":\"https:\/\/www.infonautics-software.ch\/aidedecisionnelle\/support\/#breadcrumb\",\"itemListElement\":[{\"@type\":\"ListItem\",\"position\":1,\"name\":\"Accueil\",\"item\":\"https:\/\/www.infonautics-software.ch\/aidedecisionnelle\/\"},{\"@type\":\"ListItem\",\"position\":2,\"name\":\"SUPPORT\"}]},{\"@type\":\"WebSite\",\"@id\":\"https:\/\/www.infonautics-software.ch\/aidedecisionnelle\/#website\",\"url\":\"https:\/\/www.infonautics-software.ch\/aidedecisionnelle\/\",\"name\":\"Decision Making Helper FR\",\"description\":\"Aide decisionnelle\",\"potentialAction\":[{\"@type\":\"SearchAction\",\"target\":{\"@type\":\"EntryPoint\",\"urlTemplate\":\"https:\/\/www.infonautics-software.ch\/aidedecisionnelle\/?s={search_term_string}\"},\"query-input\":{\"@type\":\"PropertyValueSpecification\",\"valueRequired\":true,\"valueName\":\"search_term_string\"}}],\"inLanguage\":\"fr-FR\"}]}<\/script>\n<!-- \/ Yoast SEO plugin. -->","yoast_head_json":{"title":"Decision Making Helper\u00a0outil d'aide \u00e0 la prise de d\u00e9cision\u00a0","description":"Avec l'outil d'aide \u00e0 la prise de d\u00e9cision Decision Making Helper vous prenez la bonne d\u00e9cision\u00a0d'une mani\u00e8re approfondie, consciente et objective.\u00a0","robots":{"index":"index","follow":"follow","max-snippet":"max-snippet:-1","max-image-preview":"max-image-preview:large","max-video-preview":"max-video-preview:-1"},"canonical":"https:\/\/www.infonautics-software.ch\/aidedecisionnelle\/support\/","og_locale":"fr_FR","og_type":"article","og_title":"Decision Making Helper\u00a0outil d'aide \u00e0 la prise de d\u00e9cision\u00a0","og_description":"Avec l'outil d'aide \u00e0 la prise de d\u00e9cision Decision Making Helper vous prenez la bonne d\u00e9cision\u00a0d'une mani\u00e8re approfondie, consciente et objective.\u00a0","og_url":"https:\/\/www.infonautics-software.ch\/aidedecisionnelle\/support\/","og_site_name":"Decision Making Helper FR","article_modified_time":"2016-02-15T14:10:46+00:00","twitter_card":"summary_large_image","twitter_site":"@InfonauticsGmbH","twitter_misc":{"Dur\u00e9e de lecture estim\u00e9e":"3 minutes"},"schema":{"@context":"https:\/\/schema.org","@graph":[{"@type":"WebPage","@id":"https:\/\/www.infonautics-software.ch\/aidedecisionnelle\/support\/","url":"https:\/\/www.infonautics-software.ch\/aidedecisionnelle\/support\/","name":"Decision Making Helper\u00a0outil d'aide \u00e0 la prise de d\u00e9cision\u00a0","isPartOf":{"@id":"https:\/\/www.infonautics-software.ch\/aidedecisionnelle\/#website"},"datePublished":"2016-02-11T10:00:10+00:00","dateModified":"2016-02-15T14:10:46+00:00","description":"Avec l'outil d'aide \u00e0 la prise de d\u00e9cision Decision Making Helper vous prenez la bonne d\u00e9cision\u00a0d'une mani\u00e8re approfondie, consciente et objective.\u00a0","breadcrumb":{"@id":"https:\/\/www.infonautics-software.ch\/aidedecisionnelle\/support\/#breadcrumb"},"inLanguage":"fr-FR","potentialAction":[{"@type":"ReadAction","target":["https:\/\/www.infonautics-software.ch\/aidedecisionnelle\/support\/"]}]},{"@type":"BreadcrumbList","@id":"https:\/\/www.infonautics-software.ch\/aidedecisionnelle\/support\/#breadcrumb","itemListElement":[{"@type":"ListItem","position":1,"name":"Accueil","item":"https:\/\/www.infonautics-software.ch\/aidedecisionnelle\/"},{"@type":"ListItem","position":2,"name":"SUPPORT"}]},{"@type":"WebSite","@id":"https:\/\/www.infonautics-software.ch\/aidedecisionnelle\/#website","url":"https:\/\/www.infonautics-software.ch\/aidedecisionnelle\/","name":"Decision Making Helper FR","description":"Aide decisionnelle","potentialAction":[{"@type":"SearchAction","target":{"@type":"EntryPoint","urlTemplate":"https:\/\/www.infonautics-software.ch\/aidedecisionnelle\/?s={search_term_string}"},"query-input":{"@type":"PropertyValueSpecification","valueRequired":true,"valueName":"search_term_string"}}],"inLanguage":"fr-FR"}]}},"jetpack_sharing_enabled":true,"jetpack_shortlink":"https:\/\/wp.me\/P7fdW9-2d","_links":{"self":[{"href":"https:\/\/www.infonautics-software.ch\/aidedecisionnelle\/wp-json\/wp\/v2\/pages\/137","targetHints":{"allow":["GET"]}}],"collection":[{"href":"https:\/\/www.infonautics-software.ch\/aidedecisionnelle\/wp-json\/wp\/v2\/pages"}],"about":[{"href":"https:\/\/www.infonautics-software.ch\/aidedecisionnelle\/wp-json\/wp\/v2\/types\/page"}],"author":[{"embeddable":true,"href":"https:\/\/www.infonautics-software.ch\/aidedecisionnelle\/wp-json\/wp\/v2\/users\/1"}],"replies":[{"embeddable":true,"href":"https:\/\/www.infonautics-software.ch\/aidedecisionnelle\/wp-json\/wp\/v2\/comments?post=137"}],"version-history":[{"count":10,"href":"https:\/\/www.infonautics-software.ch\/aidedecisionnelle\/wp-json\/wp\/v2\/pages\/137\/revisions"}],"predecessor-version":[{"id":1276,"href":"https:\/\/www.infonautics-software.ch\/aidedecisionnelle\/wp-json\/wp\/v2\/pages\/137\/revisions\/1276"}],"wp:attachment":[{"href":"https:\/\/www.infonautics-software.ch\/aidedecisionnelle\/wp-json\/wp\/v2\/media?parent=137"}],"curies":[{"name":"wp","href":"https:\/\/api.w.org\/{rel}","templated":true}]}}