{"id":913,"date":"2016-02-16T14:00:50","date_gmt":"2016-02-16T13:00:50","guid":{"rendered":"http:\/\/www.livefilebackup.ch\/?page_id=913"},"modified":"2017-02-24T11:37:21","modified_gmt":"2017-02-24T10:37:21","slug":"impressum","status":"publish","type":"page","link":"https:\/\/www.infonautics-software.ch\/aidedecisionnelle\/impressum\/","title":{"rendered":"IMPRESSUM"},"content":{"rendered":"<p>[et_pb_section admin_label=\u00a0\u00bbSektion\u00a0\u00bb fullwidth=\u00a0\u00bbon\u00a0\u00bb specialty=\u00a0\u00bboff\u00a0\u00bb transparent_background=\u00a0\u00bboff\u00a0\u00bb background_color=\u00a0\u00bb#00458e\u00a0\u00bb allow_player_pause=\u00a0\u00bboff\u00a0\u00bb inner_shadow=\u00a0\u00bboff\u00a0\u00bb parallax=\u00a0\u00bboff\u00a0\u00bb parallax_method=\u00a0\u00bboff\u00a0\u00bb custom_padding=\u00a0\u00bb50px|\u00a0\u00bb padding_mobile=\u00a0\u00bboff\u00a0\u00bb make_fullwidth=\u00a0\u00bboff\u00a0\u00bb use_custom_width=\u00a0\u00bboff\u00a0\u00bb width_unit=\u00a0\u00bbon\u00a0\u00bb make_equal=\u00a0\u00bboff\u00a0\u00bb use_custom_gutter=\u00a0\u00bboff\u00a0\u00bb][et_pb_fullwidth_header admin_label=\u00a0\u00bbVollbreite Kopfzeile\u00a0\u00bb title=\u00a0\u00bbMentions l\u00e9gales\u00a0\u00bb background_layout=\u00a0\u00bbdark\u00a0\u00bb text_orientation=\u00a0\u00bbleft\u00a0\u00bb header_fullscreen=\u00a0\u00bboff\u00a0\u00bb header_scroll_down=\u00a0\u00bboff\u00a0\u00bb parallax=\u00a0\u00bboff\u00a0\u00bb parallax_method=\u00a0\u00bboff\u00a0\u00bb content_orientation=\u00a0\u00bbcenter\u00a0\u00bb image_orientation=\u00a0\u00bbcenter\u00a0\u00bb custom_button_one=\u00a0\u00bboff\u00a0\u00bb button_one_letter_spacing=\u00a0\u00bb0&Prime; button_one_use_icon=\u00a0\u00bbdefault\u00a0\u00bb button_one_icon_placement=\u00a0\u00bbright\u00a0\u00bb button_one_on_hover=\u00a0\u00bbon\u00a0\u00bb button_one_letter_spacing_hover=\u00a0\u00bb0&Prime; custom_button_two=\u00a0\u00bboff\u00a0\u00bb button_two_letter_spacing=\u00a0\u00bb0&Prime; button_two_use_icon=\u00a0\u00bbdefault\u00a0\u00bb button_two_icon_placement=\u00a0\u00bbright\u00a0\u00bb button_two_on_hover=\u00a0\u00bbon\u00a0\u00bb button_two_letter_spacing_hover=\u00a0\u00bb0&Prime; button_one_text_size=\u00a0\u00bb20&Prime; button_one_border_width=\u00a0\u00bb2&Prime; button_one_border_radius=\u00a0\u00bb3&Prime; button_one_border_radius_hover=\u00a0\u00bb3&Prime; button_two_text_size=\u00a0\u00bb20&Prime; button_two_border_width=\u00a0\u00bb2&Prime; button_two_border_radius=\u00a0\u00bb3&Prime; button_two_border_radius_hover=\u00a0\u00bb3&Prime;] [\/et_pb_fullwidth_header][\/et_pb_section][et_pb_section admin_label=\u00a0\u00bbSektion\u00a0\u00bb fullwidth=\u00a0\u00bboff\u00a0\u00bb specialty=\u00a0\u00bbon\u00a0\u00bb][et_pb_column type=\u00a0\u00bb3_4&Prime; specialty_columns=\u00a0\u00bb3&Prime;][et_pb_row_inner admin_label=\u00a0\u00bbZeile\u00a0\u00bb][et_pb_column_inner type=\u00a0\u00bb4_4&Prime; saved_specialty_column_type=\u00a0\u00bb3_4&Prime;][et_pb_text admin_label=\u00a0\u00bbText\u00a0\u00bb background_layout=\u00a0\u00bblight\u00a0\u00bb text_orientation=\u00a0\u00bbleft\u00a0\u00bb use_border_color=\u00a0\u00bboff\u00a0\u00bb border_color=\u00a0\u00bb#ffffff\u00a0\u00bb border_style=\u00a0\u00bbsolid\u00a0\u00bb]<\/p>\n<h2><span style=\"color: #000080;\"><strong>Mentions l\u00e9gales<\/strong><\/span><\/h2>\n<p>L\u2019op\u00e9rateur du site est responsable du contenu:<\/p>\n<p>INFONAUTICS GmbH<br \/>\n Markus Ottiger<br \/>\n Eichholzweg 16<br \/>\n 6312 Steinhausen<br \/>\nLa Suisse<\/p>\n<p> Tel. +41 41 7431001<br \/>\n Fax +41 41 7431002<\/p>\n<p> Internet: <a href=\"https:\/\/www.infonautics.ch\" target=\"_blank\">www.infonautics.ch<\/a><br \/>\n Email: <a href=\"mailto:infonautics@infonautics.ch\">infonautics@infonautics.ch<\/a><\/p>\n<h4>\u00a0<\/h4>\n<h4><span style=\"color: #000080;\"><strong>Non-responsabilit\u00e9<\/strong><\/span><\/h4>\n<p>\nMalgr\u00e9 un contr\u00f4le minutieux du contenu, nous d\u00e9clinons toute responsabilit\u00e9 quant au contenu des liens externes. \u00a0L\u2019exploitant des pages cit\u00e9es en lien reste seul responsable de leur contenu.<\/p>\n<h4>\u00a0<\/h4>\n<h4><span style=\"color: #000080;\"><strong>Profil d\u2019entreprise<\/strong><\/span><\/h4>\n<p>Depuis 1995, l&rsquo;entreprise\u00a0de logiciels INFONAUTICS GmbH d\u00e9veloppe pour les petites et moyennes entreprises des logiciels innovants, fiables et conviviaux. Le d\u00e9veloppement de logiciels de l\u2019entreprise bas\u00e9e en Suisse peut \u00eatre divis\u00e9 dans les 3 domaines suivants:<\/p>\n<p>\u2022 Le d\u00e9veloppement de logiciels sur mesure selon les sp\u00e9cifications du client pour les petites et moyennes entreprises.<br \/>\n\u2022 Nos solutions logicielles innovantes.\u00a0<br \/>\n\u2022 D\u00e9veloppement du shareware et du freeware.<\/p>\n<p>&nbsp;<\/p>\n<p><span style=\"color: #000080;\"><strong>Logiciel personnalis\u00e9 selon les sp\u00e9cifications du client<\/strong><\/span><br \/>\nLe logiciel personnalis\u00e9 est donc utilis\u00e9 aux endroits o\u00f9 le logiciel standard ne comprend pas les fonctions souhait\u00e9es et ne peut plus r\u00e9pondre aux besoins individuels. Fort de nombreuses ann\u00e9es d\u2019exp\u00e9rience\u00a0 dans le d\u00e9veloppement de logiciels, la soci\u00e9t\u00e9 INFONAUTICS GmbH d\u00e9veloppe pour ses clients des solutions sur mesure qui s\u2019int\u00e8grent facilement dans l\u2019infrastructure informatique existante et restent avec succ\u00e8s dans le budget convenu.<\/p>\n<p><strong><span style=\"color: #000080;\">Solutions logicielles\u00a0<br \/>\n<\/span><\/strong>Les solutions logicielles d\u00e9velopp\u00e9e par INFONAUTICS GmbH comprennent entre autres:<\/p>\n<ul>\n<li>Le <a href=\"https:\/\/english.infowiz-umfragen.ch\/\" target=\"_blank\">logiciel d\u2019enqu\u00eate InfoWiz<\/a> pour r\u00e9aliser facilement\u00a0 des enqu\u00eates de satisfaction des diff\u00e9rents groupes cibles, comme: des clients, des collaborateurs, des clients de l\u2019h\u00f4tel, des patients, des \u00e9tudiants etc.<\/li>\n<li><a href=\"https:\/\/english.reservationsystem.ch\/\" target=\"_blank\">Le syst\u00e8me de r\u00e9servation en ligne<\/a>\u00a0sans frais de commission \u00a0pour des h\u00f4tels.<\/li>\n<\/ul>\n<p><span style=\"color: #000080;\"><strong>Shareware \/ Freeware<\/strong><\/span><br \/>\nLes programmes de shareware d\u00e9velopp\u00e9s par INFONAUTICS GmbH sont des aides pr\u00e9cieuses pour le travail quotidien. Des applications diff\u00e9rentes comme \u201e<a href=\"https:\/\/www.infonautics.ch\/directorylistprint\/indexfr.htm\" target=\"_blank\">Directory List &amp; Print<\/a>\u201e, \u00ab\u00a0<a href=\"https:\/\/fr.livefilebackup.ch\/\" target=\"_blank\">Live File Backup<\/a>\u201c, <a href=\"https:\/\/www.infonautics-software.ch\/menudemarrer\" target=\"_blank\">\u00ab\u00a0My Start Menu\u00a0\u00bb<\/a>, \u00ab\u00a0<a href=\"https:\/\/www.infonautics-software.ch\/screenruler2d\" target=\"_blank\">Screen Ruler 2D\u00a0\u00bb<\/a> etc. peuvent \u00eatre t\u00e9l\u00e9charg\u00e9s directement sur notre site web\u00a0<a href=\"https:\/\/www.infonautics.ch\/en\/infonautics-e-tools.htm\" target=\"_blank\">https:\/\/www.infonautics.ch\/tools<\/a> et test\u00e9s \u00e0 fond avant de les acheter. \u00a0<\/p>\n<p style=\"text-align: center;\">\u00a0<\/p>\n<p style=\"text-align: center;\">Le credo de l\u2019entreprise est en cons\u00e9quence:<br \/>\n<strong><em>Solutions logicielles \u2013 Intelligentes. <\/em><em>Conviviales. Fiables.<\/em><\/strong><\/p>\n<p style=\"text-align: center;\">\u00a0<\/p>\n<p style=\"text-align: left;\">\u00a0<\/p>\n<p>[\/et_pb_text][\/et_pb_column_inner][\/et_pb_row_inner][\/et_pb_column][et_pb_column type=\u00a0\u00bb1_4&Prime;][et_pb_sidebar admin_label=\u00a0\u00bbSeitenleiste\u00a0\u00bb orientation=\u00a0\u00bbright\u00a0\u00bb area=\u00a0\u00bbsidebar-1&Prime; background_layout=\u00a0\u00bblight\u00a0\u00bb remove_border=\u00a0\u00bboff\u00a0\u00bb header_font_size=\u00a0\u00bb20&Prime; header_text_color=\u00a0\u00bb#000080&Prime;] [\/et_pb_sidebar][\/et_pb_column][\/et_pb_section]<\/p>\n","protected":false},"excerpt":{"rendered":"<p>Mentions l\u00e9gales L\u2019op\u00e9rateur du site est responsable du contenu: INFONAUTICS GmbH Markus Ottiger Eichholzweg 16 6312 Steinhausen La Suisse Tel. +41 41 7431001 Fax +41 41 7431002 Internet: www.infonautics.ch Email: infonautics@infonautics.ch \u00a0 Non-responsabilit\u00e9 Malgr\u00e9 un contr\u00f4le minutieux du contenu, nous d\u00e9clinons toute responsabilit\u00e9 quant au contenu des liens externes. \u00a0L\u2019exploitant des pages cit\u00e9es en lien [&hellip;]<\/p>\n","protected":false},"author":1,"featured_media":0,"parent":0,"menu_order":0,"comment_status":"closed","ping_status":"closed","template":"","meta":{"_et_pb_use_builder":"on","_et_pb_old_content":"","_et_gb_content_width":"","jetpack_post_was_ever_published":false,"footnotes":""},"class_list":["post-913","page","type-page","status-publish","hentry"],"yoast_head":"<!-- This site is optimized with the Yoast SEO plugin v25.0 - https:\/\/yoast.com\/wordpress\/plugins\/seo\/ -->\n<title>L&#039;entreprise informatique Infonautics GmbH<\/title>\n<meta name=\"description\" content=\"L&#039;entreprise de logiciels Infonautics GmbH\u00a0d\u00e9veloppe des solutions logicielles novatrices et\u00a0convivials. \u00a0\" \/>\n<meta name=\"robots\" content=\"index, follow, max-snippet:-1, max-image-preview:large, max-video-preview:-1\" \/>\n<link rel=\"canonical\" href=\"https:\/\/www.infonautics-software.ch\/aidedecisionnelle\/impressum\/\" \/>\n<meta property=\"og:locale\" content=\"fr_FR\" \/>\n<meta property=\"og:type\" content=\"article\" \/>\n<meta property=\"og:title\" content=\"L&#039;entreprise informatique Infonautics GmbH\" \/>\n<meta property=\"og:description\" content=\"L&#039;entreprise de logiciels Infonautics GmbH\u00a0d\u00e9veloppe des solutions logicielles novatrices et\u00a0convivials. \u00a0\" \/>\n<meta property=\"og:url\" content=\"https:\/\/www.infonautics-software.ch\/aidedecisionnelle\/impressum\/\" \/>\n<meta property=\"og:site_name\" content=\"Decision Making Helper FR\" \/>\n<meta property=\"article:modified_time\" content=\"2017-02-24T10:37:21+00:00\" \/>\n<meta name=\"twitter:card\" content=\"summary_large_image\" \/>\n<meta name=\"twitter:site\" content=\"@InfonauticsGmbH\" \/>\n<meta name=\"twitter:label1\" content=\"Dur\u00e9e de lecture estim\u00e9e\" \/>\n\t<meta name=\"twitter:data1\" content=\"3 minutes\" \/>\n<script type=\"application\/ld+json\" class=\"yoast-schema-graph\">{\"@context\":\"https:\/\/schema.org\",\"@graph\":[{\"@type\":\"WebPage\",\"@id\":\"https:\/\/www.infonautics-software.ch\/aidedecisionnelle\/impressum\/\",\"url\":\"https:\/\/www.infonautics-software.ch\/aidedecisionnelle\/impressum\/\",\"name\":\"L'entreprise informatique Infonautics GmbH\",\"isPartOf\":{\"@id\":\"https:\/\/www.infonautics-software.ch\/aidedecisionnelle\/#website\"},\"datePublished\":\"2016-02-16T13:00:50+00:00\",\"dateModified\":\"2017-02-24T10:37:21+00:00\",\"description\":\"L'entreprise de logiciels Infonautics GmbH\u00a0d\u00e9veloppe des solutions logicielles novatrices et\u00a0convivials. \u00a0\",\"breadcrumb\":{\"@id\":\"https:\/\/www.infonautics-software.ch\/aidedecisionnelle\/impressum\/#breadcrumb\"},\"inLanguage\":\"fr-FR\",\"potentialAction\":[{\"@type\":\"ReadAction\",\"target\":[\"https:\/\/www.infonautics-software.ch\/aidedecisionnelle\/impressum\/\"]}]},{\"@type\":\"BreadcrumbList\",\"@id\":\"https:\/\/www.infonautics-software.ch\/aidedecisionnelle\/impressum\/#breadcrumb\",\"itemListElement\":[{\"@type\":\"ListItem\",\"position\":1,\"name\":\"Accueil\",\"item\":\"https:\/\/www.infonautics-software.ch\/aidedecisionnelle\/\"},{\"@type\":\"ListItem\",\"position\":2,\"name\":\"IMPRESSUM\"}]},{\"@type\":\"WebSite\",\"@id\":\"https:\/\/www.infonautics-software.ch\/aidedecisionnelle\/#website\",\"url\":\"https:\/\/www.infonautics-software.ch\/aidedecisionnelle\/\",\"name\":\"Decision Making Helper FR\",\"description\":\"Aide decisionnelle\",\"potentialAction\":[{\"@type\":\"SearchAction\",\"target\":{\"@type\":\"EntryPoint\",\"urlTemplate\":\"https:\/\/www.infonautics-software.ch\/aidedecisionnelle\/?s={search_term_string}\"},\"query-input\":{\"@type\":\"PropertyValueSpecification\",\"valueRequired\":true,\"valueName\":\"search_term_string\"}}],\"inLanguage\":\"fr-FR\"}]}<\/script>\n<!-- \/ Yoast SEO plugin. -->","yoast_head_json":{"title":"L'entreprise informatique Infonautics GmbH","description":"L'entreprise de logiciels Infonautics GmbH\u00a0d\u00e9veloppe des solutions logicielles novatrices et\u00a0convivials. \u00a0","robots":{"index":"index","follow":"follow","max-snippet":"max-snippet:-1","max-image-preview":"max-image-preview:large","max-video-preview":"max-video-preview:-1"},"canonical":"https:\/\/www.infonautics-software.ch\/aidedecisionnelle\/impressum\/","og_locale":"fr_FR","og_type":"article","og_title":"L'entreprise informatique Infonautics GmbH","og_description":"L'entreprise de logiciels Infonautics GmbH\u00a0d\u00e9veloppe des solutions logicielles novatrices et\u00a0convivials. \u00a0","og_url":"https:\/\/www.infonautics-software.ch\/aidedecisionnelle\/impressum\/","og_site_name":"Decision Making Helper FR","article_modified_time":"2017-02-24T10:37:21+00:00","twitter_card":"summary_large_image","twitter_site":"@InfonauticsGmbH","twitter_misc":{"Dur\u00e9e de lecture estim\u00e9e":"3 minutes"},"schema":{"@context":"https:\/\/schema.org","@graph":[{"@type":"WebPage","@id":"https:\/\/www.infonautics-software.ch\/aidedecisionnelle\/impressum\/","url":"https:\/\/www.infonautics-software.ch\/aidedecisionnelle\/impressum\/","name":"L'entreprise informatique Infonautics GmbH","isPartOf":{"@id":"https:\/\/www.infonautics-software.ch\/aidedecisionnelle\/#website"},"datePublished":"2016-02-16T13:00:50+00:00","dateModified":"2017-02-24T10:37:21+00:00","description":"L'entreprise de logiciels Infonautics GmbH\u00a0d\u00e9veloppe des solutions logicielles novatrices et\u00a0convivials. \u00a0","breadcrumb":{"@id":"https:\/\/www.infonautics-software.ch\/aidedecisionnelle\/impressum\/#breadcrumb"},"inLanguage":"fr-FR","potentialAction":[{"@type":"ReadAction","target":["https:\/\/www.infonautics-software.ch\/aidedecisionnelle\/impressum\/"]}]},{"@type":"BreadcrumbList","@id":"https:\/\/www.infonautics-software.ch\/aidedecisionnelle\/impressum\/#breadcrumb","itemListElement":[{"@type":"ListItem","position":1,"name":"Accueil","item":"https:\/\/www.infonautics-software.ch\/aidedecisionnelle\/"},{"@type":"ListItem","position":2,"name":"IMPRESSUM"}]},{"@type":"WebSite","@id":"https:\/\/www.infonautics-software.ch\/aidedecisionnelle\/#website","url":"https:\/\/www.infonautics-software.ch\/aidedecisionnelle\/","name":"Decision Making Helper FR","description":"Aide decisionnelle","potentialAction":[{"@type":"SearchAction","target":{"@type":"EntryPoint","urlTemplate":"https:\/\/www.infonautics-software.ch\/aidedecisionnelle\/?s={search_term_string}"},"query-input":{"@type":"PropertyValueSpecification","valueRequired":true,"valueName":"search_term_string"}}],"inLanguage":"fr-FR"}]}},"jetpack_sharing_enabled":true,"jetpack_shortlink":"https:\/\/wp.me\/P7fdW9-eJ","_links":{"self":[{"href":"https:\/\/www.infonautics-software.ch\/aidedecisionnelle\/wp-json\/wp\/v2\/pages\/913","targetHints":{"allow":["GET"]}}],"collection":[{"href":"https:\/\/www.infonautics-software.ch\/aidedecisionnelle\/wp-json\/wp\/v2\/pages"}],"about":[{"href":"https:\/\/www.infonautics-software.ch\/aidedecisionnelle\/wp-json\/wp\/v2\/types\/page"}],"author":[{"embeddable":true,"href":"https:\/\/www.infonautics-software.ch\/aidedecisionnelle\/wp-json\/wp\/v2\/users\/1"}],"replies":[{"embeddable":true,"href":"https:\/\/www.infonautics-software.ch\/aidedecisionnelle\/wp-json\/wp\/v2\/comments?post=913"}],"version-history":[{"count":11,"href":"https:\/\/www.infonautics-software.ch\/aidedecisionnelle\/wp-json\/wp\/v2\/pages\/913\/revisions"}],"predecessor-version":[{"id":1398,"href":"https:\/\/www.infonautics-software.ch\/aidedecisionnelle\/wp-json\/wp\/v2\/pages\/913\/revisions\/1398"}],"wp:attachment":[{"href":"https:\/\/www.infonautics-software.ch\/aidedecisionnelle\/wp-json\/wp\/v2\/media?parent=913"}],"curies":[{"name":"wp","href":"https:\/\/api.w.org\/{rel}","templated":true}]}}