{"id":125,"date":"2022-02-21T11:00:10","date_gmt":"2022-02-21T10:00:10","guid":{"rendered":"http:\/\/www.infonautics-software.ch\/mymenuexplorerde\/?page_id=125"},"modified":"2022-02-21T19:15:56","modified_gmt":"2022-02-21T18:15:56","slug":"funktionen","status":"publish","type":"page","link":"https:\/\/www.infonautics-software.ch\/bildschirmlineal\/funktionen\/","title":{"rendered":"FUNKTIONEN"},"content":{"rendered":"<p>[et_pb_section fb_built=&#8220;1&#8243; make_equal=&#8220;on&#8220; fullwidth=&#8220;on&#8220; custom_padding_last_edited=&#8220;on|desktop&#8220; _builder_version=&#8220;3.22&#8243; background_color=&#8220;#00458e&#8220; custom_padding=&#8220;50px|||&#8220; custom_padding_tablet=&#8220;50px|0|50px|0&#8243; custom_padding_phone=&#8220;&#8220; transparent_background=&#8220;off&#8220; padding_mobile=&#8220;off&#8220; make_fullwidth=&#8220;off&#8220; use_custom_width=&#8220;off&#8220; width_unit=&#8220;off&#8220;][et_pb_fullwidth_header title=&#8220;Screen Ruler 2D &#8211; Desktop-Lineal f\u00fcr pixelgenaues Arbeiten &#8220; content_max_width=&#8220;none&#8220; admin_label=&#8220;Fullwidth Header&#8220; _builder_version=&#8220;3.16&#8243; background_color=&#8220;rgba(255, 255, 255, 0)&#8220; button_one_letter_spacing_hover=&#8220;0&#8243; button_two_letter_spacing_hover=&#8220;0&#8243; button_one_text_size__hover_enabled=&#8220;off&#8220; button_two_text_size__hover_enabled=&#8220;off&#8220; button_one_text_color__hover_enabled=&#8220;off&#8220; button_two_text_color__hover_enabled=&#8220;off&#8220; button_one_border_width__hover_enabled=&#8220;off&#8220; button_two_border_width__hover_enabled=&#8220;off&#8220; button_one_border_color__hover_enabled=&#8220;off&#8220; button_two_border_color__hover_enabled=&#8220;off&#8220; button_one_border_radius__hover_enabled=&#8220;off&#8220; button_two_border_radius__hover_enabled=&#8220;off&#8220; button_one_letter_spacing__hover_enabled=&#8220;on&#8220; button_one_letter_spacing__hover=&#8220;0&#8243; button_two_letter_spacing__hover_enabled=&#8220;on&#8220; button_two_letter_spacing__hover=&#8220;0&#8243; button_one_bg_color__hover_enabled=&#8220;off&#8220; button_two_bg_color__hover_enabled=&#8220;off&#8220;][\/et_pb_fullwidth_header][\/et_pb_section][et_pb_section fb_built=&#8220;1&#8243; specialty=&#8220;on&#8220; custom_padding_last_edited=&#8220;on|desktop&#8220; _builder_version=&#8220;3.22&#8243; custom_padding=&#8220;50px||50px|&#8220; custom_padding_tablet=&#8220;50px|0|50px|0&#8243; custom_padding_phone=&#8220;&#8220; transparent_background=&#8220;off&#8220; padding_mobile=&#8220;off&#8220; make_fullwidth=&#8220;off&#8220; use_custom_width=&#8220;off&#8220; width_unit=&#8220;on&#8220;][et_pb_column type=&#8220;3_4&#8243; specialty_columns=&#8220;3&#8243; _builder_version=&#8220;3.25&#8243; custom_padding=&#8220;|||&#8220; custom_padding__hover=&#8220;|||&#8220;][et_pb_row_inner _builder_version=&#8220;3.25&#8243;][et_pb_column_inner saved_specialty_column_type=&#8220;3_4&#8243; _builder_version=&#8220;3.25&#8243; custom_padding=&#8220;|||&#8220; custom_padding__hover=&#8220;|||&#8220;][et_pb_text _builder_version=&#8220;3.27.4&#8243; text_font_size=&#8220;16&#8243; module_alignment=&#8220;left&#8220; use_border_color=&#8220;off&#8220;]<\/p>\n<h2><span style=\"color: #000080;\"><strong>Z\u00fcgiges und pr\u00e4zises Arbeiten mit Screen Ruler 2D<\/strong><\/span><\/h2>\n<p>&nbsp;<\/p>\n<p>In Screen Ruler 2D vereinen sich die wichtigsten Funktionen, um reibungslos\u00a0und pixelgenau zu arbeiten. <strong>Messen<\/strong> Sie mit dem Desktop-Lineal in <strong>2 Dimensionen<\/strong> (waagrecht und senkrecht- H\u00f6he und Breite) <strong>gleichzeitig<\/strong>. Ben\u00f6tigen Sie einen Farbwert f\u00fcr Ihre Grafik? Kein Problem. Der <strong>Farbmesser (Color Picker)<\/strong> gibt direkt die Farbe unter dem ausw\u00e4hlten Eckpunkt des Massstabs in vier Farbsystemen RGB, HSL, HTML und DECIMAL an und mit der eingebauten <strong>Lupe<\/strong> und deren <strong>Positionierhilfen<\/strong> ist ein pixelgenaues Arbeiten selbstverst\u00e4ndlich.<\/p>\n<p><span style=\"font-size: 12pt;\">\u00a0<\/span><\/p>\n<h3>\u00a0<\/h3>\n<h3><span style=\"color: #000080;\"><strong>Video\u00a0Anleitung<\/strong><\/span><\/h3>\n<p>(Grundfunktionen von Screen Ruler 2D &#8211; dem Desktop-Lineal f\u00fcr Windows)<\/p>\n<p><iframe loading=\"lazy\" title=\"Screen Ruler 2D - Desktop-Lineal  f\u00fcr Windows\" width=\"1080\" height=\"608\" src=\"https:\/\/www.youtube.com\/embed\/qpwG94nGjPs?feature=oembed\"  allow=\"accelerometer; autoplay; clipboard-write; encrypted-media; gyroscope; picture-in-picture; web-share\" referrerpolicy=\"strict-origin-when-cross-origin\" allowfullscreen><\/iframe><\/p>\n<h3>\u00a0<\/h3>\n<p>[\/et_pb_text][\/et_pb_column_inner][\/et_pb_row_inner][et_pb_row_inner _builder_version=&#8220;3.25&#8243;][et_pb_column_inner saved_specialty_column_type=&#8220;3_4&#8243; _builder_version=&#8220;3.25&#8243; custom_padding=&#8220;|||&#8220; custom_padding__hover=&#8220;|||&#8220;][et_pb_text _builder_version=&#8220;3.27.4&#8243; text_font_size=&#8220;16&#8243; background_size=&#8220;initial&#8220; background_position=&#8220;top_left&#8220; background_repeat=&#8220;repeat&#8220; module_alignment=&#8220;left&#8220; use_border_color=&#8220;off&#8220; border_color=&#8220;#ffffff&#8220; border_style=&#8220;solid&#8220;]<\/p>\n<h3><span style=\"color: #000080;\"><strong>Die Programmeigenschaften von Screen Ruler 2D sind:<\/strong><\/span><\/h3>\n<p>&nbsp;<\/p>\n<ul>\n<li>Durchsichtiger 2-dimensionaler Massstab, der in der Gr\u00f6sse horizontal und vertikal ver\u00e4ndert und beliebig auf dem Bildschirm positioniert werden kann.<\/li>\n<li>An jeder Kante des rechteckigen Massstabs steht ein skalierbares Lineal zur Verf\u00fcgung.<\/li>\n<li>Anzeige der Breite und H\u00f6he des eingestellten Massstabes (Pixel).<\/li>\n<li>Anzeige der Positionen aller R\u00e4nder bez\u00fcglich der Bildschirmkoordinaten.<\/li>\n<li>Positionierhilfen (Kn\u00f6pfe), die den Massstab nach jeder Seite ein Pixel verschieben oder um ein Pixel vergr\u00f6ssern\/verkleinern k\u00f6nnen.<\/li>\n<li>Positionierung des Deskto-Lineals\u00a0mit den Cursor-Tasten.<\/li>\n<li>Lupe, die f\u00fcr die genaue Positionierung des Lineals auf jeder der vier Ecken aktiv geschaltet werden kann.<\/li>\n<li>Anzeige der Farbe unter dem aktiven Massstab-Eckpunkt in vier Farbsystemen: RGB (Rot\/Gr\u00fcn\/Blau), HSL (Hue\/Saturation\/Lightness), HTML (Hexadezimale Web-Farben), DECIMAL (Dezimaler Farbwert).<\/li>\n<li>Anzeige wichtiger Informationen f\u00fcr das Fenster, das unter dem aktiven Massstab-Eckpunkt liegt: Fenstername, Fensterklasse, Fenster-Handle, Prozess-ID, zugeh\u00f6riges Programm.<\/li>\n<li>Einstellung, ob das Fenster immer im Vordergrund bleiben soll.<\/li>\n<li>Einstellung, ob f\u00fcr die Bedienelemente Tooltipps angezeigt werden sollen.<\/li>\n<li>Kurz\u00fcbersicht zur Bezeichnung der wichtigsten Bedienelemente.<\/li>\n<li>Handbuch im PDF-Format.<\/li>\n<li>Das Installationsprogramm installiert dem Betriebssystem entsprechend die 32- oder 64-Bit Version des Programmes.<\/li>\n<\/ul>\n<p>[\/et_pb_text][et_pb_image src=&#8220;https:\/\/www.infonautics-software.ch\/bildschirmlineal\/wp-content\/uploads\/sites\/16\/2015\/08\/sample3de.jpg&#8220; alt=&#8220;Desktop-Lineal Screen Ruler 2D&#8220; title_text=&#8220;Funktionen von Screen Ruler 2D&#8220; show_in_lightbox=&#8220;on&#8220; align_tablet=&#8220;center&#8220; align_last_edited=&#8220;on|desktop&#8220; _builder_version=&#8220;3.23&#8243; custom_margin=&#8220;5px||50px|&#8220; use_border_color=&#8220;off&#8220; border_color=&#8220;#ffffff&#8220; border_style=&#8220;solid&#8220; sticky=&#8220;off&#8220; always_center_on_mobile=&#8220;on&#8220;][\/et_pb_image][et_pb_text _builder_version=&#8220;4.6.1&#8243; module_alignment=&#8220;left&#8220; hover_enabled=&#8220;0&#8243; sticky_enabled=&#8220;0&#8243;]<\/p>\n<h3><span style=\"color: #000080;\"><strong>Systemvoraussetzungen f\u00fcr das Desktop-Lineal<\/strong><\/span><\/h3>\n<p>&nbsp;<\/p>\n<ul>\n<li>Betriebssystem Windows&#x2122; 7 \/ 8 \/ 10 \/ 11\u00a0\u00a0 32 oder 64 Bit.<\/li>\n<li>Ca. 1 MB Speicherplatz auf der Festplatte.<\/li>\n<\/ul>\n<p>[\/et_pb_text][\/et_pb_column_inner][\/et_pb_row_inner][\/et_pb_column][et_pb_column type=&#8220;1_4&#8243; _builder_version=&#8220;3.25&#8243; custom_padding=&#8220;|||&#8220; custom_padding__hover=&#8220;|||&#8220;][et_pb_sidebar orientation=&#8220;right&#8220; area=&#8220;sidebar-1&#8243; admin_label=&#8220;Sidebar&#8220; _builder_version=&#8220;3.0.74&#8243; header_text_color=&#8220;#000080&#8243; remove_border=&#8220;off&#8220;][\/et_pb_sidebar][\/et_pb_column][\/et_pb_section]<\/p>\n","protected":false},"excerpt":{"rendered":"<p>Z\u00fcgiges und pr\u00e4zises Arbeiten mit Screen Ruler 2D &nbsp; In Screen Ruler 2D vereinen sich die wichtigsten Funktionen, um reibungslos\u00a0und pixelgenau zu arbeiten. Messen Sie mit dem Desktop-Lineal in 2 Dimensionen (waagrecht und senkrecht- H\u00f6he und Breite) gleichzeitig. Ben\u00f6tigen Sie einen Farbwert f\u00fcr Ihre Grafik? Kein Problem. Der Farbmesser (Color Picker) gibt direkt die Farbe [&hellip;]<\/p>\n","protected":false},"author":1,"featured_media":0,"parent":0,"menu_order":0,"comment_status":"open","ping_status":"open","template":"","meta":{"_et_pb_use_builder":"on","_et_pb_old_content":"<p>[et_pb_section][et_pb_row][\/et_pb_row][\/et_pb_section]<\/p>","_et_gb_content_width":"","jetpack_post_was_ever_published":false,"footnotes":""},"class_list":["post-125","page","type-page","status-publish","hentry"],"yoast_head":"<!-- This site is optimized with the Yoast SEO plugin v25.0 - https:\/\/yoast.com\/wordpress\/plugins\/seo\/ -->\n<title>Desktop-Lineal Screen Ruler 2D<\/title>\n<meta name=\"description\" content=\"Das Desktop-Lineal misst in 2 Dimensionen (waagrecht und senkrecht- H\u00f6he und Breite) gleichzeitig. Screen Ruler 2D mit integriertem Farbmesser und Lupe.\" \/>\n<meta name=\"robots\" content=\"index, follow, max-snippet:-1, max-image-preview:large, max-video-preview:-1\" \/>\n<link rel=\"canonical\" href=\"https:\/\/www.infonautics-software.ch\/bildschirmlineal\/funktionen\/\" \/>\n<meta property=\"og:locale\" content=\"de_DE\" \/>\n<meta property=\"og:type\" content=\"article\" \/>\n<meta property=\"og:title\" content=\"Desktop-Lineal Screen Ruler 2D\" \/>\n<meta property=\"og:description\" content=\"Das Desktop-Lineal misst in 2 Dimensionen (waagrecht und senkrecht- H\u00f6he und Breite) gleichzeitig. Screen Ruler 2D mit integriertem Farbmesser und Lupe.\" \/>\n<meta property=\"og:url\" content=\"https:\/\/www.infonautics-software.ch\/bildschirmlineal\/funktionen\/\" \/>\n<meta property=\"og:site_name\" content=\"Bildschirmlineal Screen Ruler 2D\" \/>\n<meta property=\"article:modified_time\" content=\"2022-02-21T18:15:56+00:00\" \/>\n<meta name=\"twitter:card\" content=\"summary_large_image\" \/>\n<meta name=\"twitter:site\" content=\"@InfonauticsGmbH\" \/>\n<meta name=\"twitter:label1\" content=\"Gesch\u00e4tzte Lesezeit\" \/>\n\t<meta name=\"twitter:data1\" content=\"4\u00a0Minuten\" \/>\n<script type=\"application\/ld+json\" class=\"yoast-schema-graph\">{\"@context\":\"https:\/\/schema.org\",\"@graph\":[{\"@type\":\"WebPage\",\"@id\":\"https:\/\/www.infonautics-software.ch\/bildschirmlineal\/funktionen\/\",\"url\":\"https:\/\/www.infonautics-software.ch\/bildschirmlineal\/funktionen\/\",\"name\":\"Desktop-Lineal Screen Ruler 2D\",\"isPartOf\":{\"@id\":\"https:\/\/www.infonautics-software.ch\/bildschirmlineal\/#website\"},\"datePublished\":\"2022-02-21T10:00:10+00:00\",\"dateModified\":\"2022-02-21T18:15:56+00:00\",\"description\":\"Das Desktop-Lineal misst in 2 Dimensionen (waagrecht und senkrecht- H\u00f6he und Breite) gleichzeitig. Screen Ruler 2D mit integriertem Farbmesser und Lupe.\",\"breadcrumb\":{\"@id\":\"https:\/\/www.infonautics-software.ch\/bildschirmlineal\/funktionen\/#breadcrumb\"},\"inLanguage\":\"de\",\"potentialAction\":[{\"@type\":\"ReadAction\",\"target\":[\"https:\/\/www.infonautics-software.ch\/bildschirmlineal\/funktionen\/\"]}]},{\"@type\":\"BreadcrumbList\",\"@id\":\"https:\/\/www.infonautics-software.ch\/bildschirmlineal\/funktionen\/#breadcrumb\",\"itemListElement\":[{\"@type\":\"ListItem\",\"position\":1,\"name\":\"Startseite\",\"item\":\"https:\/\/www.infonautics-software.ch\/bildschirmlineal\/\"},{\"@type\":\"ListItem\",\"position\":2,\"name\":\"FUNKTIONEN\"}]},{\"@type\":\"WebSite\",\"@id\":\"https:\/\/www.infonautics-software.ch\/bildschirmlineal\/#website\",\"url\":\"https:\/\/www.infonautics-software.ch\/bildschirmlineal\/\",\"name\":\"Bildschirmlineal Screen Ruler 2D\",\"description\":\"Screen Ruler 2D misst gleichzeitig in 2 Dimensionen (H\u00f6he und Breite)\",\"potentialAction\":[{\"@type\":\"SearchAction\",\"target\":{\"@type\":\"EntryPoint\",\"urlTemplate\":\"https:\/\/www.infonautics-software.ch\/bildschirmlineal\/?s={search_term_string}\"},\"query-input\":{\"@type\":\"PropertyValueSpecification\",\"valueRequired\":true,\"valueName\":\"search_term_string\"}}],\"inLanguage\":\"de\"}]}<\/script>\n<!-- \/ Yoast SEO plugin. -->","yoast_head_json":{"title":"Desktop-Lineal Screen Ruler 2D","description":"Das Desktop-Lineal misst in 2 Dimensionen (waagrecht und senkrecht- H\u00f6he und Breite) gleichzeitig. Screen Ruler 2D mit integriertem Farbmesser und Lupe.","robots":{"index":"index","follow":"follow","max-snippet":"max-snippet:-1","max-image-preview":"max-image-preview:large","max-video-preview":"max-video-preview:-1"},"canonical":"https:\/\/www.infonautics-software.ch\/bildschirmlineal\/funktionen\/","og_locale":"de_DE","og_type":"article","og_title":"Desktop-Lineal Screen Ruler 2D","og_description":"Das Desktop-Lineal misst in 2 Dimensionen (waagrecht und senkrecht- H\u00f6he und Breite) gleichzeitig. Screen Ruler 2D mit integriertem Farbmesser und Lupe.","og_url":"https:\/\/www.infonautics-software.ch\/bildschirmlineal\/funktionen\/","og_site_name":"Bildschirmlineal Screen Ruler 2D","article_modified_time":"2022-02-21T18:15:56+00:00","twitter_card":"summary_large_image","twitter_site":"@InfonauticsGmbH","twitter_misc":{"Gesch\u00e4tzte Lesezeit":"4\u00a0Minuten"},"schema":{"@context":"https:\/\/schema.org","@graph":[{"@type":"WebPage","@id":"https:\/\/www.infonautics-software.ch\/bildschirmlineal\/funktionen\/","url":"https:\/\/www.infonautics-software.ch\/bildschirmlineal\/funktionen\/","name":"Desktop-Lineal Screen Ruler 2D","isPartOf":{"@id":"https:\/\/www.infonautics-software.ch\/bildschirmlineal\/#website"},"datePublished":"2022-02-21T10:00:10+00:00","dateModified":"2022-02-21T18:15:56+00:00","description":"Das Desktop-Lineal misst in 2 Dimensionen (waagrecht und senkrecht- H\u00f6he und Breite) gleichzeitig. Screen Ruler 2D mit integriertem Farbmesser und Lupe.","breadcrumb":{"@id":"https:\/\/www.infonautics-software.ch\/bildschirmlineal\/funktionen\/#breadcrumb"},"inLanguage":"de","potentialAction":[{"@type":"ReadAction","target":["https:\/\/www.infonautics-software.ch\/bildschirmlineal\/funktionen\/"]}]},{"@type":"BreadcrumbList","@id":"https:\/\/www.infonautics-software.ch\/bildschirmlineal\/funktionen\/#breadcrumb","itemListElement":[{"@type":"ListItem","position":1,"name":"Startseite","item":"https:\/\/www.infonautics-software.ch\/bildschirmlineal\/"},{"@type":"ListItem","position":2,"name":"FUNKTIONEN"}]},{"@type":"WebSite","@id":"https:\/\/www.infonautics-software.ch\/bildschirmlineal\/#website","url":"https:\/\/www.infonautics-software.ch\/bildschirmlineal\/","name":"Bildschirmlineal Screen Ruler 2D","description":"Screen Ruler 2D misst gleichzeitig in 2 Dimensionen (H\u00f6he und Breite)","potentialAction":[{"@type":"SearchAction","target":{"@type":"EntryPoint","urlTemplate":"https:\/\/www.infonautics-software.ch\/bildschirmlineal\/?s={search_term_string}"},"query-input":{"@type":"PropertyValueSpecification","valueRequired":true,"valueName":"search_term_string"}}],"inLanguage":"de"}]}},"jetpack_shortlink":"https:\/\/wp.me\/P6LF9V-21","jetpack_sharing_enabled":true,"_links":{"self":[{"href":"https:\/\/www.infonautics-software.ch\/bildschirmlineal\/wp-json\/wp\/v2\/pages\/125","targetHints":{"allow":["GET"]}}],"collection":[{"href":"https:\/\/www.infonautics-software.ch\/bildschirmlineal\/wp-json\/wp\/v2\/pages"}],"about":[{"href":"https:\/\/www.infonautics-software.ch\/bildschirmlineal\/wp-json\/wp\/v2\/types\/page"}],"author":[{"embeddable":true,"href":"https:\/\/www.infonautics-software.ch\/bildschirmlineal\/wp-json\/wp\/v2\/users\/1"}],"replies":[{"embeddable":true,"href":"https:\/\/www.infonautics-software.ch\/bildschirmlineal\/wp-json\/wp\/v2\/comments?post=125"}],"version-history":[{"count":10,"href":"https:\/\/www.infonautics-software.ch\/bildschirmlineal\/wp-json\/wp\/v2\/pages\/125\/revisions"}],"predecessor-version":[{"id":948,"href":"https:\/\/www.infonautics-software.ch\/bildschirmlineal\/wp-json\/wp\/v2\/pages\/125\/revisions\/948"}],"wp:attachment":[{"href":"https:\/\/www.infonautics-software.ch\/bildschirmlineal\/wp-json\/wp\/v2\/media?parent=125"}],"curies":[{"name":"wp","href":"https:\/\/api.w.org\/{rel}","templated":true}]}}