{"id":125,"date":"2024-12-11T11:00:10","date_gmt":"2024-12-11T10:00:10","guid":{"rendered":"http:\/\/www.infonautics-software.ch\/mymenuexplorerde\/?page_id=125"},"modified":"2024-12-11T18:09:06","modified_gmt":"2024-12-11T17:09:06","slug":"fonctions","status":"publish","type":"page","link":"https:\/\/www.infonautics-software.ch\/datefichier\/fonctions\/","title":{"rendered":"FONCTIONS"},"content":{"rendered":"<p>[et_pb_section fb_built=\u00a0\u00bb1&Prime; make_equal=\u00a0\u00bbon\u00a0\u00bb fullwidth=\u00a0\u00bbon\u00a0\u00bb custom_padding_last_edited=\u00a0\u00bbon|desktop\u00a0\u00bb admin_label=\u00a0\u00bbsection\u00a0\u00bb _builder_version=\u00a0\u00bb4.16&Prime; background_color=\u00a0\u00bb#00458e\u00a0\u00bb custom_padding=\u00a0\u00bb50px|||\u00a0\u00bb custom_padding_tablet=\u00a0\u00bb50px|0|50px|0&Prime; custom_padding_phone=\u00a0\u00bb\u00a0\u00bb transparent_background=\u00a0\u00bboff\u00a0\u00bb padding_mobile=\u00a0\u00bboff\u00a0\u00bb global_colors_info=\u00a0\u00bb{}\u00a0\u00bb][et_pb_fullwidth_header title=\u00a0\u00bbLes fonctions de File Date Corrector\u00a0\u00bb content_max_width=\u00a0\u00bbnone\u00a0\u00bb admin_label=\u00a0\u00bbFullwidth Header\u00a0\u00bb _builder_version=\u00a0\u00bb4.16&Prime; background_color=\u00a0\u00bbrgba(255, 255, 255, 0)\u00a0\u00bb global_colors_info=\u00a0\u00bb{}\u00a0\u00bb button_one_text_size__hover_enabled=\u00a0\u00bboff\u00a0\u00bb button_two_text_size__hover_enabled=\u00a0\u00bboff\u00a0\u00bb button_one_text_color__hover_enabled=\u00a0\u00bboff\u00a0\u00bb button_two_text_color__hover_enabled=\u00a0\u00bboff\u00a0\u00bb button_one_border_width__hover_enabled=\u00a0\u00bboff\u00a0\u00bb button_two_border_width__hover_enabled=\u00a0\u00bboff\u00a0\u00bb button_one_border_color__hover_enabled=\u00a0\u00bboff\u00a0\u00bb button_two_border_color__hover_enabled=\u00a0\u00bboff\u00a0\u00bb button_one_border_radius__hover_enabled=\u00a0\u00bboff\u00a0\u00bb button_two_border_radius__hover_enabled=\u00a0\u00bboff\u00a0\u00bb button_one_letter_spacing__hover_enabled=\u00a0\u00bboff\u00a0\u00bb button_two_letter_spacing__hover_enabled=\u00a0\u00bboff\u00a0\u00bb button_one_bg_color__hover_enabled=\u00a0\u00bboff\u00a0\u00bb button_two_bg_color__hover_enabled=\u00a0\u00bboff\u00a0\u00bb][\/et_pb_fullwidth_header][\/et_pb_section][et_pb_section fb_built=\u00a0\u00bb1&Prime; specialty=\u00a0\u00bbon\u00a0\u00bb custom_padding_last_edited=\u00a0\u00bbon|desktop\u00a0\u00bb admin_label=\u00a0\u00bbsection\u00a0\u00bb _builder_version=\u00a0\u00bb4.16&Prime; custom_padding=\u00a0\u00bb50px||50px|\u00a0\u00bb custom_padding_tablet=\u00a0\u00bb50px|0|50px|0&Prime; custom_padding_phone=\u00a0\u00bb\u00a0\u00bb transparent_background=\u00a0\u00bboff\u00a0\u00bb padding_mobile=\u00a0\u00bboff\u00a0\u00bb global_colors_info=\u00a0\u00bb{}\u00a0\u00bb][et_pb_column type=\u00a0\u00bb3_4&Prime; specialty_columns=\u00a0\u00bb3&Prime; _builder_version=\u00a0\u00bb4.16&Prime; custom_padding=\u00a0\u00bb|||\u00a0\u00bb global_colors_info=\u00a0\u00bb{}\u00a0\u00bb custom_padding__hover=\u00a0\u00bb|||\u00a0\u00bb][et_pb_row_inner _builder_version=\u00a0\u00bb4.16&Prime; global_colors_info=\u00a0\u00bb{}\u00a0\u00bb][et_pb_column_inner saved_specialty_column_type=\u00a0\u00bb3_4&Prime; _builder_version=\u00a0\u00bb4.16&Prime; custom_padding=\u00a0\u00bb|||\u00a0\u00bb global_colors_info=\u00a0\u00bb{}\u00a0\u00bb custom_padding__hover=\u00a0\u00bb|||\u00a0\u00bb][et_pb_text admin_label=\u00a0\u00bbText\u00a0\u00bb _builder_version=\u00a0\u00bb4.16&Prime; use_border_color=\u00a0\u00bboff\u00a0\u00bb global_colors_info=\u00a0\u00bb{}\u00a0\u00bb]<\/p>\n<h2><span style=\"color: #333399;\"><strong>R\u00e9cup\u00e9rer la date de prise de vue\u00a0et la date de cr\u00e9ation<\/strong><\/span><\/h2>\n<p>&nbsp;<\/p>\n<p><strong>File Date Corrector<\/strong> lit les m\u00e9tadonn\u00e9es, en d\u00e9crivant la date de cr\u00e9ation \/ date de prise de vue\u00a0originale et la derni\u00e8re date de modification,\u00a0 \u00e0 partir des documents, des images et d&rsquo;autres fichiers m\u00e9dias. De cette fa\u00e7on, File Date Corrector vous permet de corriger la date de fichier dans les champs \u00ab\u00a0<strong>Cr\u00e9\u00e9 le\u00a0\u00bb <\/strong>et <strong>\u00ab\u00a0Modifi\u00e9 le\u00a0\u00bb <\/strong>d&rsquo;un dossier de donn\u00e9es <strong>entier en une fois.\u00a0<\/strong><\/p>\n<p>File Date Corrector peut non seulement retrouver\u00a0la date de cr\u00e9ation des documents de Microsoft Office (Word, Excel) mais aussi des fichiers format OpenDocument \u00a0(Open-Office, Libre-Office, Google-Docs, IBM-Docs etc.) .<\/p>\n<p>&nbsp;<\/p>\n<h3><span style=\"color: #333399;\"><strong>Br\u00e8ve introduction vid\u00e9o de File Date Corrector:<\/strong><\/span><\/h3>\n<p><iframe loading=\"lazy\" src=\"\/\/www.youtube.com\/embed\/LSqIzFxS0qg?rel=0&amp;showinfo=0\" width=\"560\" height=\"314\" allowfullscreen=\"allowfullscreen\"><\/iframe><\/p>\n<p>[\/et_pb_text][et_pb_text admin_label=\u00a0\u00bbText\u00a0\u00bb _builder_version=\u00a0\u00bb4.23.1&Prime; text_font_size=\u00a0\u00bb16&Prime; hover_enabled=\u00a0\u00bb0&Prime; border_style=\u00a0\u00bbsolid\u00a0\u00bb global_colors_info=\u00a0\u00bb{}\u00a0\u00bb sticky_enabled=\u00a0\u00bb0&Prime;]<\/p>\n<h2>\u00a0<\/h2>\n<p>&nbsp;<\/p>\n<h2><span style=\"color: #333399;\"><strong>Fonctions<\/strong><\/span><\/h2>\n<h4>\u00a0<\/h4>\n<h4><span style=\"color: #000080;\"><strong>S\u00e9lection du r\u00e9pertoire \u00a0<\/strong>[1. S\u00e9lectionner le r\u00e9pertoire]<\/span><\/h4>\n<ul style=\"list-style-type: disc;\">\n<li>S\u00e9lection du dossier d\u00e9marrage pour la correction par une structure arborescente.<\/li>\n<li>S\u00e9lection du r\u00e9pertoire par l&rsquo;entr\u00e9e d&rsquo;un chemin de r\u00e9pertoire sous forme de texte.<\/li>\n<li>Restriction facultatif des fichiers \u00e0 \u00e9diter \u00e0 certains types de fichiers.<\/li>\n<li>Traitement facultatif des sous-r\u00e9pertoires (Parcourir les sous-r\u00e9pertoires).<\/li>\n<li>D\u00e9finir la profondeur de r\u00e9cursion du r\u00e9pertoire pour les sous-r\u00e9pertoires.<br \/><img loading=\"lazy\" decoding=\"async\" data-attachment-id=\"1553\" data-permalink=\"https:\/\/www.infonautics-software.ch\/datefichier\/fonctions\/filedatecorrector-subdirectories\/\" data-orig-file=\"https:\/\/www.infonautics-software.ch\/datefichier\/wp-content\/uploads\/sites\/36\/2015\/08\/FileDateCorrector-Subdirectories.jpg\" data-orig-size=\"323,42\" data-comments-opened=\"1\" data-image-meta=\"{&quot;aperture&quot;:&quot;0&quot;,&quot;credit&quot;:&quot;&quot;,&quot;camera&quot;:&quot;&quot;,&quot;caption&quot;:&quot;&quot;,&quot;created_timestamp&quot;:&quot;0&quot;,&quot;copyright&quot;:&quot;&quot;,&quot;focal_length&quot;:&quot;0&quot;,&quot;iso&quot;:&quot;0&quot;,&quot;shutter_speed&quot;:&quot;0&quot;,&quot;title&quot;:&quot;&quot;,&quot;orientation&quot;:&quot;0&quot;}\" data-image-title=\"File Date Correctory Run Through Subdirectories\" data-image-description=\"\" data-image-caption=\"\" data-medium-file=\"https:\/\/www.infonautics-software.ch\/datefichier\/wp-content\/uploads\/sites\/36\/2015\/08\/FileDateCorrector-Subdirectories-300x39.jpg\" data-large-file=\"https:\/\/www.infonautics-software.ch\/datefichier\/wp-content\/uploads\/sites\/36\/2015\/08\/FileDateCorrector-Subdirectories.jpg\" class=\"size-full wp-image-1553 alignnone\" src=\"..\/wp-content\/uploads\/sites\/36\/2015\/08\/FileDateCorrector-Subdirectories.jpg\" alt=\"File Date Correctory Run Through Subdirectories\" width=\"323\" height=\"42\" srcset=\"https:\/\/www.infonautics-software.ch\/datefichier\/wp-content\/uploads\/sites\/36\/2015\/08\/FileDateCorrector-Subdirectories.jpg 323w, https:\/\/www.infonautics-software.ch\/datefichier\/wp-content\/uploads\/sites\/36\/2015\/08\/FileDateCorrector-Subdirectories-300x39.jpg 300w\" sizes=\"auto, (max-width: 323px) 100vw, 323px\" \/><\/li>\n<\/ul>\n<ul style=\"list-style-type: disc;\">\n<li>Support de connexion et d\u00e9connexion des lecteurs r\u00e9seau.<\/li>\n<li>Mise \u00e0 jour de la liste des r\u00e9pertoires.<\/li>\n<\/ul>\n<h4><span style=\"color: #000080;\"><strong>Propri\u00e9t\u00e9s de correction \u00a0\u00a0<\/strong>[2. D\u00e9finir la correction, 3. D\u00e9finir les d\u00e9tails]<\/span><\/h4>\n<ul style=\"list-style-type: disc;\">\n<li>S\u00e9lection des dates \u00e0 corriger: \u00ab\u00a0Cr\u00e9\u00e9\u00a0\u00bb et\/ou \u00ab\u00a0Modifi\u00e9\u00a0\u00bb.<\/li>\n<li>S\u00e9lection des sources d&rsquo;informations, s\u00e9par\u00e9ment pour \u00ab\u00a0Cr\u00e9\u00e9\u00a0\u00bb et \u00ab\u00a0Modifi\u00e9\u00a0\u00bb:<br \/>m\u00e9tadonn\u00e9es de fichiers, documents, images (EXIF, IPTC, XMP), m\u00e9tadonn\u00e9es de audio\/video (seule la date \u00ab\u00a0Enregistr\u00e9e\u00a0\u00bb est disponible parce que audio et vid\u00e9o n&rsquo;ont pas de date de modification), extraction du date du nom de fichier, date et heure fixes.<\/li>\n<li>Possibilit\u00e9 de rechercher toutes les sources en m\u00eame temps et de d\u00e9finir leur priorit\u00e9.<\/li>\n<li>S&rsquo;il n&rsquo;y a pas de m\u00e9tadonn\u00e9es disponibles pour \u00ab\u00a0Cr\u00e9\u00e9\u00a0\u00bb ou non s\u00e9lectionn\u00e9, les donn\u00e9es m\u00e9ta de \u00ab\u00a0Modifi\u00e9\u00a0\u00bb peuvent \u00eatre utilis\u00e9es pour corriger la date de fichier \u00ab\u00a0Cr\u00e9\u00e9\u00a0\u00bb.<\/li>\n<li>S&rsquo;il n&rsquo;y a pas de m\u00e9tadonn\u00e9es disponibles pour \u00ab\u00a0Modifi\u00e9e\u00a0\u00bb ou non s\u00e9lectionn\u00e9, les donn\u00e9es m\u00e9ta de \u00ab\u00a0Cr\u00e9\u00e9\u00a0\u00bb peuvent \u00eatre utilis\u00e9es pour corriger la date de fichier \u00ab\u00a0Modifi\u00e9e\u00a0\u00bb.<\/li>\n<li>Si aucune m\u00e9ta-information n\u2019est disponible, la derni\u00e8re date de modification peut \u00eatre utilis\u00e9e pour corriger la date \u00ab\u00a0Cr\u00e9\u00e9\u00a0\u00bb. (Dans de nombreux cas, la date de modification d\u2019origine de fichier est reprise lorsque Windows copie les fichiers).<\/li>\n<li>Si aucune m\u00e9ta-information n\u2019est disponible, la date de cr\u00e9ation actuelle peut \u00eatre utilis\u00e9e pour corriger la date \u00ab\u00a0Modifi\u00e9\u00a0\u00bb. (Cela peut r\u00e9soudre la situation d\u00e9routante si la derni\u00e8re date de modification est plus ancienne que la date de cr\u00e9ation actuelle).<\/li>\n<li>D\u00e9calage suppl\u00e9mentaire pour les dates trouv\u00e9es.<\/li>\n<li>Ajustement de la date du r\u00e9pertoire selon le contenu le plus ancien \/ le plus r\u00e9cent,<br \/>c&rsquo;est-\u00e0-dire que la date de cr\u00e9ation est d\u00e9finie selon la date de fichier \u00ab\u00a0Cr\u00e9\u00e9e\u00a0\u00bb la plus ancienne (dans la structure du r\u00e9pertoire subordonn\u00e9e), la date de modification est d\u00e9finie selon la date de fichier \u00ab\u00a0Modifi\u00e9e\u00a0\u00bb ou \u00ab\u00a0Cr\u00e9\u00e9e\u00a0\u00bb la plus r\u00e9cente.<\/li>\n<li>Manipulation des dates r\u00e9troactivement \u00e0 l&rsquo;ann\u00e9e 1601 (avec le syst\u00e8me de fichiers NTFS).<\/li>\n<\/ul>\n<h4><span style=\"color: #000080;\"><strong>Pr\u00e9visualiser \u00a0<\/strong>[4. Aper\u00e7u]<\/span><\/h4>\n<ul>\n<li>Traiter les fichiers et lister les corrections trouv\u00e9es avec la date \u00ab\u00a0avant correction\u00a0\u00bb et la date \u00ab\u00a0apr\u00e8s correction\u00a0\u00bb, s\u00e9par\u00e9ment pour la date \u00ab\u00a0cr\u00e9\u00e9\u00a0\u00bb et \/ ou la date \u00ab\u00a0modifi\u00e9\u00a0\u00bb.<\/li>\n<li>Afficher le nombre d&rsquo;objets trouv\u00e9s (fichiers).<\/li>\n<li>Trier les fichiers \/ r\u00e9pertoires par nom en ordre NATUREL (comme l&rsquo;Explorateur Windows).<\/li>\n<\/ul>\n<h4><span style=\"color: #000080;\"><strong>Effectuer des corrections\u00a0\u00a0<\/strong>[5. Corriger!]<\/span><\/h4>\n<ul>\n<li>Effectuer toutes les corrections propos\u00e9es.<\/li>\n<li>L&rsquo;\u00e9tat de correction est affich\u00e9 apr\u00e8s la correction:<br \/>&#8211; corrig\u00e9 (correction r\u00e9ussie),<br \/>&#8211; lecture seule (aucune correction appliqu\u00e9e),<br \/>&#8211; \u00e9chou\u00e9 (la correction a \u00e9chou\u00e9).<\/li>\n<li>Le bouton \u00ab\u00a05. Corriger maintenant \u00ab\u00a0n&rsquo;est disponible que si une \u00ab\u00a0Aper\u00e7u\u00a0\u00bba \u00e9t\u00e9 cr\u00e9\u00e9e premi\u00e8rement.<\/li>\n<li>Pour vraiment effectuer des corrections une version compl\u00e8te du programme est n\u00e9cessaire.<\/li>\n<\/ul>\n<h4><span style=\"color: #000080;\"><strong>Fonctions incorpor\u00e9es dans la liste des fichiers <\/strong> [Champ de recherche et menu contextuel]<\/span><\/h4>\n<ul>\n<li>Recherche: Chercher une cha\u00eene dans la liste des fichiers en choisissant\u00a0l&rsquo;option \u00ab\u00a0Rechercher depuis le d\u00e9but\u00a0\u00bb ou \u00ab\u00a0Continuer la recherche dans la ligne en cours\u00a0\u00bb.<\/li>\n<li>Menu contextuel: Supprimer la ligne s\u00e9lectionn\u00e9e, ouvrir le r\u00e9pertoire contenant l&rsquo;objet s\u00e9lectionn\u00e9, ouvrir \/ d\u00e9marrer l&rsquo;objet s\u00e9lectionn\u00e9, afficher les propri\u00e9t\u00e9s du fichier ou du r\u00e9pertoire s\u00e9lectionn\u00e9.<\/li>\n<li>Menu contextuel: Enregistrer la liste des fichiers en cours sous forme de fichier d&rsquo;impression PDF, fichier tableur EXCEL, fichier TEXT avec tabulateur ou point-virgule comme s\u00e9parateur de champ.<\/li>\n<li>S\u00e9lectionner \/ d\u00e9s\u00e9lectionner les fichiers dans la liste pour la correction: un fichier unique, tous les fichiers dans un r\u00e9pertoire, tous les fichiers dans la liste.<\/li>\n<\/ul>\n<p>[\/et_pb_text][et_pb_image src=\u00a0\u00bbhttps:\/\/www.infonautics-software.ch\/datefichier\/wp-content\/uploads\/sites\/36\/2017\/04\/FileDateCorrectorFR4.png\u00a0\u00bb alt=\u00a0\u00bbCorriger la date de cr\u00e9ation et de modification de vos fichiers avec File Date Corrector\u00a0\u00bb title_text=\u00a0\u00bbMenu contextuel dans File Date Corrector\u00a0\u00bb show_in_lightbox=\u00a0\u00bbon\u00a0\u00bb align_tablet=\u00a0\u00bbcenter\u00a0\u00bb align_phone=\u00a0\u00bb\u00a0\u00bb align_last_edited=\u00a0\u00bbon|desktop\u00a0\u00bb admin_label=\u00a0\u00bbBild\u00a0\u00bb _builder_version=\u00a0\u00bb4.16&Prime; use_border_color=\u00a0\u00bboff\u00a0\u00bb border_color=\u00a0\u00bb#ffffff\u00a0\u00bb border_style=\u00a0\u00bbsolid\u00a0\u00bb animation=\u00a0\u00bboff\u00a0\u00bb sticky=\u00a0\u00bboff\u00a0\u00bb global_colors_info=\u00a0\u00bb{}\u00a0\u00bb]<\/p>\n<p>&nbsp;<\/p>\n<p>[\/et_pb_image][et_pb_text admin_label=\u00a0\u00bbText\u00a0\u00bb _builder_version=\u00a0\u00bb4.16&Prime; use_border_color=\u00a0\u00bboff\u00a0\u00bb border_color=\u00a0\u00bb#ffffff\u00a0\u00bb border_style=\u00a0\u00bbsolid\u00a0\u00bb global_colors_info=\u00a0\u00bb{}\u00a0\u00bb]<\/p>\n<h4>\u00a0<\/h4>\n<h4><span style=\"color: #000080;\"><strong>Param\u00e8tres du programme<\/strong><strong>\u00a0<\/strong>\u00a0[Menu: Configuration]<\/span><\/h4>\n<ul>\n<li>Sauvegarde automatique des param\u00e8tres lors de la sortie du programme.<\/li>\n<li>Configuration automatique d&rsquo;un raccourci de programme sur le bureau.<\/li>\n<li>Soutien lors de la connexion et d\u00e9connexion de lecteurs r\u00e9seau.<\/li>\n<li>Cr\u00e9ation d&rsquo;un fichier Log pour les corrections qui ont \u00e9t\u00e9 ex\u00e9cut\u00e9es.<\/li>\n<\/ul>\n<p>&nbsp;<\/p>\n<h4><span style=\"color: #000080;\"><strong>Mise \u00e0 jour du programme\u00a0\u00a0<\/strong>[Menu: Aide \/ V\u00e9rifier la mise \u00e0 jour du programme]<\/span><\/h4>\n<ul>\n<li>Mise \u00e0 jour automatique du programme vers la derni\u00e8re version (la connexion \u00e0 Internet est \u00e9tablie que lorsque vous s\u00e9lectionnez l&rsquo;\u00e9l\u00e9ment de menu).<\/li>\n<\/ul>\n<p>&nbsp;<\/p>\n<p>[\/et_pb_text][\/et_pb_column_inner][\/et_pb_row_inner][\/et_pb_column][et_pb_column type=\u00a0\u00bb1_4&Prime; _builder_version=\u00a0\u00bb4.16&Prime; custom_padding=\u00a0\u00bb|||\u00a0\u00bb global_colors_info=\u00a0\u00bb{}\u00a0\u00bb custom_padding__hover=\u00a0\u00bb|||\u00a0\u00bb][et_pb_sidebar orientation=\u00a0\u00bbright\u00a0\u00bb area=\u00a0\u00bbsidebar-1&Prime; admin_label=\u00a0\u00bbSidebar\u00a0\u00bb _builder_version=\u00a0\u00bb4.16&Prime; header_text_color=\u00a0\u00bb#000080&Prime; header_font_size=\u00a0\u00bb20&Prime; remove_border=\u00a0\u00bboff\u00a0\u00bb global_colors_info=\u00a0\u00bb{}\u00a0\u00bb]<\/p>\n<p>&nbsp;<\/p>\n<p>[\/et_pb_sidebar][\/et_pb_column][\/et_pb_section]<\/p>\n","protected":false},"excerpt":{"rendered":"<p>R\u00e9cup\u00e9rer la date de prise de vue\u00a0et la date de cr\u00e9ation &nbsp; File Date Corrector lit les m\u00e9tadonn\u00e9es, en d\u00e9crivant la date de cr\u00e9ation \/ date de prise de vue\u00a0originale et la derni\u00e8re date de modification,\u00a0 \u00e0 partir des documents, des images et d&rsquo;autres fichiers m\u00e9dias. De cette fa\u00e7on, File Date Corrector vous permet de [&hellip;]<\/p>\n","protected":false},"author":1,"featured_media":0,"parent":0,"menu_order":0,"comment_status":"open","ping_status":"open","template":"","meta":{"_et_pb_use_builder":"on","_et_pb_old_content":"<p>[et_pb_section][et_pb_row][\/et_pb_row][\/et_pb_section]<\/p>","_et_gb_content_width":"","jetpack_post_was_ever_published":false,"footnotes":""},"class_list":["post-125","page","type-page","status-publish","hentry"],"yoast_head":"<!-- This site is optimized with the Yoast SEO plugin v25.0 - https:\/\/yoast.com\/wordpress\/plugins\/seo\/ -->\n<title>Comment r\u00e9cup\u00e9rer la date de prise de vue et la date de cr\u00e9ation<\/title>\n<meta name=\"description\" content=\"File Date Corrector permet facilement de r\u00e9cup\u00e9rer la vrai date de cr\u00e9ation et la date de prise de vue. T\u00e9l\u00e9chargez maintenant la version d\u00e9mo gratuite!\" \/>\n<meta name=\"robots\" content=\"index, follow, max-snippet:-1, max-image-preview:large, max-video-preview:-1\" \/>\n<link rel=\"canonical\" href=\"https:\/\/www.infonautics-software.ch\/datefichier\/fonctions\/\" \/>\n<meta property=\"og:locale\" content=\"fr_FR\" \/>\n<meta property=\"og:type\" content=\"article\" \/>\n<meta property=\"og:title\" content=\"Comment r\u00e9cup\u00e9rer la date de prise de vue et la date de cr\u00e9ation\" \/>\n<meta property=\"og:description\" content=\"File Date Corrector permet facilement de r\u00e9cup\u00e9rer la vrai date de cr\u00e9ation et la date de prise de vue. T\u00e9l\u00e9chargez maintenant la version d\u00e9mo gratuite!\" \/>\n<meta property=\"og:url\" content=\"https:\/\/www.infonautics-software.ch\/datefichier\/fonctions\/\" \/>\n<meta property=\"og:site_name\" content=\"File Date Corrector FR\" \/>\n<meta property=\"article:modified_time\" content=\"2024-12-11T17:09:06+00:00\" \/>\n<meta name=\"twitter:card\" content=\"summary_large_image\" \/>\n<meta name=\"twitter:site\" content=\"@InfonauticsGmbH\" \/>\n<meta name=\"twitter:label1\" content=\"Dur\u00e9e de lecture estim\u00e9e\" \/>\n\t<meta name=\"twitter:data1\" content=\"5 minutes\" \/>\n<script type=\"application\/ld+json\" class=\"yoast-schema-graph\">{\"@context\":\"https:\/\/schema.org\",\"@graph\":[{\"@type\":\"WebPage\",\"@id\":\"https:\/\/www.infonautics-software.ch\/datefichier\/fonctions\/\",\"url\":\"https:\/\/www.infonautics-software.ch\/datefichier\/fonctions\/\",\"name\":\"Comment r\u00e9cup\u00e9rer la date de prise de vue et la date de cr\u00e9ation\",\"isPartOf\":{\"@id\":\"https:\/\/www.infonautics-software.ch\/datefichier\/#website\"},\"datePublished\":\"2024-12-11T10:00:10+00:00\",\"dateModified\":\"2024-12-11T17:09:06+00:00\",\"description\":\"File Date Corrector permet facilement de r\u00e9cup\u00e9rer la vrai date de cr\u00e9ation et la date de prise de vue. T\u00e9l\u00e9chargez maintenant la version d\u00e9mo gratuite!\",\"breadcrumb\":{\"@id\":\"https:\/\/www.infonautics-software.ch\/datefichier\/fonctions\/#breadcrumb\"},\"inLanguage\":\"fr-FR\",\"potentialAction\":[{\"@type\":\"ReadAction\",\"target\":[\"https:\/\/www.infonautics-software.ch\/datefichier\/fonctions\/\"]}]},{\"@type\":\"BreadcrumbList\",\"@id\":\"https:\/\/www.infonautics-software.ch\/datefichier\/fonctions\/#breadcrumb\",\"itemListElement\":[{\"@type\":\"ListItem\",\"position\":1,\"name\":\"Accueil\",\"item\":\"https:\/\/www.infonautics-software.ch\/datefichier\/\"},{\"@type\":\"ListItem\",\"position\":2,\"name\":\"FONCTIONS\"}]},{\"@type\":\"WebSite\",\"@id\":\"https:\/\/www.infonautics-software.ch\/datefichier\/#website\",\"url\":\"https:\/\/www.infonautics-software.ch\/datefichier\/\",\"name\":\"File Date Corrector FR\",\"description\":\"Correct File Date &quot;Created&quot; and &quot;Modified&quot; by File Date Corrector\",\"potentialAction\":[{\"@type\":\"SearchAction\",\"target\":{\"@type\":\"EntryPoint\",\"urlTemplate\":\"https:\/\/www.infonautics-software.ch\/datefichier\/?s={search_term_string}\"},\"query-input\":{\"@type\":\"PropertyValueSpecification\",\"valueRequired\":true,\"valueName\":\"search_term_string\"}}],\"inLanguage\":\"fr-FR\"}]}<\/script>\n<!-- \/ Yoast SEO plugin. -->","yoast_head_json":{"title":"Comment r\u00e9cup\u00e9rer la date de prise de vue et la date de cr\u00e9ation","description":"File Date Corrector permet facilement de r\u00e9cup\u00e9rer la vrai date de cr\u00e9ation et la date de prise de vue. T\u00e9l\u00e9chargez maintenant la version d\u00e9mo gratuite!","robots":{"index":"index","follow":"follow","max-snippet":"max-snippet:-1","max-image-preview":"max-image-preview:large","max-video-preview":"max-video-preview:-1"},"canonical":"https:\/\/www.infonautics-software.ch\/datefichier\/fonctions\/","og_locale":"fr_FR","og_type":"article","og_title":"Comment r\u00e9cup\u00e9rer la date de prise de vue et la date de cr\u00e9ation","og_description":"File Date Corrector permet facilement de r\u00e9cup\u00e9rer la vrai date de cr\u00e9ation et la date de prise de vue. T\u00e9l\u00e9chargez maintenant la version d\u00e9mo gratuite!","og_url":"https:\/\/www.infonautics-software.ch\/datefichier\/fonctions\/","og_site_name":"File Date Corrector FR","article_modified_time":"2024-12-11T17:09:06+00:00","twitter_card":"summary_large_image","twitter_site":"@InfonauticsGmbH","twitter_misc":{"Dur\u00e9e de lecture estim\u00e9e":"5 minutes"},"schema":{"@context":"https:\/\/schema.org","@graph":[{"@type":"WebPage","@id":"https:\/\/www.infonautics-software.ch\/datefichier\/fonctions\/","url":"https:\/\/www.infonautics-software.ch\/datefichier\/fonctions\/","name":"Comment r\u00e9cup\u00e9rer la date de prise de vue et la date de cr\u00e9ation","isPartOf":{"@id":"https:\/\/www.infonautics-software.ch\/datefichier\/#website"},"datePublished":"2024-12-11T10:00:10+00:00","dateModified":"2024-12-11T17:09:06+00:00","description":"File Date Corrector permet facilement de r\u00e9cup\u00e9rer la vrai date de cr\u00e9ation et la date de prise de vue. T\u00e9l\u00e9chargez maintenant la version d\u00e9mo gratuite!","breadcrumb":{"@id":"https:\/\/www.infonautics-software.ch\/datefichier\/fonctions\/#breadcrumb"},"inLanguage":"fr-FR","potentialAction":[{"@type":"ReadAction","target":["https:\/\/www.infonautics-software.ch\/datefichier\/fonctions\/"]}]},{"@type":"BreadcrumbList","@id":"https:\/\/www.infonautics-software.ch\/datefichier\/fonctions\/#breadcrumb","itemListElement":[{"@type":"ListItem","position":1,"name":"Accueil","item":"https:\/\/www.infonautics-software.ch\/datefichier\/"},{"@type":"ListItem","position":2,"name":"FONCTIONS"}]},{"@type":"WebSite","@id":"https:\/\/www.infonautics-software.ch\/datefichier\/#website","url":"https:\/\/www.infonautics-software.ch\/datefichier\/","name":"File Date Corrector FR","description":"Correct File Date &quot;Created&quot; and &quot;Modified&quot; by File Date Corrector","potentialAction":[{"@type":"SearchAction","target":{"@type":"EntryPoint","urlTemplate":"https:\/\/www.infonautics-software.ch\/datefichier\/?s={search_term_string}"},"query-input":{"@type":"PropertyValueSpecification","valueRequired":true,"valueName":"search_term_string"}}],"inLanguage":"fr-FR"}]}},"jetpack_shortlink":"https:\/\/wp.me\/P7DBuh-21","jetpack_sharing_enabled":true,"_links":{"self":[{"href":"https:\/\/www.infonautics-software.ch\/datefichier\/wp-json\/wp\/v2\/pages\/125","targetHints":{"allow":["GET"]}}],"collection":[{"href":"https:\/\/www.infonautics-software.ch\/datefichier\/wp-json\/wp\/v2\/pages"}],"about":[{"href":"https:\/\/www.infonautics-software.ch\/datefichier\/wp-json\/wp\/v2\/types\/page"}],"author":[{"embeddable":true,"href":"https:\/\/www.infonautics-software.ch\/datefichier\/wp-json\/wp\/v2\/users\/1"}],"replies":[{"embeddable":true,"href":"https:\/\/www.infonautics-software.ch\/datefichier\/wp-json\/wp\/v2\/comments?post=125"}],"version-history":[{"count":9,"href":"https:\/\/www.infonautics-software.ch\/datefichier\/wp-json\/wp\/v2\/pages\/125\/revisions"}],"predecessor-version":[{"id":1920,"href":"https:\/\/www.infonautics-software.ch\/datefichier\/wp-json\/wp\/v2\/pages\/125\/revisions\/1920"}],"wp:attachment":[{"href":"https:\/\/www.infonautics-software.ch\/datefichier\/wp-json\/wp\/v2\/media?parent=125"}],"curies":[{"name":"wp","href":"https:\/\/api.w.org\/{rel}","templated":true}]}}