{"id":37,"date":"2023-06-16T10:00:16","date_gmt":"2023-06-16T08:00:16","guid":{"rendered":"http:\/\/www.infonautics-software.ch\/mymenuexplorerde\/?page_id=37"},"modified":"2023-06-16T17:49:35","modified_gmt":"2023-06-16T15:49:35","slug":"home","status":"publish","type":"page","link":"https:\/\/www.infonautics-software.ch\/datefichier\/","title":{"rendered":"HOME"},"content":{"rendered":"<p>[et_pb_section fb_built=\u00a0\u00bb1&Prime; fullwidth=\u00a0\u00bbon\u00a0\u00bb custom_padding_last_edited=\u00a0\u00bbon|desktop\u00a0\u00bb admin_label=\u00a0\u00bbsection\u00a0\u00bb _builder_version=\u00a0\u00bb3.22&Prime; background_color=\u00a0\u00bb#ffffff\u00a0\u00bb custom_padding_tablet=\u00a0\u00bb50px|0|50px|0&Prime; custom_padding_phone=\u00a0\u00bb\u00a0\u00bb transparent_background=\u00a0\u00bboff\u00a0\u00bb padding_mobile=\u00a0\u00bboff\u00a0\u00bb][et_pb_fullwidth_slider admin_label=\u00a0\u00bbFullwidth Slider\u00a0\u00bb _builder_version=\u00a0\u00bb3.16&Prime; background_position=\u00a0\u00bbtop_left\u00a0\u00bb custom_padding=\u00a0\u00bb|||\u00a0\u00bb button_text_size__hover_enabled=\u00a0\u00bboff\u00a0\u00bb button_one_text_size__hover_enabled=\u00a0\u00bboff\u00a0\u00bb button_two_text_size__hover_enabled=\u00a0\u00bboff\u00a0\u00bb button_text_color__hover_enabled=\u00a0\u00bboff\u00a0\u00bb button_one_text_color__hover_enabled=\u00a0\u00bboff\u00a0\u00bb button_two_text_color__hover_enabled=\u00a0\u00bboff\u00a0\u00bb button_border_width__hover_enabled=\u00a0\u00bboff\u00a0\u00bb button_one_border_width__hover_enabled=\u00a0\u00bboff\u00a0\u00bb button_two_border_width__hover_enabled=\u00a0\u00bboff\u00a0\u00bb button_border_color__hover_enabled=\u00a0\u00bboff\u00a0\u00bb button_one_border_color__hover_enabled=\u00a0\u00bboff\u00a0\u00bb button_two_border_color__hover_enabled=\u00a0\u00bboff\u00a0\u00bb button_border_radius__hover_enabled=\u00a0\u00bboff\u00a0\u00bb button_one_border_radius__hover_enabled=\u00a0\u00bboff\u00a0\u00bb button_two_border_radius__hover_enabled=\u00a0\u00bboff\u00a0\u00bb button_letter_spacing__hover_enabled=\u00a0\u00bboff\u00a0\u00bb button_one_letter_spacing__hover_enabled=\u00a0\u00bboff\u00a0\u00bb button_two_letter_spacing__hover_enabled=\u00a0\u00bboff\u00a0\u00bb button_bg_color__hover_enabled=\u00a0\u00bboff\u00a0\u00bb button_one_bg_color__hover_enabled=\u00a0\u00bboff\u00a0\u00bb button_two_bg_color__hover_enabled=\u00a0\u00bboff\u00a0\u00bb][et_pb_slide heading=\u00a0\u00bbFile Date Corrector\u00a0\u00bb button_text=\u00a0\u00bbT\u00e9l\u00e9charger maintenant!\u00a0\u00bb button_link=\u00a0\u00bbhttps:\/\/www.infonautics-software.ch\/datefichier\/telecharger\/\u00a0\u00bb image=\u00a0\u00bbhttps:\/\/www.infonautics-software.ch\/datefichier\/wp-content\/uploads\/sites\/36\/2015\/08\/FileDateCorrectorBoxShotTransparent.png\u00a0\u00bb use_bg_overlay=\u00a0\u00bboff\u00a0\u00bb use_text_overlay=\u00a0\u00bboff\u00a0\u00bb alignment=\u00a0\u00bbbottom\u00a0\u00bb image_alt=\u00a0\u00bbMit File Date Corrector Erstelldatum wiederherstellen\u00a0\u00bb _builder_version=\u00a0\u00bb3.16&Prime; header_font=\u00a0\u00bb||||\u00a0\u00bb body_font=\u00a0\u00bb||||\u00a0\u00bb background_color=\u00a0\u00bb#00458e\u00a0\u00bb background_position=\u00a0\u00bbtop_left\u00a0\u00bb custom_button=\u00a0\u00bbon\u00a0\u00bb button_font=\u00a0\u00bb||||\u00a0\u00bb button_use_icon=\u00a0\u00bbon\u00a0\u00bb button_on_hover=\u00a0\u00bbon\u00a0\u00bb button_text_size__hover_enabled=\u00a0\u00bboff\u00a0\u00bb button_one_text_size__hover_enabled=\u00a0\u00bboff\u00a0\u00bb button_two_text_size__hover_enabled=\u00a0\u00bboff\u00a0\u00bb button_text_color__hover_enabled=\u00a0\u00bboff\u00a0\u00bb button_one_text_color__hover_enabled=\u00a0\u00bboff\u00a0\u00bb button_two_text_color__hover_enabled=\u00a0\u00bboff\u00a0\u00bb button_border_width__hover_enabled=\u00a0\u00bboff\u00a0\u00bb button_one_border_width__hover_enabled=\u00a0\u00bboff\u00a0\u00bb button_two_border_width__hover_enabled=\u00a0\u00bboff\u00a0\u00bb button_border_color__hover_enabled=\u00a0\u00bboff\u00a0\u00bb button_one_border_color__hover_enabled=\u00a0\u00bboff\u00a0\u00bb button_two_border_color__hover_enabled=\u00a0\u00bboff\u00a0\u00bb button_border_radius__hover_enabled=\u00a0\u00bboff\u00a0\u00bb button_one_border_radius__hover_enabled=\u00a0\u00bboff\u00a0\u00bb button_two_border_radius__hover_enabled=\u00a0\u00bboff\u00a0\u00bb button_letter_spacing__hover_enabled=\u00a0\u00bboff\u00a0\u00bb button_one_letter_spacing__hover_enabled=\u00a0\u00bboff\u00a0\u00bb button_two_letter_spacing__hover_enabled=\u00a0\u00bboff\u00a0\u00bb button_bg_color__hover_enabled=\u00a0\u00bboff\u00a0\u00bb button_one_bg_color__hover_enabled=\u00a0\u00bboff\u00a0\u00bb button_two_bg_color__hover_enabled=\u00a0\u00bboff\u00a0\u00bb sticky_transition=\u00a0\u00bbon\u00a0\u00bb]<\/p>\n<p>R\u00e9cup\u00e9rer la date de cr\u00e9ation et de modification rapidement et facilement avec File Date Corrector.<\/p>\n<p>[\/et_pb_slide][\/et_pb_fullwidth_slider][\/et_pb_section][et_pb_section fb_built=\u00a0\u00bb1&Prime; specialty=\u00a0\u00bbon\u00a0\u00bb custom_padding_last_edited=\u00a0\u00bbon|desktop\u00a0\u00bb background_color_1=\u00a0\u00bbrgba(0,0,0,0)\u00a0\u00bb admin_label=\u00a0\u00bbsection\u00a0\u00bb _builder_version=\u00a0\u00bb3.22&Prime; custom_padding=\u00a0\u00bb|||\u00a0\u00bb custom_padding_tablet=\u00a0\u00bb50px|0|50px|0&Prime; custom_padding_phone=\u00a0\u00bb\u00a0\u00bb transparent_background=\u00a0\u00bboff\u00a0\u00bb padding_mobile=\u00a0\u00bboff\u00a0\u00bb][et_pb_column type=\u00a0\u00bb3_4&Prime; specialty_columns=\u00a0\u00bb3&Prime; _builder_version=\u00a0\u00bb3.25&Prime; custom_padding=\u00a0\u00bb|||\u00a0\u00bb custom_padding__hover=\u00a0\u00bb|||\u00a0\u00bb][et_pb_row_inner padding_mobile=\u00a0\u00bboff\u00a0\u00bb column_padding_mobile=\u00a0\u00bbon\u00a0\u00bb _builder_version=\u00a0\u00bb3.25&Prime; custom_padding=\u00a0\u00bb|\u00a0\u00bb][et_pb_column_inner saved_specialty_column_type=\u00a0\u00bb3_4&Prime; _builder_version=\u00a0\u00bb3.25&Prime; background_color=\u00a0\u00bbrgba(0,0,0,0)\u00a0\u00bb custom_padding=\u00a0\u00bb|||\u00a0\u00bb custom_padding__hover=\u00a0\u00bb|||\u00a0\u00bb][et_pb_text admin_label=\u00a0\u00bbText\u00a0\u00bb _builder_version=\u00a0\u00bb4.4.8&Prime; text_font_size=\u00a0\u00bb18&Prime; module_alignment=\u00a0\u00bbleft\u00a0\u00bb]<\/p>\n<h1><span style=\"color: #333399;\"><strong>R\u00e9cup\u00e9rer la date de cr\u00e9ation et de modification d&rsquo;un fichier avec File Date Corrector <\/strong><\/span><\/h1>\n<p>&nbsp;<\/p>\n<p>Vous avez configur\u00e9 un nouvel ordinateur. Ensuite, vous devez constat\u00e9 que tous les fichiers import\u00e9s sur votre nouveau disque affichent une fausse date de cr\u00e9ation. Vous avez transf\u00e9r\u00e9 vos photos de votre appareil num\u00e9rique ou du smartphone vers un PC. Maintenant, tous les photos ont perdu la date de cr\u00e9ation d&rsquo;origine et la nouvelle date de cr\u00e9ation est la date de la copie.<\/p>\n<p>Pour de nombreuses applications il est important que le syst\u00e8me affiche la vrai date de cr\u00e9ation et de modification. Particuli\u00e8rement pour des documents juridiques la date de cr\u00e9ation correcte est cruciale. Il en va de m\u00eame pour trier vos photos, la date de cr\u00e9ation d&rsquo;origine \/ date d&rsquo;enregistrement est n\u00e9cessaire pour documenter le reportage photo dans un ordre chronologique.<\/p>\n<h3>\u00a0<\/h3>\n<h3><span style=\"color: #333399;\"><strong>Que s&rsquo;est-il pass\u00e9?<\/strong><\/span><\/h3>\n<p>Lors de la copie des fichiers <strong>la date de cr\u00e9ation \/ de modification d&rsquo;origine a \u00e9t\u00e9 perdu<\/strong>. Microsoft Windows&#x2122; consid\u00e8re la date de copie comme nouvelle date de cr\u00e9ation indiqu\u00e9e dans le param\u00e8tre\u00a0\u00ab\u00a0Cr\u00e9\u00e9 le\u00a0\u00bb. Ainsi, la nouvelle date de cr\u00e9ation fournie par le syst\u00e8me dans le champs \u00ab\u00a0Cr\u00e9\u00e9 le\u00a0\u00bb\u00a0peut \u00eatre encore plus jeune que la date de modification indiqu\u00e9e dans le champs \u00ab\u00a0Modifi\u00e9 le\u00a0\u00bb.<\/p>\n<p>&nbsp;<\/p>\n<h3><strong><span style=\"color: #000080;\">La solution<\/span><\/strong><\/h3>\n<p>Le programme <strong>File Date Corrector<\/strong>\u00a0peut r\u00e9cup\u00e9rer rapidement et facilement la date de cr\u00e9ation d&rsquo;origine et la date d&rsquo;enregistrement d&rsquo;un fichier. En m\u00eame temps il peut corriger les dates fournies par le syst\u00e8me dans les champs\u00a0\u00ab\u00a0Cr\u00e9\u00e9 le\u00a0\u00bb et \u00ab\u00a0Modifi\u00e9 le\u00a0\u00bb en tenant compte du fuseau horaire correct. Ce faisant, File Date Corrector lit les <strong>m\u00e9tadonn\u00e9es et d&rsquo;autres informations <\/strong>de diff\u00e9rents fichiers, tels que des <strong>images, des vid\u00e9os, des fichiers audio et des documents<\/strong> et corrige la date de fichier dans le champs \u00ab\u00a0Cr\u00e9\u00e9 le\u00a0\u00bb \u00e0 la <strong>date de cr\u00e9ation \/ date d&rsquo;enregistrement originale et r\u00e9elle<\/strong>.<\/p>\n<p>Alternativement, le programme peut \u00e9galement utiliser une <strong>date fixe<\/strong> ou <strong>extraire la date du nom de fichier<\/strong>. La possibilit\u00e9 de <strong>changer la date \u00ab\u00a0Modifi\u00e9e\u00a0\u00bb en date \u00ab\u00a0Cr\u00e9\u00e9e\u00a0\u00bb<\/strong> est particuli\u00e8rement utile apr\u00e8s le transfert de fichiers depuis un smartphone ou une tablette, car la date modifi\u00e9e est g\u00e9n\u00e9ralement toujours la m\u00eame que la date de prise de vue\/cr\u00e9ation originale.<\/p>\n<p>Toutes les possibilit\u00e9s peuvent \u00eatre appliqu\u00e9es en m\u00eame temps et les priorit\u00e9s correspondantes sont arbitrairement r\u00e9glables.<\/p>\n<p>File Date Corrector vous permet de corriger les dates de fichier dans les champs \u00ab\u00a0Cr\u00e9\u00e9 le\u00a0\u00bb et \u00ab\u00a0Modifi\u00e9 le\u00a0\u00bb des r\u00e9pertoires entiers en une fois. D&rsquo;abord, le logiciel affiche dans un aper\u00e7u tous les fichiers avec <strong>les corrections des dates possibles<\/strong> avant de les corriger d\u00e9finitivement apr\u00e8s examen.<\/p>\n<p>[\/et_pb_text][et_pb_image src=\u00a0\u00bbhttps:\/\/www.infonautics-software.ch\/datefichier\/wp-content\/uploads\/sites\/36\/2017\/07\/FileDateCorrectorFR2.png\u00a0\u00bb alt=\u00a0\u00bbFile Date Corrector &#8211; R\u00e9cup\u00e9rer la date de cr\u00e9ation et de modification\u00a0\u00bb show_in_lightbox=\u00a0\u00bbon\u00a0\u00bb align_tablet=\u00a0\u00bbcenter\u00a0\u00bb align_phone=\u00a0\u00bb\u00a0\u00bb align_last_edited=\u00a0\u00bbon|desktop\u00a0\u00bb admin_label=\u00a0\u00bbBild\u00a0\u00bb _builder_version=\u00a0\u00bb3.23&Prime; animation_style=\u00a0\u00bbslide\u00a0\u00bb animation_direction=\u00a0\u00bbleft\u00a0\u00bb animation_duration=\u00a0\u00bb500ms\u00a0\u00bb animation_intensity_slide=\u00a0\u00bb10%\u00a0\u00bb border_style=\u00a0\u00bbsolid\u00a0\u00bb sticky=\u00a0\u00bboff\u00a0\u00bb][\/et_pb_image][et_pb_text admin_label=\u00a0\u00bbText\u00a0\u00bb _builder_version=\u00a0\u00bb3.27.4&Prime; module_alignment=\u00a0\u00bbleft\u00a0\u00bb custom_margin=\u00a0\u00bb80px|||\u00a0\u00bb use_border_color=\u00a0\u00bboff\u00a0\u00bb]<\/p>\n<h3><span style=\"color: #333399;\"><strong>Tutoriel Vid\u00e9o<\/strong><\/span><\/h3>\n<p><em>Une br\u00e8ve introduction fournit \u00a0la vid\u00e9o (en anglais) \u00ab\u00a0Wrong File Date? How To Restore Original Creation Date Of Files\u00a0\u00bb.<\/em><\/p>\n<p><iframe loading=\"lazy\" title=\"Wrong File Date? How To Restore Original Creation Date Of Files.\" width=\"1080\" height=\"810\" src=\"https:\/\/www.youtube.com\/embed\/LSqIzFxS0qg?feature=oembed\"  allow=\"accelerometer; autoplay; clipboard-write; encrypted-media; gyroscope; picture-in-picture; web-share\" referrerpolicy=\"strict-origin-when-cross-origin\" allowfullscreen><\/iframe><\/p>\n<p>[\/et_pb_text][\/et_pb_column_inner][\/et_pb_row_inner][et_pb_row_inner admin_label=\u00a0\u00bbZeile\u00a0\u00bb _builder_version=\u00a0\u00bb3.25&Prime;][et_pb_column_inner saved_specialty_column_type=\u00a0\u00bb3_4&Prime; _builder_version=\u00a0\u00bb3.25&Prime; custom_padding=\u00a0\u00bb|||\u00a0\u00bb custom_padding__hover=\u00a0\u00bb|||\u00a0\u00bb][et_pb_text admin_label=\u00a0\u00bbText\u00a0\u00bb _builder_version=\u00a0\u00bb4.6.1&Prime; module_alignment=\u00a0\u00bbleft\u00a0\u00bb hover_enabled=\u00a0\u00bb0&Prime; sticky_enabled=\u00a0\u00bb0&Prime;]<\/p>\n<h3><span style=\"color: #333399;\"><strong>Les formats de fichiers pour les m\u00e9tadonn\u00e9es pris en charge<\/strong><\/span><\/h3>\n<p><strong>Fichiers de documents<\/strong> qui peuvent contenir des m\u00e9ta-informations<\/p>\n<p><em>pdf, doc, docx, docm, docb, dotx, dotm, xls, xlsx, xlsm, xlsb, xltx, xltm, ppt, pptx, pptm, potx, potm, odt, ods, odp, odg, odc, odf, odi, odm, eml, msg (Outlook)<br \/><\/em><\/p>\n<p><strong>Fichiers d&rsquo;images<\/strong> qui peuvent contenir des m\u00e9ta-informations EXIF et IPTC:<\/p>\n<p>360, 3fr, 3g2, 3g2p, 3gp, 3gpp, arq, arw, avif, bpg, btf, bmp, cr2, cr3, crw, ciff, cs1, dcr, dib, dng, eps, epsf, ps, erf, exif, exv, fff, flif, gif, gpr, hdp, heic, heif, hif, ico, iiq, insp, j2c, j2k, jpc, jp2, jpf, jpm, jpx, jpeg, jpg, jpe, jxl, k25, kdc, mef, mie, miff, mif, mos, mpo, mrw, nef, nrw, orf, ori, pef, pict, pct, png, psd, raf, raw, rw2, rwl, sr2, srf, srw, thm tiff, tif, webp, x3f, xcf, xmp (Sidecar files)<\/p>\n<p><strong>Fichiers audio<\/strong> qui peuvent contenir des m\u00e9ta-informations:<\/p>\n<p><em>ogg, ogm,\u00a0 mp2, mp3, wma, ra, ape, mac, flac, ac3, aac, dts, m4a, m4b, cda, wav<\/em><\/p>\n<p><strong>Fichiers vid\u00e9o<\/strong> qui peuvent contenir des m\u00e9ta-informations<strong>:<\/strong><\/p>\n<p><em>avi, mpeg, mpg, vob, mp4, mpgv, mpv, m1v, m2v, m4v, asf, wmv, qt, mov, rm, rmvb, ifo, wtv, dvr-ms, mkv, mka, mks, divx, xvid, m2ts, m2t, mts, ts, flv, 3gp, mxf, swf, hevc<br \/><\/em><\/p>\n<p>&nbsp;<\/p>\n<h3><span style=\"color: #333399;\"><strong>Configuration syst\u00e8me requise pour\u00a0File Date Corrector<\/strong><\/span><\/h3>\n<p>Microsoft Windows&#x2122;\u00a0 7 \/ 8 \/ 10 \/ 11\u00a0 (32bit et 64bit).<br \/>Environ 20 Mo d\u2019espace disque.<\/p>\n<p>[\/et_pb_text][\/et_pb_column_inner][\/et_pb_row_inner][\/et_pb_column][et_pb_column type=\u00a0\u00bb1_4&Prime; _builder_version=\u00a0\u00bb3.25&Prime; custom_padding=\u00a0\u00bb|||\u00a0\u00bb custom_padding__hover=\u00a0\u00bb|||\u00a0\u00bb][et_pb_sidebar orientation=\u00a0\u00bbright\u00a0\u00bb area=\u00a0\u00bbsidebar-1&Prime; admin_label=\u00a0\u00bbSeitenleiste\u00a0\u00bb _builder_version=\u00a0\u00bb3.0.74&Prime; header_text_color=\u00a0\u00bb#000080&Prime; header_font_size=\u00a0\u00bb20&Prime; remove_border=\u00a0\u00bboff\u00a0\u00bb][\/et_pb_sidebar][\/et_pb_column][\/et_pb_section][et_pb_section fb_built=\u00a0\u00bb1&Prime; custom_padding_last_edited=\u00a0\u00bbon|desktop\u00a0\u00bb admin_label=\u00a0\u00bbSektion\u00a0\u00bb _builder_version=\u00a0\u00bb3.22&Prime; background_color=\u00a0\u00bb#00458e\u00a0\u00bb custom_padding=\u00a0\u00bb20px||20px|\u00a0\u00bb custom_padding_tablet=\u00a0\u00bb50px|0|50px|0&Prime; custom_padding_phone=\u00a0\u00bb\u00a0\u00bb transparent_background=\u00a0\u00bboff\u00a0\u00bb padding_mobile=\u00a0\u00bboff\u00a0\u00bb][et_pb_row admin_label=\u00a0\u00bbZeile\u00a0\u00bb _builder_version=\u00a0\u00bb3.25&Prime; background_size=\u00a0\u00bbinitial\u00a0\u00bb background_position=\u00a0\u00bbtop_left\u00a0\u00bb background_repeat=\u00a0\u00bbrepeat\u00a0\u00bb][et_pb_column type=\u00a0\u00bb4_4&Prime; _builder_version=\u00a0\u00bb3.25&Prime; custom_padding=\u00a0\u00bb|||\u00a0\u00bb custom_padding__hover=\u00a0\u00bb|||\u00a0\u00bb][et_pb_cta title=\u00a0\u00bbVersion d\u00e9mo gratuite affiche les corrections envisag\u00e9es dans un aper\u00e7u\u00a0\u00bb button_url=\u00a0\u00bbhttps:\/\/www.infonautics-software.ch\/datefichier\/telecharger\/\u00a0\u00bb button_text=\u00a0\u00bbT\u00e9l\u00e9charger maintenant File Date Corrector\u00a0\u00bb admin_label=\u00a0\u00bbHandlungsaufruf\u00a0\u00bb _builder_version=\u00a0\u00bb3.16&Prime; header_font_size=\u00a0\u00bb24&Prime; use_background_color=\u00a0\u00bboff\u00a0\u00bb background_size=\u00a0\u00bbinitial\u00a0\u00bb background_position=\u00a0\u00bbtop_left\u00a0\u00bb background_repeat=\u00a0\u00bbrepeat\u00a0\u00bb use_border_color=\u00a0\u00bboff\u00a0\u00bb border_color=\u00a0\u00bb#ffffff\u00a0\u00bb border_style=\u00a0\u00bbsolid\u00a0\u00bb button_text_size__hover_enabled=\u00a0\u00bboff\u00a0\u00bb button_one_text_size__hover_enabled=\u00a0\u00bboff\u00a0\u00bb button_two_text_size__hover_enabled=\u00a0\u00bboff\u00a0\u00bb button_text_color__hover_enabled=\u00a0\u00bboff\u00a0\u00bb button_one_text_color__hover_enabled=\u00a0\u00bboff\u00a0\u00bb button_two_text_color__hover_enabled=\u00a0\u00bboff\u00a0\u00bb button_border_width__hover_enabled=\u00a0\u00bboff\u00a0\u00bb button_one_border_width__hover_enabled=\u00a0\u00bboff\u00a0\u00bb button_two_border_width__hover_enabled=\u00a0\u00bboff\u00a0\u00bb button_border_color__hover_enabled=\u00a0\u00bboff\u00a0\u00bb button_one_border_color__hover_enabled=\u00a0\u00bboff\u00a0\u00bb button_two_border_color__hover_enabled=\u00a0\u00bboff\u00a0\u00bb button_border_radius__hover_enabled=\u00a0\u00bboff\u00a0\u00bb button_one_border_radius__hover_enabled=\u00a0\u00bboff\u00a0\u00bb button_two_border_radius__hover_enabled=\u00a0\u00bboff\u00a0\u00bb button_letter_spacing__hover_enabled=\u00a0\u00bboff\u00a0\u00bb button_one_letter_spacing__hover_enabled=\u00a0\u00bboff\u00a0\u00bb button_two_letter_spacing__hover_enabled=\u00a0\u00bboff\u00a0\u00bb button_bg_color__hover_enabled=\u00a0\u00bboff\u00a0\u00bb button_one_bg_color__hover_enabled=\u00a0\u00bboff\u00a0\u00bb button_two_bg_color__hover_enabled=\u00a0\u00bboff\u00a0\u00bb][\/et_pb_cta][\/et_pb_column][\/et_pb_row][\/et_pb_section]<\/p>\n","protected":false},"excerpt":{"rendered":"<p>R\u00e9cup\u00e9rer la date de cr\u00e9ation et de modification rapidement et facilement avec File Date Corrector. R\u00e9cup\u00e9rer la date de cr\u00e9ation et de modification d&rsquo;un fichier avec File Date Corrector &nbsp; Vous avez configur\u00e9 un nouvel ordinateur. Ensuite, vous devez constat\u00e9 que tous les fichiers import\u00e9s sur votre nouveau disque affichent une fausse date de cr\u00e9ation. [&hellip;]<\/p>\n","protected":false},"author":1,"featured_media":0,"parent":0,"menu_order":0,"comment_status":"closed","ping_status":"closed","template":"","meta":{"_et_pb_use_builder":"on","_et_pb_old_content":"","_et_gb_content_width":"","jetpack_post_was_ever_published":false,"footnotes":""},"class_list":["post-37","page","type-page","status-publish","hentry"],"yoast_head":"<!-- This site is optimized with the Yoast SEO plugin v25.0 - https:\/\/yoast.com\/wordpress\/plugins\/seo\/ -->\n<title>R\u00e9cup\u00e9rer la date de cr\u00e9ation et de modification avec File Date Corrector<\/title>\n<meta name=\"description\" content=\"File Date Corrector vous permet rapidement et facilement de r\u00e9cup\u00e9rer la date de cr\u00e9ation et de modification de vos documents, images, vid\u00e9os et audio.\" \/>\n<meta name=\"robots\" content=\"index, follow, max-snippet:-1, max-image-preview:large, max-video-preview:-1\" \/>\n<link rel=\"canonical\" href=\"https:\/\/www.infonautics-software.ch\/datefichier\/\" \/>\n<meta property=\"og:locale\" content=\"fr_FR\" \/>\n<meta property=\"og:type\" content=\"article\" \/>\n<meta property=\"og:title\" content=\"R\u00e9cup\u00e9rer la date de cr\u00e9ation et de modification avec File Date Corrector\" \/>\n<meta property=\"og:description\" content=\"File Date Corrector vous permet rapidement et facilement de r\u00e9cup\u00e9rer la date de cr\u00e9ation et de modification de vos documents, images, vid\u00e9os et audio.\" \/>\n<meta property=\"og:url\" content=\"https:\/\/www.infonautics-software.ch\/datefichier\/\" \/>\n<meta property=\"og:site_name\" content=\"File Date Corrector FR\" \/>\n<meta property=\"article:modified_time\" content=\"2023-06-16T15:49:35+00:00\" \/>\n<meta name=\"twitter:card\" content=\"summary_large_image\" \/>\n<meta name=\"twitter:site\" content=\"@InfonauticsGmbH\" \/>\n<meta name=\"twitter:label1\" content=\"Dur\u00e9e de lecture estim\u00e9e\" \/>\n\t<meta name=\"twitter:data1\" content=\"9 minutes\" \/>\n<script type=\"application\/ld+json\" class=\"yoast-schema-graph\">{\"@context\":\"https:\/\/schema.org\",\"@graph\":[{\"@type\":\"WebPage\",\"@id\":\"https:\/\/www.infonautics-software.ch\/datefichier\/\",\"url\":\"https:\/\/www.infonautics-software.ch\/datefichier\/\",\"name\":\"R\u00e9cup\u00e9rer la date de cr\u00e9ation et de modification avec File Date Corrector\",\"isPartOf\":{\"@id\":\"https:\/\/www.infonautics-software.ch\/datefichier\/#website\"},\"datePublished\":\"2023-06-16T08:00:16+00:00\",\"dateModified\":\"2023-06-16T15:49:35+00:00\",\"description\":\"File Date Corrector vous permet rapidement et facilement de r\u00e9cup\u00e9rer la date de cr\u00e9ation et de modification de vos documents, images, vid\u00e9os et audio.\",\"breadcrumb\":{\"@id\":\"https:\/\/www.infonautics-software.ch\/datefichier\/#breadcrumb\"},\"inLanguage\":\"fr-FR\",\"potentialAction\":[{\"@type\":\"ReadAction\",\"target\":[\"https:\/\/www.infonautics-software.ch\/datefichier\/\"]}]},{\"@type\":\"BreadcrumbList\",\"@id\":\"https:\/\/www.infonautics-software.ch\/datefichier\/#breadcrumb\",\"itemListElement\":[{\"@type\":\"ListItem\",\"position\":1,\"name\":\"Accueil\",\"item\":\"https:\/\/www.infonautics-software.ch\/datefichier\/\"},{\"@type\":\"ListItem\",\"position\":2,\"name\":\"HOME\"}]},{\"@type\":\"WebSite\",\"@id\":\"https:\/\/www.infonautics-software.ch\/datefichier\/#website\",\"url\":\"https:\/\/www.infonautics-software.ch\/datefichier\/\",\"name\":\"File Date Corrector FR\",\"description\":\"Correct File Date &quot;Created&quot; and &quot;Modified&quot; by File Date Corrector\",\"potentialAction\":[{\"@type\":\"SearchAction\",\"target\":{\"@type\":\"EntryPoint\",\"urlTemplate\":\"https:\/\/www.infonautics-software.ch\/datefichier\/?s={search_term_string}\"},\"query-input\":{\"@type\":\"PropertyValueSpecification\",\"valueRequired\":true,\"valueName\":\"search_term_string\"}}],\"inLanguage\":\"fr-FR\"}]}<\/script>\n<!-- \/ Yoast SEO plugin. -->","yoast_head_json":{"title":"R\u00e9cup\u00e9rer la date de cr\u00e9ation et de modification avec File Date Corrector","description":"File Date Corrector vous permet rapidement et facilement de r\u00e9cup\u00e9rer la date de cr\u00e9ation et de modification de vos documents, images, vid\u00e9os et audio.","robots":{"index":"index","follow":"follow","max-snippet":"max-snippet:-1","max-image-preview":"max-image-preview:large","max-video-preview":"max-video-preview:-1"},"canonical":"https:\/\/www.infonautics-software.ch\/datefichier\/","og_locale":"fr_FR","og_type":"article","og_title":"R\u00e9cup\u00e9rer la date de cr\u00e9ation et de modification avec File Date Corrector","og_description":"File Date Corrector vous permet rapidement et facilement de r\u00e9cup\u00e9rer la date de cr\u00e9ation et de modification de vos documents, images, vid\u00e9os et audio.","og_url":"https:\/\/www.infonautics-software.ch\/datefichier\/","og_site_name":"File Date Corrector FR","article_modified_time":"2023-06-16T15:49:35+00:00","twitter_card":"summary_large_image","twitter_site":"@InfonauticsGmbH","twitter_misc":{"Dur\u00e9e de lecture estim\u00e9e":"9 minutes"},"schema":{"@context":"https:\/\/schema.org","@graph":[{"@type":"WebPage","@id":"https:\/\/www.infonautics-software.ch\/datefichier\/","url":"https:\/\/www.infonautics-software.ch\/datefichier\/","name":"R\u00e9cup\u00e9rer la date de cr\u00e9ation et de modification avec File Date Corrector","isPartOf":{"@id":"https:\/\/www.infonautics-software.ch\/datefichier\/#website"},"datePublished":"2023-06-16T08:00:16+00:00","dateModified":"2023-06-16T15:49:35+00:00","description":"File Date Corrector vous permet rapidement et facilement de r\u00e9cup\u00e9rer la date de cr\u00e9ation et de modification de vos documents, images, vid\u00e9os et audio.","breadcrumb":{"@id":"https:\/\/www.infonautics-software.ch\/datefichier\/#breadcrumb"},"inLanguage":"fr-FR","potentialAction":[{"@type":"ReadAction","target":["https:\/\/www.infonautics-software.ch\/datefichier\/"]}]},{"@type":"BreadcrumbList","@id":"https:\/\/www.infonautics-software.ch\/datefichier\/#breadcrumb","itemListElement":[{"@type":"ListItem","position":1,"name":"Accueil","item":"https:\/\/www.infonautics-software.ch\/datefichier\/"},{"@type":"ListItem","position":2,"name":"HOME"}]},{"@type":"WebSite","@id":"https:\/\/www.infonautics-software.ch\/datefichier\/#website","url":"https:\/\/www.infonautics-software.ch\/datefichier\/","name":"File Date Corrector FR","description":"Correct File Date &quot;Created&quot; and &quot;Modified&quot; by File Date Corrector","potentialAction":[{"@type":"SearchAction","target":{"@type":"EntryPoint","urlTemplate":"https:\/\/www.infonautics-software.ch\/datefichier\/?s={search_term_string}"},"query-input":{"@type":"PropertyValueSpecification","valueRequired":true,"valueName":"search_term_string"}}],"inLanguage":"fr-FR"}]}},"jetpack_shortlink":"https:\/\/wp.me\/P7DBuh-B","jetpack_sharing_enabled":true,"_links":{"self":[{"href":"https:\/\/www.infonautics-software.ch\/datefichier\/wp-json\/wp\/v2\/pages\/37","targetHints":{"allow":["GET"]}}],"collection":[{"href":"https:\/\/www.infonautics-software.ch\/datefichier\/wp-json\/wp\/v2\/pages"}],"about":[{"href":"https:\/\/www.infonautics-software.ch\/datefichier\/wp-json\/wp\/v2\/types\/page"}],"author":[{"embeddable":true,"href":"https:\/\/www.infonautics-software.ch\/datefichier\/wp-json\/wp\/v2\/users\/1"}],"replies":[{"embeddable":true,"href":"https:\/\/www.infonautics-software.ch\/datefichier\/wp-json\/wp\/v2\/comments?post=37"}],"version-history":[{"count":9,"href":"https:\/\/www.infonautics-software.ch\/datefichier\/wp-json\/wp\/v2\/pages\/37\/revisions"}],"predecessor-version":[{"id":1901,"href":"https:\/\/www.infonautics-software.ch\/datefichier\/wp-json\/wp\/v2\/pages\/37\/revisions\/1901"}],"wp:attachment":[{"href":"https:\/\/www.infonautics-software.ch\/datefichier\/wp-json\/wp\/v2\/media?parent=37"}],"curies":[{"name":"wp","href":"https:\/\/api.w.org\/{rel}","templated":true}]}}