{"id":824,"date":"2019-04-16T10:40:34","date_gmt":"2019-04-16T08:40:34","guid":{"rendered":"http:\/\/www.livefilebackup.ch\/?page_id=824"},"modified":"2019-04-16T17:40:21","modified_gmt":"2019-04-16T15:40:21","slug":"capturesdecran","status":"publish","type":"page","link":"https:\/\/www.infonautics-software.ch\/datefichier\/capturesdecran\/","title":{"rendered":"CAPTURES D&rsquo;ECRAN"},"content":{"rendered":"<p>[et_pb_section bb_built=\u00a0\u00bb1&Prime; admin_label=\u00a0\u00bbSektion\u00a0\u00bb fullwidth=\u00a0\u00bbon\u00a0\u00bb specialty=\u00a0\u00bboff\u00a0\u00bb transparent_background=\u00a0\u00bboff\u00a0\u00bb background_color=\u00a0\u00bb#00458e\u00a0\u00bb allow_player_pause=\u00a0\u00bboff\u00a0\u00bb inner_shadow=\u00a0\u00bboff\u00a0\u00bb parallax=\u00a0\u00bboff\u00a0\u00bb parallax_method=\u00a0\u00bboff\u00a0\u00bb custom_padding=\u00a0\u00bb50px|||\u00a0\u00bb padding_mobile=\u00a0\u00bboff\u00a0\u00bb make_fullwidth=\u00a0\u00bboff\u00a0\u00bb use_custom_width=\u00a0\u00bboff\u00a0\u00bb width_unit=\u00a0\u00bbon\u00a0\u00bb make_equal=\u00a0\u00bboff\u00a0\u00bb use_custom_gutter=\u00a0\u00bboff\u00a0\u00bb custom_padding_tablet=\u00a0\u00bb50px|0|50px|0&Prime; custom_padding_last_edited=\u00a0\u00bbon|desktop\u00a0\u00bb next_background_color=\u00a0\u00bb#FFFFFF\u00a0\u00bb][et_pb_fullwidth_header admin_label=\u00a0\u00bbVollbreite Kopfzeile\u00a0\u00bb title=\u00a0\u00bbCaptures d&rsquo;\u00e9cran de File Date Corrector\u00a0\u00bb background_layout=\u00a0\u00bbdark\u00a0\u00bb text_orientation=\u00a0\u00bbleft\u00a0\u00bb header_fullscreen=\u00a0\u00bboff\u00a0\u00bb header_scroll_down=\u00a0\u00bboff\u00a0\u00bb parallax=\u00a0\u00bboff\u00a0\u00bb parallax_method=\u00a0\u00bboff\u00a0\u00bb content_orientation=\u00a0\u00bbcenter\u00a0\u00bb image_orientation=\u00a0\u00bbcenter\u00a0\u00bb custom_button_one=\u00a0\u00bboff\u00a0\u00bb button_one_letter_spacing=\u00a0\u00bb0&Prime; button_one_use_icon=\u00a0\u00bbdefault\u00a0\u00bb button_one_icon_placement=\u00a0\u00bbright\u00a0\u00bb button_one_on_hover=\u00a0\u00bbon\u00a0\u00bb button_one_letter_spacing_hover=\u00a0\u00bb0&Prime; custom_button_two=\u00a0\u00bboff\u00a0\u00bb button_two_letter_spacing=\u00a0\u00bb0&Prime; button_two_use_icon=\u00a0\u00bbdefault\u00a0\u00bb button_two_icon_placement=\u00a0\u00bbright\u00a0\u00bb button_two_on_hover=\u00a0\u00bbon\u00a0\u00bb button_two_letter_spacing_hover=\u00a0\u00bb0&Prime; content_max_width=\u00a0\u00bb100%\u00a0\u00bb background_color=\u00a0\u00bbrgba(255, 255, 255, 0)\u00a0\u00bb \/][\/et_pb_section][et_pb_section bb_built=\u00a0\u00bb1&Prime; admin_label=\u00a0\u00bbSektion\u00a0\u00bb fullwidth=\u00a0\u00bboff\u00a0\u00bb specialty=\u00a0\u00bbon\u00a0\u00bb prev_background_color=\u00a0\u00bb#00458e\u00a0\u00bb][et_pb_column type=\u00a0\u00bb3_4&Prime; specialty_columns=\u00a0\u00bb3&Prime;][et_pb_row_inner admin_label=\u00a0\u00bbZeile\u00a0\u00bb][et_pb_column_inner type=\u00a0\u00bb4_4&Prime; saved_specialty_column_type=\u00a0\u00bb3_4&Prime;][et_pb_text admin_label=\u00a0\u00bbText\u00a0\u00bb use_border_color=\u00a0\u00bboff\u00a0\u00bb background_position=\u00a0\u00bbtop_left\u00a0\u00bb background_repeat=\u00a0\u00bbrepeat\u00a0\u00bb background_size=\u00a0\u00bbinitial\u00a0\u00bb _builder_version=\u00a0\u00bb3.12&Prime;]<\/p>\n<h2><span style=\"color: #333399;\"><strong>Comment facilement r\u00e9cup\u00e9rer la date de cr\u00e9ation d&rsquo;origine<\/strong><\/span><\/h2>\n<p>&nbsp;<\/p>\n<p>Avez-vous constat\u00e9 apr\u00e8s la copie des fichiers que la <strong>date de cr\u00e9ation n&rsquo;est plus correcte<\/strong>? Le programme Windows <strong>File Date Corrector<\/strong> peut facilement et rapidement retrouver la vraie date de cr\u00e9ation d&rsquo;un fichier et la corriger. File Date Corrector lit les m\u00e9tadonn\u00e9es des images (Exif et IPTC), des documents, des vid\u00e9os et des fichiers audio et corrige la date de fichier dans le champs \u00ab\u00a0Cr\u00e9e le\u00a0\u00bb avec la date de cr\u00e9ation \/ d&rsquo;enregistrement r\u00e9elle.<\/p>\n<h3>\u00a0<\/h3>\n<p>[\/et_pb_text][\/et_pb_column_inner][\/et_pb_row_inner][et_pb_row_inner admin_label=\u00a0\u00bbZeile\u00a0\u00bb padding_mobile=\u00a0\u00bboff\u00a0\u00bb use_custom_gutter=\u00a0\u00bboff\u00a0\u00bb column_padding_mobile=\u00a0\u00bbon\u00a0\u00bb make_equal=\u00a0\u00bbon\u00a0\u00bb][et_pb_column_inner type=\u00a0\u00bb1_2&Prime; saved_specialty_column_type=\u00a0\u00bb3_4&Prime;][et_pb_text admin_label=\u00a0\u00bbText\u00a0\u00bb background_layout=\u00a0\u00bblight\u00a0\u00bb text_orientation=\u00a0\u00bbleft\u00a0\u00bb border_style=\u00a0\u00bbsolid\u00a0\u00bb _builder_version=\u00a0\u00bb3.0.69&Prime;]<\/p>\n<h4><span style=\"color: #000080;\"><strong>S\u00e9lectionner le r\u00e9pertoire<\/strong><\/span><\/h4>\n<p>S\u00e9lectionnez le r\u00e9pertoire dans lequel vous voulez modifier la date de fichier dans le champs \u00ab\u00a0Cr\u00e9e le\u00a0\u00bb ou \u00ab\u00a0Modifi\u00e9 le\u00a0\u00bb.<\/p>\n<p>[\/et_pb_text][\/et_pb_column_inner][et_pb_column_inner type=\u00a0\u00bb1_2&Prime; saved_specialty_column_type=\u00a0\u00bb3_4&Prime;][et_pb_image admin_label=\u00a0\u00bbBild\u00a0\u00bb src=\u00a0\u00bbhttps:\/\/www.infonautics-software.ch\/datefichier\/wp-content\/uploads\/sites\/36\/2017\/04\/FileDateCorrectorFR1.png\u00a0\u00bb title_text=\u00a0\u00bbS\u00e9lectionnez le r\u00e9pertoire dans lequel vous voulez modifier la date de fichier\u00a0\u00bb show_in_lightbox=\u00a0\u00bbon\u00a0\u00bb url_new_window=\u00a0\u00bboff\u00a0\u00bb sticky=\u00a0\u00bboff\u00a0\u00bb align=\u00a0\u00bbleft\u00a0\u00bb force_fullwidth=\u00a0\u00bboff\u00a0\u00bb always_center_on_mobile=\u00a0\u00bbon\u00a0\u00bb border_style=\u00a0\u00bbsolid\u00a0\u00bb alt=\u00a0\u00bbFile Date Corrector &#8211; R\u00e9cup\u00e9rer la date de cr\u00e9ation d\u2019origine \u00a0\u00bb use_overlay=\u00a0\u00bboff\u00a0\u00bb _builder_version=\u00a0\u00bb3.0.69&Prime; animation_style=\u00a0\u00bbslide\u00a0\u00bb animation_duration=\u00a0\u00bb500ms\u00a0\u00bb animation_intensity_slide=\u00a0\u00bb10%\u00a0\u00bb animation_direction=\u00a0\u00bbleft\u00a0\u00bb show_bottom_space=\u00a0\u00bbon\u00a0\u00bb \/][\/et_pb_column_inner][\/et_pb_row_inner][et_pb_row_inner admin_label=\u00a0\u00bbZeile\u00a0\u00bb][et_pb_column_inner type=\u00a0\u00bb1_2&Prime; saved_specialty_column_type=\u00a0\u00bb3_4&Prime;][et_pb_image admin_label=\u00a0\u00bbBild\u00a0\u00bb src=\u00a0\u00bbhttps:\/\/www.infonautics-software.ch\/datefichier\/wp-content\/uploads\/sites\/36\/2017\/07\/FileDateCorrectorFR2.png\u00a0\u00bb show_in_lightbox=\u00a0\u00bbon\u00a0\u00bb url_new_window=\u00a0\u00bboff\u00a0\u00bb sticky=\u00a0\u00bboff\u00a0\u00bb align=\u00a0\u00bbleft\u00a0\u00bb force_fullwidth=\u00a0\u00bboff\u00a0\u00bb always_center_on_mobile=\u00a0\u00bbon\u00a0\u00bb border_style=\u00a0\u00bbsolid\u00a0\u00bb alt=\u00a0\u00bbCorriger la date de ficher %22Cr\u00e9\u00e9%22 et \/ ou %22Modifi\u00e9%22&Prime; title_text=\u00a0\u00bbCorriger les dates de vos fichiers\u00a0\u00bb use_overlay=\u00a0\u00bboff\u00a0\u00bb _builder_version=\u00a0\u00bb3.0.69&Prime; animation_style=\u00a0\u00bbslide\u00a0\u00bb animation_duration=\u00a0\u00bb500ms\u00a0\u00bb animation_intensity_slide=\u00a0\u00bb10%\u00a0\u00bb animation_direction=\u00a0\u00bbleft\u00a0\u00bb show_bottom_space=\u00a0\u00bbon\u00a0\u00bb \/][\/et_pb_column_inner][et_pb_column_inner type=\u00a0\u00bb1_2&Prime; saved_specialty_column_type=\u00a0\u00bb3_4&Prime;][et_pb_text admin_label=\u00a0\u00bbText\u00a0\u00bb background_layout=\u00a0\u00bblight\u00a0\u00bb text_orientation=\u00a0\u00bbleft\u00a0\u00bb border_style=\u00a0\u00bbsolid\u00a0\u00bb _builder_version=\u00a0\u00bb3.0.69&Prime;]<\/p>\n<h4><strong><span style=\"color: #000080;\">D\u00e9finir la correction<\/span><\/strong><\/h4>\n<p>Ensuite, d\u00e9finissez si vous voulez corriger la date de fichier dans le champs \u00ab\u00a0Cr\u00e9\u00e9 le\u00a0\u00bb et\/ou la date de fichier dans le param\u00e8tre \u00ab\u00a0Modifi\u00e9 le\u00a0\u00bb. <span id=\"result_box\" class=\"\" lang=\"fr\">En tant que sources pour les nouvelles dates de fichier, il est possible d&rsquo;utiliser des m\u00e9ta-informations \u00e0 partir des fichiers, une date fixe et des dates extraites des noms de fichiers. <span class=\"\">Les dates trouv\u00e9es peuvent \u00e9galement \u00eatre d\u00e9plac\u00e9es temporel.<\/span><\/span><\/p>\n<p>&nbsp;<\/p>\n<p>[\/et_pb_text][\/et_pb_column_inner][\/et_pb_row_inner][et_pb_row_inner admin_label=\u00a0\u00bbZeile\u00a0\u00bb][et_pb_column_inner type=\u00a0\u00bb1_2&Prime; saved_specialty_column_type=\u00a0\u00bb3_4&Prime;][et_pb_text admin_label=\u00a0\u00bbText\u00a0\u00bb background_layout=\u00a0\u00bblight\u00a0\u00bb text_orientation=\u00a0\u00bbleft\u00a0\u00bb border_style=\u00a0\u00bbsolid\u00a0\u00bb _builder_version=\u00a0\u00bb3.0.69&Prime;]<\/p>\n<h4><span style=\"color: #000080;\"><strong>Aper\u00e7u<\/strong><\/span><\/h4>\n<p>L&rsquo;aper\u00e7u\u00a0 montre dans les colonnes \u00ab\u00a0Cr\u00e9e\u00a0apr\u00e8s correction\u00a0\u00bb et \u00ab\u00a0Modifi\u00e9 apr\u00e8s correction\u00a0\u00bb les modifications pr\u00e9vues en tenant compte du fuseau horaire correct. <span id=\"result_box\" class=\"\" lang=\"fr\"><span class=\"\">Les fichiers individuels ou les r\u00e9pertoires complets peuvent \u00e9galement \u00eatre inclus ou exclus pour la correction d\u00e9finitive ult\u00e9rieure.<\/span><\/span><\/p>\n<p>[\/et_pb_text][\/et_pb_column_inner][et_pb_column_inner type=\u00a0\u00bb1_2&Prime; saved_specialty_column_type=\u00a0\u00bb3_4&Prime;][et_pb_image admin_label=\u00a0\u00bbBild\u00a0\u00bb src=\u00a0\u00bbhttps:\/\/www.infonautics-software.ch\/datefichier\/wp-content\/uploads\/sites\/36\/2017\/04\/FileDateCorrectorFR3.png\u00a0\u00bb show_in_lightbox=\u00a0\u00bbon\u00a0\u00bb url_new_window=\u00a0\u00bboff\u00a0\u00bb sticky=\u00a0\u00bboff\u00a0\u00bb align=\u00a0\u00bbleft\u00a0\u00bb force_fullwidth=\u00a0\u00bboff\u00a0\u00bb always_center_on_mobile=\u00a0\u00bbon\u00a0\u00bb border_style=\u00a0\u00bbsolid\u00a0\u00bb alt=\u00a0\u00bbAper\u00e7u de vos modifications pr\u00e9vues \u00a0\u00bb title_text=\u00a0\u00bbAper\u00e7u de vos modifications pr\u00e9vues des dates de fichiers %22Cr\u00e9\u00e9%22 et %22Modifi\u00e9%22&Prime; use_overlay=\u00a0\u00bboff\u00a0\u00bb _builder_version=\u00a0\u00bb3.0.69&Prime; animation_style=\u00a0\u00bbslide\u00a0\u00bb animation_duration=\u00a0\u00bb500ms\u00a0\u00bb animation_intensity_slide=\u00a0\u00bb10%\u00a0\u00bb animation_direction=\u00a0\u00bbleft\u00a0\u00bb show_bottom_space=\u00a0\u00bbon\u00a0\u00bb \/][\/et_pb_column_inner][\/et_pb_row_inner][et_pb_row_inner admin_label=\u00a0\u00bbZeile\u00a0\u00bb][et_pb_column_inner type=\u00a0\u00bb1_2&Prime; saved_specialty_column_type=\u00a0\u00bb3_4&Prime;][et_pb_image admin_label=\u00a0\u00bbBild\u00a0\u00bb src=\u00a0\u00bbhttps:\/\/www.infonautics-software.ch\/datefichier\/wp-content\/uploads\/sites\/36\/2017\/04\/FileDateCorrectorFR4-1.png\u00a0\u00bb show_in_lightbox=\u00a0\u00bbon\u00a0\u00bb url_new_window=\u00a0\u00bboff\u00a0\u00bb sticky=\u00a0\u00bboff\u00a0\u00bb align=\u00a0\u00bbleft\u00a0\u00bb force_fullwidth=\u00a0\u00bboff\u00a0\u00bb always_center_on_mobile=\u00a0\u00bbon\u00a0\u00bb border_style=\u00a0\u00bbsolid\u00a0\u00bb alt=\u00a0\u00bbFile Date Corrector &#8211; Correction des dates des fichiers %22Cr\u00e9\u00e9%22 et %22Modifi\u00e9%22&Prime; title_text=\u00a0\u00bbR\u00e9cup\u00e9rer la date de cr\u00e9ation d\u2019origine\u00a0\u00bb use_overlay=\u00a0\u00bboff\u00a0\u00bb _builder_version=\u00a0\u00bb3.0.69&Prime; animation_style=\u00a0\u00bbslide\u00a0\u00bb animation_duration=\u00a0\u00bb500ms\u00a0\u00bb animation_intensity_slide=\u00a0\u00bb10%\u00a0\u00bb animation_direction=\u00a0\u00bbleft\u00a0\u00bb show_bottom_space=\u00a0\u00bbon\u00a0\u00bb \/][\/et_pb_column_inner][et_pb_column_inner type=\u00a0\u00bb1_2&Prime; saved_specialty_column_type=\u00a0\u00bb3_4&Prime;][et_pb_text admin_label=\u00a0\u00bbText\u00a0\u00bb background_layout=\u00a0\u00bblight\u00a0\u00bb text_orientation=\u00a0\u00bbleft\u00a0\u00bb border_style=\u00a0\u00bbsolid\u00a0\u00bb _builder_version=\u00a0\u00bb3.0.69&Prime;]<\/p>\n<h4><span style=\"color: #000080;\"><strong>Corriger<\/strong><\/span><\/h4>\n<p>Apr\u00e8s examen de \u00ab\u00a0Aper\u00e7u\u00a0\u00bb vous pouvez corriger les dates de fichiers dans le champs \u00ab\u00a0Cr\u00e9\u00e9 le\u00a0\u00bb et \u00ab\u00a0Modifi\u00e9 le\u00a0\u00bb en cliquant sur le bouton \u00ab\u00a05. Corriger\u00a0\u00bb.<\/p>\n<p>[\/et_pb_text][\/et_pb_column_inner][\/et_pb_row_inner][\/et_pb_column][et_pb_column type=\u00a0\u00bb1_4&Prime;][et_pb_sidebar admin_label=\u00a0\u00bbSeitenleiste\u00a0\u00bb orientation=\u00a0\u00bbright\u00a0\u00bb area=\u00a0\u00bbsidebar-1&Prime; background_layout=\u00a0\u00bblight\u00a0\u00bb remove_border=\u00a0\u00bboff\u00a0\u00bb header_text_color=\u00a0\u00bb#000080&Prime; header_font_size=\u00a0\u00bb20&Prime; show_border=\u00a0\u00bbon\u00a0\u00bb \/][\/et_pb_column][\/et_pb_section]<\/p>\n","protected":false},"excerpt":{"rendered":"<p>Comment facilement r\u00e9cup\u00e9rer la date de cr\u00e9ation d&rsquo;origine &nbsp; Avez-vous constat\u00e9 apr\u00e8s la copie des fichiers que la date de cr\u00e9ation n&rsquo;est plus correcte? Le programme Windows File Date Corrector peut facilement et rapidement retrouver la vraie date de cr\u00e9ation d&rsquo;un fichier et la corriger. File Date Corrector lit les m\u00e9tadonn\u00e9es des images (Exif et [&hellip;]<\/p>\n","protected":false},"author":1,"featured_media":0,"parent":0,"menu_order":0,"comment_status":"closed","ping_status":"closed","template":"","meta":{"_et_pb_use_builder":"on","_et_pb_old_content":"","_et_gb_content_width":"","jetpack_post_was_ever_published":false,"footnotes":""},"class_list":["post-824","page","type-page","status-publish","hentry"],"yoast_head":"<!-- This site is optimized with the Yoast SEO plugin v25.0 - https:\/\/yoast.com\/wordpress\/plugins\/seo\/ -->\n<title>Comment modifier la date de cr\u00e9ation et date d&#039;enregistrement<\/title>\n<meta name=\"description\" content=\"File Date Corrector pour Windows permet de corriger et de modifier la date de cr\u00e9ation et d&#039;enregistrement. T\u00e9l\u00e9chargez maintenant la version d\u00e9mo gratuite!\" \/>\n<meta name=\"robots\" content=\"index, follow, max-snippet:-1, max-image-preview:large, max-video-preview:-1\" \/>\n<link rel=\"canonical\" href=\"https:\/\/www.infonautics-software.ch\/datefichier\/capturesdecran\/\" \/>\n<meta property=\"og:locale\" content=\"fr_FR\" \/>\n<meta property=\"og:type\" content=\"article\" \/>\n<meta property=\"og:title\" content=\"Comment modifier la date de cr\u00e9ation et date d&#039;enregistrement\" \/>\n<meta property=\"og:description\" content=\"File Date Corrector pour Windows permet de corriger et de modifier la date de cr\u00e9ation et d&#039;enregistrement. T\u00e9l\u00e9chargez maintenant la version d\u00e9mo gratuite!\" \/>\n<meta property=\"og:url\" content=\"https:\/\/www.infonautics-software.ch\/datefichier\/capturesdecran\/\" \/>\n<meta property=\"og:site_name\" content=\"File Date Corrector FR\" \/>\n<meta property=\"article:modified_time\" content=\"2019-04-16T15:40:21+00:00\" \/>\n<meta name=\"twitter:card\" content=\"summary_large_image\" \/>\n<meta name=\"twitter:site\" content=\"@InfonauticsGmbH\" \/>\n<meta name=\"twitter:label1\" content=\"Dur\u00e9e de lecture estim\u00e9e\" \/>\n\t<meta name=\"twitter:data1\" content=\"6 minutes\" \/>\n<script type=\"application\/ld+json\" class=\"yoast-schema-graph\">{\"@context\":\"https:\/\/schema.org\",\"@graph\":[{\"@type\":\"WebPage\",\"@id\":\"https:\/\/www.infonautics-software.ch\/datefichier\/capturesdecran\/\",\"url\":\"https:\/\/www.infonautics-software.ch\/datefichier\/capturesdecran\/\",\"name\":\"Comment modifier la date de cr\u00e9ation et date d'enregistrement\",\"isPartOf\":{\"@id\":\"https:\/\/www.infonautics-software.ch\/datefichier\/#website\"},\"datePublished\":\"2019-04-16T08:40:34+00:00\",\"dateModified\":\"2019-04-16T15:40:21+00:00\",\"description\":\"File Date Corrector pour Windows permet de corriger et de modifier la date de cr\u00e9ation et d'enregistrement. T\u00e9l\u00e9chargez maintenant la version d\u00e9mo gratuite!\",\"breadcrumb\":{\"@id\":\"https:\/\/www.infonautics-software.ch\/datefichier\/capturesdecran\/#breadcrumb\"},\"inLanguage\":\"fr-FR\",\"potentialAction\":[{\"@type\":\"ReadAction\",\"target\":[\"https:\/\/www.infonautics-software.ch\/datefichier\/capturesdecran\/\"]}]},{\"@type\":\"BreadcrumbList\",\"@id\":\"https:\/\/www.infonautics-software.ch\/datefichier\/capturesdecran\/#breadcrumb\",\"itemListElement\":[{\"@type\":\"ListItem\",\"position\":1,\"name\":\"Accueil\",\"item\":\"https:\/\/www.infonautics-software.ch\/datefichier\/\"},{\"@type\":\"ListItem\",\"position\":2,\"name\":\"CAPTURES D&rsquo;ECRAN\"}]},{\"@type\":\"WebSite\",\"@id\":\"https:\/\/www.infonautics-software.ch\/datefichier\/#website\",\"url\":\"https:\/\/www.infonautics-software.ch\/datefichier\/\",\"name\":\"File Date Corrector FR\",\"description\":\"Correct File Date &quot;Created&quot; and &quot;Modified&quot; by File Date Corrector\",\"potentialAction\":[{\"@type\":\"SearchAction\",\"target\":{\"@type\":\"EntryPoint\",\"urlTemplate\":\"https:\/\/www.infonautics-software.ch\/datefichier\/?s={search_term_string}\"},\"query-input\":{\"@type\":\"PropertyValueSpecification\",\"valueRequired\":true,\"valueName\":\"search_term_string\"}}],\"inLanguage\":\"fr-FR\"}]}<\/script>\n<!-- \/ Yoast SEO plugin. -->","yoast_head_json":{"title":"Comment modifier la date de cr\u00e9ation et date d'enregistrement","description":"File Date Corrector pour Windows permet de corriger et de modifier la date de cr\u00e9ation et d'enregistrement. T\u00e9l\u00e9chargez maintenant la version d\u00e9mo gratuite!","robots":{"index":"index","follow":"follow","max-snippet":"max-snippet:-1","max-image-preview":"max-image-preview:large","max-video-preview":"max-video-preview:-1"},"canonical":"https:\/\/www.infonautics-software.ch\/datefichier\/capturesdecran\/","og_locale":"fr_FR","og_type":"article","og_title":"Comment modifier la date de cr\u00e9ation et date d'enregistrement","og_description":"File Date Corrector pour Windows permet de corriger et de modifier la date de cr\u00e9ation et d'enregistrement. T\u00e9l\u00e9chargez maintenant la version d\u00e9mo gratuite!","og_url":"https:\/\/www.infonautics-software.ch\/datefichier\/capturesdecran\/","og_site_name":"File Date Corrector FR","article_modified_time":"2019-04-16T15:40:21+00:00","twitter_card":"summary_large_image","twitter_site":"@InfonauticsGmbH","twitter_misc":{"Dur\u00e9e de lecture estim\u00e9e":"6 minutes"},"schema":{"@context":"https:\/\/schema.org","@graph":[{"@type":"WebPage","@id":"https:\/\/www.infonautics-software.ch\/datefichier\/capturesdecran\/","url":"https:\/\/www.infonautics-software.ch\/datefichier\/capturesdecran\/","name":"Comment modifier la date de cr\u00e9ation et date d'enregistrement","isPartOf":{"@id":"https:\/\/www.infonautics-software.ch\/datefichier\/#website"},"datePublished":"2019-04-16T08:40:34+00:00","dateModified":"2019-04-16T15:40:21+00:00","description":"File Date Corrector pour Windows permet de corriger et de modifier la date de cr\u00e9ation et d'enregistrement. T\u00e9l\u00e9chargez maintenant la version d\u00e9mo gratuite!","breadcrumb":{"@id":"https:\/\/www.infonautics-software.ch\/datefichier\/capturesdecran\/#breadcrumb"},"inLanguage":"fr-FR","potentialAction":[{"@type":"ReadAction","target":["https:\/\/www.infonautics-software.ch\/datefichier\/capturesdecran\/"]}]},{"@type":"BreadcrumbList","@id":"https:\/\/www.infonautics-software.ch\/datefichier\/capturesdecran\/#breadcrumb","itemListElement":[{"@type":"ListItem","position":1,"name":"Accueil","item":"https:\/\/www.infonautics-software.ch\/datefichier\/"},{"@type":"ListItem","position":2,"name":"CAPTURES D&rsquo;ECRAN"}]},{"@type":"WebSite","@id":"https:\/\/www.infonautics-software.ch\/datefichier\/#website","url":"https:\/\/www.infonautics-software.ch\/datefichier\/","name":"File Date Corrector FR","description":"Correct File Date &quot;Created&quot; and &quot;Modified&quot; by File Date Corrector","potentialAction":[{"@type":"SearchAction","target":{"@type":"EntryPoint","urlTemplate":"https:\/\/www.infonautics-software.ch\/datefichier\/?s={search_term_string}"},"query-input":{"@type":"PropertyValueSpecification","valueRequired":true,"valueName":"search_term_string"}}],"inLanguage":"fr-FR"}]}},"jetpack_shortlink":"https:\/\/wp.me\/P7DBuh-di","jetpack_sharing_enabled":true,"_links":{"self":[{"href":"https:\/\/www.infonautics-software.ch\/datefichier\/wp-json\/wp\/v2\/pages\/824","targetHints":{"allow":["GET"]}}],"collection":[{"href":"https:\/\/www.infonautics-software.ch\/datefichier\/wp-json\/wp\/v2\/pages"}],"about":[{"href":"https:\/\/www.infonautics-software.ch\/datefichier\/wp-json\/wp\/v2\/types\/page"}],"author":[{"embeddable":true,"href":"https:\/\/www.infonautics-software.ch\/datefichier\/wp-json\/wp\/v2\/users\/1"}],"replies":[{"embeddable":true,"href":"https:\/\/www.infonautics-software.ch\/datefichier\/wp-json\/wp\/v2\/comments?post=824"}],"version-history":[{"count":10,"href":"https:\/\/www.infonautics-software.ch\/datefichier\/wp-json\/wp\/v2\/pages\/824\/revisions"}],"predecessor-version":[{"id":1858,"href":"https:\/\/www.infonautics-software.ch\/datefichier\/wp-json\/wp\/v2\/pages\/824\/revisions\/1858"}],"wp:attachment":[{"href":"https:\/\/www.infonautics-software.ch\/datefichier\/wp-json\/wp\/v2\/media?parent=824"}],"curies":[{"name":"wp","href":"https:\/\/api.w.org\/{rel}","templated":true}]}}