{"id":125,"date":"2024-12-11T11:00:10","date_gmt":"2024-12-11T10:00:10","guid":{"rendered":"http:\/\/www.infonautics-software.ch\/mymenuexplorerde\/?page_id=125"},"modified":"2024-12-11T18:03:19","modified_gmt":"2024-12-11T17:03:19","slug":"funktionen","status":"publish","type":"page","link":"https:\/\/www.infonautics-software.ch\/dateidatumkorrigieren\/funktionen\/","title":{"rendered":"FUNKTIONEN"},"content":{"rendered":"<p>[et_pb_section fb_built=&#8220;1&#8243; make_equal=&#8220;on&#8220; fullwidth=&#8220;on&#8220; custom_padding_last_edited=&#8220;on|desktop&#8220; admin_label=&#8220;section&#8220; _builder_version=&#8220;4.16&#8243; background_color=&#8220;#00458e&#8220; custom_padding=&#8220;50px|||&#8220; custom_padding_tablet=&#8220;50px|0|50px|0&#8243; custom_padding_phone=&#8220;&#8220; transparent_background=&#8220;off&#8220; padding_mobile=&#8220;off&#8220; global_colors_info=&#8220;{}&#8220;][et_pb_fullwidth_header title=&#8220;Funktionen von File Date Corrector&#8220; content_max_width=&#8220;none&#8220; admin_label=&#8220;Fullwidth Header&#8220; _builder_version=&#8220;4.16&#8243; background_color=&#8220;rgba(255, 255, 255, 0)&#8220; global_colors_info=&#8220;{}&#8220; button_one_text_size__hover_enabled=&#8220;off&#8220; button_two_text_size__hover_enabled=&#8220;off&#8220; button_one_text_color__hover_enabled=&#8220;off&#8220; button_two_text_color__hover_enabled=&#8220;off&#8220; button_one_border_width__hover_enabled=&#8220;off&#8220; button_two_border_width__hover_enabled=&#8220;off&#8220; button_one_border_color__hover_enabled=&#8220;off&#8220; button_two_border_color__hover_enabled=&#8220;off&#8220; button_one_border_radius__hover_enabled=&#8220;off&#8220; button_two_border_radius__hover_enabled=&#8220;off&#8220; button_one_letter_spacing__hover_enabled=&#8220;off&#8220; button_two_letter_spacing__hover_enabled=&#8220;off&#8220; button_one_bg_color__hover_enabled=&#8220;off&#8220; button_two_bg_color__hover_enabled=&#8220;off&#8220;][\/et_pb_fullwidth_header][\/et_pb_section][et_pb_section fb_built=&#8220;1&#8243; specialty=&#8220;on&#8220; custom_padding_last_edited=&#8220;on|desktop&#8220; admin_label=&#8220;section&#8220; _builder_version=&#8220;4.16&#8243; custom_padding=&#8220;50px||50px|&#8220; custom_padding_tablet=&#8220;50px|0|50px|0&#8243; custom_padding_phone=&#8220;&#8220; transparent_background=&#8220;off&#8220; padding_mobile=&#8220;off&#8220; global_colors_info=&#8220;{}&#8220;][et_pb_column type=&#8220;3_4&#8243; specialty_columns=&#8220;3&#8243; _builder_version=&#8220;4.16&#8243; custom_padding=&#8220;|||&#8220; global_colors_info=&#8220;{}&#8220; custom_padding__hover=&#8220;|||&#8220;][et_pb_row_inner _builder_version=&#8220;4.16&#8243; global_colors_info=&#8220;{}&#8220;][et_pb_column_inner saved_specialty_column_type=&#8220;3_4&#8243; _builder_version=&#8220;4.16&#8243; custom_padding=&#8220;|||&#8220; global_colors_info=&#8220;{}&#8220; custom_padding__hover=&#8220;|||&#8220;][et_pb_text _builder_version=&#8220;4.16&#8243; hover_enabled=&#8220;0&#8243; use_border_color=&#8220;off&#8220; global_colors_info=&#8220;{}&#8220; sticky_enabled=&#8220;0&#8243;]<\/p>\n<h2><span style=\"color: #000080;\"><strong>Urspr\u00fcngliches Erstelldatum von Dateien wiederherstellen<\/strong><\/span><\/h2>\n<p>&nbsp;<\/p>\n<p><strong>File Date Corrector<\/strong> liest bei Dokumenten, Bildern und Mediendateien die Metadaten aus den Dateien, welche\u00a0das urspr\u00fcngliche Erstelldatum\u00a0bzw. Aufnahmedatum und das letzte \u00c4nderungsdatum enthalten. Auf diese Weise k\u00f6nnen Sie mit <strong>File Date Corrector\u00a0<\/strong>das vom System bereitgestellte <strong>Dateidatum &#8222;Erstellt&#8220; und &#8222;Ge\u00e4ndert&#8220; <\/strong>ganzer Verzeichnisse und Unterverzeichnisse auf einmal korrigieren.\u00a0<\/p>\n<p>File Date Corrector verarbeitet nicht nur Dokumente von Microsoft Office (Word, Excel) sondern kann auch das Erstelldatum von Open Document Dateien (Open-Office, Libre-Office, Google-Docs, IBM-Docs etc.) wiederherstellen.<\/p>\n<p>&nbsp;<\/p>\n<h3><span style=\"color: #000080;\"><strong>Video mit kurzer Einf\u00fchrung zu File Date Corrector:<\/strong><\/span><\/h3>\n<p><iframe loading=\"lazy\" src=\"\/\/www.youtube.com\/embed\/Ii5iOgKVOuw?rel=0&amp;showinfo=0\" width=\"560\" height=\"314\" allowfullscreen=\"allowfullscreen\"><\/iframe><\/p>\n<p>[\/et_pb_text][et_pb_text _builder_version=&#8220;4.23.1&#8243; text_font_size=&#8220;16&#8243; hover_enabled=&#8220;0&#8243; border_style=&#8220;solid&#8220; global_colors_info=&#8220;{}&#8220; sticky_enabled=&#8220;0&#8243;]<\/p>\n<h2>\u00a0<\/h2>\n<h2><span style=\"color: #000080;\"><strong>Funktionen<\/strong><\/span><\/h2>\n<h4><span style=\"color: #000080;\"><strong>Verzeichnisauswahl \u00a0\u00a0<\/strong>[1. Verzeichnis w\u00e4hlen]<\/span><\/h4>\n<ul>\n<li>Auswahl des Startverzeichnisses f\u00fcr die Korrekturen \u00fcber eine Baumstruktur.<\/li>\n<li>Auswahl des Verzeichnisses durch Eingabe eines Verzeichnispfades als Text.<\/li>\n<li>Wahlweise Einschr\u00e4nkung der zu bearbeitenden Dateien auf bestimmte Dateitypen.<\/li>\n<li>Wahlweise Verarbeitung von Unterverzeichnissen (Unterverzeichnisse durchlaufen).<\/li>\n<li>Verzeichnistiefe einstellbar bei der Rekursion der Unterverzeichnisse.<br \/><img loading=\"lazy\" decoding=\"async\" data-attachment-id=\"1466\" data-permalink=\"https:\/\/www.infonautics-software.ch\/dateidatumkorrigieren\/funktionen\/filedatecorrectorunterverzeichnissdurchlaufen-2\/\" data-orig-file=\"https:\/\/www.infonautics-software.ch\/dateidatumkorrigieren\/wp-content\/uploads\/sites\/29\/2015\/08\/FileDateCorrectorUnterverzeichnissDurchlaufen-1.jpg\" data-orig-size=\"328,44\" data-comments-opened=\"1\" data-image-meta=\"{&quot;aperture&quot;:&quot;0&quot;,&quot;credit&quot;:&quot;&quot;,&quot;camera&quot;:&quot;&quot;,&quot;caption&quot;:&quot;&quot;,&quot;created_timestamp&quot;:&quot;0&quot;,&quot;copyright&quot;:&quot;&quot;,&quot;focal_length&quot;:&quot;0&quot;,&quot;iso&quot;:&quot;0&quot;,&quot;shutter_speed&quot;:&quot;0&quot;,&quot;title&quot;:&quot;&quot;,&quot;orientation&quot;:&quot;0&quot;}\" data-image-title=\"File Date Corrector Verzeichnistiefe einstellbar\" data-image-description=\"\" data-image-caption=\"\" data-medium-file=\"https:\/\/www.infonautics-software.ch\/dateidatumkorrigieren\/wp-content\/uploads\/sites\/29\/2015\/08\/FileDateCorrectorUnterverzeichnissDurchlaufen-1-300x40.jpg\" data-large-file=\"https:\/\/www.infonautics-software.ch\/dateidatumkorrigieren\/wp-content\/uploads\/sites\/29\/2015\/08\/FileDateCorrectorUnterverzeichnissDurchlaufen-1.jpg\" class=\"wp-image-1466 size-full alignnone\" src=\"..\/wp-content\/uploads\/sites\/29\/2015\/08\/FileDateCorrectorUnterverzeichnissDurchlaufen-1.jpg\" alt=\"File Date Corrector Verzeichnistiefe einstellbar\" width=\"328\" height=\"44\" srcset=\"https:\/\/www.infonautics-software.ch\/dateidatumkorrigieren\/wp-content\/uploads\/sites\/29\/2015\/08\/FileDateCorrectorUnterverzeichnissDurchlaufen-1.jpg 328w, https:\/\/www.infonautics-software.ch\/dateidatumkorrigieren\/wp-content\/uploads\/sites\/29\/2015\/08\/FileDateCorrectorUnterverzeichnissDurchlaufen-1-300x40.jpg 300w\" sizes=\"auto, (max-width: 328px) 100vw, 328px\" \/><\/li>\n<li>Unterst\u00fctzung beim Verbinden und Trennen von Netzlaufwerken.<\/li>\n<li>Aktualisieren der Verzeichnisliste.<\/li>\n<\/ul>\n<h4><span style=\"color: #000080;\"><strong>Korrektureigenschaften\u00a0 <\/strong>[2. Datum einstellen, 3. Details einstellen]<\/span><\/h4>\n<ul>\n<li>Auswahl der zu korrigierenden Datei-Dati: &#8222;Erstellt&#8220; und\/oder &#8222;Ge\u00e4ndert.<\/li>\n<li>Auswahl der Korrekturquellen separat je Datum &#8222;Erstellt&#8220; und &#8222;Ge\u00e4ndert&#8220;:Meta-Informationen aus Dateien, Dokumenten, Bildern (EXIF, IPTC, XMP), Meta-Informationen aus Audio\/Video (nur Aufnahmedatum, da diese kein Ge\u00e4ndert-Datum zur Verf\u00fcgung stellen), Datumsangaben aus dem Dateinamen extrahieren, feste Angabe von Datum und Zeit.<\/li>\n<li>M\u00f6glichkeit in allen Quellen gleichzeitig zu suchen und deren Priorit\u00e4t einzustellen.<\/li>\n<li>M\u00f6glichkeit f\u00fcr das Datum &#8222;Erstellt&#8220; die Metadaten von &#8222;Ge\u00e4ndert&#8220; heranzuziehen, wenn die Metadaten f\u00fcr &#8222;Erstell&#8220; fehlen oder explizit abgew\u00e4hlt wurden.<\/li>\n<li>M\u00f6glichkeit f\u00fcr das Datum &#8222;Ge\u00e4ndert&#8220; die Metadaten von &#8222;Erstellt&#8220; heranzuziehen, wenn die Metadaten f\u00fcr &#8222;Ge\u00e4ndert&#8220; fehlen oder explizit abgew\u00e4hlt wurden.<\/li>\n<li>M\u00f6glichkeit f\u00fcr das Datum &#8222;Erstellt&#8220; das aktuelle Dateidatum &#8222;Ge\u00e4ndert&#8220; heranzuziehen, wenn keine Metadaten &#8222;Erstellt&#8220; verf\u00fcgbar sind oder explizit abgew\u00e4hlt wurden. (In vielen F\u00e4llen wird beim Kopieren der Dateien durch Windows immerhin das urspr\u00fcngliche Datei-\u00c4nderungsdatum \u00fcbernommen.)<\/li>\n<li>\u00a0M\u00f6glichkeit f\u00fcr das Datum &#8222;Ge\u00e4ndert&#8220; das aktuelle Dateidatum &#8222;Erstellt&#8220; heranzuziehen, wenn keine Metadaten verf\u00fcgbar sind oder explizit abgew\u00e4hlt wurden. (Dadurch kann die verwirrende Situation bereinigt werden, wenn das letzte Datei-\u00c4nderungsdatum fr\u00fcher als das aktuelle Datei-Erstellungsdatum angezeigt wird.)<\/li>\n<li>Zus\u00e4tzliche beliebige Verschiebung des ausgelesenen Meta-Datums.<\/li>\n<li>Anpassung des Verzeichnisdatums entsprechend dem \u00e4ltesten \/ j\u00fcngsten Inhalt, d.h. das Erstellungsdatum entsprechend dem \u00e4ltesten gefundenen Datei-Datum &#8222;Erstellt&#8220; in der untergeordneten Verzeichnisstruktur, das \u00c4nderungsdatum entsprechend dem j\u00fcngsten gefundenen Datei-Datum &#8222;Ge\u00e4ndert&#8220; oder &#8222;Erstellt&#8220;.<\/li>\n<li>Umgang mit Datumseinstellungen zur\u00fcck bis ins Jahr 1601 (mit NTFS-Dateisystem).<\/li>\n<\/ul>\n<h4><span style=\"color: #000080;\"><strong>Vorschau anzeigen\u00a0 <\/strong>[4. Vorschau]<\/span><\/h4>\n<ul>\n<li>Dateien verarbeiten und gefundene Korrekturen auflisten mit Datum &#8222;Vor der Korrektur&#8220; und Datum &#8222;Nach der Korrektur&#8220;, separat f\u00fcr Datum &#8222;Erstellt&#8220; und\/oder Datum &#8222;Ge\u00e4ndert&#8220;.<\/li>\n<li>Anzeige der Anzahl der aufgelisteten Objekte (Dateien).<\/li>\n<li>Sortieren der Dateien\/Verzeichnisse nach Name in nat\u00fcrlicher Reihenfolge wie im Windows Explorer (NATURAL Sorting).<\/li>\n<\/ul>\n<h4><span style=\"color: #000080;\"><strong>Korrektur ausf\u00fchren\u00a0 <\/strong>[5. Korrigieren]<\/span><\/h4>\n<ul>\n<li>Alle vorgeschlagenen Korrekturen effektiv ausf\u00fchren.<\/li>\n<li>Der Korrekturstatus wird nach der Korrektur angezeigt:<br \/>&#8211; korrigiert (Korrektur war erfolgreich),<br \/>&#8211; schreibgesch\u00fctzt (Korrektur nicht erfolgt),<br \/>&#8211; fehlgeschlagen (Korrektur nicht erfolgreich).<\/li>\n<li>Der Knopf &#8222;5. Korrigieren&#8220; ist nur verf\u00fcgbar, wenn zuerst eine &#8222;Vorschau&#8220; erzeugt wurde.<\/li>\n<li>Die Ausf\u00fchrung der Korrektur setzt eine Vollversion des Programmes voraus.<strong>\u00a0<\/strong><\/li>\n<\/ul>\n<h4><span style=\"color: #000080;\"><strong>Funktionen direkt in der Dateiliste\u00a0 <\/strong>[Suchen, Kontextmen\u00fc, Dateiauswahl]<\/span><\/h4>\n<ul>\n<li>Suchen: Dateiliste nach einer bestimmten Zeichenfolge durchsuchen mit der Auswahl von &#8222;Ab Anfang der Liste suchen&#8220; oder &#8222;Ab aktueller Zeile weiter suchen&#8220;.<\/li>\n<li>Kontextmen\u00fc: Ausgew\u00e4hlte Zeile l\u00f6schen, Verzeichnis mit markiertem Objekt \u00f6ffnen, markiertes Objekt \u00f6ffnen bzw. starten, Eigenschaften der markierten Datei oder des markierten Verzeichnisses anzeigen.<\/li>\n<li>Kontextmen\u00fc: Aktuelle Dateiliste abspeichern als PDF-Druckdatei, EXCEL-Tabelle, TEXT-Datei mit Tabulatoren oder Semikolons als Trennzeichen.<\/li>\n<li>Dateien in der Liste f\u00fcr die Korrektur ausw\u00e4hlen\/abw\u00e4hlen: Einzelne Dateien, alle Dateien eines Unterverzeichnisses, alle Dateien der gesamtem Dateiliste.<\/li>\n<\/ul>\n<p>[\/et_pb_text][et_pb_image src=&#8220;https:\/\/www.infonautics-software.ch\/dateidatumkorrigieren\/wp-content\/uploads\/sites\/29\/2015\/08\/FileDateCorrectorDE4.png&#8220; alt=&#8220;Mit File Date Corrector tats\u00e4chliches Aufnahmedatum \/ Erstelldatum wiederherstellen&#8220; title_text=&#8220;Kontextmen\u00fc im File Date Corrector&#8220; show_in_lightbox=&#8220;on&#8220; align_tablet=&#8220;center&#8220; align_phone=&#8220;&#8220; align_last_edited=&#8220;on|desktop&#8220; _builder_version=&#8220;4.16&#8243; use_border_color=&#8220;off&#8220; border_color=&#8220;#ffffff&#8220; border_style=&#8220;solid&#8220; sticky=&#8220;off&#8220; global_colors_info=&#8220;{}&#8220;][\/et_pb_image][et_pb_text _builder_version=&#8220;4.16&#8243; use_border_color=&#8220;off&#8220; border_color=&#8220;#ffffff&#8220; border_style=&#8220;solid&#8220; global_colors_info=&#8220;{}&#8220;]<\/p>\n<h4>\u00a0<\/h4>\n<h4><span style=\"color: #000080;\"><strong>Programmeinstellungen\u00a0 <\/strong>[Men\u00fc: Einstellungen]<\/span><\/h4>\n<ul>\n<li>Automatisches Speichern der Einstellungen beim Beenden des Programmes.<\/li>\n<li>Automatisches Anlegen einer Programmverkn\u00fcpfung auf dem Desktop.<\/li>\n<li>Unterst\u00fctzung beim Verbinden und Trennen von Netzlaufwerken.<\/li>\n<li>Erstellung einer Log-Datei f\u00fcr die effektiv ausgef\u00fchrten Korrekturen.<\/li>\n<\/ul>\n<p>&nbsp;<\/p>\n<h4><span style=\"color: #000080;\"><strong>Programmaktualisierung\u00a0 <\/strong>[Men\u00fc: Hilfe \/ Auf neue Programmversion pr\u00fcfen]<\/span><\/h4>\n<ul>\n<li>Automatische Aktualisierung des Programmes auf die neuste Version (die Verbindung zum Internet wird explizit nur bei der Auswahl des Men\u00fcpunktes hergestellt).<\/li>\n<\/ul>\n<p>&nbsp;<\/p>\n<p>[\/et_pb_text][\/et_pb_column_inner][\/et_pb_row_inner][\/et_pb_column][et_pb_column type=&#8220;1_4&#8243; _builder_version=&#8220;4.16&#8243; custom_padding=&#8220;|||&#8220; global_colors_info=&#8220;{}&#8220; custom_padding__hover=&#8220;|||&#8220;][et_pb_sidebar orientation=&#8220;right&#8220; area=&#8220;sidebar-1&#8243; admin_label=&#8220;Sidebar&#8220; _builder_version=&#8220;4.16&#8243; header_text_color=&#8220;#000080&#8243; header_font_size=&#8220;20&#8243; remove_border=&#8220;off&#8220; global_colors_info=&#8220;{}&#8220;][\/et_pb_sidebar][\/et_pb_column][\/et_pb_section]<\/p>\n","protected":false},"excerpt":{"rendered":"<p>Urspr\u00fcngliches Erstelldatum von Dateien wiederherstellen &nbsp; File Date Corrector liest bei Dokumenten, Bildern und Mediendateien die Metadaten aus den Dateien, welche\u00a0das urspr\u00fcngliche Erstelldatum\u00a0bzw. Aufnahmedatum und das letzte \u00c4nderungsdatum enthalten. Auf diese Weise k\u00f6nnen Sie mit File Date Corrector\u00a0das vom System bereitgestellte Dateidatum &#8222;Erstellt&#8220; und &#8222;Ge\u00e4ndert&#8220; ganzer Verzeichnisse und Unterverzeichnisse auf einmal korrigieren.\u00a0 File Date Corrector [&hellip;]<\/p>\n","protected":false},"author":1,"featured_media":0,"parent":0,"menu_order":0,"comment_status":"closed","ping_status":"closed","template":"","meta":{"_et_pb_use_builder":"on","_et_pb_old_content":"<p>[et_pb_section][et_pb_row][\/et_pb_row][\/et_pb_section]<\/p>","_et_gb_content_width":"","jetpack_post_was_ever_published":false,"footnotes":""},"class_list":["post-125","page","type-page","status-publish","hentry"],"yoast_head":"<!-- This site is optimized with the Yoast SEO plugin v25.0 - https:\/\/yoast.com\/wordpress\/plugins\/seo\/ -->\n<title>Tats\u00e4chliches Aufnahmedatum \/ Erstelldatum wiederherstellen<\/title>\n<meta name=\"description\" content=\"M\u00f6chten Sie Ihr tats\u00e4chliches Aufnahmedatum \/ Erstelldatum bei Ihren Bildern und Dokumenten wiederherstellen? Jetzt File Date Corrector herunterladen!\" \/>\n<meta name=\"robots\" content=\"index, follow, max-snippet:-1, max-image-preview:large, max-video-preview:-1\" \/>\n<link rel=\"canonical\" href=\"https:\/\/www.infonautics-software.ch\/dateidatumkorrigieren\/funktionen\/\" \/>\n<meta property=\"og:locale\" content=\"de_DE\" \/>\n<meta property=\"og:type\" content=\"article\" \/>\n<meta property=\"og:title\" content=\"Tats\u00e4chliches Aufnahmedatum \/ Erstelldatum wiederherstellen\" \/>\n<meta property=\"og:description\" content=\"M\u00f6chten Sie Ihr tats\u00e4chliches Aufnahmedatum \/ Erstelldatum bei Ihren Bildern und Dokumenten wiederherstellen? Jetzt File Date Corrector herunterladen!\" \/>\n<meta property=\"og:url\" content=\"https:\/\/www.infonautics-software.ch\/dateidatumkorrigieren\/funktionen\/\" \/>\n<meta property=\"og:site_name\" content=\"File Date Corrector DE\" \/>\n<meta property=\"article:modified_time\" content=\"2024-12-11T17:03:19+00:00\" \/>\n<meta name=\"twitter:card\" content=\"summary_large_image\" \/>\n<meta name=\"twitter:site\" content=\"@InfonauticsGmbH\" \/>\n<meta name=\"twitter:label1\" content=\"Gesch\u00e4tzte Lesezeit\" \/>\n\t<meta name=\"twitter:data1\" content=\"5\u00a0Minuten\" \/>\n<script type=\"application\/ld+json\" class=\"yoast-schema-graph\">{\"@context\":\"https:\/\/schema.org\",\"@graph\":[{\"@type\":\"WebPage\",\"@id\":\"https:\/\/www.infonautics-software.ch\/dateidatumkorrigieren\/funktionen\/\",\"url\":\"https:\/\/www.infonautics-software.ch\/dateidatumkorrigieren\/funktionen\/\",\"name\":\"Tats\u00e4chliches Aufnahmedatum \/ Erstelldatum wiederherstellen\",\"isPartOf\":{\"@id\":\"https:\/\/www.infonautics-software.ch\/dateidatumkorrigieren\/#website\"},\"datePublished\":\"2024-12-11T10:00:10+00:00\",\"dateModified\":\"2024-12-11T17:03:19+00:00\",\"description\":\"M\u00f6chten Sie Ihr tats\u00e4chliches Aufnahmedatum \/ Erstelldatum bei Ihren Bildern und Dokumenten wiederherstellen? Jetzt File Date Corrector herunterladen!\",\"breadcrumb\":{\"@id\":\"https:\/\/www.infonautics-software.ch\/dateidatumkorrigieren\/funktionen\/#breadcrumb\"},\"inLanguage\":\"de\",\"potentialAction\":[{\"@type\":\"ReadAction\",\"target\":[\"https:\/\/www.infonautics-software.ch\/dateidatumkorrigieren\/funktionen\/\"]}]},{\"@type\":\"BreadcrumbList\",\"@id\":\"https:\/\/www.infonautics-software.ch\/dateidatumkorrigieren\/funktionen\/#breadcrumb\",\"itemListElement\":[{\"@type\":\"ListItem\",\"position\":1,\"name\":\"Startseite\",\"item\":\"https:\/\/www.infonautics-software.ch\/dateidatumkorrigieren\/\"},{\"@type\":\"ListItem\",\"position\":2,\"name\":\"FUNKTIONEN\"}]},{\"@type\":\"WebSite\",\"@id\":\"https:\/\/www.infonautics-software.ch\/dateidatumkorrigieren\/#website\",\"url\":\"https:\/\/www.infonautics-software.ch\/dateidatumkorrigieren\/\",\"name\":\"File Date Corrector DE\",\"description\":\"Dateidatum korrigieren mit Meta-Informationen\",\"potentialAction\":[{\"@type\":\"SearchAction\",\"target\":{\"@type\":\"EntryPoint\",\"urlTemplate\":\"https:\/\/www.infonautics-software.ch\/dateidatumkorrigieren\/?s={search_term_string}\"},\"query-input\":{\"@type\":\"PropertyValueSpecification\",\"valueRequired\":true,\"valueName\":\"search_term_string\"}}],\"inLanguage\":\"de\"}]}<\/script>\n<!-- \/ Yoast SEO plugin. -->","yoast_head_json":{"title":"Tats\u00e4chliches Aufnahmedatum \/ Erstelldatum wiederherstellen","description":"M\u00f6chten Sie Ihr tats\u00e4chliches Aufnahmedatum \/ Erstelldatum bei Ihren Bildern und Dokumenten wiederherstellen? Jetzt File Date Corrector herunterladen!","robots":{"index":"index","follow":"follow","max-snippet":"max-snippet:-1","max-image-preview":"max-image-preview:large","max-video-preview":"max-video-preview:-1"},"canonical":"https:\/\/www.infonautics-software.ch\/dateidatumkorrigieren\/funktionen\/","og_locale":"de_DE","og_type":"article","og_title":"Tats\u00e4chliches Aufnahmedatum \/ Erstelldatum wiederherstellen","og_description":"M\u00f6chten Sie Ihr tats\u00e4chliches Aufnahmedatum \/ Erstelldatum bei Ihren Bildern und Dokumenten wiederherstellen? Jetzt File Date Corrector herunterladen!","og_url":"https:\/\/www.infonautics-software.ch\/dateidatumkorrigieren\/funktionen\/","og_site_name":"File Date Corrector DE","article_modified_time":"2024-12-11T17:03:19+00:00","twitter_card":"summary_large_image","twitter_site":"@InfonauticsGmbH","twitter_misc":{"Gesch\u00e4tzte Lesezeit":"5\u00a0Minuten"},"schema":{"@context":"https:\/\/schema.org","@graph":[{"@type":"WebPage","@id":"https:\/\/www.infonautics-software.ch\/dateidatumkorrigieren\/funktionen\/","url":"https:\/\/www.infonautics-software.ch\/dateidatumkorrigieren\/funktionen\/","name":"Tats\u00e4chliches Aufnahmedatum \/ Erstelldatum wiederherstellen","isPartOf":{"@id":"https:\/\/www.infonautics-software.ch\/dateidatumkorrigieren\/#website"},"datePublished":"2024-12-11T10:00:10+00:00","dateModified":"2024-12-11T17:03:19+00:00","description":"M\u00f6chten Sie Ihr tats\u00e4chliches Aufnahmedatum \/ Erstelldatum bei Ihren Bildern und Dokumenten wiederherstellen? Jetzt File Date Corrector herunterladen!","breadcrumb":{"@id":"https:\/\/www.infonautics-software.ch\/dateidatumkorrigieren\/funktionen\/#breadcrumb"},"inLanguage":"de","potentialAction":[{"@type":"ReadAction","target":["https:\/\/www.infonautics-software.ch\/dateidatumkorrigieren\/funktionen\/"]}]},{"@type":"BreadcrumbList","@id":"https:\/\/www.infonautics-software.ch\/dateidatumkorrigieren\/funktionen\/#breadcrumb","itemListElement":[{"@type":"ListItem","position":1,"name":"Startseite","item":"https:\/\/www.infonautics-software.ch\/dateidatumkorrigieren\/"},{"@type":"ListItem","position":2,"name":"FUNKTIONEN"}]},{"@type":"WebSite","@id":"https:\/\/www.infonautics-software.ch\/dateidatumkorrigieren\/#website","url":"https:\/\/www.infonautics-software.ch\/dateidatumkorrigieren\/","name":"File Date Corrector DE","description":"Dateidatum korrigieren mit Meta-Informationen","potentialAction":[{"@type":"SearchAction","target":{"@type":"EntryPoint","urlTemplate":"https:\/\/www.infonautics-software.ch\/dateidatumkorrigieren\/?s={search_term_string}"},"query-input":{"@type":"PropertyValueSpecification","valueRequired":true,"valueName":"search_term_string"}}],"inLanguage":"de"}]}},"jetpack_shortlink":"https:\/\/wp.me\/P7CGbP-21","jetpack_sharing_enabled":true,"_links":{"self":[{"href":"https:\/\/www.infonautics-software.ch\/dateidatumkorrigieren\/wp-json\/wp\/v2\/pages\/125","targetHints":{"allow":["GET"]}}],"collection":[{"href":"https:\/\/www.infonautics-software.ch\/dateidatumkorrigieren\/wp-json\/wp\/v2\/pages"}],"about":[{"href":"https:\/\/www.infonautics-software.ch\/dateidatumkorrigieren\/wp-json\/wp\/v2\/types\/page"}],"author":[{"embeddable":true,"href":"https:\/\/www.infonautics-software.ch\/dateidatumkorrigieren\/wp-json\/wp\/v2\/users\/1"}],"replies":[{"embeddable":true,"href":"https:\/\/www.infonautics-software.ch\/dateidatumkorrigieren\/wp-json\/wp\/v2\/comments?post=125"}],"version-history":[{"count":9,"href":"https:\/\/www.infonautics-software.ch\/dateidatumkorrigieren\/wp-json\/wp\/v2\/pages\/125\/revisions"}],"predecessor-version":[{"id":2099,"href":"https:\/\/www.infonautics-software.ch\/dateidatumkorrigieren\/wp-json\/wp\/v2\/pages\/125\/revisions\/2099"}],"wp:attachment":[{"href":"https:\/\/www.infonautics-software.ch\/dateidatumkorrigieren\/wp-json\/wp\/v2\/media?parent=125"}],"curies":[{"name":"wp","href":"https:\/\/api.w.org\/{rel}","templated":true}]}}