{"id":37,"date":"2025-10-02T10:00:16","date_gmt":"2025-10-02T08:00:16","guid":{"rendered":"http:\/\/www.infonautics-software.ch\/mymenuexplorerde\/?page_id=37"},"modified":"2025-10-02T14:55:49","modified_gmt":"2025-10-02T12:55:49","slug":"home","status":"publish","type":"page","link":"https:\/\/www.infonautics-software.ch\/dateidatumkorrigieren\/","title":{"rendered":"HOME"},"content":{"rendered":"<p>[et_pb_section fb_built=&#8220;1&#8243; fullwidth=&#8220;on&#8220; custom_padding_last_edited=&#8220;on|desktop&#8220; admin_label=&#8220;section&#8220; _builder_version=&#8220;4.16&#8243; background_color=&#8220;#ffffff&#8220; custom_padding_tablet=&#8220;50px|0|50px|0&#8243; custom_padding_phone=&#8220;&#8220; transparent_background=&#8220;off&#8220; padding_mobile=&#8220;off&#8220; global_colors_info=&#8220;{}&#8220;][et_pb_fullwidth_slider admin_label=&#8220;Fullwidth Slider&#8220; _builder_version=&#8220;4.16&#8243; background_position=&#8220;top_left&#8220; custom_padding=&#8220;|||&#8220; global_colors_info=&#8220;{}&#8220; button_text_size__hover_enabled=&#8220;off&#8220; button_one_text_size__hover_enabled=&#8220;off&#8220; button_two_text_size__hover_enabled=&#8220;off&#8220; button_text_color__hover_enabled=&#8220;off&#8220; button_one_text_color__hover_enabled=&#8220;off&#8220; button_two_text_color__hover_enabled=&#8220;off&#8220; button_border_width__hover_enabled=&#8220;off&#8220; button_one_border_width__hover_enabled=&#8220;off&#8220; button_two_border_width__hover_enabled=&#8220;off&#8220; button_border_color__hover_enabled=&#8220;off&#8220; button_one_border_color__hover_enabled=&#8220;off&#8220; button_two_border_color__hover_enabled=&#8220;off&#8220; button_border_radius__hover_enabled=&#8220;off&#8220; button_one_border_radius__hover_enabled=&#8220;off&#8220; button_two_border_radius__hover_enabled=&#8220;off&#8220; button_letter_spacing__hover_enabled=&#8220;off&#8220; button_one_letter_spacing__hover_enabled=&#8220;off&#8220; button_two_letter_spacing__hover_enabled=&#8220;off&#8220; button_bg_color__hover_enabled=&#8220;off&#8220; button_one_bg_color__hover_enabled=&#8220;off&#8220; button_two_bg_color__hover_enabled=&#8220;off&#8220;][et_pb_slide heading=&#8220;File Date Corrector&#8220; button_text=&#8220;Jetzt herunterladen!&#8220; button_link=&#8220;https:\/\/www.infonautics-software.ch\/dateidatumkorrigieren\/download&#8220; image=&#8220;https:\/\/www.infonautics-software.ch\/dateidatumkorrigieren\/wp-content\/uploads\/sites\/29\/2015\/08\/FileDateCorrectorBoxShotTransparent.png&#8220; use_bg_overlay=&#8220;off&#8220; use_text_overlay=&#8220;off&#8220; alignment=&#8220;bottom&#8220; image_alt=&#8220;Mit File Date Corrector Erstelldatum wiederherstellen&#8220; _builder_version=&#8220;4.16&#8243; header_font=&#8220;||||&#8220; body_font=&#8220;||||&#8220; background_color=&#8220;#00458e&#8220; background_position=&#8220;top_left&#8220; custom_button=&#8220;on&#8220; button_font=&#8220;||||&#8220; button_use_icon=&#8220;on&#8220; button_on_hover=&#8220;on&#8220; global_colors_info=&#8220;{}&#8220; button_text_size__hover_enabled=&#8220;off&#8220; button_one_text_size__hover_enabled=&#8220;off&#8220; button_two_text_size__hover_enabled=&#8220;off&#8220; button_text_color__hover_enabled=&#8220;off&#8220; button_one_text_color__hover_enabled=&#8220;off&#8220; button_two_text_color__hover_enabled=&#8220;off&#8220; button_border_width__hover_enabled=&#8220;off&#8220; button_one_border_width__hover_enabled=&#8220;off&#8220; button_two_border_width__hover_enabled=&#8220;off&#8220; button_border_color__hover_enabled=&#8220;off&#8220; button_one_border_color__hover_enabled=&#8220;off&#8220; button_two_border_color__hover_enabled=&#8220;off&#8220; button_border_radius__hover_enabled=&#8220;off&#8220; button_one_border_radius__hover_enabled=&#8220;off&#8220; button_two_border_radius__hover_enabled=&#8220;off&#8220; button_letter_spacing__hover_enabled=&#8220;off&#8220; button_one_letter_spacing__hover_enabled=&#8220;off&#8220; button_two_letter_spacing__hover_enabled=&#8220;off&#8220; button_bg_color__hover_enabled=&#8220;off&#8220; button_one_bg_color__hover_enabled=&#8220;off&#8220; button_two_bg_color__hover_enabled=&#8220;off&#8220; sticky_transition=&#8220;on&#8220;]<\/p>\n<p>Einfach und schnell das urspr\u00fcngliche Erstellungsdatum und \u00c4nderungsdatum von Dateien aus den enthaltenen Metadaten wiederherstellen.<\/p>\n<p>[\/et_pb_slide][\/et_pb_fullwidth_slider][\/et_pb_section][et_pb_section fb_built=&#8220;1&#8243; specialty=&#8220;on&#8220; custom_padding_last_edited=&#8220;on|desktop&#8220; background_color_1=&#8220;rgba(0,0,0,0)&#8220; admin_label=&#8220;section&#8220; _builder_version=&#8220;4.16&#8243; custom_padding=&#8220;|||&#8220; custom_padding_tablet=&#8220;50px|0|50px|0&#8243; custom_padding_phone=&#8220;&#8220; transparent_background=&#8220;off&#8220; padding_mobile=&#8220;off&#8220; global_colors_info=&#8220;{}&#8220;][et_pb_column type=&#8220;3_4&#8243; specialty_columns=&#8220;3&#8243; _builder_version=&#8220;4.16&#8243; custom_padding=&#8220;|||&#8220; global_colors_info=&#8220;{}&#8220; custom_padding__hover=&#8220;|||&#8220;][et_pb_row_inner padding_mobile=&#8220;off&#8220; column_padding_mobile=&#8220;on&#8220; _builder_version=&#8220;4.16&#8243; custom_padding=&#8220;|&#8220; global_colors_info=&#8220;{}&#8220;][et_pb_column_inner saved_specialty_column_type=&#8220;3_4&#8243; _builder_version=&#8220;4.16&#8243; background_color=&#8220;rgba(0,0,0,0)&#8220; custom_padding=&#8220;|||&#8220; global_colors_info=&#8220;{}&#8220; custom_padding__hover=&#8220;|||&#8220;][et_pb_text _builder_version=&#8220;4.16&#8243; text_font_size=&#8220;18&#8243; module_alignment=&#8220;left&#8220; global_colors_info=&#8220;{}&#8220;]<\/p>\n<h1><span style=\"color: #000080;\"><strong>Mit File Date Corrector das Dateidatum &#8222;Erstellt&#8220; und &#8222;Ge\u00e4ndert&#8220; wiederherstellen<\/strong><\/span><\/h1>\n<p>&nbsp;<\/p>\n<p>Sie haben einen neuen PC eingerichtet und stellen nun fest, dass alle \u00fcbernommenen Dateien auf Ihrer neuen Festplatte ein falsches Dateidatum &#8222;Erstellt&#8220; anzeigen?\u00a0Sie haben Ihre Fotos von Ihrer Digitalkamera oder Ihrem Smartphone auf den PC kopiert und nun bemerkt, dass alle Bilder auf Ihrem Computer als neues Dateidatum &#8222;Erstellt&#8220; das Datum des Kopierens aufweisen, statt des Aufnahmedatums?<\/p>\n<p>F\u00fcr viele Anwendungen ist es jedoch notwendig, dass das Dateisystem das urspr\u00fcngliche Erstell- und \u00c4nderungsdatum der Dateien anzeigt. Gerade bei rechtlichen Dokumenten ist die Anzeige des tats\u00e4chlichen Erstellungsdatums wichtig. Auch f\u00fcr das Sortieren Ihrer Fotos ist das urspr\u00fcngliche Erstelldatum \/ Aufnahmedatum n\u00fctzlich, um beispielsweise eine Reportage in zeitlich korrektem Ablauf darstellen zu k\u00f6nnen.<\/p>\n<h3>\u00a0<\/h3>\n<h3><span style=\"color: #000080;\"><strong>Was ist passiert?<\/strong><\/span><\/h3>\n<p>Beim Kopieren der Dateien auf andere Datentr\u00e4ger<strong> wird nicht das tats\u00e4chliche Erstelldatum \/ Aufnahmedatum<\/strong> <strong>\u00fcbernommen<\/strong>, sondern Microsoft Windows&#x2122; setzt das Datum des Zeitpunkts des Kopierens als neues Dateidatum &#8222;Erstellt&#8220;. Somit kann das neue Datei-Datum &#8222;Erstellt&#8220; anschliessend sogar j\u00fcnger sein als das Datei-Datum &#8222;Ge\u00e4ndert&#8220;.<\/p>\n<p>&nbsp;<\/p>\n<h3><strong><span style=\"color: #000080;\">Die L\u00f6sung<\/span><\/strong><\/h3>\n<p>Das Windows-Programm <strong>File Date Corrector<\/strong> kann einfach und schnell das vom System bereitgestellte Dateidatum &#8222;Erstellt&#8220; und &#8222;Ge\u00e4ndert&#8220; unter Ber\u00fccksichtigung der korrekten Zeitzone wiederherstellen. Daf\u00fcr liest File Date Corrector die <strong>Metadaten<\/strong> aus den verschiedensten Dateien wie <strong>Bildern, Video, Audio und Dokumenten <\/strong>und korrigiert das Dateidatum &#8222;Erstellt&#8220; und &#8222;Ge\u00e4ndert&#8220; zur\u00fcck auf das <strong>urspr\u00fcngliche<\/strong> <strong>Erstelldatum \/ Aufnahmedatum \/ \u00c4nderungsdatum. <\/strong><\/p>\n<p>Alternativ kann das Programm auch ein <strong>festgelegtes Datum<\/strong> anwenden oder das jeweilige Datum gem\u00e4ss einem flexibel bestimmbaren Datums- und Zeitformat <strong>aus dem Dateinamen extrahieren<\/strong>. Speziell n\u00fctzlich nach der \u00dcbernahme von Dateien ab einem Smartphone oder Tablet ist die M\u00f6glichkeit, das <strong>Datum &#8222;Ge\u00e4ndert&#8220; auf das Datum &#8222;Erstellt&#8220; zu \u00fcbertragen<\/strong>, weil das Ge\u00e4ndert-Datum meistens noch dem originalen Aufnahme-\/Erstelldatum entspricht.<\/p>\n<p>Alle M\u00f6glichkeiten k\u00f6nnen gleichzeitig vergewendet werden und die entsprechenden Priorit\u00e4ten sind selber einstellbar. Zudem kann auch das \u00fcbergeordnete <strong>Verzeichnisdatum<\/strong> entsprechend dem \u00e4ltesten und j\u00fcngsten Inhalt angepasst werden.<\/p>\n<p>Mit <strong>File Date Corrector<\/strong> k\u00f6nnen Sie das vom System bereitgestellte Dateidatum &#8222;Erstellt&#8220; und &#8222;Ge\u00e4ndert&#8220; ganzer Verzeichnisstrukturen auf einmal korrigieren. Die Software zeigt zuerst in einer <strong>Vorschau<\/strong> alle Dateien mit den <strong>beabsichtigten Datumskorrekturen<\/strong> an, bevor diese nach deren Pr\u00fcfung definitiv korrigiert werden.<\/p>\n<p>[\/et_pb_text][et_pb_image src=&#8220;https:\/\/www.infonautics-software.ch\/dateidatumkorrigieren\/wp-content\/uploads\/sites\/29\/2018\/02\/FileDateCorrectorDE2.png&#8220; alt=&#8220;File Date Corrector &#8211; Erstelldatum wiederherstellen&#8220; show_in_lightbox=&#8220;on&#8220; align_tablet=&#8220;center&#8220; align_phone=&#8220;&#8220; align_last_edited=&#8220;on|desktop&#8220; _builder_version=&#8220;4.16&#8243; border_style=&#8220;solid&#8220; sticky=&#8220;off&#8220; global_colors_info=&#8220;{}&#8220;][\/et_pb_image][et_pb_text _builder_version=&#8220;4.16&#8243; module_alignment=&#8220;left&#8220; custom_margin=&#8220;100px|||&#8220; use_border_color=&#8220;off&#8220; global_colors_info=&#8220;{}&#8220;]<\/p>\n<h3><span style=\"color: #000080;\"><strong>Video-Anleitung<\/strong><\/span><\/h3>\n<p>Eine kurze Einf\u00fchrung bietet das Video <em>&#8222;Falsches Dateidatum? Mit File Date Corrector urspr\u00fcngliches Erstelldatum wiederherstellen.&#8220;<\/em><\/p>\n<p><iframe loading=\"lazy\" title=\"Falsches Dateidatum? Mit File Date Corrector urspr\u00fcngliches Erstelldatum wiederherstellen.\" width=\"1080\" height=\"810\" src=\"https:\/\/www.youtube.com\/embed\/Ii5iOgKVOuw?feature=oembed\"  allow=\"accelerometer; autoplay; clipboard-write; encrypted-media; gyroscope; picture-in-picture; web-share\" referrerpolicy=\"strict-origin-when-cross-origin\" allowfullscreen><\/iframe><\/p>\n<p>[\/et_pb_text][\/et_pb_column_inner][\/et_pb_row_inner][et_pb_row_inner admin_label=&#8220;Zeile&#8220; _builder_version=&#8220;4.16&#8243; global_colors_info=&#8220;{}&#8220;][et_pb_column_inner saved_specialty_column_type=&#8220;3_4&#8243; _builder_version=&#8220;4.16&#8243; custom_padding=&#8220;|||&#8220; global_colors_info=&#8220;{}&#8220; custom_padding__hover=&#8220;|||&#8220;][et_pb_text _builder_version=&#8220;4.23.1&#8243; module_alignment=&#8220;left&#8220; hover_enabled=&#8220;0&#8243; global_colors_info=&#8220;{}&#8220; sticky_enabled=&#8220;0&#8243;]<\/p>\n<h3><span style=\"color: #000080;\"><strong>Von File Date Corrector unterst\u00fctzte Dateiformate f\u00fcr Meta-Informationen<\/strong><\/span><\/h3>\n<p><strong>Dokument-Dateien<\/strong>, welche entsprechende Meta-Informationen enthalten k\u00f6nnen:<\/p>\n<p><em>pdf, doc, docx, docm, docb, dotx, dotm, xls, xlsx, xlsm, xlsb, xltx, xltm, ppt, pptx, pptm, potx, potm, odt, ods, odp, odg, odc, odf, odi, odm, eml, msg (Outlook)<br \/><\/em><\/p>\n<p><strong>Bild-Dateien<\/strong>, welche entsprechende EXIF und IPTC Meta-Informationen enthalten k\u00f6nnen:<\/p>\n<p><em>360, 3fr, 3g2, 3g2p, 3gp, 3gpp, arq, arw, avif, bpg, btf, bmp, cr2, cr3, crw, ciff, cs1, dcr, dib, dng, eps, epsf, ps, erf, exif, exv, fff, flif, gif, gpr, hdp, heic, heif, hif, ico, iiq, insp, j2c, j2k, jpc, jp2, jpf, jpm, jpx, jpeg, jpg, jpe, jxl, k25, kdc, mef, mie, miff, mif, mos, mpo, mrw, nef, nrw, orf, ori, pef, pict, pct, png, psd, raf, raw, rw2, rwl, sr2, srf, srw, thm tiff, tif, webp, x3f, xcf, xmp (Sidecar-Dateien)<\/em><\/p>\n<p><strong>Audio-Dateien<\/strong>, welche entsprechende Meta-Informationen enthalten k\u00f6nnen:<\/p>\n<p><em>ogg, ogm,\u00a0 mp2, mp3, wma, ra, ape, mac, flac, ac3, aac, dts, m4a, m4b, cda, wav <\/em><\/p>\n<p><strong>Video-Dateien<\/strong>, welche entsprechende Meta-Informationen enthalten k\u00f6nnen:<\/p>\n<p><em>avi, mpeg, mpg, vob, mp4, mpgv, mpv, m1v, m2v, m4v, asf, wmv, qt, mov, rm, rmvb, ifo, wtv, dvr-ms, mkv, mka, mks, divx, xvid, m2ts, m2t, mts, ts, flv, 3gp, mxf, swf, hevc<br \/><\/em><\/p>\n<p>&nbsp;<\/p>\n<p>&nbsp;<\/p>\n<h3><span style=\"color: #000080;\"><strong>Systemvoraussetzungen<\/strong><\/span><\/h3>\n<p>Betriebssystem Windows\u2122 7 \/ 8 \/ 10 \/ 11\u00a0 (32bit und 64bit).<br \/>Ca. 20 MB Speicherplatz auf der Festplatte.<\/p>\n<p>[\/et_pb_text][\/et_pb_column_inner][\/et_pb_row_inner][et_pb_row_inner column_structure=&#8220;1_2,1_2&#8243; admin_label=&#8220;Zeile&#8220; _builder_version=&#8220;4.16&#8243; global_colors_info=&#8220;{}&#8220;][et_pb_column_inner type=&#8220;1_2&#8243; saved_specialty_column_type=&#8220;3_4&#8243; _builder_version=&#8220;4.16&#8243; custom_padding=&#8220;|||&#8220; global_colors_info=&#8220;{}&#8220; custom_padding__hover=&#8220;|||&#8220;][et_pb_text _builder_version=&#8220;4.16&#8243; module_alignment=&#8220;left&#8220; hover_enabled=&#8220;0&#8243; use_border_color=&#8220;off&#8220; global_colors_info=&#8220;{}&#8220; sticky_enabled=&#8220;0&#8243;]<\/p>\n<h3><span style=\"color: #000080;\"><strong>Kostenloser Download<\/strong><\/span><\/h3>\n<p>Laden Sie jetzt <a href=\"https:\/\/www.infonautics-software.ch\/dateidatumkorrigieren\/download\/\">File Date Corrector <\/a>herunter. Die kostenlose Demoversion zeigt in der Vorschau die vorgesehenen anzuwendenden Datums\u00e4nderungen der ausgew\u00e4hlten Dateien.<\/p>\n<p>[\/et_pb_text][\/et_pb_column_inner][et_pb_column_inner type=&#8220;1_2&#8243; saved_specialty_column_type=&#8220;3_4&#8243; _builder_version=&#8220;4.16&#8243; custom_padding=&#8220;|||&#8220; global_colors_info=&#8220;{}&#8220; custom_padding__hover=&#8220;|||&#8220;][et_pb_text _builder_version=&#8220;4.16&#8243; global_colors_info=&#8220;{}&#8220;]<\/p>\n<p><iframe loading=\"lazy\" title=\"Erstelldatum von Dateien \u00e4ndern und korrigieren\" width=\"1080\" height=\"608\" src=\"https:\/\/www.youtube.com\/embed\/_ewOIZDddCo?feature=oembed\"  allow=\"accelerometer; autoplay; clipboard-write; encrypted-media; gyroscope; picture-in-picture; web-share\" referrerpolicy=\"strict-origin-when-cross-origin\" allowfullscreen><\/iframe><\/p>\n<p>[\/et_pb_text][\/et_pb_column_inner][\/et_pb_row_inner][\/et_pb_column][et_pb_column type=&#8220;1_4&#8243; _builder_version=&#8220;4.16&#8243; custom_padding=&#8220;|||&#8220; global_colors_info=&#8220;{}&#8220; custom_padding__hover=&#8220;|||&#8220;][et_pb_sidebar orientation=&#8220;right&#8220; area=&#8220;sidebar-1&#8243; _builder_version=&#8220;4.16&#8243; header_text_color=&#8220;#000080&#8243; header_font_size=&#8220;20&#8243; remove_border=&#8220;off&#8220; global_colors_info=&#8220;{}&#8220;][\/et_pb_sidebar][\/et_pb_column][\/et_pb_section][et_pb_section fb_built=&#8220;1&#8243; custom_padding_last_edited=&#8220;on|desktop&#8220; _builder_version=&#8220;4.16&#8243; background_color=&#8220;#00458e&#8220; custom_padding=&#8220;20px||20px|&#8220; custom_padding_tablet=&#8220;50px|0|50px|0&#8243; custom_padding_phone=&#8220;&#8220; transparent_background=&#8220;off&#8220; padding_mobile=&#8220;off&#8220; global_colors_info=&#8220;{}&#8220;][et_pb_row _builder_version=&#8220;4.16&#8243; background_size=&#8220;initial&#8220; background_position=&#8220;top_left&#8220; background_repeat=&#8220;repeat&#8220; global_colors_info=&#8220;{}&#8220;][et_pb_column type=&#8220;4_4&#8243; _builder_version=&#8220;4.16&#8243; custom_padding=&#8220;|||&#8220; global_colors_info=&#8220;{}&#8220; custom_padding__hover=&#8220;|||&#8220;][et_pb_cta title=&#8220;Pr\u00fcfen und korrigieren Sie jetzt das Datei-Datum %22Erstellt am%22 und %22Ge\u00e4ndert am%22 ihrer Dateien.&#8220; button_url=&#8220;https:\/\/www.infonautics-software.ch\/dateidatumkorrigieren\/download\/&#8220; button_text=&#8220;File Date Corrector jetzt herunterladen!&#8220; _builder_version=&#8220;4.16&#8243; header_font_size=&#8220;24&#8243; use_background_color=&#8220;off&#8220; background_size=&#8220;initial&#8220; background_position=&#8220;top_left&#8220; background_repeat=&#8220;repeat&#8220; use_border_color=&#8220;off&#8220; border_color=&#8220;#ffffff&#8220; border_style=&#8220;solid&#8220; global_colors_info=&#8220;{}&#8220; button_text_size__hover_enabled=&#8220;off&#8220; button_one_text_size__hover_enabled=&#8220;off&#8220; button_two_text_size__hover_enabled=&#8220;off&#8220; button_text_color__hover_enabled=&#8220;off&#8220; button_one_text_color__hover_enabled=&#8220;off&#8220; button_two_text_color__hover_enabled=&#8220;off&#8220; button_border_width__hover_enabled=&#8220;off&#8220; button_one_border_width__hover_enabled=&#8220;off&#8220; button_two_border_width__hover_enabled=&#8220;off&#8220; button_border_color__hover_enabled=&#8220;off&#8220; button_one_border_color__hover_enabled=&#8220;off&#8220; button_two_border_color__hover_enabled=&#8220;off&#8220; button_border_radius__hover_enabled=&#8220;off&#8220; button_one_border_radius__hover_enabled=&#8220;off&#8220; button_two_border_radius__hover_enabled=&#8220;off&#8220; button_letter_spacing__hover_enabled=&#8220;off&#8220; button_one_letter_spacing__hover_enabled=&#8220;off&#8220; button_two_letter_spacing__hover_enabled=&#8220;off&#8220; button_bg_color__hover_enabled=&#8220;off&#8220; button_one_bg_color__hover_enabled=&#8220;off&#8220; button_two_bg_color__hover_enabled=&#8220;off&#8220;][\/et_pb_cta][\/et_pb_column][\/et_pb_row][\/et_pb_section]<\/p>\n","protected":false},"excerpt":{"rendered":"<p>Einfach und schnell das urspr\u00fcngliche Erstellungsdatum und \u00c4nderungsdatum von Dateien aus den enthaltenen Metadaten wiederherstellen. Mit File Date Corrector das Dateidatum &#8222;Erstellt&#8220; und &#8222;Ge\u00e4ndert&#8220; wiederherstellen &nbsp; Sie haben einen neuen PC eingerichtet und stellen nun fest, dass alle \u00fcbernommenen Dateien auf Ihrer neuen Festplatte ein falsches Dateidatum &#8222;Erstellt&#8220; anzeigen?\u00a0Sie haben Ihre Fotos von Ihrer Digitalkamera [&hellip;]<\/p>\n","protected":false},"author":1,"featured_media":0,"parent":0,"menu_order":0,"comment_status":"closed","ping_status":"closed","template":"","meta":{"_et_pb_use_builder":"on","_et_pb_old_content":"","_et_gb_content_width":"","jetpack_post_was_ever_published":false,"footnotes":""},"class_list":["post-37","page","type-page","status-publish","hentry"],"yoast_head":"<!-- This site is optimized with the Yoast SEO plugin v25.0 - https:\/\/yoast.com\/wordpress\/plugins\/seo\/ -->\n<title>Das tats\u00e4chliche Erstelldatum von Dateien wiederherstellen<\/title>\n<meta name=\"description\" content=\"Das Windows-Programm File Date Corrector kann einfach und schnell das tats\u00e4chliche Erstelldatum von Dateien wiederherstellen. Jetzt herunterladen!\" \/>\n<meta name=\"robots\" content=\"index, follow, max-snippet:-1, max-image-preview:large, max-video-preview:-1\" \/>\n<link rel=\"canonical\" href=\"https:\/\/www.infonautics-software.ch\/dateidatumkorrigieren\/\" \/>\n<meta property=\"og:locale\" content=\"de_DE\" \/>\n<meta property=\"og:type\" content=\"article\" \/>\n<meta property=\"og:title\" content=\"Das tats\u00e4chliche Erstelldatum von Dateien wiederherstellen\" \/>\n<meta property=\"og:description\" content=\"Das Windows-Programm File Date Corrector kann einfach und schnell das tats\u00e4chliche Erstelldatum von Dateien wiederherstellen. Jetzt herunterladen!\" \/>\n<meta property=\"og:url\" content=\"https:\/\/www.infonautics-software.ch\/dateidatumkorrigieren\/\" \/>\n<meta property=\"og:site_name\" content=\"File Date Corrector DE\" \/>\n<meta property=\"article:modified_time\" content=\"2025-10-02T12:55:49+00:00\" \/>\n<meta name=\"twitter:card\" content=\"summary_large_image\" \/>\n<meta name=\"twitter:site\" content=\"@InfonauticsGmbH\" \/>\n<meta name=\"twitter:label1\" content=\"Gesch\u00e4tzte Lesezeit\" \/>\n\t<meta name=\"twitter:data1\" content=\"7\u00a0Minuten\" \/>\n<script type=\"application\/ld+json\" class=\"yoast-schema-graph\">{\"@context\":\"https:\/\/schema.org\",\"@graph\":[{\"@type\":\"WebPage\",\"@id\":\"https:\/\/www.infonautics-software.ch\/dateidatumkorrigieren\/\",\"url\":\"https:\/\/www.infonautics-software.ch\/dateidatumkorrigieren\/\",\"name\":\"Das tats\u00e4chliche Erstelldatum von Dateien wiederherstellen\",\"isPartOf\":{\"@id\":\"https:\/\/www.infonautics-software.ch\/dateidatumkorrigieren\/#website\"},\"datePublished\":\"2025-10-02T08:00:16+00:00\",\"dateModified\":\"2025-10-02T12:55:49+00:00\",\"description\":\"Das Windows-Programm File Date Corrector kann einfach und schnell das tats\u00e4chliche Erstelldatum von Dateien wiederherstellen. Jetzt herunterladen!\",\"breadcrumb\":{\"@id\":\"https:\/\/www.infonautics-software.ch\/dateidatumkorrigieren\/#breadcrumb\"},\"inLanguage\":\"de\",\"potentialAction\":[{\"@type\":\"ReadAction\",\"target\":[\"https:\/\/www.infonautics-software.ch\/dateidatumkorrigieren\/\"]}]},{\"@type\":\"BreadcrumbList\",\"@id\":\"https:\/\/www.infonautics-software.ch\/dateidatumkorrigieren\/#breadcrumb\",\"itemListElement\":[{\"@type\":\"ListItem\",\"position\":1,\"name\":\"Startseite\",\"item\":\"https:\/\/www.infonautics-software.ch\/dateidatumkorrigieren\/\"},{\"@type\":\"ListItem\",\"position\":2,\"name\":\"HOME\"}]},{\"@type\":\"WebSite\",\"@id\":\"https:\/\/www.infonautics-software.ch\/dateidatumkorrigieren\/#website\",\"url\":\"https:\/\/www.infonautics-software.ch\/dateidatumkorrigieren\/\",\"name\":\"File Date Corrector DE\",\"description\":\"Dateidatum korrigieren mit Meta-Informationen\",\"potentialAction\":[{\"@type\":\"SearchAction\",\"target\":{\"@type\":\"EntryPoint\",\"urlTemplate\":\"https:\/\/www.infonautics-software.ch\/dateidatumkorrigieren\/?s={search_term_string}\"},\"query-input\":{\"@type\":\"PropertyValueSpecification\",\"valueRequired\":true,\"valueName\":\"search_term_string\"}}],\"inLanguage\":\"de\"}]}<\/script>\n<!-- \/ Yoast SEO plugin. -->","yoast_head_json":{"title":"Das tats\u00e4chliche Erstelldatum von Dateien wiederherstellen","description":"Das Windows-Programm File Date Corrector kann einfach und schnell das tats\u00e4chliche Erstelldatum von Dateien wiederherstellen. Jetzt herunterladen!","robots":{"index":"index","follow":"follow","max-snippet":"max-snippet:-1","max-image-preview":"max-image-preview:large","max-video-preview":"max-video-preview:-1"},"canonical":"https:\/\/www.infonautics-software.ch\/dateidatumkorrigieren\/","og_locale":"de_DE","og_type":"article","og_title":"Das tats\u00e4chliche Erstelldatum von Dateien wiederherstellen","og_description":"Das Windows-Programm File Date Corrector kann einfach und schnell das tats\u00e4chliche Erstelldatum von Dateien wiederherstellen. Jetzt herunterladen!","og_url":"https:\/\/www.infonautics-software.ch\/dateidatumkorrigieren\/","og_site_name":"File Date Corrector DE","article_modified_time":"2025-10-02T12:55:49+00:00","twitter_card":"summary_large_image","twitter_site":"@InfonauticsGmbH","twitter_misc":{"Gesch\u00e4tzte Lesezeit":"7\u00a0Minuten"},"schema":{"@context":"https:\/\/schema.org","@graph":[{"@type":"WebPage","@id":"https:\/\/www.infonautics-software.ch\/dateidatumkorrigieren\/","url":"https:\/\/www.infonautics-software.ch\/dateidatumkorrigieren\/","name":"Das tats\u00e4chliche Erstelldatum von Dateien wiederherstellen","isPartOf":{"@id":"https:\/\/www.infonautics-software.ch\/dateidatumkorrigieren\/#website"},"datePublished":"2025-10-02T08:00:16+00:00","dateModified":"2025-10-02T12:55:49+00:00","description":"Das Windows-Programm File Date Corrector kann einfach und schnell das tats\u00e4chliche Erstelldatum von Dateien wiederherstellen. Jetzt herunterladen!","breadcrumb":{"@id":"https:\/\/www.infonautics-software.ch\/dateidatumkorrigieren\/#breadcrumb"},"inLanguage":"de","potentialAction":[{"@type":"ReadAction","target":["https:\/\/www.infonautics-software.ch\/dateidatumkorrigieren\/"]}]},{"@type":"BreadcrumbList","@id":"https:\/\/www.infonautics-software.ch\/dateidatumkorrigieren\/#breadcrumb","itemListElement":[{"@type":"ListItem","position":1,"name":"Startseite","item":"https:\/\/www.infonautics-software.ch\/dateidatumkorrigieren\/"},{"@type":"ListItem","position":2,"name":"HOME"}]},{"@type":"WebSite","@id":"https:\/\/www.infonautics-software.ch\/dateidatumkorrigieren\/#website","url":"https:\/\/www.infonautics-software.ch\/dateidatumkorrigieren\/","name":"File Date Corrector DE","description":"Dateidatum korrigieren mit Meta-Informationen","potentialAction":[{"@type":"SearchAction","target":{"@type":"EntryPoint","urlTemplate":"https:\/\/www.infonautics-software.ch\/dateidatumkorrigieren\/?s={search_term_string}"},"query-input":{"@type":"PropertyValueSpecification","valueRequired":true,"valueName":"search_term_string"}}],"inLanguage":"de"}]}},"jetpack_shortlink":"https:\/\/wp.me\/P7CGbP-B","jetpack_sharing_enabled":true,"_links":{"self":[{"href":"https:\/\/www.infonautics-software.ch\/dateidatumkorrigieren\/wp-json\/wp\/v2\/pages\/37","targetHints":{"allow":["GET"]}}],"collection":[{"href":"https:\/\/www.infonautics-software.ch\/dateidatumkorrigieren\/wp-json\/wp\/v2\/pages"}],"about":[{"href":"https:\/\/www.infonautics-software.ch\/dateidatumkorrigieren\/wp-json\/wp\/v2\/types\/page"}],"author":[{"embeddable":true,"href":"https:\/\/www.infonautics-software.ch\/dateidatumkorrigieren\/wp-json\/wp\/v2\/users\/1"}],"replies":[{"embeddable":true,"href":"https:\/\/www.infonautics-software.ch\/dateidatumkorrigieren\/wp-json\/wp\/v2\/comments?post=37"}],"version-history":[{"count":10,"href":"https:\/\/www.infonautics-software.ch\/dateidatumkorrigieren\/wp-json\/wp\/v2\/pages\/37\/revisions"}],"predecessor-version":[{"id":2116,"href":"https:\/\/www.infonautics-software.ch\/dateidatumkorrigieren\/wp-json\/wp\/v2\/pages\/37\/revisions\/2116"}],"wp:attachment":[{"href":"https:\/\/www.infonautics-software.ch\/dateidatumkorrigieren\/wp-json\/wp\/v2\/media?parent=37"}],"curies":[{"name":"wp","href":"https:\/\/api.w.org\/{rel}","templated":true}]}}