{"id":824,"date":"2019-04-16T10:40:34","date_gmt":"2019-04-16T08:40:34","guid":{"rendered":"http:\/\/www.livefilebackup.ch\/?page_id=824"},"modified":"2019-04-16T17:32:48","modified_gmt":"2019-04-16T15:32:48","slug":"screenshots","status":"publish","type":"page","link":"https:\/\/www.infonautics-software.ch\/dateidatumkorrigieren\/screenshots\/","title":{"rendered":"SCREENSHOTS"},"content":{"rendered":"<p>[et_pb_section bb_built=&#8220;1&#8243; fullwidth=&#8220;on&#8220; specialty=&#8220;off&#8220; transparent_background=&#8220;off&#8220; background_color=&#8220;#00458e&#8220; allow_player_pause=&#8220;off&#8220; inner_shadow=&#8220;off&#8220; parallax=&#8220;off&#8220; parallax_method=&#8220;off&#8220; custom_padding=&#8220;50px|||&#8220; padding_mobile=&#8220;off&#8220; make_fullwidth=&#8220;off&#8220; use_custom_width=&#8220;off&#8220; width_unit=&#8220;on&#8220; make_equal=&#8220;off&#8220; use_custom_gutter=&#8220;off&#8220; custom_padding_tablet=&#8220;50px|0|50px|0&#8243; custom_padding_last_edited=&#8220;on|desktop&#8220; next_background_color=&#8220;#FFFFFF&#8220;][et_pb_fullwidth_header title=&#8220;Screenshots zu File Date Corrector&#8220; background_layout=&#8220;dark&#8220; text_orientation=&#8220;left&#8220; header_fullscreen=&#8220;off&#8220; header_scroll_down=&#8220;off&#8220; parallax=&#8220;off&#8220; parallax_method=&#8220;off&#8220; content_orientation=&#8220;center&#8220; image_orientation=&#8220;center&#8220; custom_button_one=&#8220;off&#8220; button_one_letter_spacing=&#8220;0&#8243; button_one_use_icon=&#8220;default&#8220; button_one_icon_placement=&#8220;right&#8220; button_one_on_hover=&#8220;on&#8220; button_one_letter_spacing_hover=&#8220;0&#8243; custom_button_two=&#8220;off&#8220; button_two_letter_spacing=&#8220;0&#8243; button_two_use_icon=&#8220;default&#8220; button_two_icon_placement=&#8220;right&#8220; button_two_on_hover=&#8220;on&#8220; button_two_letter_spacing_hover=&#8220;0&#8243; content_max_width=&#8220;100%&#8220; background_color=&#8220;rgba(255, 255, 255, 0)&#8220; \/][\/et_pb_section][et_pb_section bb_built=&#8220;1&#8243; fullwidth=&#8220;off&#8220; specialty=&#8220;on&#8220; prev_background_color=&#8220;#00458e&#8220;][et_pb_column type=&#8220;3_4&#8243; specialty_columns=&#8220;3&#8243;][et_pb_row_inner admin_label=&#8220;Zeile&#8220;][et_pb_column_inner type=&#8220;4_4&#8243; saved_specialty_column_type=&#8220;3_4&#8243;][et_pb_text use_border_color=&#8220;off&#8220; background_position=&#8220;top_left&#8220; background_repeat=&#8220;repeat&#8220; background_size=&#8220;initial&#8220; _builder_version=&#8220;3.12&#8243;]<\/p>\n<h2><strong><span style=\"color: #000080;\">Einfach das urspr\u00fcngliche Erstelldatum wiederherstellen<\/span><\/strong><\/h2>\n<p>&nbsp;<\/p>\n<p>Haben Sie nach dem Kopieren von Dateien festgestellt, dass das <strong>Erstelldatum nicht mehr korrekt<\/strong> ist? Das Windows-Programm <strong>File Date Corrector<\/strong> kann einfach und schnell das Dateidatum korrigieren und das <strong>tats\u00e4chliche Erstelldatum<\/strong> <strong>wiederherstellen<\/strong>. Daf\u00fcr liest File Date Corrector die Metadaten von Bildern, Dokumenten, Audio und Video aus und\u00a0korrigiert das Dateidatum &#8222;Erstellt&#8220; auf das urspr\u00fcngliche und tats\u00e4chliche Erstelldatum \/ Aufnahmedatum.<\/p>\n<h3>\u00a0<\/h3>\n<p>[\/et_pb_text][\/et_pb_column_inner][\/et_pb_row_inner][et_pb_row_inner admin_label=&#8220;Zeile&#8220; padding_mobile=&#8220;off&#8220; use_custom_gutter=&#8220;off&#8220; column_padding_mobile=&#8220;on&#8220; make_equal=&#8220;on&#8220;][et_pb_column_inner type=&#8220;1_2&#8243; saved_specialty_column_type=&#8220;3_4&#8243;][et_pb_text _builder_version=&#8220;3.12&#8243;]<\/p>\n<h4><span style=\"color: #000080;\"><strong>Verzeichnis w\u00e4hlen<\/strong><\/span><\/h4>\n<p>W\u00e4hlen Sie das gew\u00fcnschte Verzeichnis, in welchem Sie das Dateidatum &#8222;Erstellt&#8220; oder &#8222;Ge\u00e4ndert&#8220; korrigieren m\u00f6chten.<\/p>\n<p>[\/et_pb_text][\/et_pb_column_inner][et_pb_column_inner type=&#8220;1_2&#8243; saved_specialty_column_type=&#8220;3_4&#8243;][et_pb_image src=&#8220;https:\/\/www.infonautics-software.ch\/dateidatumkorrigieren\/wp-content\/uploads\/sites\/29\/2017\/04\/FileDateCorrectorDE1.png&#8220; title_text=&#8220;Gew\u00fcnschtes Verzeichnis ausw\u00e4hlen, um Dateidatum zu korrigieren&#8220; show_in_lightbox=&#8220;on&#8220; url_new_window=&#8220;off&#8220; sticky=&#8220;off&#8220; align=&#8220;left&#8220; force_fullwidth=&#8220;off&#8220; always_center_on_mobile=&#8220;on&#8220; border_style=&#8220;solid&#8220; alt=&#8220;Dateidatum korrigieren mit File Date Corrector&#8220; use_overlay=&#8220;off&#8220; _builder_version=&#8220;3.0.69&#8243; animation_style=&#8220;none&#8220; animation_duration=&#8220;1000ms&#8220; animation_intensity_slide=&#8220;50%&#8220; show_bottom_space=&#8220;on&#8220; \/][\/et_pb_column_inner][\/et_pb_row_inner][et_pb_row_inner admin_label=&#8220;Zeile&#8220;][et_pb_column_inner type=&#8220;1_2&#8243; saved_specialty_column_type=&#8220;3_4&#8243;][et_pb_image src=&#8220;https:\/\/www.infonautics-software.ch\/dateidatumkorrigieren\/wp-content\/uploads\/sites\/29\/2017\/08\/FileDateCorrectorDE2.png&#8220; show_in_lightbox=&#8220;on&#8220; url_new_window=&#8220;off&#8220; sticky=&#8220;off&#8220; align=&#8220;left&#8220; force_fullwidth=&#8220;off&#8220; always_center_on_mobile=&#8220;on&#8220; border_style=&#8220;solid&#8220; alt=&#8220;Dateidatum %22Erstellt am%22 und %22Ge\u00e4ndert am%22 korrigieren&#8220; title_text=&#8220;Auswahl Datum zum Korrigieren der Dateidaten&#8220; use_overlay=&#8220;off&#8220; _builder_version=&#8220;3.0.69&#8243; animation_style=&#8220;none&#8220; animation_duration=&#8220;1000ms&#8220; animation_intensity_slide=&#8220;50%&#8220; show_bottom_space=&#8220;on&#8220; \/][\/et_pb_column_inner][et_pb_column_inner type=&#8220;1_2&#8243; saved_specialty_column_type=&#8220;3_4&#8243;][et_pb_text _builder_version=&#8220;3.12&#8243;]<\/p>\n<h4><strong><span style=\"color: #000080;\">Datumskorrektur einstellen<\/span><\/strong><\/h4>\n<p>Anschliessend definieren\u00a0Sie, ob Sie das Dateidatum &#8222;Erstellt&#8220; und\/oder &#8222;Ge\u00e4ndert&#8220; korrigieren m\u00f6chten. Als Quellen f\u00fcr das neue Dateidatum kommen Metadaten aus den Dateien, ein fixes Datum, oder auch ein aus dem Dateinamen extrahiertes Datum in Frage. Das gefundene Datum kann zudem zus\u00e4tzlich zeitlich verschoben werden.<\/p>\n<p>[\/et_pb_text][\/et_pb_column_inner][\/et_pb_row_inner][et_pb_row_inner admin_label=&#8220;Zeile&#8220;][et_pb_column_inner type=&#8220;1_2&#8243; saved_specialty_column_type=&#8220;3_4&#8243;][et_pb_text _builder_version=&#8220;3.12&#8243;]<\/p>\n<h4><span style=\"color: #000080;\"><strong>Vorschau anzeigen<br \/>\n<\/strong><\/span><\/h4>\n<p>Die Vorschau zeigt in den Spalten &#8222;Erstellt nach Korrektur&#8220; und &#8222;Ge\u00e4ndert nach Korrektur&#8220; die vorgesehenen Korrekturen unter Ber\u00fccksichtigung der korrekten Zeitzone an. Es k\u00f6nnen auch einzelne Dateien oder ganze Verzeichnisse f\u00fcr die anschliessende definitive Korrektur ein- oder ausgeschlossen werden.<\/p>\n<p>[\/et_pb_text][\/et_pb_column_inner][et_pb_column_inner type=&#8220;1_2&#8243; saved_specialty_column_type=&#8220;3_4&#8243;][et_pb_image src=&#8220;https:\/\/www.infonautics-software.ch\/dateidatumkorrigieren\/wp-content\/uploads\/sites\/29\/2017\/04\/FileDateCorrectorDE3.png&#8220; show_in_lightbox=&#8220;on&#8220; url_new_window=&#8220;off&#8220; sticky=&#8220;off&#8220; align=&#8220;left&#8220; force_fullwidth=&#8220;off&#8220; always_center_on_mobile=&#8220;on&#8220; border_style=&#8220;solid&#8220; alt=&#8220;Vorschau zur Pr\u00fcfung der vorgesehenen Korrekturen.&#8220; title_text=&#8220;Vorschau der vorgesehenen Korrekturen zu %22Erstellt am%22 und %22Ge\u00e4ndert am%22.&#8220; use_overlay=&#8220;off&#8220; _builder_version=&#8220;3.0.69&#8243; animation_style=&#8220;none&#8220; animation_duration=&#8220;1000ms&#8220; animation_intensity_slide=&#8220;50%&#8220; show_bottom_space=&#8220;on&#8220; \/][\/et_pb_column_inner][\/et_pb_row_inner][et_pb_row_inner admin_label=&#8220;Zeile&#8220;][et_pb_column_inner type=&#8220;1_2&#8243; saved_specialty_column_type=&#8220;3_4&#8243;][et_pb_image src=&#8220;https:\/\/www.infonautics-software.ch\/dateidatumkorrigieren\/wp-content\/uploads\/sites\/29\/2017\/04\/FileDateCorrectorDE4.png&#8220; show_in_lightbox=&#8220;on&#8220; url_new_window=&#8220;off&#8220; sticky=&#8220;off&#8220; align=&#8220;left&#8220; force_fullwidth=&#8220;off&#8220; always_center_on_mobile=&#8220;on&#8220; border_style=&#8220;solid&#8220; alt=&#8220;File Date Corrector &#8211; Korrektur Datum %22Erstellt%22 und %22Ge\u00e4ndert%22&#8243; title_text=&#8220;Mit File Date Corrector tats\u00e4chliches Erstelldatum wiederherstellen&#8220; use_overlay=&#8220;off&#8220; _builder_version=&#8220;3.0.69&#8243; animation_style=&#8220;none&#8220; animation_duration=&#8220;1000ms&#8220; animation_intensity_slide=&#8220;50%&#8220; show_bottom_space=&#8220;on&#8220; \/][\/et_pb_column_inner][et_pb_column_inner type=&#8220;1_2&#8243; saved_specialty_column_type=&#8220;3_4&#8243;][et_pb_text border_style=&#8220;solid&#8220; _builder_version=&#8220;3.12&#8243;]<\/p>\n<h4><span style=\"color: #000080;\"><strong>Korrigieren<\/strong><\/span><\/h4>\n<p>Nach Pr\u00fcfung der &#8222;Vorschau&#8220; k\u00f6nnen die neuen Dateidati &#8222;Erstellt&#8220; und &#8222;Ge\u00e4ndert&#8220; nun per Mausklick auf den Button &#8222;5. Korrigieren&#8220; definitiv angewendet werden.<\/p>\n<p>[\/et_pb_text][\/et_pb_column_inner][\/et_pb_row_inner][\/et_pb_column][et_pb_column type=&#8220;1_4&#8243;][et_pb_sidebar orientation=&#8220;right&#8220; area=&#8220;sidebar-1&#8243; background_layout=&#8220;light&#8220; remove_border=&#8220;off&#8220; header_text_color=&#8220;#000080&#8243; header_font_size=&#8220;20&#8243; show_border=&#8220;on&#8220; \/][\/et_pb_column][\/et_pb_section]<\/p>\n","protected":false},"excerpt":{"rendered":"<p>Einfach das urspr\u00fcngliche Erstelldatum wiederherstellen &nbsp; Haben Sie nach dem Kopieren von Dateien festgestellt, dass das Erstelldatum nicht mehr korrekt ist? Das Windows-Programm File Date Corrector kann einfach und schnell das Dateidatum korrigieren und das tats\u00e4chliche Erstelldatum wiederherstellen. Daf\u00fcr liest File Date Corrector die Metadaten von Bildern, Dokumenten, Audio und Video aus und\u00a0korrigiert das Dateidatum [&hellip;]<\/p>\n","protected":false},"author":1,"featured_media":0,"parent":0,"menu_order":0,"comment_status":"closed","ping_status":"closed","template":"","meta":{"_et_pb_use_builder":"on","_et_pb_old_content":"","_et_gb_content_width":"","jetpack_post_was_ever_published":false,"footnotes":""},"class_list":["post-824","page","type-page","status-publish","hentry"],"yoast_head":"<!-- This site is optimized with the Yoast SEO plugin v25.0 - https:\/\/yoast.com\/wordpress\/plugins\/seo\/ -->\n<title>Dateidatum &quot;Erstellt am&quot; korrigieren<\/title>\n<meta name=\"description\" content=\"Haben Sie ein falsches Erstelldatum nach dem Kopieren von Dateien? Mit File Date Corrector f\u00fcr Windows l\u00e4sst sich einfach das Dateidatum korrigieren.\" \/>\n<meta name=\"robots\" content=\"index, follow, max-snippet:-1, max-image-preview:large, max-video-preview:-1\" \/>\n<link rel=\"canonical\" href=\"https:\/\/www.infonautics-software.ch\/dateidatumkorrigieren\/screenshots\/\" \/>\n<meta property=\"og:locale\" content=\"de_DE\" \/>\n<meta property=\"og:type\" content=\"article\" \/>\n<meta property=\"og:title\" content=\"Dateidatum &quot;Erstellt am&quot; korrigieren\" \/>\n<meta property=\"og:description\" content=\"Haben Sie ein falsches Erstelldatum nach dem Kopieren von Dateien? Mit File Date Corrector f\u00fcr Windows l\u00e4sst sich einfach das Dateidatum korrigieren.\" \/>\n<meta property=\"og:url\" content=\"https:\/\/www.infonautics-software.ch\/dateidatumkorrigieren\/screenshots\/\" \/>\n<meta property=\"og:site_name\" content=\"File Date Corrector DE\" \/>\n<meta property=\"article:modified_time\" content=\"2019-04-16T15:32:48+00:00\" \/>\n<meta name=\"twitter:card\" content=\"summary_large_image\" \/>\n<meta name=\"twitter:site\" content=\"@InfonauticsGmbH\" \/>\n<meta name=\"twitter:label1\" content=\"Gesch\u00e4tzte Lesezeit\" \/>\n\t<meta name=\"twitter:data1\" content=\"5\u00a0Minuten\" \/>\n<script type=\"application\/ld+json\" class=\"yoast-schema-graph\">{\"@context\":\"https:\/\/schema.org\",\"@graph\":[{\"@type\":\"WebPage\",\"@id\":\"https:\/\/www.infonautics-software.ch\/dateidatumkorrigieren\/screenshots\/\",\"url\":\"https:\/\/www.infonautics-software.ch\/dateidatumkorrigieren\/screenshots\/\",\"name\":\"Dateidatum \\\"Erstellt am\\\" korrigieren\",\"isPartOf\":{\"@id\":\"https:\/\/www.infonautics-software.ch\/dateidatumkorrigieren\/#website\"},\"datePublished\":\"2019-04-16T08:40:34+00:00\",\"dateModified\":\"2019-04-16T15:32:48+00:00\",\"description\":\"Haben Sie ein falsches Erstelldatum nach dem Kopieren von Dateien? Mit File Date Corrector f\u00fcr Windows l\u00e4sst sich einfach das Dateidatum korrigieren.\",\"breadcrumb\":{\"@id\":\"https:\/\/www.infonautics-software.ch\/dateidatumkorrigieren\/screenshots\/#breadcrumb\"},\"inLanguage\":\"de\",\"potentialAction\":[{\"@type\":\"ReadAction\",\"target\":[\"https:\/\/www.infonautics-software.ch\/dateidatumkorrigieren\/screenshots\/\"]}]},{\"@type\":\"BreadcrumbList\",\"@id\":\"https:\/\/www.infonautics-software.ch\/dateidatumkorrigieren\/screenshots\/#breadcrumb\",\"itemListElement\":[{\"@type\":\"ListItem\",\"position\":1,\"name\":\"Startseite\",\"item\":\"https:\/\/www.infonautics-software.ch\/dateidatumkorrigieren\/\"},{\"@type\":\"ListItem\",\"position\":2,\"name\":\"SCREENSHOTS\"}]},{\"@type\":\"WebSite\",\"@id\":\"https:\/\/www.infonautics-software.ch\/dateidatumkorrigieren\/#website\",\"url\":\"https:\/\/www.infonautics-software.ch\/dateidatumkorrigieren\/\",\"name\":\"File Date Corrector DE\",\"description\":\"Dateidatum korrigieren mit Meta-Informationen\",\"potentialAction\":[{\"@type\":\"SearchAction\",\"target\":{\"@type\":\"EntryPoint\",\"urlTemplate\":\"https:\/\/www.infonautics-software.ch\/dateidatumkorrigieren\/?s={search_term_string}\"},\"query-input\":{\"@type\":\"PropertyValueSpecification\",\"valueRequired\":true,\"valueName\":\"search_term_string\"}}],\"inLanguage\":\"de\"}]}<\/script>\n<!-- \/ Yoast SEO plugin. -->","yoast_head_json":{"title":"Dateidatum \"Erstellt am\" korrigieren","description":"Haben Sie ein falsches Erstelldatum nach dem Kopieren von Dateien? Mit File Date Corrector f\u00fcr Windows l\u00e4sst sich einfach das Dateidatum korrigieren.","robots":{"index":"index","follow":"follow","max-snippet":"max-snippet:-1","max-image-preview":"max-image-preview:large","max-video-preview":"max-video-preview:-1"},"canonical":"https:\/\/www.infonautics-software.ch\/dateidatumkorrigieren\/screenshots\/","og_locale":"de_DE","og_type":"article","og_title":"Dateidatum \"Erstellt am\" korrigieren","og_description":"Haben Sie ein falsches Erstelldatum nach dem Kopieren von Dateien? Mit File Date Corrector f\u00fcr Windows l\u00e4sst sich einfach das Dateidatum korrigieren.","og_url":"https:\/\/www.infonautics-software.ch\/dateidatumkorrigieren\/screenshots\/","og_site_name":"File Date Corrector DE","article_modified_time":"2019-04-16T15:32:48+00:00","twitter_card":"summary_large_image","twitter_site":"@InfonauticsGmbH","twitter_misc":{"Gesch\u00e4tzte Lesezeit":"5\u00a0Minuten"},"schema":{"@context":"https:\/\/schema.org","@graph":[{"@type":"WebPage","@id":"https:\/\/www.infonautics-software.ch\/dateidatumkorrigieren\/screenshots\/","url":"https:\/\/www.infonautics-software.ch\/dateidatumkorrigieren\/screenshots\/","name":"Dateidatum \"Erstellt am\" korrigieren","isPartOf":{"@id":"https:\/\/www.infonautics-software.ch\/dateidatumkorrigieren\/#website"},"datePublished":"2019-04-16T08:40:34+00:00","dateModified":"2019-04-16T15:32:48+00:00","description":"Haben Sie ein falsches Erstelldatum nach dem Kopieren von Dateien? Mit File Date Corrector f\u00fcr Windows l\u00e4sst sich einfach das Dateidatum korrigieren.","breadcrumb":{"@id":"https:\/\/www.infonautics-software.ch\/dateidatumkorrigieren\/screenshots\/#breadcrumb"},"inLanguage":"de","potentialAction":[{"@type":"ReadAction","target":["https:\/\/www.infonautics-software.ch\/dateidatumkorrigieren\/screenshots\/"]}]},{"@type":"BreadcrumbList","@id":"https:\/\/www.infonautics-software.ch\/dateidatumkorrigieren\/screenshots\/#breadcrumb","itemListElement":[{"@type":"ListItem","position":1,"name":"Startseite","item":"https:\/\/www.infonautics-software.ch\/dateidatumkorrigieren\/"},{"@type":"ListItem","position":2,"name":"SCREENSHOTS"}]},{"@type":"WebSite","@id":"https:\/\/www.infonautics-software.ch\/dateidatumkorrigieren\/#website","url":"https:\/\/www.infonautics-software.ch\/dateidatumkorrigieren\/","name":"File Date Corrector DE","description":"Dateidatum korrigieren mit Meta-Informationen","potentialAction":[{"@type":"SearchAction","target":{"@type":"EntryPoint","urlTemplate":"https:\/\/www.infonautics-software.ch\/dateidatumkorrigieren\/?s={search_term_string}"},"query-input":{"@type":"PropertyValueSpecification","valueRequired":true,"valueName":"search_term_string"}}],"inLanguage":"de"}]}},"jetpack_shortlink":"https:\/\/wp.me\/P7CGbP-di","jetpack_sharing_enabled":true,"_links":{"self":[{"href":"https:\/\/www.infonautics-software.ch\/dateidatumkorrigieren\/wp-json\/wp\/v2\/pages\/824","targetHints":{"allow":["GET"]}}],"collection":[{"href":"https:\/\/www.infonautics-software.ch\/dateidatumkorrigieren\/wp-json\/wp\/v2\/pages"}],"about":[{"href":"https:\/\/www.infonautics-software.ch\/dateidatumkorrigieren\/wp-json\/wp\/v2\/types\/page"}],"author":[{"embeddable":true,"href":"https:\/\/www.infonautics-software.ch\/dateidatumkorrigieren\/wp-json\/wp\/v2\/users\/1"}],"replies":[{"embeddable":true,"href":"https:\/\/www.infonautics-software.ch\/dateidatumkorrigieren\/wp-json\/wp\/v2\/comments?post=824"}],"version-history":[{"count":10,"href":"https:\/\/www.infonautics-software.ch\/dateidatumkorrigieren\/wp-json\/wp\/v2\/pages\/824\/revisions"}],"predecessor-version":[{"id":1960,"href":"https:\/\/www.infonautics-software.ch\/dateidatumkorrigieren\/wp-json\/wp\/v2\/pages\/824\/revisions\/1960"}],"wp:attachment":[{"href":"https:\/\/www.infonautics-software.ch\/dateidatumkorrigieren\/wp-json\/wp\/v2\/media?parent=824"}],"curies":[{"name":"wp","href":"https:\/\/api.w.org\/{rel}","templated":true}]}}