{"id":913,"date":"2024-10-14T11:00:50","date_gmt":"2024-10-14T09:00:50","guid":{"rendered":"http:\/\/www.livefilebackup.ch\/?page_id=913"},"modified":"2024-10-14T17:16:29","modified_gmt":"2024-10-14T15:16:29","slug":"impressum","status":"publish","type":"page","link":"https:\/\/www.infonautics-software.ch\/dateidatumkorrigieren\/impressum\/","title":{"rendered":"IMPRESSUM"},"content":{"rendered":"<p>[et_pb_section fb_built=&#8220;1&#8243; fullwidth=&#8220;on&#8220; custom_padding_last_edited=&#8220;on|desktop&#8220; admin_label=&#8220;Sektion&#8220; _builder_version=&#8220;4.16&#8243; background_color=&#8220;#00458e&#8220; custom_padding=&#8220;50px|||&#8220; custom_padding_tablet=&#8220;50px|0|50px|0&#8243; custom_padding_phone=&#8220;50px|0|50px|0&#8243; transparent_background=&#8220;off&#8220; padding_mobile=&#8220;off&#8220; make_fullwidth=&#8220;off&#8220; use_custom_width=&#8220;off&#8220; width_unit=&#8220;on&#8220; global_colors_info=&#8220;{}&#8220;][et_pb_fullwidth_header title=&#8220;IMPRESSUM&#8220; content_max_width=&#8220;none&#8220; admin_label=&#8220;Vollbreite Kopfzeile&#8220; _builder_version=&#8220;4.16&#8243; background_color=&#8220;rgba(255, 255, 255, 0)&#8220; button_one_letter_spacing_hover=&#8220;0&#8243; button_two_letter_spacing_hover=&#8220;0&#8243; global_colors_info=&#8220;{}&#8220; button_one_text_size__hover_enabled=&#8220;off&#8220; button_two_text_size__hover_enabled=&#8220;off&#8220; button_one_text_color__hover_enabled=&#8220;off&#8220; button_two_text_color__hover_enabled=&#8220;off&#8220; button_one_border_width__hover_enabled=&#8220;off&#8220; button_two_border_width__hover_enabled=&#8220;off&#8220; button_one_border_color__hover_enabled=&#8220;off&#8220; button_two_border_color__hover_enabled=&#8220;off&#8220; button_one_border_radius__hover_enabled=&#8220;off&#8220; button_two_border_radius__hover_enabled=&#8220;off&#8220; button_one_letter_spacing__hover_enabled=&#8220;on&#8220; button_one_letter_spacing__hover=&#8220;0&#8243; button_two_letter_spacing__hover_enabled=&#8220;on&#8220; button_two_letter_spacing__hover=&#8220;0&#8243; button_one_bg_color__hover_enabled=&#8220;off&#8220; button_two_bg_color__hover_enabled=&#8220;off&#8220;] [\/et_pb_fullwidth_header][\/et_pb_section][et_pb_section fb_built=&#8220;1&#8243; specialty=&#8220;on&#8220; admin_label=&#8220;Sektion&#8220; _builder_version=&#8220;4.16&#8243; global_colors_info=&#8220;{}&#8220;][et_pb_column type=&#8220;3_4&#8243; specialty_columns=&#8220;3&#8243; _builder_version=&#8220;4.16&#8243; custom_padding=&#8220;|||&#8220; global_colors_info=&#8220;{}&#8220; custom_padding__hover=&#8220;|||&#8220;][et_pb_row_inner admin_label=&#8220;Zeile&#8220; _builder_version=&#8220;4.16&#8243; global_colors_info=&#8220;{}&#8220;][et_pb_column_inner saved_specialty_column_type=&#8220;3_4&#8243; _builder_version=&#8220;4.16&#8243; custom_padding=&#8220;|||&#8220; global_colors_info=&#8220;{}&#8220; custom_padding__hover=&#8220;|||&#8220;][et_pb_text admin_label=&#8220;Text&#8220; _builder_version=&#8220;4.23.1&#8243; background_size=&#8220;initial&#8220; background_position=&#8220;top_left&#8220; background_repeat=&#8220;repeat&#8220; hover_enabled=&#8220;0&#8243; use_border_color=&#8220;off&#8220; border_color=&#8220;#ffffff&#8220; border_style=&#8220;solid&#8220; global_colors_info=&#8220;{}&#8220; sticky_enabled=&#8220;0&#8243;]<\/p>\n<h2><span style=\"color: #000080;\"><strong>Rechtshinweise (Impressum)<\/strong><\/span><\/h2>\n<p>Betreiber der Website und verantwortlich f\u00fcr den Inhalt:<\/p>\n<p>INFONAUTICS GmbH<br \/>Markus Ottiger<br \/>Eichholzweg 16<br \/>6312 Steinhausen<br \/>Schweiz<\/p>\n<p>Tel. +41 41 7431001<br \/>Fax +41 41 7431002<\/p>\n<p>Internet: <a href=\"https:\/\/www.infonautics.ch\" target=\"_blank\" rel=\"noopener noreferrer\">www.infonautics.ch<\/a><br \/>Email: <a href=\"mailto:infonautics@infonautics.ch\">infonautics@infonautics.ch<\/a><\/p>\n<h4>\u00a0<\/h4>\n<h4><span style=\"color: #000080;\"><strong>Haftungsausschluss<\/strong><\/span><\/h4>\n<p>Trotz sorgf\u00e4ltiger inhaltlicher Kontrolle \u00fcbernehmen wir keine Haftung f\u00fcr die Inhalte externer Links. F\u00fcr den Inhalt der verlinkten Seiten sind ausschlie\u00dflich deren Betreiber verantwortlich.<\/p>\n<h4>\u00a0<\/h4>\n<h4><span style=\"color: #000080;\"><strong>Profil<\/strong><\/span><\/h4>\n<p>Seit 1995 entwickelt das Softwareunternehmen INFONAUTICS GmbH f\u00fcr kleine und mittlere Unternehmen innovative, zuverl\u00e4ssige und bedienerfreundliche Software. Die Softwareentwicklung des in der Schweiz ans\u00e4ssigen Unternehmens kann in die folgenden 3 Bereiche eingeteilt werden:<\/p>\n<p>\u2022 Entwicklung von Individualsoftware nach Kundenspezifikation f\u00fcr kleine und mittlere Unternehmen<br \/>\u2022 Eigene Softwarel\u00f6sungen<br \/>\u2022 Entwicklung von Shareware \/ Freeware<\/p>\n<p><span style=\"color: #000080;\"><strong>Individualsoftware nach Kundenspezifikation<\/strong> <\/span><br \/>Individualsoftware kommt da zum Einsatz, wo Standardsoftware speziell gew\u00fcnschte Funktionen nicht beinhaltet und die individuellen Bed\u00fcrfnisse nicht mehr erf\u00fcllen kann. Basierend auf der langj\u00e4hrigen Erfahrung in Softwareentwicklung kann die INFONAUTICS GmbH f\u00fcr ihre Kunden massgeschneiderte L\u00f6sungen entwickeln, welche in die bestehende IT Infrastruktur passen und erfolgreich im vereinbarten Budget bleiben.<\/p>\n<p><strong><span style=\"color: #000080;\">Softwarel\u00f6sungen<\/span> <\/strong><br \/>Zu den von der INFONAUTICS GmbH entwickelten Softwarel\u00f6sungen geh\u00f6ren unter anderem:<\/p>\n<ul style=\"list-style-type: disc;\">\n<li>Die<a href=\"https:\/\/www.infowiz-umfragen.ch\" target=\"_blank\" rel=\"noopener noreferrer\">\u00a0Befragungssoftware InfoWiz<\/a> zur Zufriedenheitsanalyse verschiedenster Zielgruppen, wie z.B. Kunden, Mitarbeiter, Hotelg\u00e4ste, Patienten, Sch\u00fcler etc.<\/li>\n<li>Das\u00a0<a href=\"https:\/\/www.reservationsystem.ch\" target=\"_blank\" rel=\"noopener noreferrer\">kommissionsfreie Online-Buchungssystem<\/a> f\u00fcr Hotels und Hotelgruppen.<\/li>\n<\/ul>\n<p><span style=\"color: #000080;\"><strong>Shareware \/ Freeware<\/strong><\/span><\/p>\n<p>Die Shareware Tools der INFONAUTICS GmbH sind wertvolle Helfer im Arbeitsalltag. Die verschiedenen Applikationen k\u00f6nnen direkt heruntergeladen und kostenlos vor dem Kauf getestet werden. F\u00fcr Shareware gilt eine Erstattungsfrist von 14 Tagen ab dem Tag nach Abschluss der Transaktion.<\/p>\n<p>&nbsp;<\/p>\n<p style=\"text-align: center;\">Das Leitmotiv des Unternehmens lautet dementsprechend:<br \/><em>Softwarel\u00f6sungen &#8211; Clever. Verst\u00e4ndlich. Zuverl\u00e4ssig.<\/em><\/p>\n<p style=\"text-align: left;\">[\/et_pb_text][\/et_pb_column_inner][\/et_pb_row_inner][\/et_pb_column][et_pb_column type=&#8220;1_4&#8243; _builder_version=&#8220;4.16&#8243; custom_padding=&#8220;|||&#8220; global_colors_info=&#8220;{}&#8220; custom_padding__hover=&#8220;|||&#8220;][et_pb_sidebar orientation=&#8220;right&#8220; area=&#8220;sidebar-1&#8243; admin_label=&#8220;Seitenleiste&#8220; _builder_version=&#8220;4.16&#8243; header_text_color=&#8220;#000080&#8243; header_font_size=&#8220;20&#8243; remove_border=&#8220;off&#8220; global_colors_info=&#8220;{}&#8220;] [\/et_pb_sidebar][\/et_pb_column][\/et_pb_section]<\/p>\n","protected":false},"excerpt":{"rendered":"<p>Rechtshinweise (Impressum) Betreiber der Website und verantwortlich f\u00fcr den Inhalt: INFONAUTICS GmbHMarkus OttigerEichholzweg 166312 SteinhausenSchweiz Tel. +41 41 7431001Fax +41 41 7431002 Internet: www.infonautics.chEmail: infonautics@infonautics.ch \u00a0 Haftungsausschluss Trotz sorgf\u00e4ltiger inhaltlicher Kontrolle \u00fcbernehmen wir keine Haftung f\u00fcr die Inhalte externer Links. F\u00fcr den Inhalt der verlinkten Seiten sind ausschlie\u00dflich deren Betreiber verantwortlich. \u00a0 Profil Seit 1995 [&hellip;]<\/p>\n","protected":false},"author":1,"featured_media":0,"parent":0,"menu_order":0,"comment_status":"closed","ping_status":"closed","template":"","meta":{"_et_pb_use_builder":"on","_et_pb_old_content":"","_et_gb_content_width":"","jetpack_post_was_ever_published":false,"footnotes":""},"class_list":["post-913","page","type-page","status-publish","hentry"],"yoast_head":"<!-- This site is optimized with the Yoast SEO plugin v25.0 - https:\/\/yoast.com\/wordpress\/plugins\/seo\/ -->\n<title>Softwareunternehmen Infonautics GmbH<\/title>\n<meta name=\"description\" content=\"File Date Corrector ist ein Produkt der Infonautics GmbH. Das Softwareunternehmen Infonautics GmbH erstellt hilfreiche Shareware und Freeware.\" \/>\n<meta name=\"robots\" content=\"index, follow, max-snippet:-1, max-image-preview:large, max-video-preview:-1\" \/>\n<link rel=\"canonical\" href=\"https:\/\/www.infonautics-software.ch\/dateidatumkorrigieren\/impressum\/\" \/>\n<meta property=\"og:locale\" content=\"de_DE\" \/>\n<meta property=\"og:type\" content=\"article\" \/>\n<meta property=\"og:title\" content=\"Softwareunternehmen Infonautics GmbH\" \/>\n<meta property=\"og:description\" content=\"File Date Corrector ist ein Produkt der Infonautics GmbH. Das Softwareunternehmen Infonautics GmbH erstellt hilfreiche Shareware und Freeware.\" \/>\n<meta property=\"og:url\" content=\"https:\/\/www.infonautics-software.ch\/dateidatumkorrigieren\/impressum\/\" \/>\n<meta property=\"og:site_name\" content=\"File Date Corrector DE\" \/>\n<meta property=\"article:modified_time\" content=\"2024-10-14T15:16:29+00:00\" \/>\n<meta name=\"twitter:card\" content=\"summary_large_image\" \/>\n<meta name=\"twitter:site\" content=\"@InfonauticsGmbH\" \/>\n<meta name=\"twitter:label1\" content=\"Gesch\u00e4tzte Lesezeit\" \/>\n\t<meta name=\"twitter:data1\" content=\"2\u00a0Minuten\" \/>\n<script type=\"application\/ld+json\" class=\"yoast-schema-graph\">{\"@context\":\"https:\/\/schema.org\",\"@graph\":[{\"@type\":\"WebPage\",\"@id\":\"https:\/\/www.infonautics-software.ch\/dateidatumkorrigieren\/impressum\/\",\"url\":\"https:\/\/www.infonautics-software.ch\/dateidatumkorrigieren\/impressum\/\",\"name\":\"Softwareunternehmen Infonautics GmbH\",\"isPartOf\":{\"@id\":\"https:\/\/www.infonautics-software.ch\/dateidatumkorrigieren\/#website\"},\"datePublished\":\"2024-10-14T09:00:50+00:00\",\"dateModified\":\"2024-10-14T15:16:29+00:00\",\"description\":\"File Date Corrector ist ein Produkt der Infonautics GmbH. Das Softwareunternehmen Infonautics GmbH erstellt hilfreiche Shareware und Freeware.\",\"breadcrumb\":{\"@id\":\"https:\/\/www.infonautics-software.ch\/dateidatumkorrigieren\/impressum\/#breadcrumb\"},\"inLanguage\":\"de\",\"potentialAction\":[{\"@type\":\"ReadAction\",\"target\":[\"https:\/\/www.infonautics-software.ch\/dateidatumkorrigieren\/impressum\/\"]}]},{\"@type\":\"BreadcrumbList\",\"@id\":\"https:\/\/www.infonautics-software.ch\/dateidatumkorrigieren\/impressum\/#breadcrumb\",\"itemListElement\":[{\"@type\":\"ListItem\",\"position\":1,\"name\":\"Startseite\",\"item\":\"https:\/\/www.infonautics-software.ch\/dateidatumkorrigieren\/\"},{\"@type\":\"ListItem\",\"position\":2,\"name\":\"IMPRESSUM\"}]},{\"@type\":\"WebSite\",\"@id\":\"https:\/\/www.infonautics-software.ch\/dateidatumkorrigieren\/#website\",\"url\":\"https:\/\/www.infonautics-software.ch\/dateidatumkorrigieren\/\",\"name\":\"File Date Corrector DE\",\"description\":\"Dateidatum korrigieren mit Meta-Informationen\",\"potentialAction\":[{\"@type\":\"SearchAction\",\"target\":{\"@type\":\"EntryPoint\",\"urlTemplate\":\"https:\/\/www.infonautics-software.ch\/dateidatumkorrigieren\/?s={search_term_string}\"},\"query-input\":{\"@type\":\"PropertyValueSpecification\",\"valueRequired\":true,\"valueName\":\"search_term_string\"}}],\"inLanguage\":\"de\"}]}<\/script>\n<!-- \/ Yoast SEO plugin. -->","yoast_head_json":{"title":"Softwareunternehmen Infonautics GmbH","description":"File Date Corrector ist ein Produkt der Infonautics GmbH. Das Softwareunternehmen Infonautics GmbH erstellt hilfreiche Shareware und Freeware.","robots":{"index":"index","follow":"follow","max-snippet":"max-snippet:-1","max-image-preview":"max-image-preview:large","max-video-preview":"max-video-preview:-1"},"canonical":"https:\/\/www.infonautics-software.ch\/dateidatumkorrigieren\/impressum\/","og_locale":"de_DE","og_type":"article","og_title":"Softwareunternehmen Infonautics GmbH","og_description":"File Date Corrector ist ein Produkt der Infonautics GmbH. Das Softwareunternehmen Infonautics GmbH erstellt hilfreiche Shareware und Freeware.","og_url":"https:\/\/www.infonautics-software.ch\/dateidatumkorrigieren\/impressum\/","og_site_name":"File Date Corrector DE","article_modified_time":"2024-10-14T15:16:29+00:00","twitter_card":"summary_large_image","twitter_site":"@InfonauticsGmbH","twitter_misc":{"Gesch\u00e4tzte Lesezeit":"2\u00a0Minuten"},"schema":{"@context":"https:\/\/schema.org","@graph":[{"@type":"WebPage","@id":"https:\/\/www.infonautics-software.ch\/dateidatumkorrigieren\/impressum\/","url":"https:\/\/www.infonautics-software.ch\/dateidatumkorrigieren\/impressum\/","name":"Softwareunternehmen Infonautics GmbH","isPartOf":{"@id":"https:\/\/www.infonautics-software.ch\/dateidatumkorrigieren\/#website"},"datePublished":"2024-10-14T09:00:50+00:00","dateModified":"2024-10-14T15:16:29+00:00","description":"File Date Corrector ist ein Produkt der Infonautics GmbH. Das Softwareunternehmen Infonautics GmbH erstellt hilfreiche Shareware und Freeware.","breadcrumb":{"@id":"https:\/\/www.infonautics-software.ch\/dateidatumkorrigieren\/impressum\/#breadcrumb"},"inLanguage":"de","potentialAction":[{"@type":"ReadAction","target":["https:\/\/www.infonautics-software.ch\/dateidatumkorrigieren\/impressum\/"]}]},{"@type":"BreadcrumbList","@id":"https:\/\/www.infonautics-software.ch\/dateidatumkorrigieren\/impressum\/#breadcrumb","itemListElement":[{"@type":"ListItem","position":1,"name":"Startseite","item":"https:\/\/www.infonautics-software.ch\/dateidatumkorrigieren\/"},{"@type":"ListItem","position":2,"name":"IMPRESSUM"}]},{"@type":"WebSite","@id":"https:\/\/www.infonautics-software.ch\/dateidatumkorrigieren\/#website","url":"https:\/\/www.infonautics-software.ch\/dateidatumkorrigieren\/","name":"File Date Corrector DE","description":"Dateidatum korrigieren mit Meta-Informationen","potentialAction":[{"@type":"SearchAction","target":{"@type":"EntryPoint","urlTemplate":"https:\/\/www.infonautics-software.ch\/dateidatumkorrigieren\/?s={search_term_string}"},"query-input":{"@type":"PropertyValueSpecification","valueRequired":true,"valueName":"search_term_string"}}],"inLanguage":"de"}]}},"jetpack_shortlink":"https:\/\/wp.me\/P7CGbP-eJ","jetpack_sharing_enabled":true,"_links":{"self":[{"href":"https:\/\/www.infonautics-software.ch\/dateidatumkorrigieren\/wp-json\/wp\/v2\/pages\/913","targetHints":{"allow":["GET"]}}],"collection":[{"href":"https:\/\/www.infonautics-software.ch\/dateidatumkorrigieren\/wp-json\/wp\/v2\/pages"}],"about":[{"href":"https:\/\/www.infonautics-software.ch\/dateidatumkorrigieren\/wp-json\/wp\/v2\/types\/page"}],"author":[{"embeddable":true,"href":"https:\/\/www.infonautics-software.ch\/dateidatumkorrigieren\/wp-json\/wp\/v2\/users\/1"}],"replies":[{"embeddable":true,"href":"https:\/\/www.infonautics-software.ch\/dateidatumkorrigieren\/wp-json\/wp\/v2\/comments?post=913"}],"version-history":[{"count":10,"href":"https:\/\/www.infonautics-software.ch\/dateidatumkorrigieren\/wp-json\/wp\/v2\/pages\/913\/revisions"}],"predecessor-version":[{"id":2083,"href":"https:\/\/www.infonautics-software.ch\/dateidatumkorrigieren\/wp-json\/wp\/v2\/pages\/913\/revisions\/2083"}],"wp:attachment":[{"href":"https:\/\/www.infonautics-software.ch\/dateidatumkorrigieren\/wp-json\/wp\/v2\/media?parent=913"}],"curies":[{"name":"wp","href":"https:\/\/api.w.org\/{rel}","templated":true}]}}