{"id":137,"date":"2020-05-28T10:00:10","date_gmt":"2020-05-28T08:00:10","guid":{"rendered":"http:\/\/www.infonautics-software.ch\/mymenuexplorerde\/?page_id=137"},"modified":"2020-05-29T14:12:03","modified_gmt":"2020-05-29T12:12:03","slug":"support","status":"publish","type":"page","link":"https:\/\/www.infonautics-software.ch\/dateien-kopieren-mit-datum\/support\/","title":{"rendered":"SUPPORT"},"content":{"rendered":"<p>[et_pb_section fb_built=&#8220;1&#8243; fullwidth=&#8220;on&#8220; custom_padding_last_edited=&#8220;on|desktop&#8220; admin_label=&#8220;section&#8220; _builder_version=&#8220;3.22&#8243; background_color=&#8220;#00458e&#8220; custom_padding=&#8220;50px|||&#8220; custom_padding_tablet=&#8220;50px|0|50px|0&#8243; transparent_background=&#8220;off&#8220; padding_mobile=&#8220;off&#8220; make_fullwidth=&#8220;off&#8220; use_custom_width=&#8220;off&#8220; width_unit=&#8220;on&#8220; fb_built=&#8220;1&#8243; bb_built=&#8220;1&#8243; _i=&#8220;0&#8243; _address=&#8220;0&#8243;][et_pb_fullwidth_header title=&#8220;Support f\u00fcr Copy Files With Dates&#8220; admin_label=&#8220;Fullwidth Header&#8220; _builder_version=&#8220;3.29.3&#8243; background_color=&#8220;rgba(255, 255, 255, 0)&#8220; max_width_tablet=&#8220;50px&#8220; _i=&#8220;0&#8243; _address=&#8220;0.0&#8243; button_one_text_size__hover_enabled=&#8220;off&#8220; button_two_text_size__hover_enabled=&#8220;off&#8220; button_one_text_color__hover_enabled=&#8220;off&#8220; button_two_text_color__hover_enabled=&#8220;off&#8220; button_one_border_width__hover_enabled=&#8220;off&#8220; button_two_border_width__hover_enabled=&#8220;off&#8220; button_one_border_color__hover_enabled=&#8220;off&#8220; button_two_border_color__hover_enabled=&#8220;off&#8220; button_one_border_radius__hover_enabled=&#8220;off&#8220; button_two_border_radius__hover_enabled=&#8220;off&#8220; button_one_letter_spacing__hover_enabled=&#8220;off&#8220; button_two_letter_spacing__hover_enabled=&#8220;off&#8220; button_one_bg_color__hover_enabled=&#8220;off&#8220; button_two_bg_color__hover_enabled=&#8220;off&#8220;][\/et_pb_fullwidth_header][\/et_pb_section][et_pb_section fb_built=&#8220;1&#8243; admin_label=&#8220;section&#8220; _builder_version=&#8220;3.22&#8243; fb_built=&#8220;1&#8243; bb_built=&#8220;1&#8243; _i=&#8220;1&#8243; _address=&#8220;1&#8243;][et_pb_row column_structure=&#8220;3_4,1_4&#8243; padding_mobile=&#8220;off&#8220; admin_label=&#8220;row&#8220; _builder_version=&#8220;3.25&#8243; background_size=&#8220;initial&#8220; background_position=&#8220;top_left&#8220; background_repeat=&#8220;repeat&#8220; make_fullwidth=&#8220;off&#8220; use_custom_width=&#8220;off&#8220; width_unit=&#8220;on&#8220; _i=&#8220;0&#8243; _address=&#8220;1.0&#8243;][et_pb_column type=&#8220;3_4&#8243; _builder_version=&#8220;3.25&#8243; custom_padding=&#8220;|||&#8220; _i=&#8220;0&#8243; _address=&#8220;1.0.0&#8243; custom_padding__hover=&#8220;|||&#8220;][et_pb_text _builder_version=&#8220;3.29.3&#8243; background_size=&#8220;initial&#8220; background_position=&#8220;top_left&#8220; background_repeat=&#8220;repeat&#8220; hover_enabled=&#8220;0&#8243; use_border_color=&#8220;off&#8220; _i=&#8220;0&#8243; _address=&#8220;1.0.0.0&#8243;]<\/p>\n<h2><span style=\"color: #000080;\"><strong><span style=\"font-size: 18pt;\">Kostenloser Support f\u00fcr Copy Files With Dates<\/span> <\/strong><\/span><\/h2>\n<p>&nbsp;<\/p>\n<p><span style=\"font-size: 12pt;\">Haben Sie weitere Fragen zu Copy Files With Dates?<\/span><\/p>\n<p><span style=\"font-size: 12pt;\"> Wir offerieren Ihnen <strong>kostenlosen Support via E-Mail<\/strong> in den Sprachen <strong>Deutsch<\/strong> und <strong>Englisch<\/strong>. Bitte kontaktieren Sie uns bei Fragen unter <strong><a href=\"mailto:support@infonautics.ch\">support@infonautics.ch<\/a><\/strong>. <\/span><span style=\"font-size: 12pt;\">Gerne werden wir Ihre Fragen an Werktagen innert 48 Stunden beantworten. Das Softwareunternehmen <a href=\"https:\/\/www.infonautics.ch\" target=\"_blank\" rel=\"noopener noreferrer\">INFONAUTICS GmbH<\/a> hat seinen Sitz in der Schweiz, bitte beachten Sie m\u00f6gliche Zeitunterschiede.<\/span><\/p>\n<p>&nbsp;<\/p>\n<p><span style=\"font-size: 12pt;\">Haben\u00a0Sie Anregungen und W\u00fcnsche f\u00fcr zuk\u00fcnftige\u00a0Updates?<\/span><\/p>\n<p><span style=\"font-size: 12pt;\"> Bitte kontaktieren Sie uns ebenfalls unter <a href=\"mailto:support@infonautics.ch\">support@infonautics.ch<\/a>. Wir freuen uns, von Ihnen zu h\u00f6ren.<\/span><\/p>\n<p>&nbsp;<\/p>\n<p><span style=\"font-size: 12pt;\">Jetzt Copy Files With Dates <strong><a href=\"https:\/\/www.infonautics-software.ch\/dateien-kopieren-mit-datum\/download\/\">kostenlos herunterladen und testen<\/a><\/strong>.\u00a0<\/span><\/p>\n<p><span style=\"font-size: 12pt;\">Das Programm l\u00f6st schnell und unkompliziert das grundlegende Problem, dass Windows&#x2122; beim Kopieren von Dateien zwischen unterschiedlichen Laufwerken und Ger\u00e4ten jeweils das Datum des Kopierens als neues Erstelldatum setzt, und dabei das originale Erstelldatum von Dateien und Verzeichnissen verloren geht. <\/span><\/p>\n<p>&nbsp;<\/p>\n<p>[\/et_pb_text][\/et_pb_column][et_pb_column type=&#8220;1_4&#8243; _builder_version=&#8220;3.25&#8243; custom_padding=&#8220;|||&#8220; _i=&#8220;1&#8243; _address=&#8220;1.0.1&#8243; custom_padding__hover=&#8220;|||&#8220;][et_pb_sidebar orientation=&#8220;right&#8220; area=&#8220;sidebar-1&#8243; admin_label=&#8220;Sidebar&#8220; _builder_version=&#8220;3.0.74&#8243; header_text_color=&#8220;#000080&#8243; remove_border=&#8220;off&#8220; _i=&#8220;0&#8243; _address=&#8220;1.0.1.0&#8243;][\/et_pb_sidebar][\/et_pb_column][\/et_pb_row][\/et_pb_section]<\/p>\n","protected":false},"excerpt":{"rendered":"<p>Kostenloser Support f\u00fcr Copy Files With Dates &nbsp; Haben Sie weitere Fragen zu Copy Files With Dates? Wir offerieren Ihnen kostenlosen Support via E-Mail in den Sprachen Deutsch und Englisch. Bitte kontaktieren Sie uns bei Fragen unter support@infonautics.ch. Gerne werden wir Ihre Fragen an Werktagen innert 48 Stunden beantworten. Das Softwareunternehmen INFONAUTICS GmbH hat seinen [&hellip;]<\/p>\n","protected":false},"author":1,"featured_media":0,"parent":0,"menu_order":0,"comment_status":"open","ping_status":"open","template":"","meta":{"_et_pb_use_builder":"on","_et_pb_old_content":"","_et_gb_content_width":"","jetpack_post_was_ever_published":false,"footnotes":""},"class_list":["post-137","page","type-page","status-publish","hentry"],"yoast_head":"<!-- This site is optimized with the Yoast SEO plugin v25.0 - https:\/\/yoast.com\/wordpress\/plugins\/seo\/ -->\n<title>Erstelldatum beim Kopieren von Dateien \u00fcbertragen<\/title>\n<meta name=\"description\" content=\"Dateien kopieren und dabei das originale Erstellungsdatum, \u00c4nderungsdatum und die originalen Attribute der Dateien und Verzeichnisse beibehalten\" \/>\n<meta name=\"robots\" content=\"index, follow, max-snippet:-1, max-image-preview:large, max-video-preview:-1\" \/>\n<link rel=\"canonical\" href=\"https:\/\/www.infonautics-software.ch\/dateien-kopieren-mit-datum\/support\/\" \/>\n<meta property=\"og:locale\" content=\"de_DE\" \/>\n<meta property=\"og:type\" content=\"article\" \/>\n<meta property=\"og:title\" content=\"Erstelldatum beim Kopieren von Dateien \u00fcbertragen\" \/>\n<meta property=\"og:description\" content=\"Dateien kopieren und dabei das originale Erstellungsdatum, \u00c4nderungsdatum und die originalen Attribute der Dateien und Verzeichnisse beibehalten\" \/>\n<meta property=\"og:url\" content=\"https:\/\/www.infonautics-software.ch\/dateien-kopieren-mit-datum\/support\/\" \/>\n<meta property=\"og:site_name\" content=\"Copy Files With Dates DE\" \/>\n<meta property=\"article:modified_time\" content=\"2020-05-29T12:12:03+00:00\" \/>\n<meta name=\"twitter:card\" content=\"summary_large_image\" \/>\n<meta name=\"twitter:site\" content=\"@InfonauticsGmbH\" \/>\n<meta name=\"twitter:label1\" content=\"Gesch\u00e4tzte Lesezeit\" \/>\n\t<meta name=\"twitter:data1\" content=\"2\u00a0Minuten\" \/>\n<script type=\"application\/ld+json\" class=\"yoast-schema-graph\">{\"@context\":\"https:\/\/schema.org\",\"@graph\":[{\"@type\":\"WebPage\",\"@id\":\"https:\/\/www.infonautics-software.ch\/dateien-kopieren-mit-datum\/support\/\",\"url\":\"https:\/\/www.infonautics-software.ch\/dateien-kopieren-mit-datum\/support\/\",\"name\":\"Erstelldatum beim Kopieren von Dateien \u00fcbertragen\",\"isPartOf\":{\"@id\":\"https:\/\/www.infonautics-software.ch\/dateien-kopieren-mit-datum\/#website\"},\"datePublished\":\"2020-05-28T08:00:10+00:00\",\"dateModified\":\"2020-05-29T12:12:03+00:00\",\"description\":\"Dateien kopieren und dabei das originale Erstellungsdatum, \u00c4nderungsdatum und die originalen Attribute der Dateien und Verzeichnisse beibehalten\",\"breadcrumb\":{\"@id\":\"https:\/\/www.infonautics-software.ch\/dateien-kopieren-mit-datum\/support\/#breadcrumb\"},\"inLanguage\":\"de\",\"potentialAction\":[{\"@type\":\"ReadAction\",\"target\":[\"https:\/\/www.infonautics-software.ch\/dateien-kopieren-mit-datum\/support\/\"]}]},{\"@type\":\"BreadcrumbList\",\"@id\":\"https:\/\/www.infonautics-software.ch\/dateien-kopieren-mit-datum\/support\/#breadcrumb\",\"itemListElement\":[{\"@type\":\"ListItem\",\"position\":1,\"name\":\"Startseite\",\"item\":\"https:\/\/www.infonautics-software.ch\/dateien-kopieren-mit-datum\/\"},{\"@type\":\"ListItem\",\"position\":2,\"name\":\"SUPPORT\"}]},{\"@type\":\"WebSite\",\"@id\":\"https:\/\/www.infonautics-software.ch\/dateien-kopieren-mit-datum\/#website\",\"url\":\"https:\/\/www.infonautics-software.ch\/dateien-kopieren-mit-datum\/\",\"name\":\"Copy Files With Dates DE\",\"description\":\"Dateien kopieren und dabei Erstelldatum, \u00c4nderungsdatum und Dateiattribute beibehalten\",\"potentialAction\":[{\"@type\":\"SearchAction\",\"target\":{\"@type\":\"EntryPoint\",\"urlTemplate\":\"https:\/\/www.infonautics-software.ch\/dateien-kopieren-mit-datum\/?s={search_term_string}\"},\"query-input\":{\"@type\":\"PropertyValueSpecification\",\"valueRequired\":true,\"valueName\":\"search_term_string\"}}],\"inLanguage\":\"de\"}]}<\/script>\n<!-- \/ Yoast SEO plugin. -->","yoast_head_json":{"title":"Erstelldatum beim Kopieren von Dateien \u00fcbertragen","description":"Dateien kopieren und dabei das originale Erstellungsdatum, \u00c4nderungsdatum und die originalen Attribute der Dateien und Verzeichnisse beibehalten","robots":{"index":"index","follow":"follow","max-snippet":"max-snippet:-1","max-image-preview":"max-image-preview:large","max-video-preview":"max-video-preview:-1"},"canonical":"https:\/\/www.infonautics-software.ch\/dateien-kopieren-mit-datum\/support\/","og_locale":"de_DE","og_type":"article","og_title":"Erstelldatum beim Kopieren von Dateien \u00fcbertragen","og_description":"Dateien kopieren und dabei das originale Erstellungsdatum, \u00c4nderungsdatum und die originalen Attribute der Dateien und Verzeichnisse beibehalten","og_url":"https:\/\/www.infonautics-software.ch\/dateien-kopieren-mit-datum\/support\/","og_site_name":"Copy Files With Dates DE","article_modified_time":"2020-05-29T12:12:03+00:00","twitter_card":"summary_large_image","twitter_site":"@InfonauticsGmbH","twitter_misc":{"Gesch\u00e4tzte Lesezeit":"2\u00a0Minuten"},"schema":{"@context":"https:\/\/schema.org","@graph":[{"@type":"WebPage","@id":"https:\/\/www.infonautics-software.ch\/dateien-kopieren-mit-datum\/support\/","url":"https:\/\/www.infonautics-software.ch\/dateien-kopieren-mit-datum\/support\/","name":"Erstelldatum beim Kopieren von Dateien \u00fcbertragen","isPartOf":{"@id":"https:\/\/www.infonautics-software.ch\/dateien-kopieren-mit-datum\/#website"},"datePublished":"2020-05-28T08:00:10+00:00","dateModified":"2020-05-29T12:12:03+00:00","description":"Dateien kopieren und dabei das originale Erstellungsdatum, \u00c4nderungsdatum und die originalen Attribute der Dateien und Verzeichnisse beibehalten","breadcrumb":{"@id":"https:\/\/www.infonautics-software.ch\/dateien-kopieren-mit-datum\/support\/#breadcrumb"},"inLanguage":"de","potentialAction":[{"@type":"ReadAction","target":["https:\/\/www.infonautics-software.ch\/dateien-kopieren-mit-datum\/support\/"]}]},{"@type":"BreadcrumbList","@id":"https:\/\/www.infonautics-software.ch\/dateien-kopieren-mit-datum\/support\/#breadcrumb","itemListElement":[{"@type":"ListItem","position":1,"name":"Startseite","item":"https:\/\/www.infonautics-software.ch\/dateien-kopieren-mit-datum\/"},{"@type":"ListItem","position":2,"name":"SUPPORT"}]},{"@type":"WebSite","@id":"https:\/\/www.infonautics-software.ch\/dateien-kopieren-mit-datum\/#website","url":"https:\/\/www.infonautics-software.ch\/dateien-kopieren-mit-datum\/","name":"Copy Files With Dates DE","description":"Dateien kopieren und dabei Erstelldatum, \u00c4nderungsdatum und Dateiattribute beibehalten","potentialAction":[{"@type":"SearchAction","target":{"@type":"EntryPoint","urlTemplate":"https:\/\/www.infonautics-software.ch\/dateien-kopieren-mit-datum\/?s={search_term_string}"},"query-input":{"@type":"PropertyValueSpecification","valueRequired":true,"valueName":"search_term_string"}}],"inLanguage":"de"}]}},"jetpack_shortlink":"https:\/\/wp.me\/P9WzIO-2d","jetpack_sharing_enabled":true,"_links":{"self":[{"href":"https:\/\/www.infonautics-software.ch\/dateien-kopieren-mit-datum\/wp-json\/wp\/v2\/pages\/137","targetHints":{"allow":["GET"]}}],"collection":[{"href":"https:\/\/www.infonautics-software.ch\/dateien-kopieren-mit-datum\/wp-json\/wp\/v2\/pages"}],"about":[{"href":"https:\/\/www.infonautics-software.ch\/dateien-kopieren-mit-datum\/wp-json\/wp\/v2\/types\/page"}],"author":[{"embeddable":true,"href":"https:\/\/www.infonautics-software.ch\/dateien-kopieren-mit-datum\/wp-json\/wp\/v2\/users\/1"}],"replies":[{"embeddable":true,"href":"https:\/\/www.infonautics-software.ch\/dateien-kopieren-mit-datum\/wp-json\/wp\/v2\/comments?post=137"}],"version-history":[{"count":10,"href":"https:\/\/www.infonautics-software.ch\/dateien-kopieren-mit-datum\/wp-json\/wp\/v2\/pages\/137\/revisions"}],"predecessor-version":[{"id":1200,"href":"https:\/\/www.infonautics-software.ch\/dateien-kopieren-mit-datum\/wp-json\/wp\/v2\/pages\/137\/revisions\/1200"}],"wp:attachment":[{"href":"https:\/\/www.infonautics-software.ch\/dateien-kopieren-mit-datum\/wp-json\/wp\/v2\/media?parent=137"}],"curies":[{"name":"wp","href":"https:\/\/api.w.org\/{rel}","templated":true}]}}