{"id":37,"date":"2021-05-11T10:00:16","date_gmt":"2021-05-11T08:00:16","guid":{"rendered":"http:\/\/www.infonautics-software.ch\/mymenuexplorerde\/?page_id=37"},"modified":"2021-05-11T17:45:29","modified_gmt":"2021-05-11T15:45:29","slug":"home","status":"publish","type":"page","link":"https:\/\/www.infonautics-software.ch\/dateien-kopieren-mit-datum\/","title":{"rendered":"HOME"},"content":{"rendered":"<p>[et_pb_section fb_built=&#8220;1&#8243; fullwidth=&#8220;on&#8220; custom_padding_last_edited=&#8220;on|desktop&#8220; admin_label=&#8220;section&#8220; _builder_version=&#8220;3.22&#8243; background_color=&#8220;#ffffff&#8220; custom_margin=&#8220;0px||0px|&#8220; custom_padding=&#8220;0px|0px|0px|0px&#8220; custom_padding_tablet=&#8220;&#8220; custom_padding_phone=&#8220;&#8220;][et_pb_fullwidth_slider admin_label=&#8220;Fullwidth Slider&#8220; _builder_version=&#8220;4.6.1&#8243; background_position=&#8220;top_left&#8220; custom_padding=&#8220;10%||10%|&#8220; custom_padding_last_edited=&#8220;off|desktop&#8220; hover_enabled=&#8220;0&#8243; button_text_size__hover_enabled=&#8220;off&#8220; button_one_text_size__hover_enabled=&#8220;off&#8220; button_two_text_size__hover_enabled=&#8220;off&#8220; button_text_color__hover_enabled=&#8220;off&#8220; button_one_text_color__hover_enabled=&#8220;off&#8220; button_two_text_color__hover_enabled=&#8220;off&#8220; button_border_width__hover_enabled=&#8220;off&#8220; button_one_border_width__hover_enabled=&#8220;off&#8220; button_two_border_width__hover_enabled=&#8220;off&#8220; button_border_color__hover_enabled=&#8220;off&#8220; button_one_border_color__hover_enabled=&#8220;off&#8220; button_two_border_color__hover_enabled=&#8220;off&#8220; button_border_radius__hover_enabled=&#8220;off&#8220; button_one_border_radius__hover_enabled=&#8220;off&#8220; button_two_border_radius__hover_enabled=&#8220;off&#8220; button_letter_spacing__hover_enabled=&#8220;off&#8220; button_one_letter_spacing__hover_enabled=&#8220;off&#8220; button_two_letter_spacing__hover_enabled=&#8220;off&#8220; button_bg_color__hover_enabled=&#8220;off&#8220; button_one_bg_color__hover_enabled=&#8220;off&#8220; button_two_bg_color__hover_enabled=&#8220;off&#8220; sticky_enabled=&#8220;0&#8243;][et_pb_slide heading=&#8220;Copy Files With Dates&#8220; button_text=&#8220;Jetzt herunterladen!&#8220; button_link=&#8220;https:\/\/www.infonautics-software.ch\/dateien-kopieren-mit-datum\/download&#8220; image=&#8220;https:\/\/www.infonautics-software.ch\/dateien-kopieren-mit-datum\/wp-content\/uploads\/sites\/41\/2020\/05\/CopyFilesWithDatesBoxShot342Transparent.png&#8220; use_bg_overlay=&#8220;off&#8220; use_text_overlay=&#8220;off&#8220; _builder_version=&#8220;4.6.1&#8243; header_font=&#8220;||||&#8220; header_font_size=&#8220;35&#8243; body_font=&#8220;||||&#8220; background_color=&#8220;#00458e&#8220; background_position=&#8220;top_left&#8220; custom_button=&#8220;on&#8220; button_font=&#8220;||||&#8220; button_use_icon=&#8220;on&#8220; button_on_hover=&#8220;on&#8220; text_orientation=&#8220;left&#8220; hover_enabled=&#8220;0&#8243; header_font_size_tablet=&#8220;35&#8243; header_font_size_phone=&#8220;35&#8243; button_text_size__hover_enabled=&#8220;off&#8220; button_one_text_size__hover_enabled=&#8220;off&#8220; button_two_text_size__hover_enabled=&#8220;off&#8220; button_text_color__hover_enabled=&#8220;off&#8220; button_one_text_color__hover_enabled=&#8220;off&#8220; button_two_text_color__hover_enabled=&#8220;off&#8220; button_border_width__hover_enabled=&#8220;off&#8220; button_one_border_width__hover_enabled=&#8220;off&#8220; button_two_border_width__hover_enabled=&#8220;off&#8220; button_border_color__hover_enabled=&#8220;off&#8220; button_one_border_color__hover_enabled=&#8220;off&#8220; button_two_border_color__hover_enabled=&#8220;off&#8220; button_border_radius__hover_enabled=&#8220;off&#8220; button_one_border_radius__hover_enabled=&#8220;off&#8220; button_two_border_radius__hover_enabled=&#8220;off&#8220; button_letter_spacing__hover_enabled=&#8220;off&#8220; button_one_letter_spacing__hover_enabled=&#8220;off&#8220; button_two_letter_spacing__hover_enabled=&#8220;off&#8220; button_bg_color__hover_enabled=&#8220;off&#8220; button_one_bg_color__hover_enabled=&#8220;off&#8220; button_two_bg_color__hover_enabled=&#8220;off&#8220; sticky_transition=&#8220;on&#8220; sticky_enabled=&#8220;0&#8243;]<\/p>\n<p>Dateien kopieren und dabei Erstelldatum, \u00c4nderungsdatum und Dateiattribute beibehalten.<\/p>\n<p>[\/et_pb_slide][\/et_pb_fullwidth_slider][\/et_pb_section][et_pb_section fb_built=&#8220;1&#8243; specialty=&#8220;on&#8220; custom_padding_last_edited=&#8220;on|desktop&#8220; background_color_1=&#8220;rgba(0,0,0,0)&#8220; admin_label=&#8220;section&#8220; _builder_version=&#8220;3.22&#8243; custom_padding=&#8220;23px|0px|23px|0px&#8220; custom_padding_tablet=&#8220;50px|0|50px|0&#8243; custom_padding_phone=&#8220;&#8220; transparent_background=&#8220;off&#8220;][et_pb_column type=&#8220;3_4&#8243; specialty_columns=&#8220;3&#8243; _builder_version=&#8220;3.25&#8243; custom_padding=&#8220;|||&#8220; custom_padding__hover=&#8220;|||&#8220;][et_pb_row_inner _builder_version=&#8220;3.25&#8243; custom_margin=&#8220;||0px|&#8220; custom_padding=&#8220;||0px|&#8220;][et_pb_column_inner saved_specialty_column_type=&#8220;3_4&#8243; _builder_version=&#8220;3.25&#8243; background_color=&#8220;rgba(0,0,0,0)&#8220; custom_padding=&#8220;|||&#8220; custom_padding__hover=&#8220;|||&#8220;][et_pb_text _builder_version=&#8220;4.6.1&#8243; text_font_size=&#8220;18&#8243; background_color=&#8220;rgba(0,0,0,0)&#8220; use_border_color=&#8220;off&#8220;]<\/p>\n<h1><span style=\"color: #000080; font-size: 18pt;\"><strong>Dateien kopieren und dabei das originale Erstellungsdatum, \u00c4nderungsdatum und die originalen Attribute der Dateien und Verzeichnisse beibehalten!<\/strong><\/span><\/h1>\n<p>&nbsp;<\/p>\n<p><span style=\"font-size: 14pt;\">Das Programm l\u00f6st schnell und unkompliziert das grundlegende Problem, dass Windows&#x2122; beim Kopieren von Dateien zwischen unterschiedlichen Laufwerken und Ger\u00e4ten jeweils das Datum des Kopierens als neues Erstelldatum setzt, und dabei das originale Erstelldatum von Dateien und Verzeichnissen verloren geht.<\/span><\/p>\n<p><span style=\"font-size: 12pt;\">Als Datenquellen dienen alle im <strong>Windows Dateisystem<\/strong> verf\u00fcgbaren Dateien, wie auch alle \u00fcber das <strong>MTP-Protokoll (Media Transfer Protocol)<\/strong> zug\u00e4nglichen Dateien auf Smartphones und Tablets (wie z.B. Android und iPhone).<\/span><\/p>\n<p>&nbsp;<\/p>\n<p>[\/et_pb_text][et_pb_image src=&#8220;https:\/\/www.infonautics-software.ch\/dateien-kopieren-mit-datum\/wp-content\/uploads\/sites\/41\/2020\/06\/cfwd1de.jpg&#8220; alt=&#8220;Copy Files With Dates&#8220; title_text=&#8220;Copy Files With Dates&#8220; show_in_lightbox=&#8220;on&#8220; force_fullwidth=&#8220;on&#8220; align_tablet=&#8220;center&#8220; align_phone=&#8220;&#8220; align_last_edited=&#8220;on|desktop&#8220; _builder_version=&#8220;4.6.1&#8243; border_width_all=&#8220;1px&#8220; border_color_all=&#8220;#0c71c3&#8243; box_shadow_style=&#8220;preset2&#8243;][\/et_pb_image][et_pb_text _builder_version=&#8220;4.4.8&#8243; text_font_size=&#8220;18px&#8220;]<\/p>\n<p>&nbsp;<\/p>\n<p><span style=\"font-size: 12pt;\">Zus\u00e4tzlich \u00fcbertr\u00e4gt Copy Files With Dates beim Kopieren der Dateien unter Windows auch das bestehende letzte \u00c4nderungsdatum und das Datum des letzten Zugriffs, sowie die urspr\u00fcnglichen Dateiattribute wie: Schreibgesch\u00fctzt \/ Versteckt \/ System \/ Archiv \/ Index etc.<\/span><\/p>\n<p><span style=\"font-size: 12pt;\">F\u00fcr die kopierten Unterverzeichnisse unter Windows werden zudem das urspr\u00fcnliche Erstelldatum und das urspr\u00fcngliche \u00c4nderungsdatum, wie auch alle vorhandenen Verzeichnis-Attribute\u00a0 auf die neuen Verzeichnisse \u00fcbertragen.<\/span><\/p>\n<p>[\/et_pb_text][et_pb_text _builder_version=&#8220;3.29.3&#8243; text_font_size=&#8220;18px&#8220;]<\/p>\n<p><span style=\"font-size: 12pt;\">Das Programm ist UNICODE-kompatibel und kann Dateinamen mit Zeichen aller Sprachen kopieren\u200b.<\/span><\/p>\n<p><span style=\"font-size: 12pt;\"><a href=\".\/funktionen\/\">Detaillierte Funktionen zu <strong>Copy Files With Dates<\/strong> finden Sie hier<\/a>.<\/span><\/p>\n<p>&nbsp;<\/p>\n<p>[\/et_pb_text][\/et_pb_column_inner][\/et_pb_row_inner][et_pb_row_inner column_structure=&#8220;1_2,1_2&#8243; admin_label=&#8220;Zeile&#8220; _builder_version=&#8220;3.25&#8243; custom_padding=&#8220;29px|0px|0|0px&#8220;][et_pb_column_inner type=&#8220;1_2&#8243; saved_specialty_column_type=&#8220;3_4&#8243; _builder_version=&#8220;3.25&#8243; custom_padding=&#8220;|||&#8220; custom_padding__hover=&#8220;|||&#8220;][et_pb_text _builder_version=&#8220;3.29.3&#8243; text_font_size=&#8220;18px&#8220;]<\/p>\n<p><span style=\"font-size: 12pt;\">Laden Sie direkt eine kostenlose <strong>Demoversion von &#8222;Copy Files With Dates&#8220;<\/strong> herunter und testen Sie das Software-Tool unverbindlich.<\/span><\/p>\n<p><span style=\"font-size: 12pt;\"><a href=\"download\/\">Jetzt herunterladen!<\/a><\/span><\/p>\n<p>[\/et_pb_text][\/et_pb_column_inner][et_pb_column_inner type=&#8220;1_2&#8243; saved_specialty_column_type=&#8220;3_4&#8243; _builder_version=&#8220;3.25&#8243; custom_padding=&#8220;|||&#8220; custom_padding__hover=&#8220;|||&#8220;][et_pb_image src=&#8220;https:\/\/www.infonautics-software.ch\/dateien-kopieren-mit-datum\/wp-content\/uploads\/sites\/41\/2020\/05\/BoxShotTransparent200.png&#8220; url=&#8220;https:\/\/www.infonautics-software.ch\/dateien-kopieren-mit-datum\/download\/&#8220; align=&#8220;center&#8220; align_tablet=&#8220;center&#8220; align_phone=&#8220;&#8220; align_last_edited=&#8220;on|desktop&#8220; _builder_version=&#8220;3.29.3&#8243;][\/et_pb_image][\/et_pb_column_inner][\/et_pb_row_inner][\/et_pb_column][et_pb_column type=&#8220;1_4&#8243; _builder_version=&#8220;3.25&#8243; custom_padding=&#8220;|||&#8220; custom_padding__hover=&#8220;|||&#8220;][et_pb_sidebar orientation=&#8220;right&#8220; area=&#8220;sidebar-1&#8243; _builder_version=&#8220;3.0.74&#8243; header_text_color=&#8220;#000080&#8243; remove_border=&#8220;off&#8220;][\/et_pb_sidebar][\/et_pb_column][\/et_pb_section]<\/p>\n","protected":false},"excerpt":{"rendered":"<p>Dateien kopieren und dabei Erstelldatum, \u00c4nderungsdatum und Dateiattribute beibehalten. Dateien kopieren und dabei das originale Erstellungsdatum, \u00c4nderungsdatum und die originalen Attribute der Dateien und Verzeichnisse beibehalten! &nbsp; Das Programm l\u00f6st schnell und unkompliziert das grundlegende Problem, dass Windows&#x2122; beim Kopieren von Dateien zwischen unterschiedlichen Laufwerken und Ger\u00e4ten jeweils das Datum des Kopierens als neues Erstelldatum [&hellip;]<\/p>\n","protected":false},"author":1,"featured_media":0,"parent":0,"menu_order":0,"comment_status":"closed","ping_status":"closed","template":"","meta":{"_et_pb_use_builder":"on","_et_pb_old_content":"","_et_gb_content_width":"","jetpack_post_was_ever_published":false,"footnotes":""},"class_list":["post-37","page","type-page","status-publish","hentry"],"yoast_head":"<!-- This site is optimized with the Yoast SEO plugin v25.0 - https:\/\/yoast.com\/wordpress\/plugins\/seo\/ -->\n<title>Dateien kopieren und dabei Erstelldatum, \u00c4nderungsdatum und Dateiattribute beibehalten.<\/title>\n<meta name=\"description\" content=\"Das Programm l\u00f6st schnell und unkompliziert das grundlegende Problem, dass Windows\u2122 beim Kopieren von Dateien zwischen unterschiedlichen Laufwerken und Ger\u00e4ten jeweils das Datum des Kopierens als neues Erstelldatum setzt, und dabei das originale Erstelldatum von Dateien und Verzeichnissen verloren geht. F\u00fcr das Windows Dateisystem und \u00fcber MTP verbundene Ger\u00e4te wie Smartphones und iPhone.\" \/>\n<meta name=\"robots\" content=\"index, follow, max-snippet:-1, max-image-preview:large, max-video-preview:-1\" \/>\n<link rel=\"canonical\" href=\"https:\/\/www.infonautics-software.ch\/dateien-kopieren-mit-datum\/\" \/>\n<meta property=\"og:locale\" content=\"de_DE\" \/>\n<meta property=\"og:type\" content=\"article\" \/>\n<meta property=\"og:title\" content=\"Dateien kopieren und dabei Erstelldatum, \u00c4nderungsdatum und Dateiattribute beibehalten.\" \/>\n<meta property=\"og:description\" content=\"Das Programm l\u00f6st schnell und unkompliziert das grundlegende Problem, dass Windows\u2122 beim Kopieren von Dateien zwischen unterschiedlichen Laufwerken und Ger\u00e4ten jeweils das Datum des Kopierens als neues Erstelldatum setzt, und dabei das originale Erstelldatum von Dateien und Verzeichnissen verloren geht. F\u00fcr das Windows Dateisystem und \u00fcber MTP verbundene Ger\u00e4te wie Smartphones und iPhone.\" \/>\n<meta property=\"og:url\" content=\"https:\/\/www.infonautics-software.ch\/dateien-kopieren-mit-datum\/\" \/>\n<meta property=\"og:site_name\" content=\"Copy Files With Dates DE\" \/>\n<meta property=\"article:modified_time\" content=\"2021-05-11T15:45:29+00:00\" \/>\n<meta name=\"twitter:card\" content=\"summary_large_image\" \/>\n<meta name=\"twitter:site\" content=\"@InfonauticsGmbH\" \/>\n<meta name=\"twitter:label1\" content=\"Gesch\u00e4tzte Lesezeit\" \/>\n\t<meta name=\"twitter:data1\" content=\"5\u00a0Minuten\" \/>\n<script type=\"application\/ld+json\" class=\"yoast-schema-graph\">{\"@context\":\"https:\/\/schema.org\",\"@graph\":[{\"@type\":\"WebPage\",\"@id\":\"https:\/\/www.infonautics-software.ch\/dateien-kopieren-mit-datum\/\",\"url\":\"https:\/\/www.infonautics-software.ch\/dateien-kopieren-mit-datum\/\",\"name\":\"Dateien kopieren und dabei Erstelldatum, \u00c4nderungsdatum und Dateiattribute beibehalten.\",\"isPartOf\":{\"@id\":\"https:\/\/www.infonautics-software.ch\/dateien-kopieren-mit-datum\/#website\"},\"datePublished\":\"2021-05-11T08:00:16+00:00\",\"dateModified\":\"2021-05-11T15:45:29+00:00\",\"description\":\"Das Programm l\u00f6st schnell und unkompliziert das grundlegende Problem, dass Windows\u2122 beim Kopieren von Dateien zwischen unterschiedlichen Laufwerken und Ger\u00e4ten jeweils das Datum des Kopierens als neues Erstelldatum setzt, und dabei das originale Erstelldatum von Dateien und Verzeichnissen verloren geht. F\u00fcr das Windows Dateisystem und \u00fcber MTP verbundene Ger\u00e4te wie Smartphones und iPhone.\",\"breadcrumb\":{\"@id\":\"https:\/\/www.infonautics-software.ch\/dateien-kopieren-mit-datum\/#breadcrumb\"},\"inLanguage\":\"de\",\"potentialAction\":[{\"@type\":\"ReadAction\",\"target\":[\"https:\/\/www.infonautics-software.ch\/dateien-kopieren-mit-datum\/\"]}]},{\"@type\":\"BreadcrumbList\",\"@id\":\"https:\/\/www.infonautics-software.ch\/dateien-kopieren-mit-datum\/#breadcrumb\",\"itemListElement\":[{\"@type\":\"ListItem\",\"position\":1,\"name\":\"Startseite\",\"item\":\"https:\/\/www.infonautics-software.ch\/dateien-kopieren-mit-datum\/\"},{\"@type\":\"ListItem\",\"position\":2,\"name\":\"HOME\"}]},{\"@type\":\"WebSite\",\"@id\":\"https:\/\/www.infonautics-software.ch\/dateien-kopieren-mit-datum\/#website\",\"url\":\"https:\/\/www.infonautics-software.ch\/dateien-kopieren-mit-datum\/\",\"name\":\"Copy Files With Dates DE\",\"description\":\"Dateien kopieren und dabei Erstelldatum, \u00c4nderungsdatum und Dateiattribute beibehalten\",\"potentialAction\":[{\"@type\":\"SearchAction\",\"target\":{\"@type\":\"EntryPoint\",\"urlTemplate\":\"https:\/\/www.infonautics-software.ch\/dateien-kopieren-mit-datum\/?s={search_term_string}\"},\"query-input\":{\"@type\":\"PropertyValueSpecification\",\"valueRequired\":true,\"valueName\":\"search_term_string\"}}],\"inLanguage\":\"de\"}]}<\/script>\n<!-- \/ Yoast SEO plugin. -->","yoast_head_json":{"title":"Dateien kopieren und dabei Erstelldatum, \u00c4nderungsdatum und Dateiattribute beibehalten.","description":"Das Programm l\u00f6st schnell und unkompliziert das grundlegende Problem, dass Windows\u2122 beim Kopieren von Dateien zwischen unterschiedlichen Laufwerken und Ger\u00e4ten jeweils das Datum des Kopierens als neues Erstelldatum setzt, und dabei das originale Erstelldatum von Dateien und Verzeichnissen verloren geht. F\u00fcr das Windows Dateisystem und \u00fcber MTP verbundene Ger\u00e4te wie Smartphones und iPhone.","robots":{"index":"index","follow":"follow","max-snippet":"max-snippet:-1","max-image-preview":"max-image-preview:large","max-video-preview":"max-video-preview:-1"},"canonical":"https:\/\/www.infonautics-software.ch\/dateien-kopieren-mit-datum\/","og_locale":"de_DE","og_type":"article","og_title":"Dateien kopieren und dabei Erstelldatum, \u00c4nderungsdatum und Dateiattribute beibehalten.","og_description":"Das Programm l\u00f6st schnell und unkompliziert das grundlegende Problem, dass Windows\u2122 beim Kopieren von Dateien zwischen unterschiedlichen Laufwerken und Ger\u00e4ten jeweils das Datum des Kopierens als neues Erstelldatum setzt, und dabei das originale Erstelldatum von Dateien und Verzeichnissen verloren geht. F\u00fcr das Windows Dateisystem und \u00fcber MTP verbundene Ger\u00e4te wie Smartphones und iPhone.","og_url":"https:\/\/www.infonautics-software.ch\/dateien-kopieren-mit-datum\/","og_site_name":"Copy Files With Dates DE","article_modified_time":"2021-05-11T15:45:29+00:00","twitter_card":"summary_large_image","twitter_site":"@InfonauticsGmbH","twitter_misc":{"Gesch\u00e4tzte Lesezeit":"5\u00a0Minuten"},"schema":{"@context":"https:\/\/schema.org","@graph":[{"@type":"WebPage","@id":"https:\/\/www.infonautics-software.ch\/dateien-kopieren-mit-datum\/","url":"https:\/\/www.infonautics-software.ch\/dateien-kopieren-mit-datum\/","name":"Dateien kopieren und dabei Erstelldatum, \u00c4nderungsdatum und Dateiattribute beibehalten.","isPartOf":{"@id":"https:\/\/www.infonautics-software.ch\/dateien-kopieren-mit-datum\/#website"},"datePublished":"2021-05-11T08:00:16+00:00","dateModified":"2021-05-11T15:45:29+00:00","description":"Das Programm l\u00f6st schnell und unkompliziert das grundlegende Problem, dass Windows\u2122 beim Kopieren von Dateien zwischen unterschiedlichen Laufwerken und Ger\u00e4ten jeweils das Datum des Kopierens als neues Erstelldatum setzt, und dabei das originale Erstelldatum von Dateien und Verzeichnissen verloren geht. F\u00fcr das Windows Dateisystem und \u00fcber MTP verbundene Ger\u00e4te wie Smartphones und iPhone.","breadcrumb":{"@id":"https:\/\/www.infonautics-software.ch\/dateien-kopieren-mit-datum\/#breadcrumb"},"inLanguage":"de","potentialAction":[{"@type":"ReadAction","target":["https:\/\/www.infonautics-software.ch\/dateien-kopieren-mit-datum\/"]}]},{"@type":"BreadcrumbList","@id":"https:\/\/www.infonautics-software.ch\/dateien-kopieren-mit-datum\/#breadcrumb","itemListElement":[{"@type":"ListItem","position":1,"name":"Startseite","item":"https:\/\/www.infonautics-software.ch\/dateien-kopieren-mit-datum\/"},{"@type":"ListItem","position":2,"name":"HOME"}]},{"@type":"WebSite","@id":"https:\/\/www.infonautics-software.ch\/dateien-kopieren-mit-datum\/#website","url":"https:\/\/www.infonautics-software.ch\/dateien-kopieren-mit-datum\/","name":"Copy Files With Dates DE","description":"Dateien kopieren und dabei Erstelldatum, \u00c4nderungsdatum und Dateiattribute beibehalten","potentialAction":[{"@type":"SearchAction","target":{"@type":"EntryPoint","urlTemplate":"https:\/\/www.infonautics-software.ch\/dateien-kopieren-mit-datum\/?s={search_term_string}"},"query-input":{"@type":"PropertyValueSpecification","valueRequired":true,"valueName":"search_term_string"}}],"inLanguage":"de"}]}},"jetpack_shortlink":"https:\/\/wp.me\/P9WzIO-B","jetpack_sharing_enabled":true,"_links":{"self":[{"href":"https:\/\/www.infonautics-software.ch\/dateien-kopieren-mit-datum\/wp-json\/wp\/v2\/pages\/37","targetHints":{"allow":["GET"]}}],"collection":[{"href":"https:\/\/www.infonautics-software.ch\/dateien-kopieren-mit-datum\/wp-json\/wp\/v2\/pages"}],"about":[{"href":"https:\/\/www.infonautics-software.ch\/dateien-kopieren-mit-datum\/wp-json\/wp\/v2\/types\/page"}],"author":[{"embeddable":true,"href":"https:\/\/www.infonautics-software.ch\/dateien-kopieren-mit-datum\/wp-json\/wp\/v2\/users\/1"}],"replies":[{"embeddable":true,"href":"https:\/\/www.infonautics-software.ch\/dateien-kopieren-mit-datum\/wp-json\/wp\/v2\/comments?post=37"}],"version-history":[{"count":10,"href":"https:\/\/www.infonautics-software.ch\/dateien-kopieren-mit-datum\/wp-json\/wp\/v2\/pages\/37\/revisions"}],"predecessor-version":[{"id":1258,"href":"https:\/\/www.infonautics-software.ch\/dateien-kopieren-mit-datum\/wp-json\/wp\/v2\/pages\/37\/revisions\/1258"}],"wp:attachment":[{"href":"https:\/\/www.infonautics-software.ch\/dateien-kopieren-mit-datum\/wp-json\/wp\/v2\/media?parent=37"}],"curies":[{"name":"wp","href":"https:\/\/api.w.org\/{rel}","templated":true}]}}