{"id":729,"date":"2023-12-15T10:00:21","date_gmt":"2023-12-15T09:00:21","guid":{"rendered":"http:\/\/www.infonautics-software.ch\/quickmerge\/?page_id=729"},"modified":"2023-12-15T19:43:40","modified_gmt":"2023-12-15T18:43:40","slug":"aenderungen","status":"publish","type":"page","link":"https:\/\/www.infonautics-software.ch\/dateien-kopieren-mit-datum\/aenderungen\/","title":{"rendered":"\u00c4NDERUNGEN"},"content":{"rendered":"<p>[et_pb_section fb_built=&#8220;1&#8243; fullwidth=&#8220;on&#8220; custom_padding_last_edited=&#8220;on|desktop&#8220; admin_label=&#8220;section&#8220; _builder_version=&#8220;4.16&#8243; background_color=&#8220;#00458e&#8220; custom_padding=&#8220;50px|||&#8220; custom_padding_tablet=&#8220;50px|0|50px|0&#8243; custom_padding_phone=&#8220;&#8220; transparent_background=&#8220;off&#8220; padding_mobile=&#8220;off&#8220; make_fullwidth=&#8220;off&#8220; use_custom_width=&#8220;off&#8220; width_unit=&#8220;on&#8220; global_colors_info=&#8220;{}&#8220;][et_pb_fullwidth_header title=&#8220;Letzte \u00c4nderungen von Copy Files With Dates&#8220; _builder_version=&#8220;4.16&#8243; background_color=&#8220;rgba(255, 255, 255, 0)&#8220; max_width_tablet=&#8220;50px&#8220; global_colors_info=&#8220;{}&#8220; button_one_text_size__hover_enabled=&#8220;off&#8220; button_two_text_size__hover_enabled=&#8220;off&#8220; button_one_text_color__hover_enabled=&#8220;off&#8220; button_two_text_color__hover_enabled=&#8220;off&#8220; button_one_border_width__hover_enabled=&#8220;off&#8220; button_two_border_width__hover_enabled=&#8220;off&#8220; button_one_border_color__hover_enabled=&#8220;off&#8220; button_two_border_color__hover_enabled=&#8220;off&#8220; button_one_border_radius__hover_enabled=&#8220;off&#8220; button_two_border_radius__hover_enabled=&#8220;off&#8220; button_one_letter_spacing__hover_enabled=&#8220;off&#8220; button_two_letter_spacing__hover_enabled=&#8220;off&#8220; button_one_bg_color__hover_enabled=&#8220;off&#8220; button_two_bg_color__hover_enabled=&#8220;off&#8220;][\/et_pb_fullwidth_header][\/et_pb_section][et_pb_section fb_built=&#8220;1&#8243; admin_label=&#8220;section&#8220; _builder_version=&#8220;4.16&#8243; global_colors_info=&#8220;{}&#8220;][et_pb_row column_structure=&#8220;3_4,1_4&#8243; admin_label=&#8220;row&#8220; _builder_version=&#8220;4.16&#8243; background_size=&#8220;initial&#8220; background_position=&#8220;top_left&#8220; background_repeat=&#8220;repeat&#8220; global_colors_info=&#8220;{}&#8220;][et_pb_column type=&#8220;3_4&#8243; _builder_version=&#8220;4.16&#8243; custom_padding=&#8220;|||&#8220; global_colors_info=&#8220;{}&#8220; custom_padding__hover=&#8220;|||&#8220;][et_pb_text _builder_version=&#8220;4.23.1&#8243; background_size=&#8220;initial&#8220; background_position=&#8220;top_left&#8220; background_repeat=&#8220;repeat&#8220; hover_enabled=&#8220;0&#8243; use_border_color=&#8220;off&#8220; global_colors_info=&#8220;{}&#8220; sticky_enabled=&#8220;0&#8243;]<\/p>\n<h2><span style=\"color: #333399;\"><strong>Aktuelle \u00c4nderungen\/Erweiterungen\u00a0<\/strong><\/span><\/h2>\n<p>&nbsp;<\/p>\n<p><strong>\u00c4nderungen in der aktuellen Version:<\/strong><\/p>\n<p>1.23<\/p>\n<ul>\n<li>Neu: Nach dem Kopieren k\u00f6nnen folgende Aktionen automatisch ausgef\u00fchrt werden:\u00a0 Sperren,\u00a0 Abmelden,\u00a0 Energie sparen,\u00a0 Herunterfahren.<\/li>\n<\/ul>\n<p>&nbsp;<\/p>\n<p><strong>Fr\u00fchere \u00c4nderungen:<br \/><\/strong><\/p>\n<p>1.22<\/p>\n<ul>\n<li>Verbessert: Beim Kopieren eines ganzen Laufwerks (Root) wurde dem Zielverzeichnis unter bestimmten Umst\u00e4nden versehentlich das Attribut SYSTEM\/HIDDEN zugewiesen.<\/li>\n<\/ul>\n<p>1.21<\/p>\n<ul>\n<li>Neu: Dateien nach dem Kopiervorgang durch nochmaliges Lesen und Vergleichen auf Gleichheit \u00fcberpr\u00fcfen.<\/li>\n<\/ul>\n<p>1.20<\/p>\n<ul>\n<li>Neu: Zwei Kopier-Modi. &#8222;Quellverzeichnis-Inhalte in das Zielverzeichnis kopieren&#8220; und &#8222;Quellverzeichnis als Unterverzeichnis in das Zielverzeichnis kopieren&#8220;.<\/li>\n<li>Diverse Verbesserungen.<\/li>\n<\/ul>\n<p>1.17<\/p>\n<ul>\n<li>Neu: Dateien im Zielverzeichnis k\u00f6nnen zus\u00e4tzlich auch physikalisch auf dem Datentr\u00e4ger sortiert werden.<\/li>\n<li>Verbessert: Detailiertere Fehlermeldungen wenn eine Datei nicht kopiert werden konnte.<\/li>\n<li>Diverse Verbesserungen.<\/li>\n<\/ul>\n<p>1.15<\/p>\n<ul>\n<li>Neu: Zugriff auf Ger\u00e4te wie Smartphones und Tablets via MTP-Protokoll (Media Transfer Protokoll).<\/li>\n<li>Diverse Verbesserungen.<\/li>\n<\/ul>\n<p>1.12<\/p>\n<ul>\n<li>Neu: Dateien und Verzeichnisse nach Textkriterien filtern (einschliessen, ausschliessen, Wildcard-Platzhalter).<\/li>\n<li>Neu: Kopiervorgang testen, ohne Dateien wirklich zu kopieren.<\/li>\n<\/ul>\n<p>1.10<\/p>\n<ul>\n<li>Neu: Einstellungen in Konfigurationsdateien speichern und laden.<\/li>\n<li>Neu: Drag &amp; Drop f\u00fcr Quell- und Ziel-Verzeichnisse und Konfigurationsdateien.<\/li>\n<\/ul>\n<p>1.09<\/p>\n<ul>\n<li>Neu: Kopiervorgang in Log-Datei dokumentieren.<\/li>\n<li>Diverse Verbesserungen.<\/li>\n<\/ul>\n<p>[\/et_pb_text][\/et_pb_column][et_pb_column type=&#8220;1_4&#8243; _builder_version=&#8220;4.16&#8243; custom_padding=&#8220;|||&#8220; global_colors_info=&#8220;{}&#8220; custom_padding__hover=&#8220;|||&#8220;][et_pb_sidebar orientation=&#8220;right&#8220; area=&#8220;sidebar-1&#8243; _builder_version=&#8220;4.16&#8243; remove_border=&#8220;off&#8220; global_colors_info=&#8220;{}&#8220;][\/et_pb_sidebar][\/et_pb_column][\/et_pb_row][\/et_pb_section]<\/p>\n","protected":false},"excerpt":{"rendered":"<p>Aktuelle \u00c4nderungen\/Erweiterungen\u00a0 &nbsp; \u00c4nderungen in der aktuellen Version: 1.23 Neu: Nach dem Kopieren k\u00f6nnen folgende Aktionen automatisch ausgef\u00fchrt werden:\u00a0 Sperren,\u00a0 Abmelden,\u00a0 Energie sparen,\u00a0 Herunterfahren. &nbsp; Fr\u00fchere \u00c4nderungen: 1.22 Verbessert: Beim Kopieren eines ganzen Laufwerks (Root) wurde dem Zielverzeichnis unter bestimmten Umst\u00e4nden versehentlich das Attribut SYSTEM\/HIDDEN zugewiesen. 1.21 Neu: Dateien nach dem Kopiervorgang durch nochmaliges Lesen [&hellip;]<\/p>\n","protected":false},"author":1,"featured_media":0,"parent":0,"menu_order":0,"comment_status":"closed","ping_status":"closed","template":"","meta":{"_et_pb_use_builder":"on","_et_pb_old_content":"","_et_gb_content_width":"","jetpack_post_was_ever_published":false,"footnotes":""},"class_list":["post-729","page","type-page","status-publish","hentry"],"yoast_head":"<!-- This site is optimized with the Yoast SEO plugin v25.0 - https:\/\/yoast.com\/wordpress\/plugins\/seo\/ -->\n<title>Erstelldatum beim Kopieren von Dateien \u00fcbertragen<\/title>\n<meta name=\"description\" content=\"Dateien kopieren und dabei das originale Erstellungsdatum, \u00c4nderungsdatum und die originalen Attribute der Dateien und Verzeichnisse beibehalten\" \/>\n<meta name=\"robots\" content=\"index, follow, max-snippet:-1, max-image-preview:large, max-video-preview:-1\" \/>\n<link rel=\"canonical\" href=\"https:\/\/www.infonautics-software.ch\/dateien-kopieren-mit-datum\/aenderungen\/\" \/>\n<meta property=\"og:locale\" content=\"de_DE\" \/>\n<meta property=\"og:type\" content=\"article\" \/>\n<meta property=\"og:title\" content=\"Erstelldatum beim Kopieren von Dateien \u00fcbertragen\" \/>\n<meta property=\"og:description\" content=\"Dateien kopieren und dabei das originale Erstellungsdatum, \u00c4nderungsdatum und die originalen Attribute der Dateien und Verzeichnisse beibehalten\" \/>\n<meta property=\"og:url\" content=\"https:\/\/www.infonautics-software.ch\/dateien-kopieren-mit-datum\/aenderungen\/\" \/>\n<meta property=\"og:site_name\" content=\"Copy Files With Dates DE\" \/>\n<meta property=\"article:modified_time\" content=\"2023-12-15T18:43:40+00:00\" \/>\n<meta name=\"twitter:card\" content=\"summary_large_image\" \/>\n<meta name=\"twitter:site\" content=\"@InfonauticsGmbH\" \/>\n<meta name=\"twitter:label1\" content=\"Gesch\u00e4tzte Lesezeit\" \/>\n\t<meta name=\"twitter:data1\" content=\"2\u00a0Minuten\" \/>\n<script type=\"application\/ld+json\" class=\"yoast-schema-graph\">{\"@context\":\"https:\/\/schema.org\",\"@graph\":[{\"@type\":\"WebPage\",\"@id\":\"https:\/\/www.infonautics-software.ch\/dateien-kopieren-mit-datum\/aenderungen\/\",\"url\":\"https:\/\/www.infonautics-software.ch\/dateien-kopieren-mit-datum\/aenderungen\/\",\"name\":\"Erstelldatum beim Kopieren von Dateien \u00fcbertragen\",\"isPartOf\":{\"@id\":\"https:\/\/www.infonautics-software.ch\/dateien-kopieren-mit-datum\/#website\"},\"datePublished\":\"2023-12-15T09:00:21+00:00\",\"dateModified\":\"2023-12-15T18:43:40+00:00\",\"description\":\"Dateien kopieren und dabei das originale Erstellungsdatum, \u00c4nderungsdatum und die originalen Attribute der Dateien und Verzeichnisse beibehalten\",\"breadcrumb\":{\"@id\":\"https:\/\/www.infonautics-software.ch\/dateien-kopieren-mit-datum\/aenderungen\/#breadcrumb\"},\"inLanguage\":\"de\",\"potentialAction\":[{\"@type\":\"ReadAction\",\"target\":[\"https:\/\/www.infonautics-software.ch\/dateien-kopieren-mit-datum\/aenderungen\/\"]}]},{\"@type\":\"BreadcrumbList\",\"@id\":\"https:\/\/www.infonautics-software.ch\/dateien-kopieren-mit-datum\/aenderungen\/#breadcrumb\",\"itemListElement\":[{\"@type\":\"ListItem\",\"position\":1,\"name\":\"Startseite\",\"item\":\"https:\/\/www.infonautics-software.ch\/dateien-kopieren-mit-datum\/\"},{\"@type\":\"ListItem\",\"position\":2,\"name\":\"\u00c4NDERUNGEN\"}]},{\"@type\":\"WebSite\",\"@id\":\"https:\/\/www.infonautics-software.ch\/dateien-kopieren-mit-datum\/#website\",\"url\":\"https:\/\/www.infonautics-software.ch\/dateien-kopieren-mit-datum\/\",\"name\":\"Copy Files With Dates DE\",\"description\":\"Dateien kopieren und dabei Erstelldatum, \u00c4nderungsdatum und Dateiattribute beibehalten\",\"potentialAction\":[{\"@type\":\"SearchAction\",\"target\":{\"@type\":\"EntryPoint\",\"urlTemplate\":\"https:\/\/www.infonautics-software.ch\/dateien-kopieren-mit-datum\/?s={search_term_string}\"},\"query-input\":{\"@type\":\"PropertyValueSpecification\",\"valueRequired\":true,\"valueName\":\"search_term_string\"}}],\"inLanguage\":\"de\"}]}<\/script>\n<!-- \/ Yoast SEO plugin. -->","yoast_head_json":{"title":"Erstelldatum beim Kopieren von Dateien \u00fcbertragen","description":"Dateien kopieren und dabei das originale Erstellungsdatum, \u00c4nderungsdatum und die originalen Attribute der Dateien und Verzeichnisse beibehalten","robots":{"index":"index","follow":"follow","max-snippet":"max-snippet:-1","max-image-preview":"max-image-preview:large","max-video-preview":"max-video-preview:-1"},"canonical":"https:\/\/www.infonautics-software.ch\/dateien-kopieren-mit-datum\/aenderungen\/","og_locale":"de_DE","og_type":"article","og_title":"Erstelldatum beim Kopieren von Dateien \u00fcbertragen","og_description":"Dateien kopieren und dabei das originale Erstellungsdatum, \u00c4nderungsdatum und die originalen Attribute der Dateien und Verzeichnisse beibehalten","og_url":"https:\/\/www.infonautics-software.ch\/dateien-kopieren-mit-datum\/aenderungen\/","og_site_name":"Copy Files With Dates DE","article_modified_time":"2023-12-15T18:43:40+00:00","twitter_card":"summary_large_image","twitter_site":"@InfonauticsGmbH","twitter_misc":{"Gesch\u00e4tzte Lesezeit":"2\u00a0Minuten"},"schema":{"@context":"https:\/\/schema.org","@graph":[{"@type":"WebPage","@id":"https:\/\/www.infonautics-software.ch\/dateien-kopieren-mit-datum\/aenderungen\/","url":"https:\/\/www.infonautics-software.ch\/dateien-kopieren-mit-datum\/aenderungen\/","name":"Erstelldatum beim Kopieren von Dateien \u00fcbertragen","isPartOf":{"@id":"https:\/\/www.infonautics-software.ch\/dateien-kopieren-mit-datum\/#website"},"datePublished":"2023-12-15T09:00:21+00:00","dateModified":"2023-12-15T18:43:40+00:00","description":"Dateien kopieren und dabei das originale Erstellungsdatum, \u00c4nderungsdatum und die originalen Attribute der Dateien und Verzeichnisse beibehalten","breadcrumb":{"@id":"https:\/\/www.infonautics-software.ch\/dateien-kopieren-mit-datum\/aenderungen\/#breadcrumb"},"inLanguage":"de","potentialAction":[{"@type":"ReadAction","target":["https:\/\/www.infonautics-software.ch\/dateien-kopieren-mit-datum\/aenderungen\/"]}]},{"@type":"BreadcrumbList","@id":"https:\/\/www.infonautics-software.ch\/dateien-kopieren-mit-datum\/aenderungen\/#breadcrumb","itemListElement":[{"@type":"ListItem","position":1,"name":"Startseite","item":"https:\/\/www.infonautics-software.ch\/dateien-kopieren-mit-datum\/"},{"@type":"ListItem","position":2,"name":"\u00c4NDERUNGEN"}]},{"@type":"WebSite","@id":"https:\/\/www.infonautics-software.ch\/dateien-kopieren-mit-datum\/#website","url":"https:\/\/www.infonautics-software.ch\/dateien-kopieren-mit-datum\/","name":"Copy Files With Dates DE","description":"Dateien kopieren und dabei Erstelldatum, \u00c4nderungsdatum und Dateiattribute beibehalten","potentialAction":[{"@type":"SearchAction","target":{"@type":"EntryPoint","urlTemplate":"https:\/\/www.infonautics-software.ch\/dateien-kopieren-mit-datum\/?s={search_term_string}"},"query-input":{"@type":"PropertyValueSpecification","valueRequired":true,"valueName":"search_term_string"}}],"inLanguage":"de"}]}},"jetpack_shortlink":"https:\/\/wp.me\/P9WzIO-bL","jetpack_sharing_enabled":true,"_links":{"self":[{"href":"https:\/\/www.infonautics-software.ch\/dateien-kopieren-mit-datum\/wp-json\/wp\/v2\/pages\/729","targetHints":{"allow":["GET"]}}],"collection":[{"href":"https:\/\/www.infonautics-software.ch\/dateien-kopieren-mit-datum\/wp-json\/wp\/v2\/pages"}],"about":[{"href":"https:\/\/www.infonautics-software.ch\/dateien-kopieren-mit-datum\/wp-json\/wp\/v2\/types\/page"}],"author":[{"embeddable":true,"href":"https:\/\/www.infonautics-software.ch\/dateien-kopieren-mit-datum\/wp-json\/wp\/v2\/users\/1"}],"replies":[{"embeddable":true,"href":"https:\/\/www.infonautics-software.ch\/dateien-kopieren-mit-datum\/wp-json\/wp\/v2\/comments?post=729"}],"version-history":[{"count":9,"href":"https:\/\/www.infonautics-software.ch\/dateien-kopieren-mit-datum\/wp-json\/wp\/v2\/pages\/729\/revisions"}],"predecessor-version":[{"id":1294,"href":"https:\/\/www.infonautics-software.ch\/dateien-kopieren-mit-datum\/wp-json\/wp\/v2\/pages\/729\/revisions\/1294"}],"wp:attachment":[{"href":"https:\/\/www.infonautics-software.ch\/dateien-kopieren-mit-datum\/wp-json\/wp\/v2\/media?parent=729"}],"curies":[{"name":"wp","href":"https:\/\/api.w.org\/{rel}","templated":true}]}}