{"id":824,"date":"2019-04-12T12:15:34","date_gmt":"2019-04-12T10:15:34","guid":{"rendered":"http:\/\/www.livefilebackup.ch\/?page_id=824"},"modified":"2019-04-12T15:29:25","modified_gmt":"2019-04-12T13:29:25","slug":"screenshots","status":"publish","type":"page","link":"https:\/\/www.infonautics-software.ch\/dateilisten\/screenshots\/","title":{"rendered":"SCREENSHOTS"},"content":{"rendered":"<p>[et_pb_section bb_built=&#8220;1&#8243; fullwidth=&#8220;on&#8220; specialty=&#8220;off&#8220; transparent_background=&#8220;off&#8220; background_color=&#8220;#00458e&#8220; allow_player_pause=&#8220;off&#8220; inner_shadow=&#8220;off&#8220; parallax=&#8220;off&#8220; parallax_method=&#8220;off&#8220; custom_padding=&#8220;50px|||&#8220; padding_mobile=&#8220;off&#8220; make_fullwidth=&#8220;off&#8220; use_custom_width=&#8220;off&#8220; width_unit=&#8220;on&#8220; make_equal=&#8220;off&#8220; use_custom_gutter=&#8220;off&#8220; custom_padding_tablet=&#8220;50px|0|50px|0&#8243; custom_padding_last_edited=&#8220;on|desktop&#8220; next_background_color=&#8220;#FFFFFF&#8220;][et_pb_fullwidth_header title=&#8220;Screenshots zu den Funktionen von Directory List &amp; Print &#8220; background_layout=&#8220;dark&#8220; text_orientation=&#8220;left&#8220; header_fullscreen=&#8220;off&#8220; header_scroll_down=&#8220;off&#8220; parallax=&#8220;off&#8220; parallax_method=&#8220;off&#8220; content_orientation=&#8220;center&#8220; image_orientation=&#8220;center&#8220; custom_button_one=&#8220;off&#8220; button_one_letter_spacing=&#8220;0&#8243; button_one_use_icon=&#8220;default&#8220; button_one_icon_placement=&#8220;right&#8220; button_one_on_hover=&#8220;on&#8220; button_one_letter_spacing_hover=&#8220;0&#8243; custom_button_two=&#8220;off&#8220; button_two_letter_spacing=&#8220;0&#8243; button_two_use_icon=&#8220;default&#8220; button_two_icon_placement=&#8220;right&#8220; button_two_on_hover=&#8220;on&#8220; button_two_letter_spacing_hover=&#8220;0&#8243; content_max_width=&#8220;100%&#8220; background_color=&#8220;rgba(255, 255, 255, 0)&#8220; \/][\/et_pb_section][et_pb_section bb_built=&#8220;1&#8243; fullwidth=&#8220;off&#8220; specialty=&#8220;on&#8220; prev_background_color=&#8220;#00458e&#8220;][et_pb_column type=&#8220;3_4&#8243; specialty_columns=&#8220;3&#8243;][et_pb_row_inner admin_label=&#8220;Zeile&#8220;][et_pb_column_inner type=&#8220;4_4&#8243; saved_specialty_column_type=&#8220;3_4&#8243;][et_pb_text use_border_color=&#8220;off&#8220; background_position=&#8220;top_left&#8220; background_repeat=&#8220;repeat&#8220; background_size=&#8220;initial&#8220; _builder_version=&#8220;3.12&#8243;]<\/p>\n<h2><strong><span style=\"color: #000080;\">Dateilisten erstellen, ausdrucken und ausgeben<\/span><\/strong><\/h2>\n<p>&nbsp;<\/p>\n<p>Die folgenden Screenshots zeigen die wichtigsten Schritte, um mit Directory List &amp; Print eigene Dateilisten zu definieren, auszudrucken und in verschiedene Formaten und Anwendungen auszugeben.<\/p>\n<p><em><strong>BItte<\/strong><\/em> <strong><span style=\"color: #808080;\"><em>nachstehende Bilder anklicken um sie zu vergr\u00f6ssern<\/em><\/span><\/strong>.<\/p>\n<p>[\/et_pb_text][\/et_pb_column_inner][\/et_pb_row_inner][et_pb_row_inner admin_label=&#8220;Zeile&#8220; padding_mobile=&#8220;off&#8220; use_custom_gutter=&#8220;off&#8220; column_padding_mobile=&#8220;on&#8220; make_equal=&#8220;on&#8220;][et_pb_column_inner type=&#8220;1_2&#8243; saved_specialty_column_type=&#8220;3_4&#8243;][et_pb_image src=&#8220;https:\/\/www.infonautics-software.ch\/dateilisten\/wp-content\/uploads\/sites\/26\/2017\/04\/directorylistprint1de.png&#8220; title_text=&#8220;Gew\u00fcnschtes Verzeichnis mit m\u00f6glichen Unterverzeichnissen ausw\u00e4hlen.&#8220; show_in_lightbox=&#8220;on&#8220; url_new_window=&#8220;off&#8220; sticky=&#8220;off&#8220; align=&#8220;left&#8220; force_fullwidth=&#8220;off&#8220; always_center_on_mobile=&#8220;on&#8220; border_style=&#8220;solid&#8220; alt=&#8220;Verzeichnis f\u00fcr das Erstellen der gew\u00fcnschten Dateilisten ausw\u00e4hlen.&#8220; use_overlay=&#8220;off&#8220; _builder_version=&#8220;3.0.66&#8243; animation_style=&#8220;none&#8220; animation_duration=&#8220;1000ms&#8220; animation_intensity_slide=&#8220;50%&#8220; show_bottom_space=&#8220;on&#8220; \/][\/et_pb_column_inner][et_pb_column_inner type=&#8220;1_2&#8243; saved_specialty_column_type=&#8220;3_4&#8243;][et_pb_text background_layout=&#8220;light&#8220; text_orientation=&#8220;left&#8220; use_border_color=&#8220;off&#8220; border_color=&#8220;#ffffff&#8220; border_style=&#8220;solid&#8220; background_position=&#8220;top_left&#8220; background_repeat=&#8220;repeat&#8220; background_size=&#8220;initial&#8220;]<\/p>\n<h4><span style=\"color: #000080;\"><strong>1. Verzeichnis w\u00e4hlen<\/strong><\/span><\/h4>\n<p>Sie w\u00e4hlen das gew\u00fcnschte<strong> Verzeichnis mit m\u00f6glichen Unterverzeichnissen<\/strong> aus.<\/p>\n<p>[\/et_pb_text][\/et_pb_column_inner][\/et_pb_row_inner][et_pb_row_inner admin_label=&#8220;Zeile&#8220;][et_pb_column_inner type=&#8220;1_2&#8243; saved_specialty_column_type=&#8220;3_4&#8243;][et_pb_text background_layout=&#8220;light&#8220; text_orientation=&#8220;left&#8220; use_border_color=&#8220;off&#8220; border_color=&#8220;#ffffff&#8220; border_style=&#8220;solid&#8220; background_position=&#8220;top_left&#8220; background_repeat=&#8220;repeat&#8220; background_size=&#8220;initial&#8220;]<\/p>\n<h4><strong><span style=\"color: #000080;\">2. Spalten<\/span><\/strong><\/h4>\n<p>Anhand der <strong>Dateiinformationen und den Meta-Tags<\/strong> (EXIF, IPTC, AUDIO, VIDEO,DOCUMENT) definieren Sie Ihre gew\u00fcnschte Dateiliste.<\/p>\n<p>[\/et_pb_text][\/et_pb_column_inner][et_pb_column_inner type=&#8220;1_2&#8243; saved_specialty_column_type=&#8220;3_4&#8243;][et_pb_image src=&#8220;https:\/\/www.infonautics-software.ch\/dateilisten\/wp-content\/uploads\/sites\/26\/2017\/08\/directorylistprint2de.png&#8220; show_in_lightbox=&#8220;on&#8220; url_new_window=&#8220;off&#8220; sticky=&#8220;off&#8220; align=&#8220;left&#8220; force_fullwidth=&#8220;off&#8220; always_center_on_mobile=&#8220;on&#8220; border_style=&#8220;solid&#8220; alt=&#8220;Spalten f\u00fcr gew\u00fcnschte Dateilisten definieren.&#8220; title_text=&#8220;Spalten f\u00fcr gew\u00fcnschte Dateilisten definieren,&#8220; use_overlay=&#8220;off&#8220; _builder_version=&#8220;3.0.66&#8243; animation_style=&#8220;none&#8220; animation_duration=&#8220;1000ms&#8220; animation_intensity_slide=&#8220;50%&#8220; show_bottom_space=&#8220;on&#8220; \/][\/et_pb_column_inner][\/et_pb_row_inner][et_pb_row_inner admin_label=&#8220;Zeile&#8220;][et_pb_column_inner type=&#8220;1_2&#8243; saved_specialty_column_type=&#8220;3_4&#8243;][et_pb_image src=&#8220;https:\/\/www.infonautics-software.ch\/dateilisten\/wp-content\/uploads\/sites\/26\/2017\/08\/directorylistprint3de.png&#8220; show_in_lightbox=&#8220;on&#8220; url_new_window=&#8220;off&#8220; sticky=&#8220;off&#8220; align=&#8220;left&#8220; force_fullwidth=&#8220;off&#8220; always_center_on_mobile=&#8220;on&#8220; border_style=&#8220;solid&#8220; alt=&#8220;Dateieigenschaften der Dateiliste definieren.&#8220; title_text=&#8220;Mit welchen Informationen m\u00f6chten Sie Ihre Datei- und Verzeichnisliste ausgeben?&#8220; use_overlay=&#8220;off&#8220; _builder_version=&#8220;3.0.66&#8243; animation_style=&#8220;none&#8220; animation_duration=&#8220;1000ms&#8220; animation_intensity_slide=&#8220;50%&#8220; show_bottom_space=&#8220;on&#8220; \/][\/et_pb_column_inner][et_pb_column_inner type=&#8220;1_2&#8243; saved_specialty_column_type=&#8220;3_4&#8243;][et_pb_text background_layout=&#8220;light&#8220; text_orientation=&#8220;left&#8220; use_border_color=&#8220;off&#8220; border_color=&#8220;#ffffff&#8220; border_style=&#8220;solid&#8220; background_position=&#8220;top_left&#8220; background_repeat=&#8220;repeat&#8220; background_size=&#8220;initial&#8220;]<\/p>\n<h4><span style=\"color: #000080;\"><strong>3. Anzeige<\/strong><\/span><\/h4>\n<p>W\u00e4hlen Sie anhand der <strong>Anzeigeeigenschaften<\/strong>, mit welchen Daten Sie Ihre Verzeichnisliste ausgeben m\u00f6chten.<\/p>\n<p>[\/et_pb_text][\/et_pb_column_inner][\/et_pb_row_inner][et_pb_row_inner admin_label=&#8220;Zeile&#8220;][et_pb_column_inner type=&#8220;1_2&#8243; saved_specialty_column_type=&#8220;3_4&#8243;][et_pb_text background_layout=&#8220;light&#8220; text_orientation=&#8220;left&#8220; use_border_color=&#8220;off&#8220; border_color=&#8220;#ffffff&#8220; border_style=&#8220;solid&#8220; background_position=&#8220;top_left&#8220; background_repeat=&#8220;repeat&#8220; background_size=&#8220;initial&#8220;]<\/p>\n<h4><span style=\"color: #000080;\"><strong>4. Filter<\/strong><\/span><\/h4>\n<p>Die zahlreichen <strong>Filterm\u00f6glichkeiten<\/strong> erlauben, die Dateilisten den individuellen Bed\u00fcrfnissen anzupassen.<\/p>\n<p>[\/et_pb_text][\/et_pb_column_inner][et_pb_column_inner type=&#8220;1_2&#8243; saved_specialty_column_type=&#8220;3_4&#8243;][et_pb_image src=&#8220;https:\/\/www.infonautics-software.ch\/dateilisten\/wp-content\/uploads\/sites\/26\/2017\/08\/directorylistprint4de.png&#8220; show_in_lightbox=&#8220;on&#8220; url_new_window=&#8220;off&#8220; sticky=&#8220;off&#8220; align=&#8220;left&#8220; force_fullwidth=&#8220;off&#8220; always_center_on_mobile=&#8220;on&#8220; border_style=&#8220;solid&#8220; alt=&#8220;Mit Filterm\u00f6glichkeiten die gew\u00fcnschte Dateiliste ersrtellen&#8220; title_text=&#8220;Anhand von Filteroptionen die individuell gew\u00fcnschte Verzeichnisliste erstellen.&#8220; use_overlay=&#8220;off&#8220; _builder_version=&#8220;3.0.66&#8243; animation_style=&#8220;none&#8220; animation_duration=&#8220;1000ms&#8220; animation_intensity_slide=&#8220;50%&#8220; show_bottom_space=&#8220;on&#8220; \/][\/et_pb_column_inner][\/et_pb_row_inner][et_pb_row_inner admin_label=&#8220;Zeile&#8220;][et_pb_column_inner type=&#8220;1_2&#8243; saved_specialty_column_type=&#8220;3_4&#8243;][et_pb_image src=&#8220;https:\/\/www.infonautics-software.ch\/dateilisten\/wp-content\/uploads\/sites\/26\/2017\/08\/directorylistprint5de.png&#8220; show_in_lightbox=&#8220;on&#8220; url_new_window=&#8220;off&#8220; sticky=&#8220;off&#8220; align=&#8220;left&#8220; force_fullwidth=&#8220;off&#8220; always_center_on_mobile=&#8220;on&#8220; border_style=&#8220;solid&#8220; alt=&#8220;Ausgabem\u00f6glichkeiten der Datei- und Ordnerlisten.&#8220; title_text=&#8220;Die Datei- und Ordnerlisten k\u00f6nnen in verschiedensten Formaten ausgegeben werden.&#8220; use_overlay=&#8220;off&#8220; _builder_version=&#8220;3.0.66&#8243; animation_style=&#8220;none&#8220; animation_duration=&#8220;1000ms&#8220; animation_intensity_slide=&#8220;50%&#8220; show_bottom_space=&#8220;on&#8220; \/][\/et_pb_column_inner][et_pb_column_inner type=&#8220;1_2&#8243; saved_specialty_column_type=&#8220;3_4&#8243;][et_pb_text use_border_color=&#8220;off&#8220; background_position=&#8220;top_left&#8220; background_repeat=&#8220;repeat&#8220; background_size=&#8220;initial&#8220; _builder_version=&#8220;3.12&#8243;]<\/p>\n<h4><span style=\"color: #000080;\"><strong>5. Ausgabe<\/strong><\/span><\/h4>\n<p>Mit Directory List &amp; Print Pro k\u00f6nnen Sie Ihre Verzeichnislisten in verschiedensten Formaten ausgeben wie <strong>Word, Excel (Microsoft Office), Writer, Calc (OpenOffice \/ LibreOffice), PDF, <\/strong>als <strong>HMTL- <\/strong>und <strong>XML-Tabelle<\/strong> sowie als <strong>CSV- <\/strong>oder <strong>TXT-Datei. <\/strong>Ebenso k\u00f6nnen <strong>XLSX-Excel-Dateien ohne installiertes Excel<\/strong> erstellt werden.<strong><br \/>\n<\/strong><\/p>\n<p>[\/et_pb_text][\/et_pb_column_inner][\/et_pb_row_inner][et_pb_row_inner admin_label=&#8220;Zeile&#8220;][et_pb_column_inner type=&#8220;1_2&#8243; saved_specialty_column_type=&#8220;3_4&#8243;][et_pb_text use_border_color=&#8220;off&#8220; background_position=&#8220;top_left&#8220; background_repeat=&#8220;repeat&#8220; background_size=&#8220;initial&#8220; _builder_version=&#8220;3.12&#8243;]<\/p>\n<h4><span style=\"color: #000080;\"><strong>6. Aktion\u00a0<\/strong><\/span><\/h4>\n<p>Nebst dem Erstellen, Ausdrucken und Exportieren von Dateilisten und Verzeichnisinhalten, k\u00f6nnen die Dateien unter &#8222;Aktion&#8220; direkt <strong>gel\u00f6scht, verschoben oder kopiert <\/strong>werden. Beim Kopieren\/Verschieben kann bei Bedarf das <strong>urspr\u00fcngliche Erstellungsdatum der Dateien beibehalten<\/strong> werden.<\/p>\n<p>[\/et_pb_text][\/et_pb_column_inner][et_pb_column_inner type=&#8220;1_2&#8243; saved_specialty_column_type=&#8220;3_4&#8243;][et_pb_image src=&#8220;https:\/\/www.infonautics-software.ch\/dateilisten\/wp-content\/uploads\/sites\/26\/2017\/08\/directorylistprint6de.png&#8220; show_in_lightbox=&#8220;on&#8220; url_new_window=&#8220;off&#8220; sticky=&#8220;off&#8220; align=&#8220;left&#8220; force_fullwidth=&#8220;off&#8220; always_center_on_mobile=&#8220;on&#8220; border_style=&#8220;solid&#8220; alt=&#8220;Dateilisten direkt verschieben, kopieren oder l\u00f6schen.&#8220; title_text=&#8220;Mit Directory List &amp; Print Dateien kopieren, verschieben und l\u00f6schen.&#8220; use_overlay=&#8220;off&#8220; _builder_version=&#8220;3.0.66&#8243; animation_style=&#8220;none&#8220; animation_duration=&#8220;1000ms&#8220; animation_intensity_slide=&#8220;50%&#8220; show_bottom_space=&#8220;on&#8220; \/][\/et_pb_column_inner][\/et_pb_row_inner][et_pb_row_inner admin_label=&#8220;Zeile&#8220;][et_pb_column_inner type=&#8220;4_4&#8243; saved_specialty_column_type=&#8220;3_4&#8243;][et_pb_text use_border_color=&#8220;off&#8220; background_position=&#8220;top_left&#8220; background_repeat=&#8220;repeat&#8220; background_size=&#8220;initial&#8220; _builder_version=&#8220;3.12&#8243;]<\/p>\n<p>F\u00fcr weitere Informationen, wie Sie einfach und schnell Dateilisten erstellen und Ordnerinhalte ausgeben und exportieren, sehen Sie bitte unser <strong><a href=\"https:\/\/www.infonautics-software.ch\/dateilisten\/funktionen\/#video\">Video zu Directory List &amp; Print.<\/a><\/strong><\/p>\n<p>[\/et_pb_text][\/et_pb_column_inner][\/et_pb_row_inner][\/et_pb_column][et_pb_column type=&#8220;1_4&#8243;][et_pb_sidebar orientation=&#8220;right&#8220; area=&#8220;sidebar-1&#8243; background_layout=&#8220;light&#8220; remove_border=&#8220;off&#8220; header_text_color=&#8220;#000080&#8243; header_font_size=&#8220;20&#8243; show_border=&#8220;on&#8220; \/][\/et_pb_column][\/et_pb_section]<\/p>\n","protected":false},"excerpt":{"rendered":"<p>Dateilisten erstellen, ausdrucken und ausgeben &nbsp; Die folgenden Screenshots zeigen die wichtigsten Schritte, um mit Directory List &amp; Print eigene Dateilisten zu definieren, auszudrucken und in verschiedene Formaten und Anwendungen auszugeben. BItte nachstehende Bilder anklicken um sie zu vergr\u00f6ssern. 1. Verzeichnis w\u00e4hlen Sie w\u00e4hlen das gew\u00fcnschte Verzeichnis mit m\u00f6glichen Unterverzeichnissen aus. 2. Spalten Anhand der [&hellip;]<\/p>\n","protected":false},"author":1,"featured_media":0,"parent":0,"menu_order":0,"comment_status":"closed","ping_status":"closed","template":"","meta":{"_et_pb_use_builder":"on","_et_pb_old_content":"","_et_gb_content_width":"","jetpack_post_was_ever_published":false,"footnotes":""},"class_list":["post-824","page","type-page","status-publish","hentry"],"yoast_head":"<!-- This site is optimized with the Yoast SEO plugin v25.0 - https:\/\/yoast.com\/wordpress\/plugins\/seo\/ -->\n<title>Verzeichnisliste in Textdatei, HTML- oder XML Tabelle ausgeben<\/title>\n<meta name=\"description\" content=\"Mit Directory List &amp; Print f\u00fcr Windows einfach und schnell Verzeichnisliste in Textdatei, in Word, Excel oder als PDF, HTML-und XML-Tabelle ausgeben.\" \/>\n<meta name=\"robots\" content=\"index, follow, max-snippet:-1, max-image-preview:large, max-video-preview:-1\" \/>\n<link rel=\"canonical\" href=\"https:\/\/www.infonautics-software.ch\/dateilisten\/screenshots\/\" \/>\n<meta property=\"og:locale\" content=\"de_DE\" \/>\n<meta property=\"og:type\" content=\"article\" \/>\n<meta property=\"og:title\" content=\"Verzeichnisliste in Textdatei, HTML- oder XML Tabelle ausgeben\" \/>\n<meta property=\"og:description\" content=\"Mit Directory List &amp; Print f\u00fcr Windows einfach und schnell Verzeichnisliste in Textdatei, in Word, Excel oder als PDF, HTML-und XML-Tabelle ausgeben.\" \/>\n<meta property=\"og:url\" content=\"https:\/\/www.infonautics-software.ch\/dateilisten\/screenshots\/\" \/>\n<meta property=\"og:site_name\" content=\"Directory List &amp; Print DE\" \/>\n<meta property=\"article:modified_time\" content=\"2019-04-12T13:29:25+00:00\" \/>\n<meta name=\"twitter:card\" content=\"summary_large_image\" \/>\n<meta name=\"twitter:site\" content=\"@InfonauticsGmbH\" \/>\n<meta name=\"twitter:label1\" content=\"Gesch\u00e4tzte Lesezeit\" \/>\n\t<meta name=\"twitter:data1\" content=\"7\u00a0Minuten\" \/>\n<script type=\"application\/ld+json\" class=\"yoast-schema-graph\">{\"@context\":\"https:\/\/schema.org\",\"@graph\":[{\"@type\":\"WebPage\",\"@id\":\"https:\/\/www.infonautics-software.ch\/dateilisten\/screenshots\/\",\"url\":\"https:\/\/www.infonautics-software.ch\/dateilisten\/screenshots\/\",\"name\":\"Verzeichnisliste in Textdatei, HTML- oder XML Tabelle ausgeben\",\"isPartOf\":{\"@id\":\"https:\/\/www.infonautics-software.ch\/dateilisten\/#website\"},\"datePublished\":\"2019-04-12T10:15:34+00:00\",\"dateModified\":\"2019-04-12T13:29:25+00:00\",\"description\":\"Mit Directory List & Print f\u00fcr Windows einfach und schnell Verzeichnisliste in Textdatei, in Word, Excel oder als PDF, HTML-und XML-Tabelle ausgeben.\",\"breadcrumb\":{\"@id\":\"https:\/\/www.infonautics-software.ch\/dateilisten\/screenshots\/#breadcrumb\"},\"inLanguage\":\"de\",\"potentialAction\":[{\"@type\":\"ReadAction\",\"target\":[\"https:\/\/www.infonautics-software.ch\/dateilisten\/screenshots\/\"]}]},{\"@type\":\"BreadcrumbList\",\"@id\":\"https:\/\/www.infonautics-software.ch\/dateilisten\/screenshots\/#breadcrumb\",\"itemListElement\":[{\"@type\":\"ListItem\",\"position\":1,\"name\":\"Startseite\",\"item\":\"https:\/\/www.infonautics-software.ch\/dateilisten\/\"},{\"@type\":\"ListItem\",\"position\":2,\"name\":\"SCREENSHOTS\"}]},{\"@type\":\"WebSite\",\"@id\":\"https:\/\/www.infonautics-software.ch\/dateilisten\/#website\",\"url\":\"https:\/\/www.infonautics-software.ch\/dateilisten\/\",\"name\":\"Directory List &amp; Print DE\",\"description\":\"Dateilisten erstellen und drucken\",\"potentialAction\":[{\"@type\":\"SearchAction\",\"target\":{\"@type\":\"EntryPoint\",\"urlTemplate\":\"https:\/\/www.infonautics-software.ch\/dateilisten\/?s={search_term_string}\"},\"query-input\":{\"@type\":\"PropertyValueSpecification\",\"valueRequired\":true,\"valueName\":\"search_term_string\"}}],\"inLanguage\":\"de\"}]}<\/script>\n<!-- \/ Yoast SEO plugin. -->","yoast_head_json":{"title":"Verzeichnisliste in Textdatei, HTML- oder XML Tabelle ausgeben","description":"Mit Directory List & Print f\u00fcr Windows einfach und schnell Verzeichnisliste in Textdatei, in Word, Excel oder als PDF, HTML-und XML-Tabelle ausgeben.","robots":{"index":"index","follow":"follow","max-snippet":"max-snippet:-1","max-image-preview":"max-image-preview:large","max-video-preview":"max-video-preview:-1"},"canonical":"https:\/\/www.infonautics-software.ch\/dateilisten\/screenshots\/","og_locale":"de_DE","og_type":"article","og_title":"Verzeichnisliste in Textdatei, HTML- oder XML Tabelle ausgeben","og_description":"Mit Directory List & Print f\u00fcr Windows einfach und schnell Verzeichnisliste in Textdatei, in Word, Excel oder als PDF, HTML-und XML-Tabelle ausgeben.","og_url":"https:\/\/www.infonautics-software.ch\/dateilisten\/screenshots\/","og_site_name":"Directory List &amp; Print DE","article_modified_time":"2019-04-12T13:29:25+00:00","twitter_card":"summary_large_image","twitter_site":"@InfonauticsGmbH","twitter_misc":{"Gesch\u00e4tzte Lesezeit":"7\u00a0Minuten"},"schema":{"@context":"https:\/\/schema.org","@graph":[{"@type":"WebPage","@id":"https:\/\/www.infonautics-software.ch\/dateilisten\/screenshots\/","url":"https:\/\/www.infonautics-software.ch\/dateilisten\/screenshots\/","name":"Verzeichnisliste in Textdatei, HTML- oder XML Tabelle ausgeben","isPartOf":{"@id":"https:\/\/www.infonautics-software.ch\/dateilisten\/#website"},"datePublished":"2019-04-12T10:15:34+00:00","dateModified":"2019-04-12T13:29:25+00:00","description":"Mit Directory List & Print f\u00fcr Windows einfach und schnell Verzeichnisliste in Textdatei, in Word, Excel oder als PDF, HTML-und XML-Tabelle ausgeben.","breadcrumb":{"@id":"https:\/\/www.infonautics-software.ch\/dateilisten\/screenshots\/#breadcrumb"},"inLanguage":"de","potentialAction":[{"@type":"ReadAction","target":["https:\/\/www.infonautics-software.ch\/dateilisten\/screenshots\/"]}]},{"@type":"BreadcrumbList","@id":"https:\/\/www.infonautics-software.ch\/dateilisten\/screenshots\/#breadcrumb","itemListElement":[{"@type":"ListItem","position":1,"name":"Startseite","item":"https:\/\/www.infonautics-software.ch\/dateilisten\/"},{"@type":"ListItem","position":2,"name":"SCREENSHOTS"}]},{"@type":"WebSite","@id":"https:\/\/www.infonautics-software.ch\/dateilisten\/#website","url":"https:\/\/www.infonautics-software.ch\/dateilisten\/","name":"Directory List &amp; Print DE","description":"Dateilisten erstellen und drucken","potentialAction":[{"@type":"SearchAction","target":{"@type":"EntryPoint","urlTemplate":"https:\/\/www.infonautics-software.ch\/dateilisten\/?s={search_term_string}"},"query-input":{"@type":"PropertyValueSpecification","valueRequired":true,"valueName":"search_term_string"}}],"inLanguage":"de"}]}},"jetpack_shortlink":"https:\/\/wp.me\/P7axRg-di","jetpack_sharing_enabled":true,"_links":{"self":[{"href":"https:\/\/www.infonautics-software.ch\/dateilisten\/wp-json\/wp\/v2\/pages\/824","targetHints":{"allow":["GET"]}}],"collection":[{"href":"https:\/\/www.infonautics-software.ch\/dateilisten\/wp-json\/wp\/v2\/pages"}],"about":[{"href":"https:\/\/www.infonautics-software.ch\/dateilisten\/wp-json\/wp\/v2\/types\/page"}],"author":[{"embeddable":true,"href":"https:\/\/www.infonautics-software.ch\/dateilisten\/wp-json\/wp\/v2\/users\/1"}],"replies":[{"embeddable":true,"href":"https:\/\/www.infonautics-software.ch\/dateilisten\/wp-json\/wp\/v2\/comments?post=824"}],"version-history":[{"count":10,"href":"https:\/\/www.infonautics-software.ch\/dateilisten\/wp-json\/wp\/v2\/pages\/824\/revisions"}],"predecessor-version":[{"id":2056,"href":"https:\/\/www.infonautics-software.ch\/dateilisten\/wp-json\/wp\/v2\/pages\/824\/revisions\/2056"}],"wp:attachment":[{"href":"https:\/\/www.infonautics-software.ch\/dateilisten\/wp-json\/wp\/v2\/media?parent=824"}],"curies":[{"name":"wp","href":"https:\/\/api.w.org\/{rel}","templated":true}]}}