{"id":125,"date":"2022-02-21T11:45:10","date_gmt":"2022-02-21T10:45:10","guid":{"rendered":"http:\/\/www.infonautics-software.ch\/mymenuexplorerde\/?page_id=125"},"modified":"2022-02-21T19:08:48","modified_gmt":"2022-02-21T18:08:48","slug":"funktionen","status":"publish","type":"page","link":"https:\/\/www.infonautics-software.ch\/entscheidungshilfe\/funktionen\/","title":{"rendered":"FUNKTIONEN"},"content":{"rendered":"<p>[et_pb_section fb_built=&#8220;1&#8243; make_equal=&#8220;on&#8220; fullwidth=&#8220;on&#8220; custom_padding_last_edited=&#8220;on|desktop&#8220; admin_label=&#8220;section&#8220; _builder_version=&#8220;3.22&#8243; background_color=&#8220;#00458e&#8220; custom_padding=&#8220;50px|||&#8220; custom_padding_tablet=&#8220;50px|0|50px|0&#8243; custom_padding_phone=&#8220;&#8220; transparent_background=&#8220;off&#8220; padding_mobile=&#8220;off&#8220; make_fullwidth=&#8220;off&#8220; use_custom_width=&#8220;off&#8220; width_unit=&#8220;off&#8220;][et_pb_fullwidth_header title=&#8220;\u00dcberlegt, sicher und strukturiert Entscheidungen treffen.&#8220; content_max_width=&#8220;none&#8220; admin_label=&#8220;Fullwidth Header&#8220; _builder_version=&#8220;3.16&#8243; background_color=&#8220;rgba(255, 255, 255, 0)&#8220; button_one_border_radius_hover=&#8220;3&#8243; button_two_border_radius_hover=&#8220;3&#8243; button_one_letter_spacing_hover=&#8220;0&#8243; button_two_letter_spacing_hover=&#8220;0&#8243; button_one_text_size__hover_enabled=&#8220;off&#8220; button_two_text_size__hover_enabled=&#8220;off&#8220; button_one_text_color__hover_enabled=&#8220;off&#8220; button_two_text_color__hover_enabled=&#8220;off&#8220; button_one_border_width__hover_enabled=&#8220;off&#8220; button_two_border_width__hover_enabled=&#8220;off&#8220; button_one_border_color__hover_enabled=&#8220;off&#8220; button_two_border_color__hover_enabled=&#8220;off&#8220; button_one_border_radius__hover_enabled=&#8220;on&#8220; button_one_border_radius__hover=&#8220;3&#8243; button_two_border_radius__hover_enabled=&#8220;on&#8220; button_two_border_radius__hover=&#8220;3&#8243; button_one_letter_spacing__hover_enabled=&#8220;on&#8220; button_one_letter_spacing__hover=&#8220;0&#8243; button_two_letter_spacing__hover_enabled=&#8220;on&#8220; button_two_letter_spacing__hover=&#8220;0&#8243; button_one_bg_color__hover_enabled=&#8220;off&#8220; button_two_bg_color__hover_enabled=&#8220;off&#8220;][\/et_pb_fullwidth_header][\/et_pb_section][et_pb_section fb_built=&#8220;1&#8243; specialty=&#8220;on&#8220; custom_padding_last_edited=&#8220;on|desktop&#8220; admin_label=&#8220;section&#8220; _builder_version=&#8220;3.22&#8243; custom_padding=&#8220;50px||50px|&#8220; custom_padding_tablet=&#8220;50px|0|50px|0&#8243; custom_padding_phone=&#8220;&#8220; transparent_background=&#8220;off&#8220; padding_mobile=&#8220;off&#8220; make_fullwidth=&#8220;off&#8220; use_custom_width=&#8220;off&#8220; width_unit=&#8220;on&#8220;][et_pb_column type=&#8220;3_4&#8243; specialty_columns=&#8220;3&#8243; _builder_version=&#8220;3.25&#8243; custom_padding=&#8220;|||&#8220; custom_padding__hover=&#8220;|||&#8220;][et_pb_row_inner _builder_version=&#8220;3.25&#8243;][et_pb_column_inner saved_specialty_column_type=&#8220;3_4&#8243; _builder_version=&#8220;3.25&#8243; custom_padding=&#8220;|||&#8220; custom_padding__hover=&#8220;|||&#8220;][et_pb_text _builder_version=&#8220;3.27.4&#8243; text_font_size=&#8220;16&#8243; module_alignment=&#8220;left&#8220; use_border_color=&#8220;off&#8220;]<\/p>\n<h1><span style=\"color: #000080;\"><strong>Die Entscheidungssoftware Decision Making Helper unterst\u00fctzt bei der Entscheidungsfindung<\/strong><\/span><\/h1>\n<p>&nbsp;<\/p>\n<p>Private, berufliche und gesch\u00e4ftliche Entscheidungen k\u00f6nnen zuweilen komplex und zeitraubend sein. Und bei einer einmal getroffenen Entscheidung treten immer wieder Unsicherheiten auf wie: &#8222;War dies wohl die richtige Entscheidung?&#8220; Genau hier bietet die Entscheidungssoftware Decision Making Helper grosse Unterst\u00fctzung. <strong>Decision Making Helper unterst\u00fctzt<\/strong> nicht nur <strong>beim Entscheidungsprozess<\/strong> selber, sondern <strong>liefert auch eine informative Auswertung, um die bewusste und nachvollziehbare Entscheidungsfindung aufzuzeigen<\/strong>. Dem Fragesteller wird bewusst, welche Kriterien bei einer Entscheidung Gewicht haben und wieso die getroffene Entscheidung sinnvoll ist. Mit der benutzerfreundlichen Entscheidungshilfe Decision Making Helper f\u00fcr Windows wird die Entscheidungsfindung zum Kinderspiel, ohne die Ernsthaftigkeit aus den Augen zu verlieren.\u00a0Die Entscheidungshilfe\u00a0Decision Making Helper arbeitet nach dem Prinzip der <strong><a href=\"https:\/\/www.infonautics-software.ch\/entscheidungshilfe\/entscheidungsmatrix\/\">gewichteten Entscheidungsmatrix<\/a>.<\/strong><\/p>\n<p>&nbsp;<\/p>\n<h2><strong><span style=\"color: #000080;\"><a id=\"Video\"><\/a>Video-Anleitung zu Decision Making Helper:<\/span><\/strong><\/h2>\n<p>(Grundfunktionen von Decision Making Helper f\u00fcr\u00a0Windows)<\/p>\n<p><iframe loading=\"lazy\" title=\"Entscheidungshilfe Software &#039;Decision Making Helper&#039; Demo\" width=\"1080\" height=\"810\" src=\"https:\/\/www.youtube.com\/embed\/StSMIUM9B9o?feature=oembed\"  allow=\"accelerometer; autoplay; clipboard-write; encrypted-media; gyroscope; picture-in-picture; web-share\" referrerpolicy=\"strict-origin-when-cross-origin\" allowfullscreen><\/iframe><\/p>\n<h3>\u00a0<\/h3>\n<p>[\/et_pb_text][\/et_pb_column_inner][\/et_pb_row_inner][et_pb_row_inner _builder_version=&#8220;3.25&#8243;][et_pb_column_inner saved_specialty_column_type=&#8220;3_4&#8243; _builder_version=&#8220;3.25&#8243; custom_padding=&#8220;|||&#8220; custom_padding__hover=&#8220;|||&#8220;][et_pb_text _builder_version=&#8220;4.6.1&#8243; text_font_size=&#8220;16&#8243; module_alignment=&#8220;left&#8220; hover_enabled=&#8220;0&#8243; sticky_enabled=&#8220;0&#8243;]<\/p>\n<h2><span style=\"color: #000080;\"><strong>Programmeigenschaften der Entscheidungssoftware\u00a0Decision Making Helper.<\/strong><\/span><\/h2>\n<p>&nbsp;<\/p>\n<ul>\n<li><strong>Entscheidungsfindung<\/strong> \u00fcber die Angabe von bis zu <strong>300 Kriterien<\/strong>, <strong>26 Optionen<\/strong> (Entscheidungsm\u00f6glichkeiten) oder <strong>1000 Bewertungen<\/strong>.<\/li>\n<li><strong>Gewichtung der Kriterien in 5 Stufen<\/strong> von &#8222;niedrig&#8220; bis &#8222;hoch&#8220;.<\/li>\n<li><strong>Bewertung der Kriterien je Option in 10 Stufen<\/strong>, von negativ &#8222;-5&#8220; \u00fcber neutral &#8222;0&#8220; bis positiv &#8222;+5&#8220;.<\/li>\n<li><strong>Eingabe eines Kommentars<\/strong> f\u00fcr jede Bewertung.<\/li>\n<li><strong>Berechnung der Wertung f\u00fcr jede Option, prozentual<\/strong> von &#8222;-100%&#8220; bis &#8222;+100%&#8220; <strong>und in Worten<\/strong> von &#8222;negativ&#8220;, &#8222;eher negativ&#8220;, &#8222;neutral&#8220;, &#8222;eher positiv&#8220; bis &#8222;positiv&#8220;.<\/li>\n<li><strong>Berechnung der Entscheidung<\/strong> der besten verf\u00fcgbaren Option.<\/li>\n<li><strong>Grafische Darstellung als Balkendiagramm<\/strong>\u00a0(Bar Chart) zum Vergleich der Wertungen aller Optionen.<\/li>\n<li><strong>Grafische Darstellung als Punktdiagramm<\/strong> (Scatter Chart) der Position aller Kriterien je Option.<\/li>\n<li><strong>Grafische Darstellung als Radardiagramm<\/strong> (Radar Chart) zur vergleichenden Darstellung aller Kriterien und Optionen des gesamten Projektes.<\/li>\n<li><strong>Tabellarische Darstellung<\/strong> als \u00dcbersicht aller Optionen, Kriterien und Bewertungen des gesamten Projektes.<\/li>\n<li><strong>\u00dcbernahme der Darstellungen<\/strong> in die Zwischenablage und Speicherung in einer Datei (jpg, bmp, gif, tif).<\/li>\n<li><strong>\u00dcbernahme der Tabellen<\/strong> in die Zwischenablage und Speicherung in einer Datei (html, mht).<\/li>\n<li><strong>Direktes Drucken<\/strong> aller Darstellungen.<\/li>\n<li><strong>Speicherung jeder Entscheidungsfindung<\/strong> als Projekt in einer Datei (dmh).<\/li>\n<li><strong>Export der Daten<\/strong> als tabulatorseparierte Datei (txt), tabelliert nach Optionen oder Kriterien.<\/li>\n<li><strong>UNICODE kompatibel<\/strong> f\u00fcr die inhaltliche Erfassung beliebiger Sprachen (z.B. Asiatische Sprachen).<\/li>\n<li><strong>Handbuch<\/strong> in Deutsch, Englisch und Franz\u00f6sisch.<\/li>\n<li><strong>Hilfe per E-Mail<\/strong> in Deutsch und Englisch.<\/li>\n<\/ul>\n<p>&nbsp;<\/p>\n<h2><strong><span style=\"color: #000080;\">Systemvoraussetzungen\u00a0<\/span><\/strong><\/h2>\n<p><strong>Betriebssystem:<\/strong> Microsoft Windows\u00ae 7 \/ 8 \/ 10 \/ 11\u00a0 (lauff\u00e4hig auf 32bit und 64bit Systemen)<br \/><strong>Hauptspeicher RAM:<\/strong> ca. 30 MB<br \/><strong>Festplattenspeicher f\u00fcr Programm:<\/strong> ca. 10 MB<\/p>\n<h2>\u00a0<\/h2>\n<h2><span style=\"color: #000080;\"><strong>Kostenlos herunterladen und gleich testen<\/strong><\/span><\/h2>\n<p>Decision Making Helper kann vor dem Kauf ausf\u00fchrlich getestet werden. Die Software ist in den Sprachen Deutsch, Englisch und Franz\u00f6sisch vorhanden.<strong> <a href=\"https:\/\/www.infonautics-software.ch\/entscheidungshilfe\/download\/\">Jetzt herunterladen und kostenlos testen!<\/a><\/strong><\/p>\n<p>&nbsp;<\/p>\n<p>[\/et_pb_text][\/et_pb_column_inner][\/et_pb_row_inner][\/et_pb_column][et_pb_column type=&#8220;1_4&#8243; _builder_version=&#8220;3.25&#8243; custom_padding=&#8220;|||&#8220; custom_padding__hover=&#8220;|||&#8220;][et_pb_sidebar orientation=&#8220;right&#8220; area=&#8220;sidebar-1&#8243; admin_label=&#8220;Sidebar&#8220; _builder_version=&#8220;3.0.74&#8243; header_text_color=&#8220;#000080&#8243; header_font_size=&#8220;20&#8243; remove_border=&#8220;off&#8220;][\/et_pb_sidebar][\/et_pb_column][\/et_pb_section]<\/p>\n","protected":false},"excerpt":{"rendered":"<p>Die Entscheidungssoftware Decision Making Helper unterst\u00fctzt bei der Entscheidungsfindung &nbsp; Private, berufliche und gesch\u00e4ftliche Entscheidungen k\u00f6nnen zuweilen komplex und zeitraubend sein. Und bei einer einmal getroffenen Entscheidung treten immer wieder Unsicherheiten auf wie: &#8222;War dies wohl die richtige Entscheidung?&#8220; Genau hier bietet die Entscheidungssoftware Decision Making Helper grosse Unterst\u00fctzung. Decision Making Helper unterst\u00fctzt nicht nur [&hellip;]<\/p>\n","protected":false},"author":1,"featured_media":0,"parent":0,"menu_order":0,"comment_status":"open","ping_status":"open","template":"","meta":{"_et_pb_use_builder":"on","_et_pb_old_content":"<p>[et_pb_section][et_pb_row][\/et_pb_row][\/et_pb_section]<\/p>","_et_gb_content_width":"","jetpack_post_was_ever_published":false,"footnotes":""},"class_list":["post-125","page","type-page","status-publish","hentry"],"yoast_head":"<!-- This site is optimized with the Yoast SEO plugin v25.0 - https:\/\/yoast.com\/wordpress\/plugins\/seo\/ -->\n<title>Entscheidungssoftware Decision Making Helper<\/title>\n<meta name=\"description\" content=\"\u00dcberlegt, sicher und strukturiert Entscheidungen treffen mit der Entscheidungssoftware Decision Making Helper. Jetzt kostenlos herunterladen und testen!\" \/>\n<meta name=\"robots\" content=\"index, follow, max-snippet:-1, max-image-preview:large, max-video-preview:-1\" \/>\n<link rel=\"canonical\" href=\"https:\/\/www.infonautics-software.ch\/entscheidungshilfe\/funktionen\/\" \/>\n<meta property=\"og:locale\" content=\"de_DE\" \/>\n<meta property=\"og:type\" content=\"article\" \/>\n<meta property=\"og:title\" content=\"Entscheidungssoftware Decision Making Helper\" \/>\n<meta property=\"og:description\" content=\"\u00dcberlegt, sicher und strukturiert Entscheidungen treffen mit der Entscheidungssoftware Decision Making Helper. Jetzt kostenlos herunterladen und testen!\" \/>\n<meta property=\"og:url\" content=\"https:\/\/www.infonautics-software.ch\/entscheidungshilfe\/funktionen\/\" \/>\n<meta property=\"og:site_name\" content=\"Decision Making Helper DE\" \/>\n<meta property=\"article:modified_time\" content=\"2022-02-21T18:08:48+00:00\" \/>\n<meta name=\"twitter:card\" content=\"summary_large_image\" \/>\n<meta name=\"twitter:site\" content=\"@InfonauticsGmbH\" \/>\n<meta name=\"twitter:label1\" content=\"Gesch\u00e4tzte Lesezeit\" \/>\n\t<meta name=\"twitter:data1\" content=\"4\u00a0Minuten\" \/>\n<script type=\"application\/ld+json\" class=\"yoast-schema-graph\">{\"@context\":\"https:\/\/schema.org\",\"@graph\":[{\"@type\":\"WebPage\",\"@id\":\"https:\/\/www.infonautics-software.ch\/entscheidungshilfe\/funktionen\/\",\"url\":\"https:\/\/www.infonautics-software.ch\/entscheidungshilfe\/funktionen\/\",\"name\":\"Entscheidungssoftware Decision Making Helper\",\"isPartOf\":{\"@id\":\"https:\/\/www.infonautics-software.ch\/entscheidungshilfe\/#website\"},\"datePublished\":\"2022-02-21T10:45:10+00:00\",\"dateModified\":\"2022-02-21T18:08:48+00:00\",\"description\":\"\u00dcberlegt, sicher und strukturiert Entscheidungen treffen mit der Entscheidungssoftware Decision Making Helper. Jetzt kostenlos herunterladen und testen!\",\"breadcrumb\":{\"@id\":\"https:\/\/www.infonautics-software.ch\/entscheidungshilfe\/funktionen\/#breadcrumb\"},\"inLanguage\":\"de\",\"potentialAction\":[{\"@type\":\"ReadAction\",\"target\":[\"https:\/\/www.infonautics-software.ch\/entscheidungshilfe\/funktionen\/\"]}]},{\"@type\":\"BreadcrumbList\",\"@id\":\"https:\/\/www.infonautics-software.ch\/entscheidungshilfe\/funktionen\/#breadcrumb\",\"itemListElement\":[{\"@type\":\"ListItem\",\"position\":1,\"name\":\"Startseite\",\"item\":\"https:\/\/www.infonautics-software.ch\/entscheidungshilfe\/\"},{\"@type\":\"ListItem\",\"position\":2,\"name\":\"FUNKTIONEN\"}]},{\"@type\":\"WebSite\",\"@id\":\"https:\/\/www.infonautics-software.ch\/entscheidungshilfe\/#website\",\"url\":\"https:\/\/www.infonautics-software.ch\/entscheidungshilfe\/\",\"name\":\"Decision Making Helper DE\",\"description\":\"Entscheidungshilfe\",\"potentialAction\":[{\"@type\":\"SearchAction\",\"target\":{\"@type\":\"EntryPoint\",\"urlTemplate\":\"https:\/\/www.infonautics-software.ch\/entscheidungshilfe\/?s={search_term_string}\"},\"query-input\":{\"@type\":\"PropertyValueSpecification\",\"valueRequired\":true,\"valueName\":\"search_term_string\"}}],\"inLanguage\":\"de\"}]}<\/script>\n<!-- \/ Yoast SEO plugin. -->","yoast_head_json":{"title":"Entscheidungssoftware Decision Making Helper","description":"\u00dcberlegt, sicher und strukturiert Entscheidungen treffen mit der Entscheidungssoftware Decision Making Helper. Jetzt kostenlos herunterladen und testen!","robots":{"index":"index","follow":"follow","max-snippet":"max-snippet:-1","max-image-preview":"max-image-preview:large","max-video-preview":"max-video-preview:-1"},"canonical":"https:\/\/www.infonautics-software.ch\/entscheidungshilfe\/funktionen\/","og_locale":"de_DE","og_type":"article","og_title":"Entscheidungssoftware Decision Making Helper","og_description":"\u00dcberlegt, sicher und strukturiert Entscheidungen treffen mit der Entscheidungssoftware Decision Making Helper. Jetzt kostenlos herunterladen und testen!","og_url":"https:\/\/www.infonautics-software.ch\/entscheidungshilfe\/funktionen\/","og_site_name":"Decision Making Helper DE","article_modified_time":"2022-02-21T18:08:48+00:00","twitter_card":"summary_large_image","twitter_site":"@InfonauticsGmbH","twitter_misc":{"Gesch\u00e4tzte Lesezeit":"4\u00a0Minuten"},"schema":{"@context":"https:\/\/schema.org","@graph":[{"@type":"WebPage","@id":"https:\/\/www.infonautics-software.ch\/entscheidungshilfe\/funktionen\/","url":"https:\/\/www.infonautics-software.ch\/entscheidungshilfe\/funktionen\/","name":"Entscheidungssoftware Decision Making Helper","isPartOf":{"@id":"https:\/\/www.infonautics-software.ch\/entscheidungshilfe\/#website"},"datePublished":"2022-02-21T10:45:10+00:00","dateModified":"2022-02-21T18:08:48+00:00","description":"\u00dcberlegt, sicher und strukturiert Entscheidungen treffen mit der Entscheidungssoftware Decision Making Helper. Jetzt kostenlos herunterladen und testen!","breadcrumb":{"@id":"https:\/\/www.infonautics-software.ch\/entscheidungshilfe\/funktionen\/#breadcrumb"},"inLanguage":"de","potentialAction":[{"@type":"ReadAction","target":["https:\/\/www.infonautics-software.ch\/entscheidungshilfe\/funktionen\/"]}]},{"@type":"BreadcrumbList","@id":"https:\/\/www.infonautics-software.ch\/entscheidungshilfe\/funktionen\/#breadcrumb","itemListElement":[{"@type":"ListItem","position":1,"name":"Startseite","item":"https:\/\/www.infonautics-software.ch\/entscheidungshilfe\/"},{"@type":"ListItem","position":2,"name":"FUNKTIONEN"}]},{"@type":"WebSite","@id":"https:\/\/www.infonautics-software.ch\/entscheidungshilfe\/#website","url":"https:\/\/www.infonautics-software.ch\/entscheidungshilfe\/","name":"Decision Making Helper DE","description":"Entscheidungshilfe","potentialAction":[{"@type":"SearchAction","target":{"@type":"EntryPoint","urlTemplate":"https:\/\/www.infonautics-software.ch\/entscheidungshilfe\/?s={search_term_string}"},"query-input":{"@type":"PropertyValueSpecification","valueRequired":true,"valueName":"search_term_string"}}],"inLanguage":"de"}]}},"jetpack_shortlink":"https:\/\/wp.me\/P7fdXr-21","jetpack_sharing_enabled":true,"_links":{"self":[{"href":"https:\/\/www.infonautics-software.ch\/entscheidungshilfe\/wp-json\/wp\/v2\/pages\/125","targetHints":{"allow":["GET"]}}],"collection":[{"href":"https:\/\/www.infonautics-software.ch\/entscheidungshilfe\/wp-json\/wp\/v2\/pages"}],"about":[{"href":"https:\/\/www.infonautics-software.ch\/entscheidungshilfe\/wp-json\/wp\/v2\/types\/page"}],"author":[{"embeddable":true,"href":"https:\/\/www.infonautics-software.ch\/entscheidungshilfe\/wp-json\/wp\/v2\/users\/1"}],"replies":[{"embeddable":true,"href":"https:\/\/www.infonautics-software.ch\/entscheidungshilfe\/wp-json\/wp\/v2\/comments?post=125"}],"version-history":[{"count":10,"href":"https:\/\/www.infonautics-software.ch\/entscheidungshilfe\/wp-json\/wp\/v2\/pages\/125\/revisions"}],"predecessor-version":[{"id":1454,"href":"https:\/\/www.infonautics-software.ch\/entscheidungshilfe\/wp-json\/wp\/v2\/pages\/125\/revisions\/1454"}],"wp:attachment":[{"href":"https:\/\/www.infonautics-software.ch\/entscheidungshilfe\/wp-json\/wp\/v2\/media?parent=125"}],"curies":[{"name":"wp","href":"https:\/\/api.w.org\/{rel}","templated":true}]}}