{"id":37,"date":"2019-05-14T11:45:16","date_gmt":"2019-05-14T09:45:16","guid":{"rendered":"http:\/\/www.infonautics-software.ch\/mymenuexplorerde\/?page_id=37"},"modified":"2019-05-14T14:49:54","modified_gmt":"2019-05-14T12:49:54","slug":"home","status":"publish","type":"page","link":"https:\/\/www.infonautics-software.ch\/entscheidungshilfe\/","title":{"rendered":"HOME"},"content":{"rendered":"<p>[et_pb_section bb_built=&#8220;1&#8243; admin_label=&#8220;section&#8220; fullwidth=&#8220;on&#8220; specialty=&#8220;off&#8220; background_color=&#8220;#ffffff&#8220; inner_shadow=&#8220;off&#8220; parallax=&#8220;off&#8220; transparent_background=&#8220;off&#8220; allow_player_pause=&#8220;off&#8220; parallax_method=&#8220;off&#8220; padding_mobile=&#8220;off&#8220; make_fullwidth=&#8220;off&#8220; use_custom_width=&#8220;off&#8220; width_unit=&#8220;on&#8220; make_equal=&#8220;off&#8220; use_custom_gutter=&#8220;off&#8220; custom_padding_tablet=&#8220;50px|0|50px|0&#8243; custom_padding_last_edited=&#8220;on|desktop&#8220; next_background_color=&#8220;#FFFFFF&#8220;][et_pb_fullwidth_slider admin_label=&#8220;Fullwidth Slider&#8220; show_arrows=&#8220;on&#8220; show_pagination=&#8220;on&#8220; auto=&#8220;off&#8220; parallax=&#8220;off&#8220; parallax_method=&#8220;off&#8220; auto_ignore_hover=&#8220;off&#8220; remove_inner_shadow=&#8220;off&#8220; background_position=&#8220;default&#8220; background_size=&#8220;default&#8220; hide_content_on_mobile=&#8220;off&#8220; hide_cta_on_mobile=&#8220;off&#8220; show_image_video_mobile=&#8220;off&#8220; custom_button=&#8220;off&#8220; button_letter_spacing=&#8220;0&#8243; button_use_icon=&#8220;default&#8220; button_icon_placement=&#8220;right&#8220; button_on_hover=&#8220;on&#8220; button_letter_spacing_hover=&#8220;0&#8243; header_font_size=&#8220;46&#8243; body_font_size=&#8220;16&#8243; button_text_size=&#8220;20&#8243; button_border_width=&#8220;2&#8243; button_border_radius=&#8220;3&#8243; button_border_radius_hover=&#8220;3&#8243; custom_padding=&#8220;|||&#8220; custom_padding_tablet=&#8220;|||&#8220; custom_padding_phone=&#8220;|||&#8220; show_inner_shadow=&#8220;on&#8220; show_content_on_mobile=&#8220;on&#8220; show_cta_on_mobile=&#8220;on&#8220; box_shadow_horizontal=&#8220;0px&#8220; box_shadow_vertical=&#8220;0px&#8220; box_shadow_blur=&#8220;10px&#8220; box_shadow_spread=&#8220;0px&#8220; box_shadow_position=&#8220;inner&#8220; box_shadow_color=&#8220;rgba(0,0,0,0.1)&#8220; box_shadow_style=&#8220;preset6&#8243;][et_pb_slide heading=&#8220;Decision Making Helper&#8220; button_text=&#8220;Jetzt herunterladen!&#8220; button_link=&#8220;https:\/\/www.infonautics-software.ch\/downloads\/DecisionMakingHelperDE.zip&#8220; background_color=&#8220;#00458e&#8220; image=&#8220;https:\/\/www.infonautics-software.ch\/entscheidungshilfe\/wp-content\/uploads\/sites\/22\/2016\/02\/decisionmakinghelperbox-transparent.png&#8220; alignment=&#8220;bottom&#8220; background_layout=&#8220;dark&#8220; allow_player_pause=&#8220;off&#8220; background_position=&#8220;default&#8220; background_size=&#8220;default&#8220; header_font_select=&#8220;default&#8220; body_font_select=&#8220;default&#8220; custom_button=&#8220;on&#8220; button_font_select=&#8220;default&#8220; button_use_icon=&#8220;default&#8220; button_icon_placement=&#8220;right&#8220; button_on_hover=&#8220;on&#8220;]<\/p>\n<p style=\"text-align: left;\"><strong>Decision Making Helper<\/strong> &#8211; Das Entscheidungs-Tool\u00a0um <strong>fundiert die richtigen Entscheidungen zu treffen<\/strong><\/p>\n<p>[\/et_pb_slide][\/et_pb_fullwidth_slider][\/et_pb_section][et_pb_section bb_built=&#8220;1&#8243; admin_label=&#8220;section&#8220; fullwidth=&#8220;off&#8220; specialty=&#8220;on&#8220; transparent_background=&#8220;off&#8220; allow_player_pause=&#8220;off&#8220; inner_shadow=&#8220;off&#8220; parallax=&#8220;off&#8220; parallax_method=&#8220;off&#8220; padding_mobile=&#8220;off&#8220; make_fullwidth=&#8220;off&#8220; use_custom_width=&#8220;off&#8220; width_unit=&#8220;on&#8220; make_equal=&#8220;off&#8220; use_custom_gutter=&#8220;off&#8220; background_color_1=&#8220;rgba(0,0,0,0)&#8220; custom_padding=&#8220;|||&#8220; custom_padding_tablet=&#8220;50px|0|50px|0&#8243; custom_padding_last_edited=&#8220;on|desktop&#8220; prev_background_color=&#8220;#ffffff&#8220; next_background_color=&#8220;#000000&#8243;][et_pb_column type=&#8220;3_4&#8243; specialty_columns=&#8220;3&#8243;][et_pb_row_inner custom_padding=&#8220;|&#8220; padding_mobile=&#8220;off&#8220; use_custom_gutter=&#8220;off&#8220; make_equal=&#8220;off&#8220; background_color_1=&#8220;rgba(0,0,0,0)&#8220; column_padding_mobile=&#8220;on&#8220;][et_pb_column_inner type=&#8220;4_4&#8243; saved_specialty_column_type=&#8220;3_4&#8243;][et_pb_text text_font_size=&#8220;18&#8243; use_border_color=&#8220;off&#8220; background_position=&#8220;top_left&#8220; background_repeat=&#8220;repeat&#8220; background_size=&#8220;initial&#8220; _builder_version=&#8220;3.12&#8243;]<\/p>\n<h1><span style=\"color: #000080;\"><strong>Mit der Entscheidungshilfe Decision Making Helper die richtige Entscheidung treffen.<\/strong><\/span><\/h1>\n<p>&nbsp;<\/p>\n<p><span style=\"font-size: 12pt;\">Die Entscheidungshilfe<strong> Decision Making Helper<\/strong> f\u00fcr Microsoft Windows&#x2122; unterst\u00fctzt auf einfache Weise den Entscheidungsprozess und erm\u00f6glicht es, sicher und strukturiert Entscheidungen zu treffen. Die richtige Entscheidung zu treffen wird somit zum Kinderspiel ohne die Ernsthaftigkeit aus den Augen zu verlieren. Die einmal getroffenen Entscheidungen sind einsichtig und nachvollziehbar und k\u00f6nnen selbstbewusst Dritten gegen\u00fcber vertreten werden. \u00a0<\/span><\/p>\n<p>[\/et_pb_text][et_pb_text text_font_size=&#8220;14&#8243; use_border_color=&#8220;off&#8220; background_position=&#8220;top_left&#8220; background_repeat=&#8220;repeat&#8220; background_size=&#8220;initial&#8220; _builder_version=&#8220;3.12&#8243;]<\/p>\n<h2><span style=\"color: #000080;\"><strong>Wie funktioniert der Decision Making Helper?<\/strong><\/span><\/h2>\n<p>Die Software Decision Making Helper arbeitet nach dem Prinzip der <strong><a href=\"https:\/\/www.infonautics-software.ch\/entscheidungshilfe\/entscheidungsmatrix\/\">gewichteten Entscheidungsmatrix<\/a><\/strong> (Weighted Decision Matrix), welche eine differenzierte Beurteilung aller Entscheidungskriterien erm\u00f6glicht. Was in der manuellen Anwendung nur aufw\u00e4ndig zu bewerkstelligen ist, l\u00f6st die Entscheidungssoftware in folgenden Schritten <strong>spielend einfach und strukturiert:<\/strong><\/p>\n<ul>\n<li>Sie werden aufgefordert\u00a0Ihre Entscheidungsm\u00f6glichkeiten bzw. <strong>Optionen<\/strong> zu definieren.<\/li>\n<li>Anschliessend erfassen Sie alle\u00a0zur Entscheidungsfindung beeinflussenden <strong>Kriterien<\/strong>.<\/li>\n<li>Im n\u00e4chsten Schritt <strong>gewichten<\/strong> Sie die einzelnen Kriterien.<\/li>\n<li>Am Schluss <strong>bewerten<\/strong> Sie jedes Kriterium f\u00fcr jede Option individuell.<\/li>\n<\/ul>\n<p>Das Programm berechnet nun aufgrund Ihrer Angaben\u00a0f\u00fcr jede Option den Entscheidungswert prozentual von -100% bis +100%\u00a0 und in Worten &#8222;negativ \/ eher negativ \/ neutral \/ eher positiv \/ positiv&#8220;.\u00a0 Zus\u00e4tzlich veranschaulichen diverse grafische Darstellungen die Bewertung der einzelnen Optionen und zeigen so das &#8222;Resultat&#8220; respektive die &#8222;Entscheidung&#8220; auf. Die Entscheidung ist damit dokumentiert und nachvollziehbar.<\/p>\n<p><strong>Die richtige Entscheidung zu finden, im Privatleben wie auch im Gesch\u00e4ftsleben<\/strong>, ist mit der Entscheidungshilfe Decision Making Helper spielerisch m\u00f6glich, ohne die Ernsthaftigkeit aus den Augen zu verlieren.<\/p>\n<p>[\/et_pb_text][et_pb_text use_border_color=&#8220;off&#8220; custom_padding=&#8220;||20px|&#8220; background_position=&#8220;top_left&#8220; background_repeat=&#8220;repeat&#8220; background_size=&#8220;initial&#8220; _builder_version=&#8220;3.12&#8243;]<\/p>\n<h2><span style=\"color: #000080;\"><strong>Vorteile von Decision Making Helper<\/strong><\/span><\/h2>\n<p>[\/et_pb_text][\/et_pb_column_inner][\/et_pb_row_inner][et_pb_row_inner custom_padding=&#8220;0px|&#8220; padding_mobile=&#8220;off&#8220; use_custom_gutter=&#8220;off&#8220; column_padding_mobile=&#8220;on&#8220; make_equal=&#8220;off&#8220;][et_pb_column_inner type=&#8220;1_3&#8243; saved_specialty_column_type=&#8220;3_4&#8243;][et_pb_blurb title=&#8220;Sichere Entscheidung&#8220; font_icon=&#8220;%%372%%&#8220; icon_color=&#8220;#000080&#8243; animation=&#8220;off&#8220; header_font=&#8220;|on|||&#8220; header_text_color=&#8220;#000080&#8243; use_border_color=&#8220;off&#8220; image=&#8220;https:\/\/www.infonautics-software.ch\/entscheidungshilfe\/wp-content\/uploads\/sites\/22\/2016\/02\/paperclip_dmh.png&#8220; alt=&#8220;Sichere Entscheidung treffen mit Decision Making Helper&#8220; background_position=&#8220;top_left&#8220; background_repeat=&#8220;repeat&#8220; background_size=&#8220;initial&#8220; _builder_version=&#8220;3.12&#8243; max_width_tablet=&#8220;50px&#8220;]<\/p>\n<p>Eine Entscheidung wird <strong>nicht nur aus einem Bauchgef\u00fchl heraus<\/strong> getroffen sondern erfolgt strukturiert, fundiert und objektiv.<\/p>\n<p>[\/et_pb_blurb][\/et_pb_column_inner][et_pb_column_inner type=&#8220;1_3&#8243; saved_specialty_column_type=&#8220;3_4&#8243;][et_pb_blurb title=&#8220;Strukturierte Entscheidung&#8220; url_new_window=&#8220;off&#8220; use_icon=&#8220;off&#8220; font_icon=&#8220;%%373%%&#8220; icon_color=&#8220;#000080&#8243; use_circle=&#8220;off&#8220; circle_color=&#8220;#7EBEC5&#8243; use_circle_border=&#8220;off&#8220; circle_border_color=&#8220;#7EBEC5&#8243; icon_placement=&#8220;top&#8220; animation=&#8220;off&#8220; background_layout=&#8220;light&#8220; text_orientation=&#8220;left&#8220; use_icon_font_size=&#8220;off&#8220; header_font=&#8220;|on|||&#8220; header_text_color=&#8220;#000080&#8243; use_border_color=&#8220;off&#8220; border_color=&#8220;#ffffff&#8220; border_style=&#8220;solid&#8220; image=&#8220;https:\/\/www.infonautics-software.ch\/entscheidungshilfe\/wp-content\/uploads\/sites\/22\/2016\/02\/grid_dmh.png&#8220; alt=&#8220;Strukturierte Entscheidung treffen mit Decision Making Helper&#8220; background_position=&#8220;top_left&#8220; background_repeat=&#8220;repeat&#8220; background_size=&#8220;initial&#8220; image_max_width=&#8220;100%&#8220; _builder_version=&#8220;3.12&#8243;]<\/p>\n<p>Die <strong>strukturierte Vorgehensweise<\/strong> von Decision Making Helper fordert automatisch dazu auf, sich \u00fcber die m\u00f6glichen Optionen fundierte Gedanken zu machen.<\/p>\n<p>[\/et_pb_blurb][\/et_pb_column_inner][et_pb_column_inner type=&#8220;1_3&#8243; saved_specialty_column_type=&#8220;3_4&#8243;][et_pb_blurb title=&#8220;Nachvollziehbare Entscheidung&#8220; url_new_window=&#8220;off&#8220; use_icon=&#8220;off&#8220; font_icon=&#8220;%%78%%&#8220; icon_color=&#8220;#000080&#8243; use_circle=&#8220;off&#8220; circle_color=&#8220;#7EBEC5&#8243; use_circle_border=&#8220;off&#8220; circle_border_color=&#8220;#7EBEC5&#8243; icon_placement=&#8220;top&#8220; animation=&#8220;off&#8220; background_layout=&#8220;light&#8220; text_orientation=&#8220;left&#8220; use_icon_font_size=&#8220;off&#8220; header_font=&#8220;|on|||&#8220; header_text_color=&#8220;#000080&#8243; use_border_color=&#8220;off&#8220; border_color=&#8220;#ffffff&#8220; border_style=&#8220;solid&#8220; image=&#8220;https:\/\/www.infonautics-software.ch\/entscheidungshilfe\/wp-content\/uploads\/sites\/22\/2016\/02\/bargraph_dmh.png&#8220; alt=&#8220;Nachvollziehbare Entscheidung treffen mit mit Decision Making Helper&#8220; background_position=&#8220;top_left&#8220; background_repeat=&#8220;repeat&#8220; background_size=&#8220;initial&#8220; image_max_width=&#8220;100%&#8220; _builder_version=&#8220;3.12&#8243;]<\/p>\n<p>Getroffene <strong>Entscheidungen sind einsichtig und nachvollziehbar<\/strong>.<\/p>\n<p>[\/et_pb_blurb][\/et_pb_column_inner][\/et_pb_row_inner][et_pb_row_inner][et_pb_column_inner type=&#8220;1_3&#8243; saved_specialty_column_type=&#8220;3_4&#8243;][et_pb_blurb title=&#8220;Selbstbewusste Entscheidung&#8220; url_new_window=&#8220;off&#8220; use_icon=&#8220;off&#8220; font_icon=&#8220;%%146%%&#8220; icon_color=&#8220;#000080&#8243; use_circle=&#8220;off&#8220; circle_color=&#8220;#7EBEC5&#8243; use_circle_border=&#8220;off&#8220; circle_border_color=&#8220;#7EBEC5&#8243; icon_placement=&#8220;top&#8220; animation=&#8220;off&#8220; background_layout=&#8220;light&#8220; text_orientation=&#8220;left&#8220; use_icon_font_size=&#8220;off&#8220; header_font=&#8220;|on|||&#8220; header_text_color=&#8220;#000080&#8243; use_border_color=&#8220;off&#8220; border_color=&#8220;#ffffff&#8220; border_style=&#8220;solid&#8220; image=&#8220;https:\/\/www.infonautics-software.ch\/entscheidungshilfe\/wp-content\/uploads\/sites\/22\/2016\/02\/target_dmh.png&#8220; alt=&#8220;Selbstbewusste Entscheidung treffen mit Decision Making Helper&#8220; background_position=&#8220;top_left&#8220; background_repeat=&#8220;repeat&#8220; background_size=&#8220;initial&#8220; image_max_width=&#8220;100%&#8220; _builder_version=&#8220;3.12&#8243;]<\/p>\n<p>Durch die einsichtige Entscheidungsfindung mit Decision Making Helper k\u00f6nnen die getroffenen <strong>Entscheidungen gegen\u00fcber Dritten\/Partnern selbstbewusst<\/strong> und einleuchtend <strong>vertreten<\/strong> werden.<\/p>\n<p>[\/et_pb_blurb][\/et_pb_column_inner][et_pb_column_inner type=&#8220;1_3&#8243; saved_specialty_column_type=&#8220;3_4&#8243;][et_pb_blurb title=&#8220;Zeit sparen&#8220; url_new_window=&#8220;off&#8220; use_icon=&#8220;off&#8220; font_icon=&#8220;%%151%%&#8220; icon_color=&#8220;#000080&#8243; use_circle=&#8220;off&#8220; circle_color=&#8220;#7EBEC5&#8243; use_circle_border=&#8220;off&#8220; circle_border_color=&#8220;#7EBEC5&#8243; icon_placement=&#8220;top&#8220; animation=&#8220;off&#8220; background_layout=&#8220;light&#8220; text_orientation=&#8220;left&#8220; use_icon_font_size=&#8220;off&#8220; header_font=&#8220;|on|||&#8220; header_text_color=&#8220;#000080&#8243; use_border_color=&#8220;off&#8220; border_color=&#8220;#ffffff&#8220; border_style=&#8220;solid&#8220; image=&#8220;https:\/\/www.infonautics-software.ch\/entscheidungshilfe\/wp-content\/uploads\/sites\/22\/2016\/02\/hourglass_dmh.png&#8220; alt=&#8220;Zeit sparen mit Decision Making Helper beim Entscheidungen treffen&#8220; background_position=&#8220;top_left&#8220; background_repeat=&#8220;repeat&#8220; background_size=&#8220;initial&#8220; image_max_width=&#8220;100%&#8220; _builder_version=&#8220;3.12&#8243;]<\/p>\n<p>Decision Making Helper hilft, bei der Entscheidungsfindung <strong>Zeit zu sparen<\/strong>.<\/p>\n<p>[\/et_pb_blurb][\/et_pb_column_inner][et_pb_column_inner type=&#8220;1_3&#8243; saved_specialty_column_type=&#8220;3_4&#8243;][et_pb_blurb title=&#8220;Entscheiden macht Spass&#8220; url_new_window=&#8220;off&#8220; use_icon=&#8220;off&#8220; font_icon=&#8220;%%147%%&#8220; icon_color=&#8220;#000080&#8243; use_circle=&#8220;off&#8220; circle_color=&#8220;#7EBEC5&#8243; use_circle_border=&#8220;off&#8220; circle_border_color=&#8220;#7EBEC5&#8243; icon_placement=&#8220;top&#8220; animation=&#8220;off&#8220; background_layout=&#8220;light&#8220; text_orientation=&#8220;left&#8220; use_icon_font_size=&#8220;off&#8220; header_font=&#8220;|on|||&#8220; header_text_color=&#8220;#000080&#8243; use_border_color=&#8220;off&#8220; border_color=&#8220;#ffffff&#8220; border_style=&#8220;solid&#8220; image=&#8220;https:\/\/www.infonautics-software.ch\/entscheidungshilfe\/wp-content\/uploads\/sites\/22\/2016\/02\/happy_anita-1.png&#8220; alt=&#8220;Entscheiden macht Spass mit Decision Making Helper&#8220; background_position=&#8220;top_left&#8220; background_repeat=&#8220;repeat&#8220; background_size=&#8220;initial&#8220; image_max_width=&#8220;100%&#8220; _builder_version=&#8220;3.12&#8243;]<\/p>\n<p>Entscheidungen mit <strong>Decision Making Helper<\/strong> zu treffen macht <strong>Spass<\/strong>.<\/p>\n<p>[\/et_pb_blurb][\/et_pb_column_inner][\/et_pb_row_inner][et_pb_row_inner][et_pb_column_inner type=&#8220;1_2&#8243; saved_specialty_column_type=&#8220;3_4&#8243;][et_pb_text use_border_color=&#8220;off&#8220; text_font_size=&#8220;14&#8243; background_position=&#8220;top_left&#8220; background_repeat=&#8220;repeat&#8220; background_size=&#8220;initial&#8220; _builder_version=&#8220;3.12&#8243;]<\/p>\n<h2><strong><span style=\"color: #000080;\">Kostenloser Download zum Testen<\/span><\/strong><\/h2>\n<p>Die Entscheidungssoftware Decision Making Helper\u00a0k\u00f6nnen Sie vor dem Kauf ausf\u00fchrlich kostenlos testen. Die Software ist in den Sprachen Deutsch, Englisch und Franz\u00f6sisch erh\u00e4ltlich. <strong><a href=\"https:\/\/www.infonautics-software.ch\/entscheidungshilfe\/download\/\">Jetzt herunterladen<\/a><\/strong>\u00a0und kostenlos testen.<\/p>\n<p>[\/et_pb_text][\/et_pb_column_inner][et_pb_column_inner type=&#8220;1_2&#8243; saved_specialty_column_type=&#8220;3_4&#8243;][et_pb_text _builder_version=&#8220;3.12&#8243; background_layout=&#8220;light&#8220;]<\/p>\n<p><iframe loading=\"lazy\" title=\"Die richtige Entscheidung treffen\" width=\"1080\" height=\"608\" src=\"https:\/\/www.youtube.com\/embed\/LWM0jql8Sao?feature=oembed\"  allow=\"accelerometer; autoplay; clipboard-write; encrypted-media; gyroscope; picture-in-picture; web-share\" referrerpolicy=\"strict-origin-when-cross-origin\" allowfullscreen><\/iframe><\/p>\n<p>[\/et_pb_text][\/et_pb_column_inner][\/et_pb_row_inner][\/et_pb_column][et_pb_column type=&#8220;1_4&#8243;][et_pb_sidebar orientation=&#8220;right&#8220; area=&#8220;sidebar-1&#8243; background_layout=&#8220;light&#8220; remove_border=&#8220;off&#8220; header_text_color=&#8220;#000080&#8243; header_font_size=&#8220;20&#8243; show_border=&#8220;on&#8220; \/][\/et_pb_column][\/et_pb_section]<\/p>\n","protected":false},"excerpt":{"rendered":"<p>Decision Making Helper &#8211; Das Entscheidungs-Tool\u00a0um fundiert die richtigen Entscheidungen zu treffen Mit der Entscheidungshilfe Decision Making Helper die richtige Entscheidung treffen. &nbsp; Die Entscheidungshilfe Decision Making Helper f\u00fcr Microsoft Windows&#x2122; unterst\u00fctzt auf einfache Weise den Entscheidungsprozess und erm\u00f6glicht es, sicher und strukturiert Entscheidungen zu treffen. Die richtige Entscheidung zu treffen wird somit zum Kinderspiel [&hellip;]<\/p>\n","protected":false},"author":1,"featured_media":0,"parent":0,"menu_order":0,"comment_status":"closed","ping_status":"closed","template":"","meta":{"_et_pb_use_builder":"on","_et_pb_old_content":"","_et_gb_content_width":"","jetpack_post_was_ever_published":false,"footnotes":""},"class_list":["post-37","page","type-page","status-publish","hentry"],"yoast_head":"<!-- This site is optimized with the Yoast SEO plugin v25.0 - https:\/\/yoast.com\/wordpress\/plugins\/seo\/ -->\n<title>Entscheidungshilfe Decision Making Helper f\u00fcr Windows<\/title>\n<meta name=\"description\" content=\"Die Entscheidungshilfe Decision Making Helper hilft beim Entscheidungsprozess, um fundiert, bewusst und strukturiert Entscheidungen zu treffen.\u00a0\" \/>\n<meta name=\"robots\" content=\"index, follow, max-snippet:-1, max-image-preview:large, max-video-preview:-1\" \/>\n<link rel=\"canonical\" href=\"https:\/\/www.infonautics-software.ch\/entscheidungshilfe\/\" \/>\n<meta property=\"og:locale\" content=\"de_DE\" \/>\n<meta property=\"og:type\" content=\"article\" \/>\n<meta property=\"og:title\" content=\"Entscheidungshilfe Decision Making Helper f\u00fcr Windows\" \/>\n<meta property=\"og:description\" content=\"Die Entscheidungshilfe Decision Making Helper hilft beim Entscheidungsprozess, um fundiert, bewusst und strukturiert Entscheidungen zu treffen.\u00a0\" \/>\n<meta property=\"og:url\" content=\"https:\/\/www.infonautics-software.ch\/entscheidungshilfe\/\" \/>\n<meta property=\"og:site_name\" content=\"Decision Making Helper DE\" \/>\n<meta property=\"article:modified_time\" content=\"2019-05-14T12:49:54+00:00\" \/>\n<meta name=\"twitter:card\" content=\"summary_large_image\" \/>\n<meta name=\"twitter:site\" content=\"@InfonauticsGmbH\" \/>\n<meta name=\"twitter:label1\" content=\"Gesch\u00e4tzte Lesezeit\" \/>\n\t<meta name=\"twitter:data1\" content=\"8\u00a0Minuten\" \/>\n<script type=\"application\/ld+json\" class=\"yoast-schema-graph\">{\"@context\":\"https:\/\/schema.org\",\"@graph\":[{\"@type\":\"WebPage\",\"@id\":\"https:\/\/www.infonautics-software.ch\/entscheidungshilfe\/\",\"url\":\"https:\/\/www.infonautics-software.ch\/entscheidungshilfe\/\",\"name\":\"Entscheidungshilfe Decision Making Helper f\u00fcr Windows\",\"isPartOf\":{\"@id\":\"https:\/\/www.infonautics-software.ch\/entscheidungshilfe\/#website\"},\"datePublished\":\"2019-05-14T09:45:16+00:00\",\"dateModified\":\"2019-05-14T12:49:54+00:00\",\"description\":\"Die Entscheidungshilfe Decision Making Helper hilft beim Entscheidungsprozess, um fundiert, bewusst und strukturiert Entscheidungen zu treffen.\u00a0\",\"breadcrumb\":{\"@id\":\"https:\/\/www.infonautics-software.ch\/entscheidungshilfe\/#breadcrumb\"},\"inLanguage\":\"de\",\"potentialAction\":[{\"@type\":\"ReadAction\",\"target\":[\"https:\/\/www.infonautics-software.ch\/entscheidungshilfe\/\"]}]},{\"@type\":\"BreadcrumbList\",\"@id\":\"https:\/\/www.infonautics-software.ch\/entscheidungshilfe\/#breadcrumb\",\"itemListElement\":[{\"@type\":\"ListItem\",\"position\":1,\"name\":\"Startseite\",\"item\":\"https:\/\/www.infonautics-software.ch\/entscheidungshilfe\/\"},{\"@type\":\"ListItem\",\"position\":2,\"name\":\"HOME\"}]},{\"@type\":\"WebSite\",\"@id\":\"https:\/\/www.infonautics-software.ch\/entscheidungshilfe\/#website\",\"url\":\"https:\/\/www.infonautics-software.ch\/entscheidungshilfe\/\",\"name\":\"Decision Making Helper DE\",\"description\":\"Entscheidungshilfe\",\"potentialAction\":[{\"@type\":\"SearchAction\",\"target\":{\"@type\":\"EntryPoint\",\"urlTemplate\":\"https:\/\/www.infonautics-software.ch\/entscheidungshilfe\/?s={search_term_string}\"},\"query-input\":{\"@type\":\"PropertyValueSpecification\",\"valueRequired\":true,\"valueName\":\"search_term_string\"}}],\"inLanguage\":\"de\"}]}<\/script>\n<!-- \/ Yoast SEO plugin. -->","yoast_head_json":{"title":"Entscheidungshilfe Decision Making Helper f\u00fcr Windows","description":"Die Entscheidungshilfe Decision Making Helper hilft beim Entscheidungsprozess, um fundiert, bewusst und strukturiert Entscheidungen zu treffen.\u00a0","robots":{"index":"index","follow":"follow","max-snippet":"max-snippet:-1","max-image-preview":"max-image-preview:large","max-video-preview":"max-video-preview:-1"},"canonical":"https:\/\/www.infonautics-software.ch\/entscheidungshilfe\/","og_locale":"de_DE","og_type":"article","og_title":"Entscheidungshilfe Decision Making Helper f\u00fcr Windows","og_description":"Die Entscheidungshilfe Decision Making Helper hilft beim Entscheidungsprozess, um fundiert, bewusst und strukturiert Entscheidungen zu treffen.\u00a0","og_url":"https:\/\/www.infonautics-software.ch\/entscheidungshilfe\/","og_site_name":"Decision Making Helper DE","article_modified_time":"2019-05-14T12:49:54+00:00","twitter_card":"summary_large_image","twitter_site":"@InfonauticsGmbH","twitter_misc":{"Gesch\u00e4tzte Lesezeit":"8\u00a0Minuten"},"schema":{"@context":"https:\/\/schema.org","@graph":[{"@type":"WebPage","@id":"https:\/\/www.infonautics-software.ch\/entscheidungshilfe\/","url":"https:\/\/www.infonautics-software.ch\/entscheidungshilfe\/","name":"Entscheidungshilfe Decision Making Helper f\u00fcr Windows","isPartOf":{"@id":"https:\/\/www.infonautics-software.ch\/entscheidungshilfe\/#website"},"datePublished":"2019-05-14T09:45:16+00:00","dateModified":"2019-05-14T12:49:54+00:00","description":"Die Entscheidungshilfe Decision Making Helper hilft beim Entscheidungsprozess, um fundiert, bewusst und strukturiert Entscheidungen zu treffen.\u00a0","breadcrumb":{"@id":"https:\/\/www.infonautics-software.ch\/entscheidungshilfe\/#breadcrumb"},"inLanguage":"de","potentialAction":[{"@type":"ReadAction","target":["https:\/\/www.infonautics-software.ch\/entscheidungshilfe\/"]}]},{"@type":"BreadcrumbList","@id":"https:\/\/www.infonautics-software.ch\/entscheidungshilfe\/#breadcrumb","itemListElement":[{"@type":"ListItem","position":1,"name":"Startseite","item":"https:\/\/www.infonautics-software.ch\/entscheidungshilfe\/"},{"@type":"ListItem","position":2,"name":"HOME"}]},{"@type":"WebSite","@id":"https:\/\/www.infonautics-software.ch\/entscheidungshilfe\/#website","url":"https:\/\/www.infonautics-software.ch\/entscheidungshilfe\/","name":"Decision Making Helper DE","description":"Entscheidungshilfe","potentialAction":[{"@type":"SearchAction","target":{"@type":"EntryPoint","urlTemplate":"https:\/\/www.infonautics-software.ch\/entscheidungshilfe\/?s={search_term_string}"},"query-input":{"@type":"PropertyValueSpecification","valueRequired":true,"valueName":"search_term_string"}}],"inLanguage":"de"}]}},"jetpack_shortlink":"https:\/\/wp.me\/P7fdXr-B","jetpack_sharing_enabled":true,"_links":{"self":[{"href":"https:\/\/www.infonautics-software.ch\/entscheidungshilfe\/wp-json\/wp\/v2\/pages\/37","targetHints":{"allow":["GET"]}}],"collection":[{"href":"https:\/\/www.infonautics-software.ch\/entscheidungshilfe\/wp-json\/wp\/v2\/pages"}],"about":[{"href":"https:\/\/www.infonautics-software.ch\/entscheidungshilfe\/wp-json\/wp\/v2\/types\/page"}],"author":[{"embeddable":true,"href":"https:\/\/www.infonautics-software.ch\/entscheidungshilfe\/wp-json\/wp\/v2\/users\/1"}],"replies":[{"embeddable":true,"href":"https:\/\/www.infonautics-software.ch\/entscheidungshilfe\/wp-json\/wp\/v2\/comments?post=37"}],"version-history":[{"count":9,"href":"https:\/\/www.infonautics-software.ch\/entscheidungshilfe\/wp-json\/wp\/v2\/pages\/37\/revisions"}],"predecessor-version":[{"id":1433,"href":"https:\/\/www.infonautics-software.ch\/entscheidungshilfe\/wp-json\/wp\/v2\/pages\/37\/revisions\/1433"}],"wp:attachment":[{"href":"https:\/\/www.infonautics-software.ch\/entscheidungshilfe\/wp-json\/wp\/v2\/media?parent=37"}],"curies":[{"name":"wp","href":"https:\/\/api.w.org\/{rel}","templated":true}]}}