{"id":855,"date":"2016-02-05T11:45:23","date_gmt":"2016-02-05T10:45:23","guid":{"rendered":"http:\/\/www.livefilebackup.ch\/?page_id=855"},"modified":"2017-08-11T11:47:35","modified_gmt":"2017-08-11T09:47:35","slug":"entscheidung","status":"publish","type":"page","link":"https:\/\/www.infonautics-software.ch\/entscheidungshilfe\/entscheidung\/","title":{"rendered":"ENTSCHEIDUNG"},"content":{"rendered":"<p>[et_pb_section admin_label=&#8220;Sektion&#8220; fullwidth=&#8220;on&#8220; specialty=&#8220;off&#8220; transparent_background=&#8220;off&#8220; background_color=&#8220;#00458e&#8220; allow_player_pause=&#8220;off&#8220; inner_shadow=&#8220;off&#8220; parallax=&#8220;off&#8220; parallax_method=&#8220;off&#8220; custom_padding=&#8220;50px|&#8220; padding_mobile=&#8220;off&#8220; make_fullwidth=&#8220;off&#8220; use_custom_width=&#8220;off&#8220; width_unit=&#8220;on&#8220; make_equal=&#8220;off&#8220; use_custom_gutter=&#8220;off&#8220;][et_pb_fullwidth_header admin_label=&#8220;Vollbreite Kopfzeile&#8220; title=&#8220;Entscheidungen treffen mit Decision Making Helper&#8220; background_layout=&#8220;dark&#8220; text_orientation=&#8220;left&#8220; header_fullscreen=&#8220;off&#8220; header_scroll_down=&#8220;off&#8220; parallax=&#8220;off&#8220; parallax_method=&#8220;off&#8220; content_orientation=&#8220;center&#8220; image_orientation=&#8220;center&#8220; custom_button_one=&#8220;off&#8220; button_one_letter_spacing=&#8220;0&#8243; button_one_use_icon=&#8220;default&#8220; button_one_icon_placement=&#8220;right&#8220; button_one_on_hover=&#8220;on&#8220; button_one_letter_spacing_hover=&#8220;0&#8243; custom_button_two=&#8220;off&#8220; button_two_letter_spacing=&#8220;0&#8243; button_two_use_icon=&#8220;default&#8220; button_two_icon_placement=&#8220;right&#8220; button_two_on_hover=&#8220;on&#8220; button_two_letter_spacing_hover=&#8220;0&#8243; button_one_text_size=&#8220;20&#8243; button_one_border_width=&#8220;2&#8243; button_one_border_radius=&#8220;3&#8243; button_one_border_radius_hover=&#8220;3&#8243; button_two_text_size=&#8220;20&#8243; button_two_border_width=&#8220;2&#8243; button_two_border_radius=&#8220;3&#8243; button_two_border_radius_hover=&#8220;3&#8243;] [\/et_pb_fullwidth_header][\/et_pb_section][et_pb_section admin_label=&#8220;Sektion&#8220; fullwidth=&#8220;off&#8220; specialty=&#8220;on&#8220;][et_pb_column type=&#8220;3_4&#8243; specialty_columns=&#8220;3&#8243;][et_pb_row_inner admin_label=&#8220;Zeile&#8220;][et_pb_column_inner type=&#8220;4_4&#8243; saved_specialty_column_type=&#8220;3_4&#8243;][et_pb_text admin_label=&#8220;Text&#8220; background_layout=&#8220;light&#8220; text_orientation=&#8220;left&#8220; use_border_color=&#8220;off&#8220; border_color=&#8220;#ffffff&#8220; border_style=&#8220;solid&#8220; text_font_size=&#8220;14&#8243;]<\/p>\n<h1><span style=\"color: #000080;\"><strong>Die richtige Entscheidung treffen &#8211; fundiert, bewusst und objektiv.<\/strong><\/span><\/h1>\n<p><span style=\"color: #000080;\"><strong><em><br \/>\n<span style=\"font-size: 12pt;\">F\u00fcr welches der drei Jobangebote soll ich mich entscheiden?<\/span><br \/>\n<span style=\"font-size: 12pt;\"> Welches Auto soll ich kaufen?<\/span><br \/>\n<span style=\"font-size: 12pt;\"> Welchen Bewerber soll ich einstellen?<\/span><br \/>\n<span style=\"font-size: 12pt;\"> F\u00fcr welche Wohnung\/welches Haus soll ich mich entscheiden?<\/span><br \/>\n<span style=\"font-size: 12pt;\"> Soll ich die berufliche Selbst\u00e4ndigkeit wagen?<\/span><\/p>\n<p><\/em><\/strong><\/span><\/p>\n<p><span style=\"color: #808080;\"><strong>Im Alltag m\u00fcssen wir regelm\u00e4ssig Entscheidungen treffen, <\/strong>manc<\/span>hmal kurzfristige, langfristige, weitreichende und umfassende. Das Bauchgef\u00fchl und die eigene Intuition sind sicher ein wichtiger Faktor bei einer zu treffenden Entscheidung. Ist die Entscheidungsfindung jedoch komplexer und hat gar Auswirkung auf Dritte, liefert eine strukturierte und nachvollziehbare Entscheidung hier oft automatisch die richtigen Argumente.<\/p>\n<p>Das Software-Tool <strong>Decision Making Helper<\/strong> <strong>kann hier helfen<\/strong>. Decision Making Helper ist die Entscheidungshilfe, um die richtige Wahl zu vereinfachen. Entscheidungen zu treffen kann damit sogar Spass machen!\u00a0<\/p>\n<h2>\u00a0<\/h2>\n<h2><span style=\"color: #000080;\"><strong>Wie kann ich eine richtige Entscheidung treffen?<\/strong><\/span><\/h2>\n<p>Das Software-Tool <strong>Decision Making Helper <\/strong>basiert auf der<strong> <a href=\"https:\/\/www.infonautics-software.ch\/entscheidungshilfe\/entscheidungsmatrix\/\">gewichteten Entscheidungsmatrix<\/a><\/strong> f\u00fcr eine strukturierte und nachvollziehbare Entscheidungs\u00adfindung.<\/p>\n<p>Das Programm fordert Sie auf, die f\u00fcr Sie zur Entscheidung stehenden Optionen (Auswahlm\u00f6glichkeiten) zu erfassen. Jede Option hat Vor- und Nachteile, die eine Entscheidung schwierig machen k\u00f6nnen. Um eben diese Vor- und Nachteile miteinander vergleichen, definieren Sie mit Decision Making Helper entsprechende Kriterien, die Sie anschliessend gewichten.<\/p>\n<p><em><span style=\"color: #000080;\"><strong>Beispiel Autokauf:<\/strong><\/span>\u00a0 Es stehen 3 verschiedene Fahrzeuge (Optionen) zur Auswahl. Neben dem Preis sind weitere Kriterien wie zum Beispiel Kilometerstand, Jahrgang etc. definiert, welche gewichtetet und pro Option (hier Fahrzeug) anschliessend bewertet werden. Dies zeigt somit ein F\u00fcr oder Wider f\u00fcr den Kauf des jeweiligen Fahrzeugs auf.<\/em><\/p>\n<p>Aufgrund Ihrer Gewichtungen und Bewertungen der Kriterien jeder Option (Entscheidungsm\u00f6glichkeit), errechnet die Entscheidungssoftware Decision Making Helper anschliessend einen Entscheidungswert pro Option aus, um so das &#8222;Resultat&#8220; die &#8222;Entscheidung&#8220; aufzuzeigen.<\/p>\n<h2>\u00a0<\/h2>\n<h2><span style=\"color: #000080;\"><strong>Die Vorteile von Decision Making Helper sind:<\/strong><\/span><\/h2>\n<ul>\n<li>Einfache Anwendung der Entscheidungshilfe in einem Programm.<\/li>\n<li>Pr\u00e4zise Bewertung der zur Auswahl stehenden M\u00f6glichkeiten durch gewichtete Kriterien.<\/li>\n<li>Rationale Entscheidungsfindung, umfassend, einsichtig und \u00fcbersichtlich.<\/li>\n<li>Sichere und nachvollziehbare Entscheidungsfindung auch in komplexen Situationen.<\/li>\n<li>Hohes Mass an Sicherheit und Vertrauen in die gefundene Entscheidung.<\/li>\n<li>Gutes Erkennen der Rahmenbedingungen einer Entscheidung.<\/li>\n<li>\u00dcbersichtliche grafische Darstellung der Entscheidungsfindung.<\/li>\n<li>Spielerischer Umgang mit dem Prozess der Entscheidung.<\/li>\n<li>\u00dcberzeugendes Instrument, um eine Entscheidung bei Partnern durchzusetzen.<\/li>\n<\/ul>\n<h2>\u00a0<\/h2>\n<h2><strong><span style=\"color: #000080;\">W\u00fcnschen Sie sich Unterst\u00fctzung bei Ihrer Entscheidung?<\/span><\/strong><\/h2>\n<p>Testen Sie jetzt die Entscheidungssoftware Decision Making Helper und <strong><a href=\"https:\/\/www.infonautics-software.ch\/entscheidungshilfe\/download\/\">laden Sie die Software kostenlos herunter<\/a>.<\/strong><\/p>\n<p>&nbsp;<\/p>\n<h2>\u00a0<\/h2>\n<h2><span style=\"color: #000080;\"><strong>Externe Quellen zum Thema Entscheidungsfindung<\/strong><\/span><\/h2>\n<p>[\/et_pb_text][\/et_pb_column_inner][\/et_pb_row_inner][et_pb_row_inner admin_label=&#8220;Zeile&#8220;][et_pb_column_inner type=&#8220;1_3&#8243; saved_specialty_column_type=&#8220;3_4&#8243;][et_pb_image admin_label=&#8220;Bild&#8220; src=&#8220;https:\/\/www.infonautics-software.ch\/entscheidungshilfe\/wp-content\/uploads\/sites\/22\/2016\/02\/innovatorsguide.jpg&#8220; alt=&#8220;Innovator&#8217;s Guide Switzerland&#8220; show_in_lightbox=&#8220;off&#8220; url=&#8220;http:\/\/innovators-guide.ch\/2013\/01\/decision-making-helper-hilft-im-privaten-und-beruflichen-leben-bei-der-entscheidunsfindung\/&#8220; url_new_window=&#8220;on&#8220; animation=&#8220;off&#8220; sticky=&#8220;off&#8220; align=&#8220;left&#8220; force_fullwidth=&#8220;off&#8220; always_center_on_mobile=&#8220;on&#8220; use_border_color=&#8220;off&#8220; border_color=&#8220;#ffffff&#8220; border_style=&#8220;solid&#8220;] [\/et_pb_image][\/et_pb_column_inner][et_pb_column_inner type=&#8220;1_3&#8243; saved_specialty_column_type=&#8220;3_4&#8243;][et_pb_image admin_label=&#8220;Bild&#8220; src=&#8220;https:\/\/www.infonautics-software.ch\/entscheidungshilfe\/wp-content\/uploads\/sites\/22\/2016\/02\/skillsyouneed.jpg&#8220; alt=&#8220;Skills You Need&#8220; show_in_lightbox=&#8220;off&#8220; url=&#8220;http:\/\/www.skillsyouneed.com\/ips\/decision-making.html&#8220; url_new_window=&#8220;on&#8220; animation=&#8220;off&#8220; sticky=&#8220;off&#8220; align=&#8220;left&#8220; force_fullwidth=&#8220;off&#8220; always_center_on_mobile=&#8220;on&#8220; use_border_color=&#8220;off&#8220; border_color=&#8220;#ffffff&#8220; border_style=&#8220;solid&#8220;] [\/et_pb_image][\/et_pb_column_inner][et_pb_column_inner type=&#8220;1_3&#8243; saved_specialty_column_type=&#8220;3_4&#8243;][et_pb_image admin_label=&#8220;Bild&#8220; src=&#8220;https:\/\/www.infonautics-software.ch\/entscheidungshilfe\/wp-content\/uploads\/sites\/22\/2016\/02\/unternehmerhandbuch.jpg&#8220; alt=&#8220;Das Unternehmerhandbuch&#8220; show_in_lightbox=&#8220;off&#8220; url=&#8220;http:\/\/das-unternehmerhandbuch.de\/2010\/10\/04\/gute-entscheidungen-treffen\/&#8220; url_new_window=&#8220;on&#8220; animation=&#8220;off&#8220; sticky=&#8220;off&#8220; align=&#8220;left&#8220; force_fullwidth=&#8220;off&#8220; always_center_on_mobile=&#8220;on&#8220; use_border_color=&#8220;off&#8220; border_color=&#8220;#ffffff&#8220; border_style=&#8220;solid&#8220;] [\/et_pb_image][\/et_pb_column_inner][\/et_pb_row_inner][\/et_pb_column][et_pb_column type=&#8220;1_4&#8243;][et_pb_sidebar admin_label=&#8220;Seitenleiste&#8220; orientation=&#8220;right&#8220; area=&#8220;sidebar-1&#8243; background_layout=&#8220;light&#8220; remove_border=&#8220;off&#8220; header_text_color=&#8220;#000080&#8243; header_font_size=&#8220;20&#8243;] [\/et_pb_sidebar][\/et_pb_column][\/et_pb_section]<\/p>\n","protected":false},"excerpt":{"rendered":"<p>Die richtige Entscheidung treffen &#8211; fundiert, bewusst und objektiv. F\u00fcr welches der drei Jobangebote soll ich mich entscheiden? Welches Auto soll ich kaufen? Welchen Bewerber soll ich einstellen? F\u00fcr welche Wohnung\/welches Haus soll ich mich entscheiden? Soll ich die berufliche Selbst\u00e4ndigkeit wagen? Im Alltag m\u00fcssen wir regelm\u00e4ssig Entscheidungen treffen, manchmal kurzfristige, langfristige, weitreichende und umfassende. [&hellip;]<\/p>\n","protected":false},"author":1,"featured_media":0,"parent":0,"menu_order":0,"comment_status":"closed","ping_status":"closed","template":"","meta":{"_et_pb_use_builder":"on","_et_pb_old_content":"","_et_gb_content_width":"","jetpack_post_was_ever_published":false,"footnotes":""},"class_list":["post-855","page","type-page","status-publish","hentry"],"yoast_head":"<!-- This site is optimized with the Yoast SEO plugin v25.0 - https:\/\/yoast.com\/wordpress\/plugins\/seo\/ -->\n<title>Gewichtete Entscheidungsmatrix zur Entscheidungsfindung<\/title>\n<meta name=\"description\" content=\"Das Software-Tool Decision Making Helper basiert auf der gewichteten Entscheidungsmatrix, um strukturiert und fundiert Entscheidungen zu treffen.\" \/>\n<meta name=\"robots\" content=\"index, follow, max-snippet:-1, max-image-preview:large, max-video-preview:-1\" \/>\n<link rel=\"canonical\" href=\"https:\/\/www.infonautics-software.ch\/entscheidungshilfe\/entscheidung\/\" \/>\n<meta property=\"og:locale\" content=\"de_DE\" \/>\n<meta property=\"og:type\" content=\"article\" \/>\n<meta property=\"og:title\" content=\"Gewichtete Entscheidungsmatrix zur Entscheidungsfindung\" \/>\n<meta property=\"og:description\" content=\"Das Software-Tool Decision Making Helper basiert auf der gewichteten Entscheidungsmatrix, um strukturiert und fundiert Entscheidungen zu treffen.\" \/>\n<meta property=\"og:url\" content=\"https:\/\/www.infonautics-software.ch\/entscheidungshilfe\/entscheidung\/\" \/>\n<meta property=\"og:site_name\" content=\"Decision Making Helper DE\" \/>\n<meta property=\"article:modified_time\" content=\"2017-08-11T09:47:35+00:00\" \/>\n<meta name=\"twitter:card\" content=\"summary_large_image\" \/>\n<meta name=\"twitter:site\" content=\"@InfonauticsGmbH\" \/>\n<meta name=\"twitter:label1\" content=\"Gesch\u00e4tzte Lesezeit\" \/>\n\t<meta name=\"twitter:data1\" content=\"5\u00a0Minuten\" \/>\n<script type=\"application\/ld+json\" class=\"yoast-schema-graph\">{\"@context\":\"https:\/\/schema.org\",\"@graph\":[{\"@type\":\"WebPage\",\"@id\":\"https:\/\/www.infonautics-software.ch\/entscheidungshilfe\/entscheidung\/\",\"url\":\"https:\/\/www.infonautics-software.ch\/entscheidungshilfe\/entscheidung\/\",\"name\":\"Gewichtete Entscheidungsmatrix zur Entscheidungsfindung\",\"isPartOf\":{\"@id\":\"https:\/\/www.infonautics-software.ch\/entscheidungshilfe\/#website\"},\"datePublished\":\"2016-02-05T10:45:23+00:00\",\"dateModified\":\"2017-08-11T09:47:35+00:00\",\"description\":\"Das Software-Tool Decision Making Helper basiert auf der gewichteten Entscheidungsmatrix, um strukturiert und fundiert Entscheidungen zu treffen.\",\"breadcrumb\":{\"@id\":\"https:\/\/www.infonautics-software.ch\/entscheidungshilfe\/entscheidung\/#breadcrumb\"},\"inLanguage\":\"de\",\"potentialAction\":[{\"@type\":\"ReadAction\",\"target\":[\"https:\/\/www.infonautics-software.ch\/entscheidungshilfe\/entscheidung\/\"]}]},{\"@type\":\"BreadcrumbList\",\"@id\":\"https:\/\/www.infonautics-software.ch\/entscheidungshilfe\/entscheidung\/#breadcrumb\",\"itemListElement\":[{\"@type\":\"ListItem\",\"position\":1,\"name\":\"Startseite\",\"item\":\"https:\/\/www.infonautics-software.ch\/entscheidungshilfe\/\"},{\"@type\":\"ListItem\",\"position\":2,\"name\":\"ENTSCHEIDUNG\"}]},{\"@type\":\"WebSite\",\"@id\":\"https:\/\/www.infonautics-software.ch\/entscheidungshilfe\/#website\",\"url\":\"https:\/\/www.infonautics-software.ch\/entscheidungshilfe\/\",\"name\":\"Decision Making Helper DE\",\"description\":\"Entscheidungshilfe\",\"potentialAction\":[{\"@type\":\"SearchAction\",\"target\":{\"@type\":\"EntryPoint\",\"urlTemplate\":\"https:\/\/www.infonautics-software.ch\/entscheidungshilfe\/?s={search_term_string}\"},\"query-input\":{\"@type\":\"PropertyValueSpecification\",\"valueRequired\":true,\"valueName\":\"search_term_string\"}}],\"inLanguage\":\"de\"}]}<\/script>\n<!-- \/ Yoast SEO plugin. -->","yoast_head_json":{"title":"Gewichtete Entscheidungsmatrix zur Entscheidungsfindung","description":"Das Software-Tool Decision Making Helper basiert auf der gewichteten Entscheidungsmatrix, um strukturiert und fundiert Entscheidungen zu treffen.","robots":{"index":"index","follow":"follow","max-snippet":"max-snippet:-1","max-image-preview":"max-image-preview:large","max-video-preview":"max-video-preview:-1"},"canonical":"https:\/\/www.infonautics-software.ch\/entscheidungshilfe\/entscheidung\/","og_locale":"de_DE","og_type":"article","og_title":"Gewichtete Entscheidungsmatrix zur Entscheidungsfindung","og_description":"Das Software-Tool Decision Making Helper basiert auf der gewichteten Entscheidungsmatrix, um strukturiert und fundiert Entscheidungen zu treffen.","og_url":"https:\/\/www.infonautics-software.ch\/entscheidungshilfe\/entscheidung\/","og_site_name":"Decision Making Helper DE","article_modified_time":"2017-08-11T09:47:35+00:00","twitter_card":"summary_large_image","twitter_site":"@InfonauticsGmbH","twitter_misc":{"Gesch\u00e4tzte Lesezeit":"5\u00a0Minuten"},"schema":{"@context":"https:\/\/schema.org","@graph":[{"@type":"WebPage","@id":"https:\/\/www.infonautics-software.ch\/entscheidungshilfe\/entscheidung\/","url":"https:\/\/www.infonautics-software.ch\/entscheidungshilfe\/entscheidung\/","name":"Gewichtete Entscheidungsmatrix zur Entscheidungsfindung","isPartOf":{"@id":"https:\/\/www.infonautics-software.ch\/entscheidungshilfe\/#website"},"datePublished":"2016-02-05T10:45:23+00:00","dateModified":"2017-08-11T09:47:35+00:00","description":"Das Software-Tool Decision Making Helper basiert auf der gewichteten Entscheidungsmatrix, um strukturiert und fundiert Entscheidungen zu treffen.","breadcrumb":{"@id":"https:\/\/www.infonautics-software.ch\/entscheidungshilfe\/entscheidung\/#breadcrumb"},"inLanguage":"de","potentialAction":[{"@type":"ReadAction","target":["https:\/\/www.infonautics-software.ch\/entscheidungshilfe\/entscheidung\/"]}]},{"@type":"BreadcrumbList","@id":"https:\/\/www.infonautics-software.ch\/entscheidungshilfe\/entscheidung\/#breadcrumb","itemListElement":[{"@type":"ListItem","position":1,"name":"Startseite","item":"https:\/\/www.infonautics-software.ch\/entscheidungshilfe\/"},{"@type":"ListItem","position":2,"name":"ENTSCHEIDUNG"}]},{"@type":"WebSite","@id":"https:\/\/www.infonautics-software.ch\/entscheidungshilfe\/#website","url":"https:\/\/www.infonautics-software.ch\/entscheidungshilfe\/","name":"Decision Making Helper DE","description":"Entscheidungshilfe","potentialAction":[{"@type":"SearchAction","target":{"@type":"EntryPoint","urlTemplate":"https:\/\/www.infonautics-software.ch\/entscheidungshilfe\/?s={search_term_string}"},"query-input":{"@type":"PropertyValueSpecification","valueRequired":true,"valueName":"search_term_string"}}],"inLanguage":"de"}]}},"jetpack_shortlink":"https:\/\/wp.me\/P7fdXr-dN","jetpack_sharing_enabled":true,"_links":{"self":[{"href":"https:\/\/www.infonautics-software.ch\/entscheidungshilfe\/wp-json\/wp\/v2\/pages\/855","targetHints":{"allow":["GET"]}}],"collection":[{"href":"https:\/\/www.infonautics-software.ch\/entscheidungshilfe\/wp-json\/wp\/v2\/pages"}],"about":[{"href":"https:\/\/www.infonautics-software.ch\/entscheidungshilfe\/wp-json\/wp\/v2\/types\/page"}],"author":[{"embeddable":true,"href":"https:\/\/www.infonautics-software.ch\/entscheidungshilfe\/wp-json\/wp\/v2\/users\/1"}],"replies":[{"embeddable":true,"href":"https:\/\/www.infonautics-software.ch\/entscheidungshilfe\/wp-json\/wp\/v2\/comments?post=855"}],"version-history":[{"count":10,"href":"https:\/\/www.infonautics-software.ch\/entscheidungshilfe\/wp-json\/wp\/v2\/pages\/855\/revisions"}],"predecessor-version":[{"id":1289,"href":"https:\/\/www.infonautics-software.ch\/entscheidungshilfe\/wp-json\/wp\/v2\/pages\/855\/revisions\/1289"}],"wp:attachment":[{"href":"https:\/\/www.infonautics-software.ch\/entscheidungshilfe\/wp-json\/wp\/v2\/media?parent=855"}],"curies":[{"name":"wp","href":"https:\/\/api.w.org\/{rel}","templated":true}]}}