{"id":923,"date":"2016-02-05T11:45:38","date_gmt":"2016-02-05T10:45:38","guid":{"rendered":"http:\/\/www.livefilebackup.ch\/?page_id=923"},"modified":"2016-02-05T11:41:42","modified_gmt":"2016-02-05T10:41:42","slug":"faq","status":"publish","type":"page","link":"https:\/\/www.infonautics-software.ch\/entscheidungshilfe\/faq\/","title":{"rendered":"FAQ &#8211; H\u00c4UFIG GESTELLTE FRAGEN"},"content":{"rendered":"<p>[et_pb_section admin_label=&#8220;Sektion&#8220; fullwidth=&#8220;on&#8220; specialty=&#8220;off&#8220; transparent_background=&#8220;off&#8220; background_color=&#8220;#00458e&#8220; allow_player_pause=&#8220;off&#8220; inner_shadow=&#8220;off&#8220; parallax=&#8220;off&#8220; parallax_method=&#8220;off&#8220; custom_padding=&#8220;50px|&#8220; padding_mobile=&#8220;off&#8220; make_fullwidth=&#8220;off&#8220; use_custom_width=&#8220;off&#8220; width_unit=&#8220;on&#8220; make_equal=&#8220;off&#8220; use_custom_gutter=&#8220;off&#8220;][et_pb_fullwidth_header admin_label=&#8220;Vollbreite Kopfzeile&#8220; title=&#8220;FAQ &#8211; H\u00e4ufig gestellte Fragen zu Decision Making Helper&#8220; background_layout=&#8220;dark&#8220; text_orientation=&#8220;left&#8220; header_fullscreen=&#8220;off&#8220; header_scroll_down=&#8220;off&#8220; parallax=&#8220;off&#8220; parallax_method=&#8220;off&#8220; content_orientation=&#8220;center&#8220; image_orientation=&#8220;center&#8220; custom_button_one=&#8220;off&#8220; button_one_letter_spacing=&#8220;0&#8243; button_one_use_icon=&#8220;default&#8220; button_one_icon_placement=&#8220;right&#8220; button_one_on_hover=&#8220;on&#8220; button_one_letter_spacing_hover=&#8220;0&#8243; custom_button_two=&#8220;off&#8220; button_two_letter_spacing=&#8220;0&#8243; button_two_use_icon=&#8220;default&#8220; button_two_icon_placement=&#8220;right&#8220; button_two_on_hover=&#8220;on&#8220; button_two_letter_spacing_hover=&#8220;0&#8243; button_one_text_size=&#8220;20&#8243; button_one_border_width=&#8220;2&#8243; button_one_border_radius=&#8220;3&#8243; button_one_border_radius_hover=&#8220;3&#8243; button_two_text_size=&#8220;20&#8243; button_two_border_width=&#8220;2&#8243; button_two_border_radius=&#8220;3&#8243; button_two_border_radius_hover=&#8220;3&#8243;] [\/et_pb_fullwidth_header][\/et_pb_section][et_pb_section admin_label=&#8220;Sektion&#8220; fullwidth=&#8220;off&#8220; specialty=&#8220;on&#8220;][et_pb_column type=&#8220;3_4&#8243; specialty_columns=&#8220;3&#8243;][et_pb_row_inner admin_label=&#8220;Zeile&#8220;][et_pb_column_inner type=&#8220;4_4&#8243; saved_specialty_column_type=&#8220;3_4&#8243;][et_pb_text admin_label=&#8220;Text&#8220; background_layout=&#8220;light&#8220; text_orientation=&#8220;left&#8220; use_border_color=&#8220;off&#8220; border_color=&#8220;#ffffff&#8220; border_style=&#8220;solid&#8220; text_font_size=&#8220;14&#8243;]<\/p>\n<h2><span style=\"color: #000080;\"><strong>Decision Making Helper<\/strong><\/span><\/h2>\n<p>Auf dieser\u00a0Seite finden Sie ausgew\u00e4hlte Themen, die erfahrungsgem\u00e4ss die h\u00e4ufigsten Fragen behandeln oder die aktuelle Dokumentation erg\u00e4nzen. F\u00fcr eine allgemeine Einf\u00fchrung in den Entscheidungshelfer Decision Making Helper\u00a0konsultieren Sie bitte die Bedienungsanleitung, die mit der Installation der Software auf Ihrem System installiert wurde oder pr\u00fcfen unsere\u00a0<strong><a href=\"https:\/\/youtu.be\/StSMIUM9B9o\" target=\"_blank\">Videoanleitung<\/a><\/strong>.<\/p>\n<p>&nbsp;<\/p>\n<h3> <span style=\"color: #000080;\"><strong>H\u00e4ufig gestellte Fragen (FAQ)<\/strong><\/span><\/h3>\n<p>&nbsp;<\/p>\n<h4><span style=\"color: #000080;\"><strong>Bestellung \/ Installation<\/strong><\/span><\/h4>\n<ol>\n<li><a href=\"#Bestellung\">Fragen zu Bestellung und Zahlung \u00fcber Share-it!<\/a><\/li>\n<li><a href=\"#Lizenznummer\">Lizenznummer eingeben<\/a><\/li>\n<li><a href=\"#Update\">Auf eine neue Version aktualisieren (Update)<\/a><\/li>\n<li><a href=\"#Kontakt\">Kontakt \/ Support<\/a><\/li>\n<\/ol>\n<p>&nbsp;<\/p>\n<p><span style=\"color: #000080;\"><b><a id=\"Bestellung\"><\/a>1. Fragen zu Bestellung und Zahlung \u00fcber S<i>hare-it!<\/i><\/b><\/span><br \/>Wenn Sie den Lizezenzschl\u00fcssel f\u00fcr die Software von <i>share-it!<\/i> (MyCommerce.com Digital River) erhalten und Fragen zur entsprechenden Bestellung oder Rechnungsstellung haben, dann besuchen Sie bitte das Customer Care Center unter <a href=\"http:\/\/www.shareit.de\/ccc\/\" target=\"_blank\">http:\/\/www.shareit.de\/ccc\/<\/a>. Bitte beachten Sie, dass in diesem Fall auf Ihrer Kredikartenabrechnung der Verk\u00e4ufer als &#8222;MyCommerce.com&#8220; erscheinen kann. <\/p>\n<p><span style=\"color: #000080;\"><strong><a id=\"Lizenznummer\"><\/a>2. Lizenznummer eingeben<\/strong><\/span><br \/>Nach dem Kauf erhalten Sie f\u00fcr die Freischaltung der Software einen Lizenzschl\u00fcssel auf Ihren Namen per E-Mail. Der Lizenzschl\u00fcssel befindet sich in der angeh\u00e4ngten Datei &#8222;DecisionMakingHelperKey.txt&#8220; oder direkt im Text der E-Mail. Um die Lizenz f\u00fcr das Programm zu aktivieren, kopieren Sie den kompletten Lizenzschl\u00fcssel in das Lizenz-Fenster, welches Sie im Programm <i>Decision Making Helper<\/i> \u00fcber das Hauptmen\u00fc &#8222;Lizent \/ Kaufen&#8220; \u00f6ffnen k\u00f6nnen. Ben\u00fctzen Sie <i>Ctrl-a<\/i> um den Lizenzschl\u00fcssel zu markieren, <i>Ctrl-c<\/i> um diesen in die Zwischenablage zu kopieren, <i>Ctrl-v<\/i> um diesen im Lizenzfenster einzusetzen. Danach muss das Programm neu gestartet werden. <\/p>\n<p><span style=\"color: #000080;\"><strong><a id=\"Update\"><\/a>3. Auf eine neue Version aktualisieren (Update)<\/strong><\/span><br \/>Schliessen Sie zuerst das Programm &#8222;Decision Making Helper&#8220;. Die neuste Programmversion steht immer auf der entsprechenden Produktseite unter <a href=\"https:\/\/www.infonautics-software.ch\/entscheidungshilfe\/download\/\">https:\/\/www.infonautics-software.ch\/entscheidungshilfe<\/a>\u00a0zur Verf\u00fcgung. Laden Sie von dort die neuste Installationsdatei auf Ihren PC und installieren Sie sie wie gewohnt. \u00dcberschreiben Sie dabei das bestehende Programm im bestehenden Verzeichnis; alle Einstellungen werden automatisch \u00fcbernommen. <\/p>\n<p><span style=\"color: #000080;\"><b><a id=\"Kontakt\"><\/a>4. Kontakt \/ Support<\/b><\/span><br \/>Support f\u00fcr <i>Decision Making Helper<\/i> ist per Email verf\u00fcgbar und wird innert 48 Stunden in den Sprachen Deutsch und Englisch beantwortet:<\/p>\n<p>Email: \u00a0\u00a0\u00a0\u00a0\u00a0\u00a0 <a href=\"mailto:decisionmakinghelper@infonautics.ch\">decisionmakinghelper@infonautics.ch<\/a><br \/>Adresse: \u00a0 \u00a0Infonautics GmbH<br \/>\u00a0 \u00a0 \u00a0 \u00a0 \u00a0 \u00a0 \u00a0 \u00a0 \u00a0 \u00a0 Eichholzweg 16<br \/>\u00a0 \u00a0 \u00a0 \u00a0 \u00a0 \u00a0 \u00a0 \u00a0 \u00a0 \u00a0 CH-6312 Steinhausen<br \/>\u00a0 \u00a0 \u00a0 \u00a0 \u00a0 \u00a0 \u00a0 \u00a0 \u00a0 \u00a0 Switzerland<\/p>\n<p>[\/et_pb_text][\/et_pb_column_inner][\/et_pb_row_inner][\/et_pb_column][et_pb_column type=&#8220;1_4&#8243;][et_pb_sidebar admin_label=&#8220;Seitenleiste&#8220; orientation=&#8220;right&#8220; area=&#8220;sidebar-1&#8243; background_layout=&#8220;light&#8220; remove_border=&#8220;off&#8220; header_font_size=&#8220;20&#8243; header_text_color=&#8220;#000080&#8243;] [\/et_pb_sidebar][\/et_pb_column][\/et_pb_section]<\/p>\n","protected":false},"excerpt":{"rendered":"<p>Decision Making HelperAuf dieser\u00a0Seite finden Sie ausgew\u00e4hlte Themen, die erfahrungsgem\u00e4ss die h\u00e4ufigsten Fragen behandeln oder die aktuelle Dokumentation erg\u00e4nzen. F\u00fcr eine allgemeine Einf\u00fchrung in den Entscheidungshelfer Decision Making Helper\u00a0konsultieren Sie bitte die Bedienungsanleitung, die mit der Installation der Software auf Ihrem System installiert wurde oder pr\u00fcfen unsere\u00a0Videoanleitung.&nbsp; H\u00e4ufig gestellte Fragen (FAQ)&nbsp;Bestellung \/ InstallationFragen zu Bestellung [&hellip;]<\/p>\n","protected":false},"author":1,"featured_media":0,"parent":0,"menu_order":0,"comment_status":"closed","ping_status":"closed","template":"","meta":{"_et_pb_use_builder":"on","_et_pb_old_content":"","_et_gb_content_width":"","jetpack_post_was_ever_published":false,"footnotes":""},"class_list":["post-923","page","type-page","status-publish","hentry"],"yoast_head":"<!-- This site is optimized with the Yoast SEO plugin v25.0 - https:\/\/yoast.com\/wordpress\/plugins\/seo\/ -->\n<title>FAQ zum Entscheidungshelfer Decision Making Helper<\/title>\n<meta name=\"description\" content=\"Hier beantworten wir die h\u00e4ufig gestellten Fragen zum Entscheidungshelfer Decision Making Helper, um sicher und strukturiert Entscheidungen zu treffen.\" \/>\n<meta name=\"robots\" content=\"index, follow, max-snippet:-1, max-image-preview:large, max-video-preview:-1\" \/>\n<link rel=\"canonical\" href=\"https:\/\/www.infonautics-software.ch\/entscheidungshilfe\/faq\/\" \/>\n<meta property=\"og:locale\" content=\"de_DE\" \/>\n<meta property=\"og:type\" content=\"article\" \/>\n<meta property=\"og:title\" content=\"FAQ zum Entscheidungshelfer Decision Making Helper\" \/>\n<meta property=\"og:description\" content=\"Hier beantworten wir die h\u00e4ufig gestellten Fragen zum Entscheidungshelfer Decision Making Helper, um sicher und strukturiert Entscheidungen zu treffen.\" \/>\n<meta property=\"og:url\" content=\"https:\/\/www.infonautics-software.ch\/entscheidungshilfe\/faq\/\" \/>\n<meta property=\"og:site_name\" content=\"Decision Making Helper DE\" \/>\n<meta name=\"twitter:card\" content=\"summary_large_image\" \/>\n<meta name=\"twitter:site\" content=\"@InfonauticsGmbH\" \/>\n<meta name=\"twitter:label1\" content=\"Gesch\u00e4tzte Lesezeit\" \/>\n\t<meta name=\"twitter:data1\" content=\"3\u00a0Minuten\" \/>\n<script type=\"application\/ld+json\" class=\"yoast-schema-graph\">{\"@context\":\"https:\/\/schema.org\",\"@graph\":[{\"@type\":\"WebPage\",\"@id\":\"https:\/\/www.infonautics-software.ch\/entscheidungshilfe\/faq\/\",\"url\":\"https:\/\/www.infonautics-software.ch\/entscheidungshilfe\/faq\/\",\"name\":\"FAQ zum Entscheidungshelfer Decision Making Helper\",\"isPartOf\":{\"@id\":\"https:\/\/www.infonautics-software.ch\/entscheidungshilfe\/#website\"},\"datePublished\":\"2016-02-05T10:45:38+00:00\",\"description\":\"Hier beantworten wir die h\u00e4ufig gestellten Fragen zum Entscheidungshelfer Decision Making Helper, um sicher und strukturiert Entscheidungen zu treffen.\",\"breadcrumb\":{\"@id\":\"https:\/\/www.infonautics-software.ch\/entscheidungshilfe\/faq\/#breadcrumb\"},\"inLanguage\":\"de\",\"potentialAction\":[{\"@type\":\"ReadAction\",\"target\":[\"https:\/\/www.infonautics-software.ch\/entscheidungshilfe\/faq\/\"]}]},{\"@type\":\"BreadcrumbList\",\"@id\":\"https:\/\/www.infonautics-software.ch\/entscheidungshilfe\/faq\/#breadcrumb\",\"itemListElement\":[{\"@type\":\"ListItem\",\"position\":1,\"name\":\"Startseite\",\"item\":\"https:\/\/www.infonautics-software.ch\/entscheidungshilfe\/\"},{\"@type\":\"ListItem\",\"position\":2,\"name\":\"FAQ &#8211; H\u00c4UFIG GESTELLTE FRAGEN\"}]},{\"@type\":\"WebSite\",\"@id\":\"https:\/\/www.infonautics-software.ch\/entscheidungshilfe\/#website\",\"url\":\"https:\/\/www.infonautics-software.ch\/entscheidungshilfe\/\",\"name\":\"Decision Making Helper DE\",\"description\":\"Entscheidungshilfe\",\"potentialAction\":[{\"@type\":\"SearchAction\",\"target\":{\"@type\":\"EntryPoint\",\"urlTemplate\":\"https:\/\/www.infonautics-software.ch\/entscheidungshilfe\/?s={search_term_string}\"},\"query-input\":{\"@type\":\"PropertyValueSpecification\",\"valueRequired\":true,\"valueName\":\"search_term_string\"}}],\"inLanguage\":\"de\"}]}<\/script>\n<!-- \/ Yoast SEO plugin. -->","yoast_head_json":{"title":"FAQ zum Entscheidungshelfer Decision Making Helper","description":"Hier beantworten wir die h\u00e4ufig gestellten Fragen zum Entscheidungshelfer Decision Making Helper, um sicher und strukturiert Entscheidungen zu treffen.","robots":{"index":"index","follow":"follow","max-snippet":"max-snippet:-1","max-image-preview":"max-image-preview:large","max-video-preview":"max-video-preview:-1"},"canonical":"https:\/\/www.infonautics-software.ch\/entscheidungshilfe\/faq\/","og_locale":"de_DE","og_type":"article","og_title":"FAQ zum Entscheidungshelfer Decision Making Helper","og_description":"Hier beantworten wir die h\u00e4ufig gestellten Fragen zum Entscheidungshelfer Decision Making Helper, um sicher und strukturiert Entscheidungen zu treffen.","og_url":"https:\/\/www.infonautics-software.ch\/entscheidungshilfe\/faq\/","og_site_name":"Decision Making Helper DE","twitter_card":"summary_large_image","twitter_site":"@InfonauticsGmbH","twitter_misc":{"Gesch\u00e4tzte Lesezeit":"3\u00a0Minuten"},"schema":{"@context":"https:\/\/schema.org","@graph":[{"@type":"WebPage","@id":"https:\/\/www.infonautics-software.ch\/entscheidungshilfe\/faq\/","url":"https:\/\/www.infonautics-software.ch\/entscheidungshilfe\/faq\/","name":"FAQ zum Entscheidungshelfer Decision Making Helper","isPartOf":{"@id":"https:\/\/www.infonautics-software.ch\/entscheidungshilfe\/#website"},"datePublished":"2016-02-05T10:45:38+00:00","description":"Hier beantworten wir die h\u00e4ufig gestellten Fragen zum Entscheidungshelfer Decision Making Helper, um sicher und strukturiert Entscheidungen zu treffen.","breadcrumb":{"@id":"https:\/\/www.infonautics-software.ch\/entscheidungshilfe\/faq\/#breadcrumb"},"inLanguage":"de","potentialAction":[{"@type":"ReadAction","target":["https:\/\/www.infonautics-software.ch\/entscheidungshilfe\/faq\/"]}]},{"@type":"BreadcrumbList","@id":"https:\/\/www.infonautics-software.ch\/entscheidungshilfe\/faq\/#breadcrumb","itemListElement":[{"@type":"ListItem","position":1,"name":"Startseite","item":"https:\/\/www.infonautics-software.ch\/entscheidungshilfe\/"},{"@type":"ListItem","position":2,"name":"FAQ &#8211; H\u00c4UFIG GESTELLTE FRAGEN"}]},{"@type":"WebSite","@id":"https:\/\/www.infonautics-software.ch\/entscheidungshilfe\/#website","url":"https:\/\/www.infonautics-software.ch\/entscheidungshilfe\/","name":"Decision Making Helper DE","description":"Entscheidungshilfe","potentialAction":[{"@type":"SearchAction","target":{"@type":"EntryPoint","urlTemplate":"https:\/\/www.infonautics-software.ch\/entscheidungshilfe\/?s={search_term_string}"},"query-input":{"@type":"PropertyValueSpecification","valueRequired":true,"valueName":"search_term_string"}}],"inLanguage":"de"}]}},"jetpack_shortlink":"https:\/\/wp.me\/P7fdXr-eT","jetpack_sharing_enabled":true,"_links":{"self":[{"href":"https:\/\/www.infonautics-software.ch\/entscheidungshilfe\/wp-json\/wp\/v2\/pages\/923","targetHints":{"allow":["GET"]}}],"collection":[{"href":"https:\/\/www.infonautics-software.ch\/entscheidungshilfe\/wp-json\/wp\/v2\/pages"}],"about":[{"href":"https:\/\/www.infonautics-software.ch\/entscheidungshilfe\/wp-json\/wp\/v2\/types\/page"}],"author":[{"embeddable":true,"href":"https:\/\/www.infonautics-software.ch\/entscheidungshilfe\/wp-json\/wp\/v2\/users\/1"}],"replies":[{"embeddable":true,"href":"https:\/\/www.infonautics-software.ch\/entscheidungshilfe\/wp-json\/wp\/v2\/comments?post=923"}],"version-history":[{"count":10,"href":"https:\/\/www.infonautics-software.ch\/entscheidungshilfe\/wp-json\/wp\/v2\/pages\/923\/revisions"}],"predecessor-version":[{"id":1389,"href":"https:\/\/www.infonautics-software.ch\/entscheidungshilfe\/wp-json\/wp\/v2\/pages\/923\/revisions\/1389"}],"wp:attachment":[{"href":"https:\/\/www.infonautics-software.ch\/entscheidungshilfe\/wp-json\/wp\/v2\/media?parent=923"}],"curies":[{"name":"wp","href":"https:\/\/api.w.org\/{rel}","templated":true}]}}