{"id":137,"date":"2020-09-16T10:00:10","date_gmt":"2020-09-16T08:00:10","guid":{"rendered":"http:\/\/www.infonautics-software.ch\/mymenuexplorerde\/?page_id=137"},"modified":"2020-09-16T19:09:02","modified_gmt":"2020-09-16T17:09:02","slug":"support","status":"publish","type":"page","link":"https:\/\/www.infonautics-software.ch\/first-name-gender-prozessor\/support\/","title":{"rendered":"SUPPORT"},"content":{"rendered":"<p>[et_pb_section fb_built=&#8220;1&#8243; fullwidth=&#8220;on&#8220; custom_padding_last_edited=&#8220;on|desktop&#8220; admin_label=&#8220;section&#8220; _builder_version=&#8220;3.22&#8243; background_color=&#8220;#00458e&#8220; custom_padding=&#8220;50px|||&#8220; custom_padding_tablet=&#8220;50px|0|50px|0&#8243; custom_padding_phone=&#8220;&#8220; transparent_background=&#8220;off&#8220; padding_mobile=&#8220;off&#8220; make_fullwidth=&#8220;off&#8220; use_custom_width=&#8220;off&#8220; width_unit=&#8220;on&#8220;][et_pb_fullwidth_header title=&#8220;Support f\u00fcr First Name Gender Processor&#8220; admin_label=&#8220;Fullwidth Header&#8220; _builder_version=&#8220;4.6.1&#8243; background_color=&#8220;rgba(255, 255, 255, 0)&#8220; max_width_tablet=&#8220;50px&#8220; button_one_text_size__hover_enabled=&#8220;off&#8220; button_two_text_size__hover_enabled=&#8220;off&#8220; button_one_text_color__hover_enabled=&#8220;off&#8220; button_two_text_color__hover_enabled=&#8220;off&#8220; button_one_border_width__hover_enabled=&#8220;off&#8220; button_two_border_width__hover_enabled=&#8220;off&#8220; button_one_border_color__hover_enabled=&#8220;off&#8220; button_two_border_color__hover_enabled=&#8220;off&#8220; button_one_border_radius__hover_enabled=&#8220;off&#8220; button_two_border_radius__hover_enabled=&#8220;off&#8220; button_one_letter_spacing__hover_enabled=&#8220;off&#8220; button_two_letter_spacing__hover_enabled=&#8220;off&#8220; button_one_bg_color__hover_enabled=&#8220;off&#8220; button_two_bg_color__hover_enabled=&#8220;off&#8220;][\/et_pb_fullwidth_header][\/et_pb_section][et_pb_section fb_built=&#8220;1&#8243; admin_label=&#8220;section&#8220; _builder_version=&#8220;3.22&#8243;][et_pb_row column_structure=&#8220;3_4,1_4&#8243; padding_mobile=&#8220;off&#8220; admin_label=&#8220;row&#8220; _builder_version=&#8220;3.25&#8243; background_size=&#8220;initial&#8220; background_position=&#8220;top_left&#8220; background_repeat=&#8220;repeat&#8220; make_fullwidth=&#8220;off&#8220; use_custom_width=&#8220;off&#8220; width_unit=&#8220;on&#8220;][et_pb_column type=&#8220;3_4&#8243; _builder_version=&#8220;3.25&#8243; custom_padding=&#8220;|||&#8220; custom_padding__hover=&#8220;|||&#8220;][et_pb_text _builder_version=&#8220;4.6.1&#8243; background_size=&#8220;initial&#8220; background_position=&#8220;top_left&#8220; background_repeat=&#8220;repeat&#8220; use_border_color=&#8220;off&#8220;]<\/p>\n<h2><span style=\"color: #000080;\"><strong><span style=\"font-size: 18pt;\">Kostenloser Support f\u00fcr First Name Gender Processor<\/span> <\/strong><\/span><\/h2>\n<p>&nbsp;<\/p>\n<p><span style=\"font-size: 12pt;\">Haben Sie weitere Fragen zu First Name Gender Processor?<\/span><\/p>\n<p><span style=\"font-size: 12pt;\"> Wir offerieren Ihnen <strong>kostenlosen Support via E-Mail<\/strong> in den Sprachen <strong>Deutsch<\/strong> und <strong>Englisch<\/strong>. Bitte kontaktieren Sie uns bei Fragen unter <strong><a href=\"mailto:support@infonautics.ch\">support@infonautics.ch<\/a><\/strong>. <\/span><span style=\"font-size: 12pt;\">Gerne werden wir Ihre Fragen an Werktagen innert 48 Stunden beantworten. Das Softwareunternehmen <a href=\"https:\/\/www.infonautics.ch\" target=\"_blank\" rel=\"noopener noreferrer\">INFONAUTICS GmbH<\/a> hat seinen Sitz in der Schweiz, bitte beachten Sie m\u00f6gliche Zeitunterschiede.<\/span><\/p>\n<p>&nbsp;<\/p>\n<p><span style=\"font-size: 12pt;\">Haben\u00a0Sie Anregungen und W\u00fcnsche f\u00fcr zuk\u00fcnftige\u00a0Updates?<\/span><\/p>\n<p><span style=\"font-size: 12pt;\"> Bitte kontaktieren Sie uns ebenfalls unter <a href=\"mailto:support@infonautics.ch\">support@infonautics.ch<\/a>. Wir freuen uns, von Ihnen zu h\u00f6ren.<\/span><\/p>\n<p>&nbsp;<\/p>\n<p><span style=\"font-size: 12pt;\">Jetzt First Name Gender Processor <strong><a href=\"https:\/\/www.infonautics-software.ch\/first-name-gender-prozessor\/download\/\">kostenlos herunterladen und testen<\/a><\/strong>.\u00a0<\/span><\/p>\n<p><span style=\"font-size: 12pt;\">Mit First Name Gender Processor k\u00f6nnen Namen analysiert und enthaltene Namensteile separiert werden. Die Hauptfunktion besteht in einer riesigen Datenbank mit \u00fcber 180&#8217;000 Vornamen (Westliche Lateinische Buchstaben), mit deren Hilfe f\u00fcr Vornamen das Geschlecht und die passende Anrede bestimmt werden kann. Zudem k\u00f6nnen gemischte Namensteilen wie Vornamen, Nachnamen, Titel (Prof., Dr.), Pr\u00e4fixe (Hr., Fr.) und Suffixe (II, III, IV, Junior) auf intelligente Weise separiert und getrennt gespeichert werden.<\/span><\/p>\n<p>&nbsp;<\/p>\n<p>[\/et_pb_text][\/et_pb_column][et_pb_column type=&#8220;1_4&#8243; _builder_version=&#8220;3.25&#8243; custom_padding=&#8220;|||&#8220; custom_padding__hover=&#8220;|||&#8220;][et_pb_sidebar orientation=&#8220;right&#8220; area=&#8220;sidebar-1&#8243; admin_label=&#8220;Sidebar&#8220; _builder_version=&#8220;3.0.74&#8243; header_text_color=&#8220;#000080&#8243; remove_border=&#8220;off&#8220;][\/et_pb_sidebar][\/et_pb_column][\/et_pb_row][\/et_pb_section]<\/p>\n","protected":false},"excerpt":{"rendered":"<p>Kostenloser Support f\u00fcr First Name Gender Processor &nbsp; Haben Sie weitere Fragen zu First Name Gender Processor? Wir offerieren Ihnen kostenlosen Support via E-Mail in den Sprachen Deutsch und Englisch. Bitte kontaktieren Sie uns bei Fragen unter support@infonautics.ch. Gerne werden wir Ihre Fragen an Werktagen innert 48 Stunden beantworten. Das Softwareunternehmen INFONAUTICS GmbH hat seinen [&hellip;]<\/p>\n","protected":false},"author":1,"featured_media":0,"parent":0,"menu_order":0,"comment_status":"open","ping_status":"open","template":"","meta":{"_et_pb_use_builder":"on","_et_pb_old_content":"","_et_gb_content_width":"","jetpack_post_was_ever_published":false,"footnotes":""},"class_list":["post-137","page","type-page","status-publish","hentry"],"yoast_head":"<!-- This site is optimized with the Yoast SEO plugin v25.0 - https:\/\/yoast.com\/wordpress\/plugins\/seo\/ -->\n<title>Aufgrund des Vornamens das Geschlecht bestimmen<\/title>\n<meta name=\"description\" content=\"Vornamen und Nachnamen separieren und aufgrund des Vornamens das Geschlecht und die entsprechende Anrede bestimmen.\" \/>\n<meta name=\"robots\" content=\"index, follow, max-snippet:-1, max-image-preview:large, max-video-preview:-1\" \/>\n<link rel=\"canonical\" href=\"https:\/\/www.infonautics-software.ch\/first-name-gender-prozessor\/support\/\" \/>\n<meta property=\"og:locale\" content=\"de_DE\" \/>\n<meta property=\"og:type\" content=\"article\" \/>\n<meta property=\"og:title\" content=\"Aufgrund des Vornamens das Geschlecht bestimmen\" \/>\n<meta property=\"og:description\" content=\"Vornamen und Nachnamen separieren und aufgrund des Vornamens das Geschlecht und die entsprechende Anrede bestimmen.\" \/>\n<meta property=\"og:url\" content=\"https:\/\/www.infonautics-software.ch\/first-name-gender-prozessor\/support\/\" \/>\n<meta property=\"og:site_name\" content=\"First Name Gender Processor DE\" \/>\n<meta property=\"article:publisher\" content=\"https:\/\/www.facebook.com\/InfonauticsGmbH\" \/>\n<meta property=\"article:modified_time\" content=\"2020-09-16T17:09:02+00:00\" \/>\n<meta name=\"twitter:card\" content=\"summary_large_image\" \/>\n<meta name=\"twitter:site\" content=\"@InfonauticsGmbH\" \/>\n<meta name=\"twitter:label1\" content=\"Gesch\u00e4tzte Lesezeit\" \/>\n\t<meta name=\"twitter:data1\" content=\"2\u00a0Minuten\" \/>\n<script type=\"application\/ld+json\" class=\"yoast-schema-graph\">{\"@context\":\"https:\/\/schema.org\",\"@graph\":[{\"@type\":\"WebPage\",\"@id\":\"https:\/\/www.infonautics-software.ch\/first-name-gender-prozessor\/support\/\",\"url\":\"https:\/\/www.infonautics-software.ch\/first-name-gender-prozessor\/support\/\",\"name\":\"Aufgrund des Vornamens das Geschlecht bestimmen\",\"isPartOf\":{\"@id\":\"https:\/\/www.infonautics-software.ch\/first-name-gender-prozessor\/#website\"},\"datePublished\":\"2020-09-16T08:00:10+00:00\",\"dateModified\":\"2020-09-16T17:09:02+00:00\",\"description\":\"Vornamen und Nachnamen separieren und aufgrund des Vornamens das Geschlecht und die entsprechende Anrede bestimmen.\",\"breadcrumb\":{\"@id\":\"https:\/\/www.infonautics-software.ch\/first-name-gender-prozessor\/support\/#breadcrumb\"},\"inLanguage\":\"de\",\"potentialAction\":[{\"@type\":\"ReadAction\",\"target\":[\"https:\/\/www.infonautics-software.ch\/first-name-gender-prozessor\/support\/\"]}]},{\"@type\":\"BreadcrumbList\",\"@id\":\"https:\/\/www.infonautics-software.ch\/first-name-gender-prozessor\/support\/#breadcrumb\",\"itemListElement\":[{\"@type\":\"ListItem\",\"position\":1,\"name\":\"Startseite\",\"item\":\"https:\/\/www.infonautics-software.ch\/first-name-gender-prozessor\/\"},{\"@type\":\"ListItem\",\"position\":2,\"name\":\"SUPPORT\"}]},{\"@type\":\"WebSite\",\"@id\":\"https:\/\/www.infonautics-software.ch\/first-name-gender-prozessor\/#website\",\"url\":\"https:\/\/www.infonautics-software.ch\/first-name-gender-prozessor\/\",\"name\":\"First Name Gender Processor DE\",\"description\":\"Vornamen und Nachnamen separieren und aufgrund des Vornamens das Geschlecht und die entsprechende Anrede bestimmen.\",\"potentialAction\":[{\"@type\":\"SearchAction\",\"target\":{\"@type\":\"EntryPoint\",\"urlTemplate\":\"https:\/\/www.infonautics-software.ch\/first-name-gender-prozessor\/?s={search_term_string}\"},\"query-input\":{\"@type\":\"PropertyValueSpecification\",\"valueRequired\":true,\"valueName\":\"search_term_string\"}}],\"inLanguage\":\"de\"}]}<\/script>\n<!-- \/ Yoast SEO plugin. -->","yoast_head_json":{"title":"Aufgrund des Vornamens das Geschlecht bestimmen","description":"Vornamen und Nachnamen separieren und aufgrund des Vornamens das Geschlecht und die entsprechende Anrede bestimmen.","robots":{"index":"index","follow":"follow","max-snippet":"max-snippet:-1","max-image-preview":"max-image-preview:large","max-video-preview":"max-video-preview:-1"},"canonical":"https:\/\/www.infonautics-software.ch\/first-name-gender-prozessor\/support\/","og_locale":"de_DE","og_type":"article","og_title":"Aufgrund des Vornamens das Geschlecht bestimmen","og_description":"Vornamen und Nachnamen separieren und aufgrund des Vornamens das Geschlecht und die entsprechende Anrede bestimmen.","og_url":"https:\/\/www.infonautics-software.ch\/first-name-gender-prozessor\/support\/","og_site_name":"First Name Gender Processor DE","article_publisher":"https:\/\/www.facebook.com\/InfonauticsGmbH","article_modified_time":"2020-09-16T17:09:02+00:00","twitter_card":"summary_large_image","twitter_site":"@InfonauticsGmbH","twitter_misc":{"Gesch\u00e4tzte Lesezeit":"2\u00a0Minuten"},"schema":{"@context":"https:\/\/schema.org","@graph":[{"@type":"WebPage","@id":"https:\/\/www.infonautics-software.ch\/first-name-gender-prozessor\/support\/","url":"https:\/\/www.infonautics-software.ch\/first-name-gender-prozessor\/support\/","name":"Aufgrund des Vornamens das Geschlecht bestimmen","isPartOf":{"@id":"https:\/\/www.infonautics-software.ch\/first-name-gender-prozessor\/#website"},"datePublished":"2020-09-16T08:00:10+00:00","dateModified":"2020-09-16T17:09:02+00:00","description":"Vornamen und Nachnamen separieren und aufgrund des Vornamens das Geschlecht und die entsprechende Anrede bestimmen.","breadcrumb":{"@id":"https:\/\/www.infonautics-software.ch\/first-name-gender-prozessor\/support\/#breadcrumb"},"inLanguage":"de","potentialAction":[{"@type":"ReadAction","target":["https:\/\/www.infonautics-software.ch\/first-name-gender-prozessor\/support\/"]}]},{"@type":"BreadcrumbList","@id":"https:\/\/www.infonautics-software.ch\/first-name-gender-prozessor\/support\/#breadcrumb","itemListElement":[{"@type":"ListItem","position":1,"name":"Startseite","item":"https:\/\/www.infonautics-software.ch\/first-name-gender-prozessor\/"},{"@type":"ListItem","position":2,"name":"SUPPORT"}]},{"@type":"WebSite","@id":"https:\/\/www.infonautics-software.ch\/first-name-gender-prozessor\/#website","url":"https:\/\/www.infonautics-software.ch\/first-name-gender-prozessor\/","name":"First Name Gender Processor DE","description":"Vornamen und Nachnamen separieren und aufgrund des Vornamens das Geschlecht und die entsprechende Anrede bestimmen.","potentialAction":[{"@type":"SearchAction","target":{"@type":"EntryPoint","urlTemplate":"https:\/\/www.infonautics-software.ch\/first-name-gender-prozessor\/?s={search_term_string}"},"query-input":{"@type":"PropertyValueSpecification","valueRequired":true,"valueName":"search_term_string"}}],"inLanguage":"de"}]}},"jetpack_shortlink":"https:\/\/wp.me\/PcH8nP-2d","jetpack_sharing_enabled":true,"_links":{"self":[{"href":"https:\/\/www.infonautics-software.ch\/first-name-gender-prozessor\/wp-json\/wp\/v2\/pages\/137","targetHints":{"allow":["GET"]}}],"collection":[{"href":"https:\/\/www.infonautics-software.ch\/first-name-gender-prozessor\/wp-json\/wp\/v2\/pages"}],"about":[{"href":"https:\/\/www.infonautics-software.ch\/first-name-gender-prozessor\/wp-json\/wp\/v2\/types\/page"}],"author":[{"embeddable":true,"href":"https:\/\/www.infonautics-software.ch\/first-name-gender-prozessor\/wp-json\/wp\/v2\/users\/1"}],"replies":[{"embeddable":true,"href":"https:\/\/www.infonautics-software.ch\/first-name-gender-prozessor\/wp-json\/wp\/v2\/comments?post=137"}],"version-history":[{"count":10,"href":"https:\/\/www.infonautics-software.ch\/first-name-gender-prozessor\/wp-json\/wp\/v2\/pages\/137\/revisions"}],"predecessor-version":[{"id":1292,"href":"https:\/\/www.infonautics-software.ch\/first-name-gender-prozessor\/wp-json\/wp\/v2\/pages\/137\/revisions\/1292"}],"wp:attachment":[{"href":"https:\/\/www.infonautics-software.ch\/first-name-gender-prozessor\/wp-json\/wp\/v2\/media?parent=137"}],"curies":[{"name":"wp","href":"https:\/\/api.w.org\/{rel}","templated":true}]}}