{"id":37,"date":"2020-10-02T10:00:16","date_gmt":"2020-10-02T08:00:16","guid":{"rendered":"http:\/\/www.infonautics-software.ch\/mymenuexplorerde\/?page_id=37"},"modified":"2020-10-02T18:15:04","modified_gmt":"2020-10-02T16:15:04","slug":"home","status":"publish","type":"page","link":"https:\/\/www.infonautics-software.ch\/first-name-gender-prozessor\/","title":{"rendered":"HOME"},"content":{"rendered":"<p>[et_pb_section fb_built=&#8220;1&#8243; fullwidth=&#8220;on&#8220; custom_padding_last_edited=&#8220;on|desktop&#8220; admin_label=&#8220;section&#8220; _builder_version=&#8220;3.22&#8243; background_color=&#8220;#ffffff&#8220; custom_margin=&#8220;0px||0px|&#8220; custom_padding=&#8220;0px|0px|0px|0px&#8220; custom_padding_tablet=&#8220;&#8220; custom_padding_phone=&#8220;&#8220;][et_pb_fullwidth_slider admin_label=&#8220;Fullwidth Slider&#8220; _builder_version=&#8220;4.6.1&#8243; background_position=&#8220;top_left&#8220; custom_padding=&#8220;10%||10%|&#8220; custom_padding_last_edited=&#8220;off|desktop&#8220; button_text_size__hover_enabled=&#8220;off&#8220; button_one_text_size__hover_enabled=&#8220;off&#8220; button_two_text_size__hover_enabled=&#8220;off&#8220; button_text_color__hover_enabled=&#8220;off&#8220; button_one_text_color__hover_enabled=&#8220;off&#8220; button_two_text_color__hover_enabled=&#8220;off&#8220; button_border_width__hover_enabled=&#8220;off&#8220; button_one_border_width__hover_enabled=&#8220;off&#8220; button_two_border_width__hover_enabled=&#8220;off&#8220; button_border_color__hover_enabled=&#8220;off&#8220; button_one_border_color__hover_enabled=&#8220;off&#8220; button_two_border_color__hover_enabled=&#8220;off&#8220; button_border_radius__hover_enabled=&#8220;off&#8220; button_one_border_radius__hover_enabled=&#8220;off&#8220; button_two_border_radius__hover_enabled=&#8220;off&#8220; button_letter_spacing__hover_enabled=&#8220;off&#8220; button_one_letter_spacing__hover_enabled=&#8220;off&#8220; button_two_letter_spacing__hover_enabled=&#8220;off&#8220; button_bg_color__hover_enabled=&#8220;off&#8220; button_one_bg_color__hover_enabled=&#8220;off&#8220; button_two_bg_color__hover_enabled=&#8220;off&#8220;][et_pb_slide heading=&#8220;First Name Gender Processor&#8220; button_text=&#8220;Jetzt herunterladen!&#8220; button_link=&#8220;https:\/\/www.infonautics-software.ch\/first-name-gender-prozessor\/download&#8220; image=&#8220;https:\/\/www.infonautics-software.ch\/first-name-gender-prozessor\/wp-content\/uploads\/sites\/43\/2020\/09\/BoxShotTransparent.png&#8220; use_bg_overlay=&#8220;off&#8220; use_text_overlay=&#8220;off&#8220; _builder_version=&#8220;4.6.1&#8243; header_font=&#8220;||||&#8220; header_font_size=&#8220;35&#8243; body_font=&#8220;||||&#8220; background_color=&#8220;#00458e&#8220; background_position=&#8220;top_left&#8220; custom_button=&#8220;on&#8220; button_font=&#8220;||||&#8220; button_use_icon=&#8220;on&#8220; button_on_hover=&#8220;on&#8220; text_orientation=&#8220;left&#8220; header_font_size_tablet=&#8220;35&#8243; header_font_size_phone=&#8220;35&#8243; button_text_size__hover_enabled=&#8220;off&#8220; button_one_text_size__hover_enabled=&#8220;off&#8220; button_two_text_size__hover_enabled=&#8220;off&#8220; button_text_color__hover_enabled=&#8220;off&#8220; button_one_text_color__hover_enabled=&#8220;off&#8220; button_two_text_color__hover_enabled=&#8220;off&#8220; button_border_width__hover_enabled=&#8220;off&#8220; button_one_border_width__hover_enabled=&#8220;off&#8220; button_two_border_width__hover_enabled=&#8220;off&#8220; button_border_color__hover_enabled=&#8220;off&#8220; button_one_border_color__hover_enabled=&#8220;off&#8220; button_two_border_color__hover_enabled=&#8220;off&#8220; button_border_radius__hover_enabled=&#8220;off&#8220; button_one_border_radius__hover_enabled=&#8220;off&#8220; button_two_border_radius__hover_enabled=&#8220;off&#8220; button_letter_spacing__hover_enabled=&#8220;off&#8220; button_one_letter_spacing__hover_enabled=&#8220;off&#8220; button_two_letter_spacing__hover_enabled=&#8220;off&#8220; button_bg_color__hover_enabled=&#8220;off&#8220; button_one_bg_color__hover_enabled=&#8220;off&#8220; button_two_bg_color__hover_enabled=&#8220;off&#8220; sticky_transition=&#8220;on&#8220;]<\/p>\n<p>Vor- und Nachnamen separieren und Geschlecht und Anrede aufgrund des Vornamens bestimmen.<\/p>\n<p>[\/et_pb_slide][\/et_pb_fullwidth_slider][\/et_pb_section][et_pb_section fb_built=&#8220;1&#8243; specialty=&#8220;on&#8220; custom_padding_last_edited=&#8220;on|desktop&#8220; background_color_1=&#8220;rgba(0,0,0,0)&#8220; admin_label=&#8220;section&#8220; _builder_version=&#8220;3.22&#8243; custom_padding=&#8220;23px|0px|23px|0px&#8220; custom_padding_tablet=&#8220;50px|0|50px|0&#8243; custom_padding_phone=&#8220;&#8220; transparent_background=&#8220;off&#8220;][et_pb_column type=&#8220;3_4&#8243; specialty_columns=&#8220;3&#8243; _builder_version=&#8220;3.25&#8243; custom_padding=&#8220;|||&#8220; custom_padding__hover=&#8220;|||&#8220;][et_pb_row_inner _builder_version=&#8220;3.25&#8243; custom_margin=&#8220;||0px|&#8220; custom_padding=&#8220;||0px|&#8220;][et_pb_column_inner saved_specialty_column_type=&#8220;3_4&#8243; _builder_version=&#8220;3.25&#8243; background_color=&#8220;rgba(0,0,0,0)&#8220; custom_padding=&#8220;|||&#8220; custom_padding__hover=&#8220;|||&#8220;][et_pb_text _builder_version=&#8220;4.6.1&#8243; text_font_size=&#8220;18&#8243; background_color=&#8220;rgba(0,0,0,0)&#8220; use_border_color=&#8220;off&#8220;]<\/p>\n<h1><span style=\"color: #000080; font-size: 18pt;\"><strong>Vornamen und Nachnamen automatisch separieren und aufgrund des Vornamens das Geschlecht und die entsprechende Anrede bestimmen.<\/strong><\/span><\/h1>\n<p>&nbsp;<\/p>\n<p><span style=\"font-size: 14pt;\">Sie haben Namenslisten, z.B. f\u00fcr Mailings, m\u00f6glicherweise mit kunterbunt gemischten Namensteilen, aber keine Anrede weil das Geschlecht unbekannt ist? Mit <strong>First Name Gender Processor<\/strong> werden die fehlenden Informationen <\/span><span style=\"font-size: 14pt;\">schnell und unkompliziert erg\u00e4nzt<\/span><span style=\"font-size: 14pt;\">!<\/span><\/p>\n<p><span style=\"font-size: 14pt;\">Mit <strong>First Name Gender Processor<\/strong> k\u00f6nnen automatisch Namen analysiert und enthaltene Namensteile separiert und abgeleitet werden. Die Hauptfunktion besteht in einer riesigen Datenbank mit \u00fcber 180&#8217;000 Vornamen (auf Basis Lateinischer Buchstaben), mit deren Hilfe f\u00fcr Vornamen das Geschlecht und die passende Anrede bestimmt werden kann. Zudem k\u00f6nnen gemischte Namensteile wie Vornamen, Nachnamen, Titel (Prof., Dr. &#8230;), Pr\u00e4fixe (Hr., Fr. &#8230;) und Suffixe (II, III, IV, Junior &#8230;) auf intelligente Weise separiert und getrennt gespeichert werden.<\/span><\/p>\n<p><span style=\"font-size: 12pt;\">Das Programm l\u00e4uft auf Ihrem PC unter Windows&#x2122; und verarbeitet Excel&#x2122;-Tabellen.<\/span><\/p>\n<p><span style=\"font-size: 12pt;\"><strong> Es m\u00fcssen keine vertraulichen Daten auf irgendwelche Websites hochgeladen werden!<\/strong><br \/><\/span><\/p>\n<p>&nbsp;<\/p>\n<p>[\/et_pb_text][et_pb_image src=&#8220;https:\/\/www.infonautics-software.ch\/first-name-gender-prozessor\/wp-content\/uploads\/sites\/43\/2020\/09\/de1.png&#8220; alt=&#8220;First Name Gender Processor&#8220; title_text=&#8220;First Name Gender Processor&#8220; show_in_lightbox=&#8220;on&#8220; force_fullwidth=&#8220;on&#8220; align_tablet=&#8220;center&#8220; align_phone=&#8220;&#8220; align_last_edited=&#8220;on|desktop&#8220; _builder_version=&#8220;4.6.1&#8243; border_width_all=&#8220;1px&#8220; border_color_all=&#8220;#0c71c3&#8243; box_shadow_style=&#8220;preset2&#8243;][\/et_pb_image][et_pb_text _builder_version=&#8220;4.6.1&#8243; text_font_size=&#8220;18px&#8220;]<\/p>\n<p>&nbsp;<\/p>\n<p><span style=\"font-size: 12pt;\">Als Eingabe dient eine Excel-Tabelle, die die zu verarbeitenden Namen in einer Spalte enth\u00e4lt. Die Ausgabe der gefundenen Namensteile kann in die gleiche Eingabe-Tabelle oder in eine separate Excel-Tabelle erfolgen. Die entsprechenden Quell- und Zielspalten k\u00f6nnen flexibel eingestellt werden.<\/span><\/p>\n<p>&nbsp;<\/p>\n<p>[\/et_pb_text][et_pb_image src=&#8220;https:\/\/www.infonautics-software.ch\/first-name-gender-prozessor\/wp-content\/uploads\/sites\/43\/2020\/09\/de2.png&#8220; alt=&#8220;Vorschau &#8211; First Name Gender Processor&#8220; title_text=&#8220;Vorschau &#8211; First Name Gender Processor&#8220; show_in_lightbox=&#8220;on&#8220; force_fullwidth=&#8220;on&#8220; align_tablet=&#8220;center&#8220; align_phone=&#8220;&#8220; align_last_edited=&#8220;on|desktop&#8220; _builder_version=&#8220;4.6.1&#8243; border_width_all=&#8220;1px&#8220; border_color_all=&#8220;#0c71c3&#8243; box_shadow_style=&#8220;preset2&#8243;][\/et_pb_image][et_pb_text _builder_version=&#8220;4.6.1&#8243; text_font_size=&#8220;18px&#8220;]<\/p>\n<p>&nbsp;<\/p>\n<p><span style=\"font-size: 12pt;\">Die Einstellungen k\u00f6nnen zur erneuten Verwendung als Konfigurationsdateien abgespeichert und bei Bedarf wieder geladen werden.<\/span><\/p>\n<p><span style=\"font-size: 12pt;\">Das Programm ist UNICODE-kompatibel und kann Dateinamen mit Zeichen aller Sprachen verarbeiten.<\/span><\/p>\n<p><span style=\"font-size: 12pt;\"><a href=\".\/funktionen\/\">Detaillierte Funktionen zu <strong>First Name Gender Processor<\/strong> finden Sie hier<\/a>.<\/span><\/p>\n<p>&nbsp;<\/p>\n<p>[\/et_pb_text][\/et_pb_column_inner][\/et_pb_row_inner][et_pb_row_inner column_structure=&#8220;1_2,1_2&#8243; admin_label=&#8220;Zeile&#8220; _builder_version=&#8220;3.25&#8243; custom_padding=&#8220;29px|0px|0|0px&#8220;][et_pb_column_inner type=&#8220;1_2&#8243; saved_specialty_column_type=&#8220;3_4&#8243; _builder_version=&#8220;3.25&#8243; custom_padding=&#8220;|||&#8220; custom_padding__hover=&#8220;|||&#8220;][et_pb_text _builder_version=&#8220;4.6.1&#8243; text_font_size=&#8220;18px&#8220;]<\/p>\n<p><span style=\"font-size: 12pt;\">Laden Sie direkt eine kostenlose <strong>Demoversion von &#8222;First Name Gender Processor&#8220;<\/strong> herunter und testen Sie das Software-Tool unverbindlich.<\/span><\/p>\n<p><span style=\"font-size: 12pt;\"><a href=\"download\/\">Jetzt herunterladen!<\/a><\/span><\/p>\n<p>[\/et_pb_text][\/et_pb_column_inner][et_pb_column_inner type=&#8220;1_2&#8243; saved_specialty_column_type=&#8220;3_4&#8243; _builder_version=&#8220;3.25&#8243; custom_padding=&#8220;|||&#8220; custom_padding__hover=&#8220;|||&#8220;][et_pb_image src=&#8220;https:\/\/www.infonautics-software.ch\/first-name-gender-prozessor\/wp-content\/uploads\/sites\/43\/2020\/09\/BoxShotTransparent200.png&#8220; alt=&#8220;First Name Gender Processor&#8220; title_text=&#8220;First Name Gender Processor&#8220; url=&#8220;https:\/\/www.infonautics-software.ch\/first-name-gender-prozessor\/download\/&#8220; align=&#8220;center&#8220; align_tablet=&#8220;center&#8220; align_phone=&#8220;&#8220; align_last_edited=&#8220;on|desktop&#8220; _builder_version=&#8220;4.6.1&#8243;][\/et_pb_image][\/et_pb_column_inner][\/et_pb_row_inner][\/et_pb_column][et_pb_column type=&#8220;1_4&#8243; _builder_version=&#8220;3.25&#8243; custom_padding=&#8220;|||&#8220; custom_padding__hover=&#8220;|||&#8220;][et_pb_sidebar orientation=&#8220;right&#8220; area=&#8220;sidebar-1&#8243; _builder_version=&#8220;3.0.74&#8243; header_text_color=&#8220;#000080&#8243; remove_border=&#8220;off&#8220;][\/et_pb_sidebar][\/et_pb_column][\/et_pb_section]<\/p>\n","protected":false},"excerpt":{"rendered":"<p>Vor- und Nachnamen separieren und Geschlecht und Anrede aufgrund des Vornamens bestimmen.Vornamen und Nachnamen automatisch separieren und aufgrund des Vornamens das Geschlecht und die entsprechende Anrede bestimmen. &nbsp; Sie haben Namenslisten, z.B. f\u00fcr Mailings, m\u00f6glicherweise mit kunterbunt gemischten Namensteilen, aber keine Anrede weil das Geschlecht unbekannt ist? Mit First Name Gender Processor werden die fehlenden [&hellip;]<\/p>\n","protected":false},"author":1,"featured_media":0,"parent":0,"menu_order":0,"comment_status":"closed","ping_status":"closed","template":"","meta":{"_et_pb_use_builder":"on","_et_pb_old_content":"","_et_gb_content_width":"","jetpack_post_was_ever_published":false,"footnotes":""},"class_list":["post-37","page","type-page","status-publish","hentry"],"yoast_head":"<!-- This site is optimized with the Yoast SEO plugin v25.0 - https:\/\/yoast.com\/wordpress\/plugins\/seo\/ -->\n<title>Das Geschlecht eines Vornamens bestimmen<\/title>\n<meta name=\"description\" content=\"Die Hauptfunktion besteht in einer riesigen Datenbank mit \u00fcber 180&#039;000 Vornamen (Westliche Lateinische Buchstaben), mit deren Hilfe f\u00fcr Vornamen das Geschlecht und die passende Anrede f\u00fcr Mailings bestimmt werden kann.\" \/>\n<meta name=\"robots\" content=\"index, follow, max-snippet:-1, max-image-preview:large, max-video-preview:-1\" \/>\n<link rel=\"canonical\" href=\"https:\/\/www.infonautics-software.ch\/first-name-gender-prozessor\/\" \/>\n<meta property=\"og:locale\" content=\"de_DE\" \/>\n<meta property=\"og:type\" content=\"article\" \/>\n<meta property=\"og:title\" content=\"Das Geschlecht eines Vornamens bestimmen\" \/>\n<meta property=\"og:description\" content=\"Die Hauptfunktion besteht in einer riesigen Datenbank mit \u00fcber 180&#039;000 Vornamen (Westliche Lateinische Buchstaben), mit deren Hilfe f\u00fcr Vornamen das Geschlecht und die passende Anrede f\u00fcr Mailings bestimmt werden kann.\" \/>\n<meta property=\"og:url\" content=\"https:\/\/www.infonautics-software.ch\/first-name-gender-prozessor\/\" \/>\n<meta property=\"og:site_name\" content=\"First Name Gender Processor DE\" \/>\n<meta property=\"article:publisher\" content=\"https:\/\/www.facebook.com\/InfonauticsGmbH\" \/>\n<meta property=\"article:modified_time\" content=\"2020-10-02T16:15:04+00:00\" \/>\n<meta name=\"twitter:card\" content=\"summary_large_image\" \/>\n<meta name=\"twitter:site\" content=\"@InfonauticsGmbH\" \/>\n<meta name=\"twitter:label1\" content=\"Gesch\u00e4tzte Lesezeit\" \/>\n\t<meta name=\"twitter:data1\" content=\"6\u00a0Minuten\" \/>\n<script type=\"application\/ld+json\" class=\"yoast-schema-graph\">{\"@context\":\"https:\/\/schema.org\",\"@graph\":[{\"@type\":\"WebPage\",\"@id\":\"https:\/\/www.infonautics-software.ch\/first-name-gender-prozessor\/\",\"url\":\"https:\/\/www.infonautics-software.ch\/first-name-gender-prozessor\/\",\"name\":\"Das Geschlecht eines Vornamens bestimmen\",\"isPartOf\":{\"@id\":\"https:\/\/www.infonautics-software.ch\/first-name-gender-prozessor\/#website\"},\"datePublished\":\"2020-10-02T08:00:16+00:00\",\"dateModified\":\"2020-10-02T16:15:04+00:00\",\"description\":\"Die Hauptfunktion besteht in einer riesigen Datenbank mit \u00fcber 180'000 Vornamen (Westliche Lateinische Buchstaben), mit deren Hilfe f\u00fcr Vornamen das Geschlecht und die passende Anrede f\u00fcr Mailings bestimmt werden kann.\",\"breadcrumb\":{\"@id\":\"https:\/\/www.infonautics-software.ch\/first-name-gender-prozessor\/#breadcrumb\"},\"inLanguage\":\"de\",\"potentialAction\":[{\"@type\":\"ReadAction\",\"target\":[\"https:\/\/www.infonautics-software.ch\/first-name-gender-prozessor\/\"]}]},{\"@type\":\"BreadcrumbList\",\"@id\":\"https:\/\/www.infonautics-software.ch\/first-name-gender-prozessor\/#breadcrumb\",\"itemListElement\":[{\"@type\":\"ListItem\",\"position\":1,\"name\":\"Startseite\",\"item\":\"https:\/\/www.infonautics-software.ch\/first-name-gender-prozessor\/\"},{\"@type\":\"ListItem\",\"position\":2,\"name\":\"HOME\"}]},{\"@type\":\"WebSite\",\"@id\":\"https:\/\/www.infonautics-software.ch\/first-name-gender-prozessor\/#website\",\"url\":\"https:\/\/www.infonautics-software.ch\/first-name-gender-prozessor\/\",\"name\":\"First Name Gender Processor DE\",\"description\":\"Vornamen und Nachnamen separieren und aufgrund des Vornamens das Geschlecht und die entsprechende Anrede bestimmen.\",\"potentialAction\":[{\"@type\":\"SearchAction\",\"target\":{\"@type\":\"EntryPoint\",\"urlTemplate\":\"https:\/\/www.infonautics-software.ch\/first-name-gender-prozessor\/?s={search_term_string}\"},\"query-input\":{\"@type\":\"PropertyValueSpecification\",\"valueRequired\":true,\"valueName\":\"search_term_string\"}}],\"inLanguage\":\"de\"}]}<\/script>\n<!-- \/ Yoast SEO plugin. -->","yoast_head_json":{"title":"Das Geschlecht eines Vornamens bestimmen","description":"Die Hauptfunktion besteht in einer riesigen Datenbank mit \u00fcber 180'000 Vornamen (Westliche Lateinische Buchstaben), mit deren Hilfe f\u00fcr Vornamen das Geschlecht und die passende Anrede f\u00fcr Mailings bestimmt werden kann.","robots":{"index":"index","follow":"follow","max-snippet":"max-snippet:-1","max-image-preview":"max-image-preview:large","max-video-preview":"max-video-preview:-1"},"canonical":"https:\/\/www.infonautics-software.ch\/first-name-gender-prozessor\/","og_locale":"de_DE","og_type":"article","og_title":"Das Geschlecht eines Vornamens bestimmen","og_description":"Die Hauptfunktion besteht in einer riesigen Datenbank mit \u00fcber 180'000 Vornamen (Westliche Lateinische Buchstaben), mit deren Hilfe f\u00fcr Vornamen das Geschlecht und die passende Anrede f\u00fcr Mailings bestimmt werden kann.","og_url":"https:\/\/www.infonautics-software.ch\/first-name-gender-prozessor\/","og_site_name":"First Name Gender Processor DE","article_publisher":"https:\/\/www.facebook.com\/InfonauticsGmbH","article_modified_time":"2020-10-02T16:15:04+00:00","twitter_card":"summary_large_image","twitter_site":"@InfonauticsGmbH","twitter_misc":{"Gesch\u00e4tzte Lesezeit":"6\u00a0Minuten"},"schema":{"@context":"https:\/\/schema.org","@graph":[{"@type":"WebPage","@id":"https:\/\/www.infonautics-software.ch\/first-name-gender-prozessor\/","url":"https:\/\/www.infonautics-software.ch\/first-name-gender-prozessor\/","name":"Das Geschlecht eines Vornamens bestimmen","isPartOf":{"@id":"https:\/\/www.infonautics-software.ch\/first-name-gender-prozessor\/#website"},"datePublished":"2020-10-02T08:00:16+00:00","dateModified":"2020-10-02T16:15:04+00:00","description":"Die Hauptfunktion besteht in einer riesigen Datenbank mit \u00fcber 180'000 Vornamen (Westliche Lateinische Buchstaben), mit deren Hilfe f\u00fcr Vornamen das Geschlecht und die passende Anrede f\u00fcr Mailings bestimmt werden kann.","breadcrumb":{"@id":"https:\/\/www.infonautics-software.ch\/first-name-gender-prozessor\/#breadcrumb"},"inLanguage":"de","potentialAction":[{"@type":"ReadAction","target":["https:\/\/www.infonautics-software.ch\/first-name-gender-prozessor\/"]}]},{"@type":"BreadcrumbList","@id":"https:\/\/www.infonautics-software.ch\/first-name-gender-prozessor\/#breadcrumb","itemListElement":[{"@type":"ListItem","position":1,"name":"Startseite","item":"https:\/\/www.infonautics-software.ch\/first-name-gender-prozessor\/"},{"@type":"ListItem","position":2,"name":"HOME"}]},{"@type":"WebSite","@id":"https:\/\/www.infonautics-software.ch\/first-name-gender-prozessor\/#website","url":"https:\/\/www.infonautics-software.ch\/first-name-gender-prozessor\/","name":"First Name Gender Processor DE","description":"Vornamen und Nachnamen separieren und aufgrund des Vornamens das Geschlecht und die entsprechende Anrede bestimmen.","potentialAction":[{"@type":"SearchAction","target":{"@type":"EntryPoint","urlTemplate":"https:\/\/www.infonautics-software.ch\/first-name-gender-prozessor\/?s={search_term_string}"},"query-input":{"@type":"PropertyValueSpecification","valueRequired":true,"valueName":"search_term_string"}}],"inLanguage":"de"}]}},"jetpack_shortlink":"https:\/\/wp.me\/PcH8nP-B","jetpack_sharing_enabled":true,"_links":{"self":[{"href":"https:\/\/www.infonautics-software.ch\/first-name-gender-prozessor\/wp-json\/wp\/v2\/pages\/37","targetHints":{"allow":["GET"]}}],"collection":[{"href":"https:\/\/www.infonautics-software.ch\/first-name-gender-prozessor\/wp-json\/wp\/v2\/pages"}],"about":[{"href":"https:\/\/www.infonautics-software.ch\/first-name-gender-prozessor\/wp-json\/wp\/v2\/types\/page"}],"author":[{"embeddable":true,"href":"https:\/\/www.infonautics-software.ch\/first-name-gender-prozessor\/wp-json\/wp\/v2\/users\/1"}],"replies":[{"embeddable":true,"href":"https:\/\/www.infonautics-software.ch\/first-name-gender-prozessor\/wp-json\/wp\/v2\/comments?post=37"}],"version-history":[{"count":10,"href":"https:\/\/www.infonautics-software.ch\/first-name-gender-prozessor\/wp-json\/wp\/v2\/pages\/37\/revisions"}],"predecessor-version":[{"id":1316,"href":"https:\/\/www.infonautics-software.ch\/first-name-gender-prozessor\/wp-json\/wp\/v2\/pages\/37\/revisions\/1316"}],"wp:attachment":[{"href":"https:\/\/www.infonautics-software.ch\/first-name-gender-prozessor\/wp-json\/wp\/v2\/media?parent=37"}],"curies":[{"name":"wp","href":"https:\/\/api.w.org\/{rel}","templated":true}]}}