{"id":729,"date":"2021-06-07T10:00:21","date_gmt":"2021-06-07T08:00:21","guid":{"rendered":"http:\/\/www.infonautics-software.ch\/quickmerge\/?page_id=729"},"modified":"2021-06-07T18:34:45","modified_gmt":"2021-06-07T16:34:45","slug":"aenderungen","status":"publish","type":"page","link":"https:\/\/www.infonautics-software.ch\/first-name-gender-prozessor\/aenderungen\/","title":{"rendered":"\u00c4NDERUNGEN"},"content":{"rendered":"<p>[et_pb_section fb_built=&#8220;1&#8243; fullwidth=&#8220;on&#8220; custom_padding_last_edited=&#8220;on|desktop&#8220; admin_label=&#8220;section&#8220; _builder_version=&#8220;3.22&#8243; background_color=&#8220;#00458e&#8220; custom_padding=&#8220;50px|||&#8220; custom_padding_tablet=&#8220;50px|0|50px|0&#8243; custom_padding_phone=&#8220;&#8220; transparent_background=&#8220;off&#8220; padding_mobile=&#8220;off&#8220; make_fullwidth=&#8220;off&#8220; use_custom_width=&#8220;off&#8220; width_unit=&#8220;on&#8220;][et_pb_fullwidth_header title=&#8220;Letzte \u00c4nderungen von First Name Gender Processor&#8220; _builder_version=&#8220;4.6.1&#8243; background_color=&#8220;rgba(255, 255, 255, 0)&#8220; max_width_tablet=&#8220;50px&#8220; button_one_text_size__hover_enabled=&#8220;off&#8220; button_two_text_size__hover_enabled=&#8220;off&#8220; button_one_text_color__hover_enabled=&#8220;off&#8220; button_two_text_color__hover_enabled=&#8220;off&#8220; button_one_border_width__hover_enabled=&#8220;off&#8220; button_two_border_width__hover_enabled=&#8220;off&#8220; button_one_border_color__hover_enabled=&#8220;off&#8220; button_two_border_color__hover_enabled=&#8220;off&#8220; button_one_border_radius__hover_enabled=&#8220;off&#8220; button_two_border_radius__hover_enabled=&#8220;off&#8220; button_one_letter_spacing__hover_enabled=&#8220;off&#8220; button_two_letter_spacing__hover_enabled=&#8220;off&#8220; button_one_bg_color__hover_enabled=&#8220;off&#8220; button_two_bg_color__hover_enabled=&#8220;off&#8220;][\/et_pb_fullwidth_header][\/et_pb_section][et_pb_section fb_built=&#8220;1&#8243; admin_label=&#8220;section&#8220; _builder_version=&#8220;3.22&#8243;][et_pb_row column_structure=&#8220;3_4,1_4&#8243; admin_label=&#8220;row&#8220; _builder_version=&#8220;3.25&#8243; background_size=&#8220;initial&#8220; background_position=&#8220;top_left&#8220; background_repeat=&#8220;repeat&#8220;][et_pb_column type=&#8220;3_4&#8243; _builder_version=&#8220;3.25&#8243; custom_padding=&#8220;|||&#8220; custom_padding__hover=&#8220;|||&#8220;][et_pb_text _builder_version=&#8220;4.6.1&#8243; background_size=&#8220;initial&#8220; background_position=&#8220;top_left&#8220; background_repeat=&#8220;repeat&#8220; hover_enabled=&#8220;0&#8243; use_border_color=&#8220;off&#8220; sticky_enabled=&#8220;0&#8243;]<\/p>\n<h2><span style=\"color: #333399;\"><strong>Aktuelle \u00c4nderungen\/Erweiterungen\u00a0<\/strong><\/span><\/h2>\n<p>&nbsp;<\/p>\n<p><strong>\u00c4nderungen in der aktuellen Version:<\/strong><\/p>\n<p>1.12<\/p>\n<ul>\n<li>Diverse kleine Verbesserungen.<\/li>\n<\/ul>\n<p>&nbsp;<\/p>\n<p><strong>Fr\u00fchere \u00c4nderungen:<br \/><\/strong><\/p>\n<p>1.11<\/p>\n<ul>\n<li>Neu: Einstellungen in Konfigurationsdateien speichern und laden.<\/li>\n<\/ul>\n<p>1.09<\/p>\n<ul>\n<li>Verbessert: Namen weiterer Sprachregionen erg\u00e4nzt.<\/li>\n<li>Diverse Verbesserungen.<\/li>\n<\/ul>\n<p>[\/et_pb_text][\/et_pb_column][et_pb_column type=&#8220;1_4&#8243; _builder_version=&#8220;3.25&#8243; custom_padding=&#8220;|||&#8220; custom_padding__hover=&#8220;|||&#8220;][et_pb_sidebar orientation=&#8220;right&#8220; area=&#8220;sidebar-1&#8243; _builder_version=&#8220;3.0.74&#8243; remove_border=&#8220;off&#8220;][\/et_pb_sidebar][\/et_pb_column][\/et_pb_row][\/et_pb_section]<\/p>\n","protected":false},"excerpt":{"rendered":"<p>Aktuelle \u00c4nderungen\/Erweiterungen\u00a0 &nbsp; \u00c4nderungen in der aktuellen Version: 1.12 Diverse kleine Verbesserungen. &nbsp; Fr\u00fchere \u00c4nderungen: 1.11 Neu: Einstellungen in Konfigurationsdateien speichern und laden. 1.09 Verbessert: Namen weiterer Sprachregionen erg\u00e4nzt. Diverse Verbesserungen.<\/p>\n","protected":false},"author":1,"featured_media":0,"parent":0,"menu_order":0,"comment_status":"closed","ping_status":"closed","template":"","meta":{"_et_pb_use_builder":"on","_et_pb_old_content":"","_et_gb_content_width":"","jetpack_post_was_ever_published":false,"footnotes":""},"class_list":["post-729","page","type-page","status-publish","hentry"],"yoast_head":"<!-- This site is optimized with the Yoast SEO plugin v25.0 - https:\/\/yoast.com\/wordpress\/plugins\/seo\/ -->\n<title>Aufgrund des Vornamens das Geschlecht bestimmen<\/title>\n<meta name=\"description\" content=\"Vornamen und Nachnamen separieren und aufgrund des Vornamens das Geschlecht und die entsprechende Anrede bestimmen.\" \/>\n<meta name=\"robots\" content=\"index, follow, max-snippet:-1, max-image-preview:large, max-video-preview:-1\" \/>\n<link rel=\"canonical\" href=\"https:\/\/www.infonautics-software.ch\/first-name-gender-prozessor\/aenderungen\/\" \/>\n<meta property=\"og:locale\" content=\"de_DE\" \/>\n<meta property=\"og:type\" content=\"article\" \/>\n<meta property=\"og:title\" content=\"Aufgrund des Vornamens das Geschlecht bestimmen\" \/>\n<meta property=\"og:description\" content=\"Vornamen und Nachnamen separieren und aufgrund des Vornamens das Geschlecht und die entsprechende Anrede bestimmen.\" \/>\n<meta property=\"og:url\" content=\"https:\/\/www.infonautics-software.ch\/first-name-gender-prozessor\/aenderungen\/\" \/>\n<meta property=\"og:site_name\" content=\"First Name Gender Processor DE\" \/>\n<meta property=\"article:publisher\" content=\"https:\/\/www.facebook.com\/InfonauticsGmbH\" \/>\n<meta property=\"article:modified_time\" content=\"2021-06-07T16:34:45+00:00\" \/>\n<meta name=\"twitter:card\" content=\"summary_large_image\" \/>\n<meta name=\"twitter:site\" content=\"@InfonauticsGmbH\" \/>\n<meta name=\"twitter:label1\" content=\"Gesch\u00e4tzte Lesezeit\" \/>\n\t<meta name=\"twitter:data1\" content=\"2\u00a0Minuten\" \/>\n<script type=\"application\/ld+json\" class=\"yoast-schema-graph\">{\"@context\":\"https:\/\/schema.org\",\"@graph\":[{\"@type\":\"WebPage\",\"@id\":\"https:\/\/www.infonautics-software.ch\/first-name-gender-prozessor\/aenderungen\/\",\"url\":\"https:\/\/www.infonautics-software.ch\/first-name-gender-prozessor\/aenderungen\/\",\"name\":\"Aufgrund des Vornamens das Geschlecht bestimmen\",\"isPartOf\":{\"@id\":\"https:\/\/www.infonautics-software.ch\/first-name-gender-prozessor\/#website\"},\"datePublished\":\"2021-06-07T08:00:21+00:00\",\"dateModified\":\"2021-06-07T16:34:45+00:00\",\"description\":\"Vornamen und Nachnamen separieren und aufgrund des Vornamens das Geschlecht und die entsprechende Anrede bestimmen.\",\"breadcrumb\":{\"@id\":\"https:\/\/www.infonautics-software.ch\/first-name-gender-prozessor\/aenderungen\/#breadcrumb\"},\"inLanguage\":\"de\",\"potentialAction\":[{\"@type\":\"ReadAction\",\"target\":[\"https:\/\/www.infonautics-software.ch\/first-name-gender-prozessor\/aenderungen\/\"]}]},{\"@type\":\"BreadcrumbList\",\"@id\":\"https:\/\/www.infonautics-software.ch\/first-name-gender-prozessor\/aenderungen\/#breadcrumb\",\"itemListElement\":[{\"@type\":\"ListItem\",\"position\":1,\"name\":\"Startseite\",\"item\":\"https:\/\/www.infonautics-software.ch\/first-name-gender-prozessor\/\"},{\"@type\":\"ListItem\",\"position\":2,\"name\":\"\u00c4NDERUNGEN\"}]},{\"@type\":\"WebSite\",\"@id\":\"https:\/\/www.infonautics-software.ch\/first-name-gender-prozessor\/#website\",\"url\":\"https:\/\/www.infonautics-software.ch\/first-name-gender-prozessor\/\",\"name\":\"First Name Gender Processor DE\",\"description\":\"Vornamen und Nachnamen separieren und aufgrund des Vornamens das Geschlecht und die entsprechende Anrede bestimmen.\",\"potentialAction\":[{\"@type\":\"SearchAction\",\"target\":{\"@type\":\"EntryPoint\",\"urlTemplate\":\"https:\/\/www.infonautics-software.ch\/first-name-gender-prozessor\/?s={search_term_string}\"},\"query-input\":{\"@type\":\"PropertyValueSpecification\",\"valueRequired\":true,\"valueName\":\"search_term_string\"}}],\"inLanguage\":\"de\"}]}<\/script>\n<!-- \/ Yoast SEO plugin. -->","yoast_head_json":{"title":"Aufgrund des Vornamens das Geschlecht bestimmen","description":"Vornamen und Nachnamen separieren und aufgrund des Vornamens das Geschlecht und die entsprechende Anrede bestimmen.","robots":{"index":"index","follow":"follow","max-snippet":"max-snippet:-1","max-image-preview":"max-image-preview:large","max-video-preview":"max-video-preview:-1"},"canonical":"https:\/\/www.infonautics-software.ch\/first-name-gender-prozessor\/aenderungen\/","og_locale":"de_DE","og_type":"article","og_title":"Aufgrund des Vornamens das Geschlecht bestimmen","og_description":"Vornamen und Nachnamen separieren und aufgrund des Vornamens das Geschlecht und die entsprechende Anrede bestimmen.","og_url":"https:\/\/www.infonautics-software.ch\/first-name-gender-prozessor\/aenderungen\/","og_site_name":"First Name Gender Processor DE","article_publisher":"https:\/\/www.facebook.com\/InfonauticsGmbH","article_modified_time":"2021-06-07T16:34:45+00:00","twitter_card":"summary_large_image","twitter_site":"@InfonauticsGmbH","twitter_misc":{"Gesch\u00e4tzte Lesezeit":"2\u00a0Minuten"},"schema":{"@context":"https:\/\/schema.org","@graph":[{"@type":"WebPage","@id":"https:\/\/www.infonautics-software.ch\/first-name-gender-prozessor\/aenderungen\/","url":"https:\/\/www.infonautics-software.ch\/first-name-gender-prozessor\/aenderungen\/","name":"Aufgrund des Vornamens das Geschlecht bestimmen","isPartOf":{"@id":"https:\/\/www.infonautics-software.ch\/first-name-gender-prozessor\/#website"},"datePublished":"2021-06-07T08:00:21+00:00","dateModified":"2021-06-07T16:34:45+00:00","description":"Vornamen und Nachnamen separieren und aufgrund des Vornamens das Geschlecht und die entsprechende Anrede bestimmen.","breadcrumb":{"@id":"https:\/\/www.infonautics-software.ch\/first-name-gender-prozessor\/aenderungen\/#breadcrumb"},"inLanguage":"de","potentialAction":[{"@type":"ReadAction","target":["https:\/\/www.infonautics-software.ch\/first-name-gender-prozessor\/aenderungen\/"]}]},{"@type":"BreadcrumbList","@id":"https:\/\/www.infonautics-software.ch\/first-name-gender-prozessor\/aenderungen\/#breadcrumb","itemListElement":[{"@type":"ListItem","position":1,"name":"Startseite","item":"https:\/\/www.infonautics-software.ch\/first-name-gender-prozessor\/"},{"@type":"ListItem","position":2,"name":"\u00c4NDERUNGEN"}]},{"@type":"WebSite","@id":"https:\/\/www.infonautics-software.ch\/first-name-gender-prozessor\/#website","url":"https:\/\/www.infonautics-software.ch\/first-name-gender-prozessor\/","name":"First Name Gender Processor DE","description":"Vornamen und Nachnamen separieren und aufgrund des Vornamens das Geschlecht und die entsprechende Anrede bestimmen.","potentialAction":[{"@type":"SearchAction","target":{"@type":"EntryPoint","urlTemplate":"https:\/\/www.infonautics-software.ch\/first-name-gender-prozessor\/?s={search_term_string}"},"query-input":{"@type":"PropertyValueSpecification","valueRequired":true,"valueName":"search_term_string"}}],"inLanguage":"de"}]}},"jetpack_shortlink":"https:\/\/wp.me\/PcH8nP-bL","jetpack_sharing_enabled":true,"_links":{"self":[{"href":"https:\/\/www.infonautics-software.ch\/first-name-gender-prozessor\/wp-json\/wp\/v2\/pages\/729","targetHints":{"allow":["GET"]}}],"collection":[{"href":"https:\/\/www.infonautics-software.ch\/first-name-gender-prozessor\/wp-json\/wp\/v2\/pages"}],"about":[{"href":"https:\/\/www.infonautics-software.ch\/first-name-gender-prozessor\/wp-json\/wp\/v2\/types\/page"}],"author":[{"embeddable":true,"href":"https:\/\/www.infonautics-software.ch\/first-name-gender-prozessor\/wp-json\/wp\/v2\/users\/1"}],"replies":[{"embeddable":true,"href":"https:\/\/www.infonautics-software.ch\/first-name-gender-prozessor\/wp-json\/wp\/v2\/comments?post=729"}],"version-history":[{"count":10,"href":"https:\/\/www.infonautics-software.ch\/first-name-gender-prozessor\/wp-json\/wp\/v2\/pages\/729\/revisions"}],"predecessor-version":[{"id":1324,"href":"https:\/\/www.infonautics-software.ch\/first-name-gender-prozessor\/wp-json\/wp\/v2\/pages\/729\/revisions\/1324"}],"wp:attachment":[{"href":"https:\/\/www.infonautics-software.ch\/first-name-gender-prozessor\/wp-json\/wp\/v2\/media?parent=729"}],"curies":[{"name":"wp","href":"https:\/\/api.w.org\/{rel}","templated":true}]}}