{"id":137,"date":"2019-04-12T11:30:10","date_gmt":"2019-04-12T09:30:10","guid":{"rendered":"http:\/\/www.infonautics-software.ch\/mymenuexplorerde\/?page_id=137"},"modified":"2019-04-12T16:28:43","modified_gmt":"2019-04-12T14:28:43","slug":"support","status":"publish","type":"page","link":"https:\/\/www.infonautics-software.ch\/listefichiers\/support\/","title":{"rendered":"SUPPORT"},"content":{"rendered":"<p>[et_pb_section bb_built=\u00a0\u00bb1&Prime; admin_label=\u00a0\u00bbsection\u00a0\u00bb fullwidth=\u00a0\u00bbon\u00a0\u00bb specialty=\u00a0\u00bboff\u00a0\u00bb transparent_background=\u00a0\u00bboff\u00a0\u00bb background_color=\u00a0\u00bb#00458e\u00a0\u00bb allow_player_pause=\u00a0\u00bboff\u00a0\u00bb inner_shadow=\u00a0\u00bboff\u00a0\u00bb parallax=\u00a0\u00bboff\u00a0\u00bb parallax_method=\u00a0\u00bboff\u00a0\u00bb custom_padding=\u00a0\u00bb50px|||\u00a0\u00bb padding_mobile=\u00a0\u00bboff\u00a0\u00bb make_fullwidth=\u00a0\u00bboff\u00a0\u00bb use_custom_width=\u00a0\u00bboff\u00a0\u00bb width_unit=\u00a0\u00bbon\u00a0\u00bb make_equal=\u00a0\u00bboff\u00a0\u00bb use_custom_gutter=\u00a0\u00bboff\u00a0\u00bb custom_padding_tablet=\u00a0\u00bb50px|0|50px|0&Prime; custom_padding_last_edited=\u00a0\u00bbon|desktop\u00a0\u00bb next_background_color=\u00a0\u00bb#FFFFFF\u00a0\u00bb][et_pb_fullwidth_header admin_label=\u00a0\u00bbFullwidth Header\u00a0\u00bb title=\u00a0\u00bbSupport pour Directory List &amp; Print\u00a0\u00bb background_layout=\u00a0\u00bbdark\u00a0\u00bb text_orientation=\u00a0\u00bbleft\u00a0\u00bb header_fullscreen=\u00a0\u00bboff\u00a0\u00bb header_scroll_down=\u00a0\u00bboff\u00a0\u00bb parallax=\u00a0\u00bboff\u00a0\u00bb parallax_method=\u00a0\u00bboff\u00a0\u00bb content_orientation=\u00a0\u00bbcenter\u00a0\u00bb image_orientation=\u00a0\u00bbcenter\u00a0\u00bb custom_button_one=\u00a0\u00bboff\u00a0\u00bb button_one_letter_spacing=\u00a0\u00bb0&Prime; button_one_use_icon=\u00a0\u00bbdefault\u00a0\u00bb button_one_icon_placement=\u00a0\u00bbright\u00a0\u00bb button_one_on_hover=\u00a0\u00bbon\u00a0\u00bb button_one_letter_spacing_hover=\u00a0\u00bb0&Prime; custom_button_two=\u00a0\u00bboff\u00a0\u00bb button_two_letter_spacing=\u00a0\u00bb0&Prime; button_two_use_icon=\u00a0\u00bbdefault\u00a0\u00bb button_two_icon_placement=\u00a0\u00bbright\u00a0\u00bb button_two_on_hover=\u00a0\u00bbon\u00a0\u00bb button_two_letter_spacing_hover=\u00a0\u00bb0&Prime; content_max_width=\u00a0\u00bb100%\u00a0\u00bb background_color=\u00a0\u00bbrgba(255, 255, 255, 0)\u00a0\u00bb \/][\/et_pb_section][et_pb_section bb_built=\u00a0\u00bb1&Prime; admin_label=\u00a0\u00bbSektion\u00a0\u00bb fullwidth=\u00a0\u00bboff\u00a0\u00bb specialty=\u00a0\u00bbon\u00a0\u00bb prev_background_color=\u00a0\u00bb#00458e\u00a0\u00bb][et_pb_column type=\u00a0\u00bb3_4&Prime; specialty_columns=\u00a0\u00bb3&Prime;][et_pb_row_inner admin_label=\u00a0\u00bbZeile\u00a0\u00bb][et_pb_column_inner type=\u00a0\u00bb4_4&Prime; saved_specialty_column_type=\u00a0\u00bb3_4&Prime;][et_pb_text admin_label=\u00a0\u00bbText\u00a0\u00bb _builder_version=\u00a0\u00bb3.12&Prime;]<\/p>\n<h2><span style=\"color: #003366;\"><strong>Support gratuit pour Directory List &amp; Print<\/strong><\/span><\/h2>\n<p>&nbsp;<\/p>\n<p>Pour plus d&rsquo;informations sur Directory List &amp; Print visitez notre\u00a0<strong><a href=\"https:\/\/www.infonautics.ch\/blog\/english-tutorials\/\" target=\"_blank\" rel=\"noopener noreferrer\">blog <\/a><\/strong>(en anglais)<strong>\u00a0ou<\/strong>\u00a0les <strong>vid\u00e9os suivantes<\/strong>:<\/p>\n<p><a href=\"https:\/\/youtu.be\/bfPoxgv6HFM\" target=\"_blank\" rel=\"noopener noreferrer\">1. <span id=\"result_box\" class=\"short_text\" lang=\"fr\"><span class=\"\">Comment entrer la cl\u00e9 de licence<\/span><\/span><\/a>\u00a0(en anglais).<br \/>\n<a href=\"https:\/\/youtu.be\/bDkTokqWSWQ\" target=\"_blank\" rel=\"noopener noreferrer\">2.\u00a0Manuel (Introduction courte)<\/a><a href=\"https:\/\/www.infonautics.ch\/blog\/tutorials-directorylistprint\/#Einf\u00fchrung\" target=\"_blank\" rel=\"noopener noreferrer\"><br \/>\n<\/a><a href=\"https:\/\/youtu.be\/XuB6RVv4_vo\" target=\"_blank\" rel=\"noopener noreferrer\">3.\u00a0Comment mettre \u00e0 jour Directory List &amp; Print automatiquement<\/a> (en anglais)<br \/>\n<a href=\"https:\/\/youtu.be\/AyEaLTWw3J4\" target=\"_blank\" rel=\"noopener noreferrer\">4.\u00a0Exporter la liste des fichiers d&rsquo;un dossier vers Calc ou Writer<\/a><br \/>\n<a href=\"https:\/\/youtu.be\/lkm_ZVdYZSo\" target=\"_blank\" rel=\"noopener noreferrer\">5.\u00a0Cr\u00e9er des listes de fichiers avec la taille totale de tous les dossiers<br \/>\n<\/a><a href=\"https:\/\/youtu.be\/bIVgQw8Afww\" target=\"_blank\" rel=\"noopener\">6. Comment cr\u00e9er des listes de fichiers en incluant des imagettes<\/a><\/p>\n<p>&nbsp;<\/p>\n<h3><span style=\"color: #000080;\"><strong>FAQ<\/strong><\/span><\/h3>\n<p>Aux questions souvent pos\u00e9es nous r\u00e9pondons\u00a0 dans les deux fichiers PDF en <a href=\"https:\/\/www.infonautics-software.ch\/public\/DirectoryListPrintFAQDeutsch.pdf\" target=\"_blank\" rel=\"noopener noreferrer\"><strong>Allemand <\/strong><\/a>et en <strong><a href=\"https:\/\/www.infonautics-software.ch\/public\/DirectoryListPrintFAQEnglish.pdf\" target=\"_blank\" rel=\"noopener noreferrer\">Anglais<\/a><\/strong>: \u00a0<\/p>\n<p>&nbsp;<\/p>\n<h3><span style=\"color: #000080;\"><strong>Support<\/strong><\/span><\/h3>\n<p>Vous trouvez les derniers modifications et extensions du logiciel dans le journal des modifications\u00a0<a href=\"https:\/\/www.infonautics-software.com\/directorylistprint\/changelog\/\" target=\"_blank\" rel=\"noopener noreferrer\"><strong>Change-Log\u00a0<\/strong><\/a>(en anglais).<\/p>\n<p>Avez-vous d\u2019autres questions concernant Directory List &amp; Print?<br \/>\nVeuillez nous contacter par courriel \u00e0\u00a0<strong><a href=\"mailto:support@infonautics.ch\">support@infonautics.ch<\/a><\/strong>\u00a0. Pour Directory List &amp; Print Pro nous vous offrons un <strong>support gratuit par courriel<\/strong>\u00a0en\u00a0Anglais et en Allemand.\u00a0Nous allons vous r\u00e9pondre dans 2 jours ouvrables. L\u2019entreprise de logiciels\u00a0<a href=\"https:\/\/www.infonautics.ch\/en\/index.htm\" target=\"_blank\" rel=\"noopener noreferrer\">INFONAUTICS GmbH<\/a>\u00a0a son si\u00e8ge social en Suisse. Veuillez consid\u00e9rer des d\u00e9calages horaires possibles.<\/p>\n<p>&nbsp;<\/p>\n<h3><span style=\"color: #000080;\"><strong>Votre liste de souhaits\u00a0\/ Vos suggestions<\/strong><\/span><\/h3>\n<p>Si vous avez des suggestions pour des mises \u00e0 jours futures, des propositions d\u2019am\u00e9liorations ou si vous avez rencontr\u00e9 un probl\u00e8me lors de l\u2019utilisation du logiciel n\u2019h\u00e9sitez pas \u00e0 nous contacter \u00e0 \u00a0<strong><a href=\"mailto:support@infonautics.ch\">support@infonautics.ch<\/a>.\u00a0<\/strong>Nous avons h\u00e2te de vous lire.\u00a0<\/p>\n<p>&nbsp;<\/p>\n<p>[\/et_pb_text][\/et_pb_column_inner][\/et_pb_row_inner][\/et_pb_column][et_pb_column type=\u00a0\u00bb1_4&Prime;][et_pb_sidebar admin_label=\u00a0\u00bbSidebar\u00a0\u00bb orientation=\u00a0\u00bbright\u00a0\u00bb area=\u00a0\u00bbsidebar-1&Prime; background_layout=\u00a0\u00bblight\u00a0\u00bb remove_border=\u00a0\u00bboff\u00a0\u00bb header_text_color=\u00a0\u00bb#000080&Prime; header_font_size=\u00a0\u00bb20&Prime; show_border=\u00a0\u00bbon\u00a0\u00bb \/][\/et_pb_column][\/et_pb_section]<\/p>\n","protected":false},"excerpt":{"rendered":"<p>Support gratuit pour Directory List &amp; Print &nbsp; Pour plus d&rsquo;informations sur Directory List &amp; Print visitez notre\u00a0blog (en anglais)\u00a0ou\u00a0les vid\u00e9os suivantes: 1. Comment entrer la cl\u00e9 de licence\u00a0(en anglais). 2.\u00a0Manuel (Introduction courte) 3.\u00a0Comment mettre \u00e0 jour Directory List &amp; Print automatiquement (en anglais) 4.\u00a0Exporter la liste des fichiers d&rsquo;un dossier vers Calc ou Writer [&hellip;]<\/p>\n","protected":false},"author":1,"featured_media":0,"parent":0,"menu_order":0,"comment_status":"closed","ping_status":"closed","template":"","meta":{"_et_pb_use_builder":"on","_et_pb_old_content":"","_et_gb_content_width":"","jetpack_post_was_ever_published":false,"footnotes":""},"class_list":["post-137","page","type-page","status-publish","hentry"],"yoast_head":"<!-- This site is optimized with the Yoast SEO plugin v25.0 - https:\/\/yoast.com\/wordpress\/plugins\/seo\/ -->\n<title>Comment obtenir la liste des fichiers d&#039;un dossier<\/title>\n<meta name=\"description\" content=\"Avec Directory List &amp; Print pour Windows il est tr\u00e8s facile d&#039;obtenir la liste des fichiers d&#039;un dossier et imprimer ou exporter tout le contenu du dossier.\" \/>\n<meta name=\"robots\" content=\"index, follow, max-snippet:-1, max-image-preview:large, max-video-preview:-1\" \/>\n<link rel=\"canonical\" href=\"https:\/\/www.infonautics-software.ch\/listefichiers\/support\/\" \/>\n<meta property=\"og:locale\" content=\"fr_FR\" \/>\n<meta property=\"og:type\" content=\"article\" \/>\n<meta property=\"og:title\" content=\"Comment obtenir la liste des fichiers d&#039;un dossier\" \/>\n<meta property=\"og:description\" content=\"Avec Directory List &amp; Print pour Windows il est tr\u00e8s facile d&#039;obtenir la liste des fichiers d&#039;un dossier et imprimer ou exporter tout le contenu du dossier.\" \/>\n<meta property=\"og:url\" content=\"https:\/\/www.infonautics-software.ch\/listefichiers\/support\/\" \/>\n<meta property=\"og:site_name\" content=\"Directory List &amp; Print FR\" \/>\n<meta property=\"article:modified_time\" content=\"2019-04-12T14:28:43+00:00\" \/>\n<meta name=\"twitter:card\" content=\"summary_large_image\" \/>\n<meta name=\"twitter:site\" content=\"@InfonauticsGmbH\" \/>\n<meta name=\"twitter:label1\" content=\"Dur\u00e9e de lecture estim\u00e9e\" \/>\n\t<meta name=\"twitter:data1\" content=\"3 minutes\" \/>\n<script type=\"application\/ld+json\" class=\"yoast-schema-graph\">{\"@context\":\"https:\/\/schema.org\",\"@graph\":[{\"@type\":\"WebPage\",\"@id\":\"https:\/\/www.infonautics-software.ch\/listefichiers\/support\/\",\"url\":\"https:\/\/www.infonautics-software.ch\/listefichiers\/support\/\",\"name\":\"Comment obtenir la liste des fichiers d'un dossier\",\"isPartOf\":{\"@id\":\"https:\/\/www.infonautics-software.ch\/listefichiers\/#website\"},\"datePublished\":\"2019-04-12T09:30:10+00:00\",\"dateModified\":\"2019-04-12T14:28:43+00:00\",\"description\":\"Avec Directory List & Print pour Windows il est tr\u00e8s facile d'obtenir la liste des fichiers d'un dossier et imprimer ou exporter tout le contenu du dossier.\",\"breadcrumb\":{\"@id\":\"https:\/\/www.infonautics-software.ch\/listefichiers\/support\/#breadcrumb\"},\"inLanguage\":\"fr-FR\",\"potentialAction\":[{\"@type\":\"ReadAction\",\"target\":[\"https:\/\/www.infonautics-software.ch\/listefichiers\/support\/\"]}]},{\"@type\":\"BreadcrumbList\",\"@id\":\"https:\/\/www.infonautics-software.ch\/listefichiers\/support\/#breadcrumb\",\"itemListElement\":[{\"@type\":\"ListItem\",\"position\":1,\"name\":\"Accueil\",\"item\":\"https:\/\/www.infonautics-software.ch\/listefichiers\/\"},{\"@type\":\"ListItem\",\"position\":2,\"name\":\"SUPPORT\"}]},{\"@type\":\"WebSite\",\"@id\":\"https:\/\/www.infonautics-software.ch\/listefichiers\/#website\",\"url\":\"https:\/\/www.infonautics-software.ch\/listefichiers\/\",\"name\":\"Directory List &amp; Print FR\",\"description\":\"Directory List &amp; Print - Editer et imprimer une liste des fichiers\",\"potentialAction\":[{\"@type\":\"SearchAction\",\"target\":{\"@type\":\"EntryPoint\",\"urlTemplate\":\"https:\/\/www.infonautics-software.ch\/listefichiers\/?s={search_term_string}\"},\"query-input\":{\"@type\":\"PropertyValueSpecification\",\"valueRequired\":true,\"valueName\":\"search_term_string\"}}],\"inLanguage\":\"fr-FR\"}]}<\/script>\n<!-- \/ Yoast SEO plugin. -->","yoast_head_json":{"title":"Comment obtenir la liste des fichiers d'un dossier","description":"Avec Directory List & Print pour Windows il est tr\u00e8s facile d'obtenir la liste des fichiers d'un dossier et imprimer ou exporter tout le contenu du dossier.","robots":{"index":"index","follow":"follow","max-snippet":"max-snippet:-1","max-image-preview":"max-image-preview:large","max-video-preview":"max-video-preview:-1"},"canonical":"https:\/\/www.infonautics-software.ch\/listefichiers\/support\/","og_locale":"fr_FR","og_type":"article","og_title":"Comment obtenir la liste des fichiers d'un dossier","og_description":"Avec Directory List & Print pour Windows il est tr\u00e8s facile d'obtenir la liste des fichiers d'un dossier et imprimer ou exporter tout le contenu du dossier.","og_url":"https:\/\/www.infonautics-software.ch\/listefichiers\/support\/","og_site_name":"Directory List &amp; Print FR","article_modified_time":"2019-04-12T14:28:43+00:00","twitter_card":"summary_large_image","twitter_site":"@InfonauticsGmbH","twitter_misc":{"Dur\u00e9e de lecture estim\u00e9e":"3 minutes"},"schema":{"@context":"https:\/\/schema.org","@graph":[{"@type":"WebPage","@id":"https:\/\/www.infonautics-software.ch\/listefichiers\/support\/","url":"https:\/\/www.infonautics-software.ch\/listefichiers\/support\/","name":"Comment obtenir la liste des fichiers d'un dossier","isPartOf":{"@id":"https:\/\/www.infonautics-software.ch\/listefichiers\/#website"},"datePublished":"2019-04-12T09:30:10+00:00","dateModified":"2019-04-12T14:28:43+00:00","description":"Avec Directory List & Print pour Windows il est tr\u00e8s facile d'obtenir la liste des fichiers d'un dossier et imprimer ou exporter tout le contenu du dossier.","breadcrumb":{"@id":"https:\/\/www.infonautics-software.ch\/listefichiers\/support\/#breadcrumb"},"inLanguage":"fr-FR","potentialAction":[{"@type":"ReadAction","target":["https:\/\/www.infonautics-software.ch\/listefichiers\/support\/"]}]},{"@type":"BreadcrumbList","@id":"https:\/\/www.infonautics-software.ch\/listefichiers\/support\/#breadcrumb","itemListElement":[{"@type":"ListItem","position":1,"name":"Accueil","item":"https:\/\/www.infonautics-software.ch\/listefichiers\/"},{"@type":"ListItem","position":2,"name":"SUPPORT"}]},{"@type":"WebSite","@id":"https:\/\/www.infonautics-software.ch\/listefichiers\/#website","url":"https:\/\/www.infonautics-software.ch\/listefichiers\/","name":"Directory List &amp; Print FR","description":"Directory List &amp; Print - Editer et imprimer une liste des fichiers","potentialAction":[{"@type":"SearchAction","target":{"@type":"EntryPoint","urlTemplate":"https:\/\/www.infonautics-software.ch\/listefichiers\/?s={search_term_string}"},"query-input":{"@type":"PropertyValueSpecification","valueRequired":true,"valueName":"search_term_string"}}],"inLanguage":"fr-FR"}]}},"jetpack_shortlink":"https:\/\/wp.me\/P7vHWl-2d","jetpack_sharing_enabled":true,"_links":{"self":[{"href":"https:\/\/www.infonautics-software.ch\/listefichiers\/wp-json\/wp\/v2\/pages\/137","targetHints":{"allow":["GET"]}}],"collection":[{"href":"https:\/\/www.infonautics-software.ch\/listefichiers\/wp-json\/wp\/v2\/pages"}],"about":[{"href":"https:\/\/www.infonautics-software.ch\/listefichiers\/wp-json\/wp\/v2\/types\/page"}],"author":[{"embeddable":true,"href":"https:\/\/www.infonautics-software.ch\/listefichiers\/wp-json\/wp\/v2\/users\/1"}],"replies":[{"embeddable":true,"href":"https:\/\/www.infonautics-software.ch\/listefichiers\/wp-json\/wp\/v2\/comments?post=137"}],"version-history":[{"count":10,"href":"https:\/\/www.infonautics-software.ch\/listefichiers\/wp-json\/wp\/v2\/pages\/137\/revisions"}],"predecessor-version":[{"id":1596,"href":"https:\/\/www.infonautics-software.ch\/listefichiers\/wp-json\/wp\/v2\/pages\/137\/revisions\/1596"}],"wp:attachment":[{"href":"https:\/\/www.infonautics-software.ch\/listefichiers\/wp-json\/wp\/v2\/media?parent=137"}],"curies":[{"name":"wp","href":"https:\/\/api.w.org\/{rel}","templated":true}]}}