{"id":37,"date":"2026-02-05T11:00:16","date_gmt":"2026-02-05T10:00:16","guid":{"rendered":"http:\/\/www.infonautics-software.ch\/mymenuexplorerde\/?page_id=37"},"modified":"2026-02-05T13:43:26","modified_gmt":"2026-02-05T12:43:26","slug":"home","status":"publish","type":"page","link":"https:\/\/www.infonautics-software.ch\/listefichiers\/","title":{"rendered":"HOME"},"content":{"rendered":"<p>[et_pb_section fb_built=\u00a0\u00bb1&Prime; fullwidth=\u00a0\u00bbon\u00a0\u00bb custom_padding_last_edited=\u00a0\u00bbon|desktop\u00a0\u00bb admin_label=\u00a0\u00bbsection\u00a0\u00bb _builder_version=\u00a0\u00bb4.16&Prime; background_color=\u00a0\u00bb#ffffff\u00a0\u00bb custom_padding_tablet=\u00a0\u00bb50px|0|50px|0&Prime; custom_padding_phone=\u00a0\u00bb\u00a0\u00bb transparent_background=\u00a0\u00bboff\u00a0\u00bb padding_mobile=\u00a0\u00bboff\u00a0\u00bb make_fullwidth=\u00a0\u00bboff\u00a0\u00bb use_custom_width=\u00a0\u00bboff\u00a0\u00bb width_unit=\u00a0\u00bbon\u00a0\u00bb global_colors_info=\u00a0\u00bb{}\u00a0\u00bb][et_pb_fullwidth_slider admin_label=\u00a0\u00bbFullwidth Slider\u00a0\u00bb _builder_version=\u00a0\u00bb4.16&Prime; custom_padding=\u00a0\u00bb|||\u00a0\u00bb custom_padding_tablet=\u00a0\u00bb|||\u00a0\u00bb custom_padding_phone=\u00a0\u00bb|||\u00a0\u00bb box_shadow_style=\u00a0\u00bbpreset6&Prime; box_shadow_blur=\u00a0\u00bb10px\u00a0\u00bb box_shadow_color=\u00a0\u00bbrgba(0,0,0,0.1)\u00a0\u00bb remove_inner_shadow=\u00a0\u00bboff\u00a0\u00bb hide_content_on_mobile=\u00a0\u00bboff\u00a0\u00bb hide_cta_on_mobile=\u00a0\u00bboff\u00a0\u00bb show_inner_shadow=\u00a0\u00bbon\u00a0\u00bb button_letter_spacing_hover=\u00a0\u00bb0&Prime; global_colors_info=\u00a0\u00bb{}\u00a0\u00bb button_text_size__hover_enabled=\u00a0\u00bboff\u00a0\u00bb button_one_text_size__hover_enabled=\u00a0\u00bboff\u00a0\u00bb button_two_text_size__hover_enabled=\u00a0\u00bboff\u00a0\u00bb button_text_color__hover_enabled=\u00a0\u00bboff\u00a0\u00bb button_one_text_color__hover_enabled=\u00a0\u00bboff\u00a0\u00bb button_two_text_color__hover_enabled=\u00a0\u00bboff\u00a0\u00bb button_border_width__hover_enabled=\u00a0\u00bboff\u00a0\u00bb button_one_border_width__hover_enabled=\u00a0\u00bboff\u00a0\u00bb button_two_border_width__hover_enabled=\u00a0\u00bboff\u00a0\u00bb button_border_color__hover_enabled=\u00a0\u00bboff\u00a0\u00bb button_one_border_color__hover_enabled=\u00a0\u00bboff\u00a0\u00bb button_two_border_color__hover_enabled=\u00a0\u00bboff\u00a0\u00bb button_border_radius__hover_enabled=\u00a0\u00bboff\u00a0\u00bb button_one_border_radius__hover_enabled=\u00a0\u00bboff\u00a0\u00bb button_two_border_radius__hover_enabled=\u00a0\u00bboff\u00a0\u00bb button_letter_spacing__hover_enabled=\u00a0\u00bbon\u00a0\u00bb button_letter_spacing__hover=\u00a0\u00bb0&Prime; button_one_letter_spacing__hover_enabled=\u00a0\u00bboff\u00a0\u00bb button_two_letter_spacing__hover_enabled=\u00a0\u00bboff\u00a0\u00bb button_bg_color__hover_enabled=\u00a0\u00bboff\u00a0\u00bb button_one_bg_color__hover_enabled=\u00a0\u00bboff\u00a0\u00bb button_two_bg_color__hover_enabled=\u00a0\u00bboff\u00a0\u00bb][et_pb_slide heading=\u00a0\u00bbDirectory List &#038; Print\u00a0\u00bb button_text=\u00a0\u00bbT\u00e9l\u00e9charger maintenant!\u00a0\u00bb button_link=\u00a0\u00bbhttps:\/\/www.infonautics-software.ch\/listefichiers\/telecharger\/\u00a0\u00bb image=\u00a0\u00bbhttps:\/\/www.infonautics-software.ch\/listefichiers\/wp-content\/uploads\/sites\/28\/2015\/08\/DirectoryListPrintBox350transparent.png\u00a0\u00bb use_bg_overlay=\u00a0\u00bboff\u00a0\u00bb use_text_overlay=\u00a0\u00bboff\u00a0\u00bb alignment=\u00a0\u00bbbottom\u00a0\u00bb image_alt=\u00a0\u00bbEasily lis and print folder and directory contents in Windows with Directory List &#038; Print\u00a0\u00bb _builder_version=\u00a0\u00bb4.16&Prime; header_font=\u00a0\u00bb||||\u00a0\u00bb body_font=\u00a0\u00bb||||\u00a0\u00bb background_color=\u00a0\u00bb#00458e\u00a0\u00bb custom_button=\u00a0\u00bbon\u00a0\u00bb button_font=\u00a0\u00bb||||\u00a0\u00bb button_icon_placement=\u00a0\u00bbright\u00a0\u00bb button_on_hover=\u00a0\u00bbon\u00a0\u00bb global_colors_info=\u00a0\u00bb{}\u00a0\u00bb button_text_size__hover_enabled=\u00a0\u00bboff\u00a0\u00bb button_one_text_size__hover_enabled=\u00a0\u00bboff\u00a0\u00bb button_two_text_size__hover_enabled=\u00a0\u00bboff\u00a0\u00bb button_text_color__hover_enabled=\u00a0\u00bboff\u00a0\u00bb button_one_text_color__hover_enabled=\u00a0\u00bboff\u00a0\u00bb button_two_text_color__hover_enabled=\u00a0\u00bboff\u00a0\u00bb button_border_width__hover_enabled=\u00a0\u00bboff\u00a0\u00bb button_one_border_width__hover_enabled=\u00a0\u00bboff\u00a0\u00bb button_two_border_width__hover_enabled=\u00a0\u00bboff\u00a0\u00bb button_border_color__hover_enabled=\u00a0\u00bboff\u00a0\u00bb button_one_border_color__hover_enabled=\u00a0\u00bboff\u00a0\u00bb button_two_border_color__hover_enabled=\u00a0\u00bboff\u00a0\u00bb button_border_radius__hover_enabled=\u00a0\u00bboff\u00a0\u00bb button_one_border_radius__hover_enabled=\u00a0\u00bboff\u00a0\u00bb button_two_border_radius__hover_enabled=\u00a0\u00bboff\u00a0\u00bb button_letter_spacing__hover_enabled=\u00a0\u00bboff\u00a0\u00bb button_one_letter_spacing__hover_enabled=\u00a0\u00bboff\u00a0\u00bb button_two_letter_spacing__hover_enabled=\u00a0\u00bboff\u00a0\u00bb button_bg_color__hover_enabled=\u00a0\u00bboff\u00a0\u00bb button_one_bg_color__hover_enabled=\u00a0\u00bboff\u00a0\u00bb button_two_bg_color__hover_enabled=\u00a0\u00bboff\u00a0\u00bb sticky_transition=\u00a0\u00bbon\u00a0\u00bb]<\/p>\n<p style=\"text-align: left;\">Directory List &amp; Print\u00a0pour Windows &#8211;\u00a0Lister, imprimer et exporter tout simplement la liste des fichiers d&rsquo;un dossier.<\/p>\n<p>[\/et_pb_slide][\/et_pb_fullwidth_slider][\/et_pb_section][et_pb_section fb_built=\u00a0\u00bb1&Prime; specialty=\u00a0\u00bbon\u00a0\u00bb custom_padding_last_edited=\u00a0\u00bbon|desktop\u00a0\u00bb background_color_1=\u00a0\u00bbrgba(0,0,0,0)\u00a0\u00bb admin_label=\u00a0\u00bbsection\u00a0\u00bb _builder_version=\u00a0\u00bb4.16&Prime; custom_padding=\u00a0\u00bb|||\u00a0\u00bb custom_padding_tablet=\u00a0\u00bb50px|0|50px|0&Prime; custom_padding_phone=\u00a0\u00bb\u00a0\u00bb transparent_background=\u00a0\u00bboff\u00a0\u00bb padding_mobile=\u00a0\u00bboff\u00a0\u00bb make_fullwidth=\u00a0\u00bboff\u00a0\u00bb use_custom_width=\u00a0\u00bboff\u00a0\u00bb width_unit=\u00a0\u00bbon\u00a0\u00bb global_colors_info=\u00a0\u00bb{}\u00a0\u00bb][et_pb_column type=\u00a0\u00bb3_4&Prime; specialty_columns=\u00a0\u00bb3&Prime; _builder_version=\u00a0\u00bb4.16&Prime; custom_padding=\u00a0\u00bb|||\u00a0\u00bb global_colors_info=\u00a0\u00bb{}\u00a0\u00bb custom_padding__hover=\u00a0\u00bb|||\u00a0\u00bb][et_pb_row_inner padding_mobile=\u00a0\u00bboff\u00a0\u00bb column_padding_mobile=\u00a0\u00bbon\u00a0\u00bb _builder_version=\u00a0\u00bb4.16&Prime; custom_padding=\u00a0\u00bb|\u00a0\u00bb global_colors_info=\u00a0\u00bb{}\u00a0\u00bb][et_pb_column_inner saved_specialty_column_type=\u00a0\u00bb3_4&Prime; _builder_version=\u00a0\u00bb4.16&Prime; background_color=\u00a0\u00bbrgba(0,0,0,0)\u00a0\u00bb custom_padding=\u00a0\u00bb|||\u00a0\u00bb global_colors_info=\u00a0\u00bb{}\u00a0\u00bb custom_padding__hover=\u00a0\u00bb|||\u00a0\u00bb][et_pb_text admin_label=\u00a0\u00bbText\u00a0\u00bb _builder_version=\u00a0\u00bb4.23.1&Prime; text_font_size=\u00a0\u00bb18&Prime; background_size=\u00a0\u00bbinitial\u00a0\u00bb background_position=\u00a0\u00bbtop_left\u00a0\u00bb background_repeat=\u00a0\u00bbrepeat\u00a0\u00bb hover_enabled=\u00a0\u00bb0&Prime; use_border_color=\u00a0\u00bboff\u00a0\u00bb global_colors_info=\u00a0\u00bb{}\u00a0\u00bb sticky_enabled=\u00a0\u00bb0&Prime;]<\/p>\n<h1><span style=\"color: #000080;\"><strong>Directory List &amp; Print<\/strong><\/span><\/h1>\n<h1><span style=\"color: #000080;\"><strong><span style=\"font-size: 18pt;\">Freeware et version Pro pour Windows<\/span><br \/><\/strong><\/span><\/h1>\n<p>&nbsp;<\/p>\n<p>Directory List &amp; Print Pro est un logiciel pour Windows qui peut facilement <strong>lister et imprimer le contenu d&rsquo;un dossier<\/strong>. En outre, les listes des fichiers et les listes de contenu des r\u00e9pertoires peuvent \u00eatre <strong>filtr\u00e9es, format\u00e9es, sorties de mani\u00e8res diff\u00e9rentes<\/strong> ainsi que trait\u00e9es (supprimer des fichiers, copier des fichiers, d\u00e9placer les donn\u00e9es). Par copier les donn\u00e9es dans le presse-papiers la liste de dossiers peut simplement \u00eatre transf\u00e9r\u00e9e dans d&rsquo;autres applications. Les listes des fichiers peuvent directement \u00eatre ouvertes dans\u00a0<strong>Word&#x2122; et\u00a0Excel&#x2122;<\/strong>\u00a0de Microsoft Office ou dans<strong> Writer et Calc<\/strong> de OpenOffice ou sorties comme<strong> fichier de texte, fichier PDF, dans un tableau HTML ou XML.<\/strong> Les fichiers Excel et Calc peuvent \u00e9galement contenir des <strong>miniatures<\/strong> de photos et de vid\u00e9os. En outre, les <strong>fichiers Excel<\/strong> peuvent \u00eatre <strong>cr\u00e9\u00e9s sans qu&rsquo;Excel soit install\u00e9<\/strong>.<\/p>\n<p>De nombreuses <strong>fonctions de s\u00e9lection et possibilit\u00e9s de filtres<\/strong> vous permettent de cr\u00e9er rapidement et facilement\u00a0 votre liste de r\u00e9pertoires, liste de fichiers MP3, audio\/video, documents (avec m\u00e9ta tags comme EXIF, IPTC, AUDIO, VIDEO, DOCUMENT) et de les sortir dans le format souhait\u00e9.<\/p>\n<p>Directory List &amp; Print Pro est tr\u00e8s utile pour cr\u00e9er de mani\u00e8re r\u00e9p\u00e9t\u00e9e et automatis\u00e9e des listes de fichiers pr\u00e9d\u00e9finies dans des <strong>scripts batch<\/strong>.<\/p>\n<p><strong>Directory List &amp; Print Pro est \u00e9galement utile dans le domaine des enqu\u00eates informatiques (informatique l\u00e9gale).<\/strong><\/p>\n<h3>\u00a0<\/h3>\n<h3><span style=\"color: #000080;\"><strong>Exemples des listes des fichiers possibles<\/strong><\/span><\/h3>\n<ul>\n<li><a href=\"https:\/\/www.infonautics-software.ch\/public\/dlpproexample.htm\" target=\"_blank\" rel=\"noopener noreferrer\">Tableau HTML pour montrer de divers caract\u00e9ristiques de la version Pro<\/a><\/li>\n<li><a href=\"https:\/\/www.infonautics-software.ch\/public\/dlpproexample.xml\" target=\"_blank\" rel=\"noopener noreferrer\">Tableau XML pour montrer de divers caract\u00e9ristiques de la version Pro<\/a><\/li>\n<li><a href=\"https:\/\/www.infonautics-software.ch\/public\/dlpproexample.xls\" target=\"_blank\" rel=\"noopener noreferrer\">T\u00e9l\u00e9charger le tableau Excel pour v\u00e9rifier les caract\u00e9ristiques nombreux de la version Pro <\/a><br \/>(Cet exemple fonctionne pour Excel dans les langues anglaise et allemande)<\/li>\n<\/ul>\n<ul>\n<li>Exemples de listes des fichiers MP3 comme\u00a0<a href=\"https:\/\/www.infonautics-software.ch\/public\/dlpmp3example.htm\" target=\"_blank\" rel=\"noopener noreferrer\">HTML<\/a>, <a href=\"https:\/\/www.infonautics-software.ch\/public\/dlpmp3example.pdf\" target=\"_blank\" rel=\"noopener noreferrer\">PDF<\/a>, <a href=\"https:\/\/www.infonautics-software.ch\/public\/dlpmp3example.xls\" target=\"_blank\" rel=\"noopener noreferrer\">Excel<\/a>, <a href=\"https:\/\/www.infonautics-software.ch\/public\/dlpmp3example.xml\" target=\"_blank\" rel=\"noopener noreferrer\">XML<\/a>, <a href=\"https:\/\/www.infonautics-software.ch\/public\/dlpmp3example.txt\" target=\"_blank\" rel=\"noopener noreferrer\">Text<\/a> (<i>s\u00e9par\u00e9s<\/i><span class=\"st\">\u00a0par des tabulateurs<\/span>)<\/li>\n<\/ul>\n<p>&nbsp;<\/p>\n<p>[\/et_pb_text][\/et_pb_column_inner][\/et_pb_row_inner][et_pb_row_inner column_structure=\u00a0\u00bb1_2,1_2&Prime; _builder_version=\u00a0\u00bb4.16&Prime; global_colors_info=\u00a0\u00bb{}\u00a0\u00bb][et_pb_column_inner type=\u00a0\u00bb1_2&Prime; saved_specialty_column_type=\u00a0\u00bb3_4&Prime; _builder_version=\u00a0\u00bb4.16&Prime; custom_padding=\u00a0\u00bb|||\u00a0\u00bb global_colors_info=\u00a0\u00bb{}\u00a0\u00bb custom_padding__hover=\u00a0\u00bb|||\u00a0\u00bb][et_pb_text admin_label=\u00a0\u00bbText\u00a0\u00bb _builder_version=\u00a0\u00bb4.16&Prime; background_size=\u00a0\u00bbinitial\u00a0\u00bb background_position=\u00a0\u00bbtop_left\u00a0\u00bb background_repeat=\u00a0\u00bbrepeat\u00a0\u00bb use_border_color=\u00a0\u00bboff\u00a0\u00bb border_color=\u00a0\u00bb#ffffff\u00a0\u00bb border_style=\u00a0\u00bbsolid\u00a0\u00bb global_colors_info=\u00a0\u00bb{}\u00a0\u00bb]<\/p>\n<h3><span style=\"color: #000080;\"><strong>T\u00e9l\u00e9chargement gratuit <\/strong><\/span><\/h3>\n<p><a href=\"https:\/\/www.infonautics-software.ch\/listefichiers\/telecharger\/\">T\u00e9l\u00e9charger et tester Directory List &amp; Print gratuitement. <\/a>La version gratuite (Freeware) dispose de toutes les caract\u00e9ristiques de base pour cr\u00e9er, imprimer et sortir des listes des fichiers et des dossiers. La version Pro (Shareware) offre des fonctions suppl\u00e9mentaires avec des possibilit\u00e9s de filtrage, des options de formatage et de divers possibilit\u00e9s de sortie.<\/p>\n<p>[\/et_pb_text][\/et_pb_column_inner][et_pb_column_inner type=\u00a0\u00bb1_2&Prime; saved_specialty_column_type=\u00a0\u00bb3_4&Prime; _builder_version=\u00a0\u00bb4.16&Prime; custom_padding=\u00a0\u00bb|||\u00a0\u00bb global_colors_info=\u00a0\u00bb{}\u00a0\u00bb custom_padding__hover=\u00a0\u00bb|||\u00a0\u00bb][et_pb_text _builder_version=\u00a0\u00bb4.16&Prime; global_colors_info=\u00a0\u00bb{}\u00a0\u00bb]<\/p>\n<p><iframe loading=\"lazy\" title=\"Comment lister et imprimer le contenu d&#039;un r\u00e9pertoire\" width=\"1080\" height=\"608\" src=\"https:\/\/www.youtube.com\/embed\/y1ZVT23xAKs?feature=oembed\"  allow=\"accelerometer; autoplay; clipboard-write; encrypted-media; gyroscope; picture-in-picture; web-share\" referrerpolicy=\"strict-origin-when-cross-origin\" allowfullscreen><\/iframe><\/p>\n<p>[\/et_pb_text][\/et_pb_column_inner][\/et_pb_row_inner][et_pb_row_inner admin_label=\u00a0\u00bbZeile\u00a0\u00bb _builder_version=\u00a0\u00bb4.16&Prime; global_colors_info=\u00a0\u00bb{}\u00a0\u00bb][et_pb_column_inner saved_specialty_column_type=\u00a0\u00bb3_4&Prime; _builder_version=\u00a0\u00bb4.16&Prime; custom_padding=\u00a0\u00bb|||\u00a0\u00bb global_colors_info=\u00a0\u00bb{}\u00a0\u00bb custom_padding__hover=\u00a0\u00bb|||\u00a0\u00bb][et_pb_divider color=\u00a0\u00bb#d6d6d6&Prime; disabled_on=\u00a0\u00bbon|on|off\u00a0\u00bb admin_label=\u00a0\u00bbTeiler\u00a0\u00bb _builder_version=\u00a0\u00bb4.16&Prime; hide_on_mobile=\u00a0\u00bbon\u00a0\u00bb global_colors_info=\u00a0\u00bb{}\u00a0\u00bb][\/et_pb_divider][et_pb_text admin_label=\u00a0\u00bbText\u00a0\u00bb _builder_version=\u00a0\u00bb4.16&Prime; background_size=\u00a0\u00bbinitial\u00a0\u00bb background_position=\u00a0\u00bbtop_left\u00a0\u00bb background_repeat=\u00a0\u00bbrepeat\u00a0\u00bb use_border_color=\u00a0\u00bboff\u00a0\u00bb border_color=\u00a0\u00bb#ffffff\u00a0\u00bb border_style=\u00a0\u00bbsolid\u00a0\u00bb global_colors_info=\u00a0\u00bb{}\u00a0\u00bb]<\/p>\n<h3><span style=\"color: #000080;\"><strong>Ce que nos clients disent de Directory List &amp; Print<\/strong><\/span><\/h3>\n<p>&nbsp;<\/p>\n<p>\u00ab\u00a0This latest update is superb &#8211; I am delighted with all the extra facilities. In particular the EXIF Image Data is brilliant for my photography needs. Congratulations to you and all your colleagues on a job well done.\u00a0\u00bb<br \/>\n<em>Mel Smethurst, Great Britain<\/em><\/p>\n<p>\u00ab\u00a0Hi. I never understood why it was easier to print a directory in DOS than Windows. Thank you for the slick program &lsquo;Directory List &amp; Print&rsquo;. Cheers\u00a0\u00bb<br \/>\n<em>Tom Mathers, Canada<\/em><\/p>\n<p>\u00ab\u00a0Thank you so much for your help.\u00a0 This is a really great program. Worth purchase price twice as I was in middle of project and needed a directory listing yesterday.\u00a0 Again thanks!!<br \/>\n<em>Ray Eldridge, USA<\/em><\/p>\n<p>\u00ab\u00a0Hi, I just needed to print a list of files and couldn&rsquo;t make Windows 7 perform. A quick web search got me to your utility and it worked GREAT. Thanks much, you&rsquo;ve saved me from much frustration.\u00a0\u00bb<br \/>\n<em>Jacques Vandenbroek, USA<\/em><\/p>\n<p>\u00ab\u00a0Hello, I have just downloaded and used your &lsquo;Directory List and Print&rsquo; which is a wonderful time saver. The application was easy to download and to use. Anybody else who has thousands of files will find this program invaluable. I have 12,000 jpegs, the filenames of which I have re-captioned, and put in numerous directories. To have done this in DOS would have been a day&rsquo;s work, but &lsquo;Directory List and Print&rsquo; has done it within half-an-hour, so thank you for this invaluable program. I will recommend it to others whom I know.\u00a0\u00bb<br \/>\n<em>Paul Fletcher, USA<\/em><\/p>\n<p>\u00ab\u00a0With your program, I just view things in time order with file types and sizes, then hit &lsquo;print!&rsquo;. Simple, and very smart. Thank you for making life easier!\u00a0\u00bb<br \/>\n<em>Bob Taylor, USA<\/em><\/p>\n<p>\u00ab\u00a0Thanks VERY much for the update. Directory List &amp; Print Pro is one of my favorite and most useful utilities. It works flawlessly and I would not want to be without it. Again, a big thank-you.\u00a0\u00bb<br \/>\n<em>Gord MacSwain, Canada<\/em><\/p>\n<p>\u00ab\u00a0A great tool is getting even better. Again hats off to your team.\u00a0\u00bb<br \/>\n<em>Kumar Nepa, India<\/em><\/p>\n<p>[\/et_pb_text][\/et_pb_column_inner][\/et_pb_row_inner][\/et_pb_column][et_pb_column type=\u00a0\u00bb1_4&Prime; _builder_version=\u00a0\u00bb4.16&Prime; custom_padding=\u00a0\u00bb|||\u00a0\u00bb global_colors_info=\u00a0\u00bb{}\u00a0\u00bb custom_padding__hover=\u00a0\u00bb|||\u00a0\u00bb][et_pb_sidebar orientation=\u00a0\u00bbright\u00a0\u00bb area=\u00a0\u00bbsidebar-1&Prime; admin_label=\u00a0\u00bbSeitenleiste\u00a0\u00bb _builder_version=\u00a0\u00bb4.16&Prime; header_text_color=\u00a0\u00bb#000080&Prime; header_font_size=\u00a0\u00bb20&Prime; remove_border=\u00a0\u00bboff\u00a0\u00bb global_colors_info=\u00a0\u00bb{}\u00a0\u00bb][\/et_pb_sidebar][\/et_pb_column][\/et_pb_section]<\/p>\n","protected":false},"excerpt":{"rendered":"<p>Directory List &amp; Print\u00a0pour Windows &#8211;\u00a0Lister, imprimer et exporter tout simplement la liste des fichiers d&rsquo;un dossier. Directory List &amp; Print Freeware et version Pro pour Windows &nbsp; Directory List &amp; Print Pro est un logiciel pour Windows qui peut facilement lister et imprimer le contenu d&rsquo;un dossier. En outre, les listes des fichiers et [&hellip;]<\/p>\n","protected":false},"author":1,"featured_media":0,"parent":0,"menu_order":0,"comment_status":"closed","ping_status":"closed","template":"","meta":{"_et_pb_use_builder":"on","_et_pb_old_content":"","_et_gb_content_width":"","jetpack_post_was_ever_published":false,"footnotes":""},"class_list":["post-37","page","type-page","status-publish","hentry"],"yoast_head":"<!-- This site is optimized with the Yoast SEO plugin v25.0 - https:\/\/yoast.com\/wordpress\/plugins\/seo\/ -->\n<title>Imprimer la liste des fichiers d&#039;un dossier<\/title>\n<meta name=\"description\" content=\"Avec Directory List &amp; Print lister et imprimer la liste de fichiers d&#039;un dossier, copier dans le presse-papiers et ouvrir directement dans Word ou Excel.\" \/>\n<meta name=\"robots\" content=\"index, follow, max-snippet:-1, max-image-preview:large, max-video-preview:-1\" \/>\n<link rel=\"canonical\" href=\"https:\/\/www.infonautics-software.ch\/listefichiers\/\" \/>\n<meta property=\"og:locale\" content=\"fr_FR\" \/>\n<meta property=\"og:type\" content=\"article\" \/>\n<meta property=\"og:title\" content=\"Imprimer la liste des fichiers d&#039;un dossier\" \/>\n<meta property=\"og:description\" content=\"Avec Directory List &amp; Print lister et imprimer la liste de fichiers d&#039;un dossier, copier dans le presse-papiers et ouvrir directement dans Word ou Excel.\" \/>\n<meta property=\"og:url\" content=\"https:\/\/www.infonautics-software.ch\/listefichiers\/\" \/>\n<meta property=\"og:site_name\" content=\"Directory List &amp; Print FR\" \/>\n<meta property=\"article:modified_time\" content=\"2026-02-05T12:43:26+00:00\" \/>\n<meta name=\"twitter:card\" content=\"summary_large_image\" \/>\n<meta name=\"twitter:site\" content=\"@InfonauticsGmbH\" \/>\n<meta name=\"twitter:label1\" content=\"Dur\u00e9e de lecture estim\u00e9e\" \/>\n\t<meta name=\"twitter:data1\" content=\"8 minutes\" \/>\n<script type=\"application\/ld+json\" class=\"yoast-schema-graph\">{\"@context\":\"https:\/\/schema.org\",\"@graph\":[{\"@type\":\"WebPage\",\"@id\":\"https:\/\/www.infonautics-software.ch\/listefichiers\/\",\"url\":\"https:\/\/www.infonautics-software.ch\/listefichiers\/\",\"name\":\"Imprimer la liste des fichiers d'un dossier\",\"isPartOf\":{\"@id\":\"https:\/\/www.infonautics-software.ch\/listefichiers\/#website\"},\"datePublished\":\"2026-02-05T10:00:16+00:00\",\"dateModified\":\"2026-02-05T12:43:26+00:00\",\"description\":\"Avec Directory List & Print lister et imprimer la liste de fichiers d'un dossier, copier dans le presse-papiers et ouvrir directement dans Word ou Excel.\",\"breadcrumb\":{\"@id\":\"https:\/\/www.infonautics-software.ch\/listefichiers\/#breadcrumb\"},\"inLanguage\":\"fr-FR\",\"potentialAction\":[{\"@type\":\"ReadAction\",\"target\":[\"https:\/\/www.infonautics-software.ch\/listefichiers\/\"]}]},{\"@type\":\"BreadcrumbList\",\"@id\":\"https:\/\/www.infonautics-software.ch\/listefichiers\/#breadcrumb\",\"itemListElement\":[{\"@type\":\"ListItem\",\"position\":1,\"name\":\"Accueil\",\"item\":\"https:\/\/www.infonautics-software.ch\/listefichiers\/\"},{\"@type\":\"ListItem\",\"position\":2,\"name\":\"HOME\"}]},{\"@type\":\"WebSite\",\"@id\":\"https:\/\/www.infonautics-software.ch\/listefichiers\/#website\",\"url\":\"https:\/\/www.infonautics-software.ch\/listefichiers\/\",\"name\":\"Directory List &amp; Print FR\",\"description\":\"Directory List &amp; Print - Editer et imprimer une liste des fichiers\",\"potentialAction\":[{\"@type\":\"SearchAction\",\"target\":{\"@type\":\"EntryPoint\",\"urlTemplate\":\"https:\/\/www.infonautics-software.ch\/listefichiers\/?s={search_term_string}\"},\"query-input\":{\"@type\":\"PropertyValueSpecification\",\"valueRequired\":true,\"valueName\":\"search_term_string\"}}],\"inLanguage\":\"fr-FR\"}]}<\/script>\n<!-- \/ Yoast SEO plugin. -->","yoast_head_json":{"title":"Imprimer la liste des fichiers d'un dossier","description":"Avec Directory List & Print lister et imprimer la liste de fichiers d'un dossier, copier dans le presse-papiers et ouvrir directement dans Word ou Excel.","robots":{"index":"index","follow":"follow","max-snippet":"max-snippet:-1","max-image-preview":"max-image-preview:large","max-video-preview":"max-video-preview:-1"},"canonical":"https:\/\/www.infonautics-software.ch\/listefichiers\/","og_locale":"fr_FR","og_type":"article","og_title":"Imprimer la liste des fichiers d'un dossier","og_description":"Avec Directory List & Print lister et imprimer la liste de fichiers d'un dossier, copier dans le presse-papiers et ouvrir directement dans Word ou Excel.","og_url":"https:\/\/www.infonautics-software.ch\/listefichiers\/","og_site_name":"Directory List &amp; Print FR","article_modified_time":"2026-02-05T12:43:26+00:00","twitter_card":"summary_large_image","twitter_site":"@InfonauticsGmbH","twitter_misc":{"Dur\u00e9e de lecture estim\u00e9e":"8 minutes"},"schema":{"@context":"https:\/\/schema.org","@graph":[{"@type":"WebPage","@id":"https:\/\/www.infonautics-software.ch\/listefichiers\/","url":"https:\/\/www.infonautics-software.ch\/listefichiers\/","name":"Imprimer la liste des fichiers d'un dossier","isPartOf":{"@id":"https:\/\/www.infonautics-software.ch\/listefichiers\/#website"},"datePublished":"2026-02-05T10:00:16+00:00","dateModified":"2026-02-05T12:43:26+00:00","description":"Avec Directory List & Print lister et imprimer la liste de fichiers d'un dossier, copier dans le presse-papiers et ouvrir directement dans Word ou Excel.","breadcrumb":{"@id":"https:\/\/www.infonautics-software.ch\/listefichiers\/#breadcrumb"},"inLanguage":"fr-FR","potentialAction":[{"@type":"ReadAction","target":["https:\/\/www.infonautics-software.ch\/listefichiers\/"]}]},{"@type":"BreadcrumbList","@id":"https:\/\/www.infonautics-software.ch\/listefichiers\/#breadcrumb","itemListElement":[{"@type":"ListItem","position":1,"name":"Accueil","item":"https:\/\/www.infonautics-software.ch\/listefichiers\/"},{"@type":"ListItem","position":2,"name":"HOME"}]},{"@type":"WebSite","@id":"https:\/\/www.infonautics-software.ch\/listefichiers\/#website","url":"https:\/\/www.infonautics-software.ch\/listefichiers\/","name":"Directory List &amp; Print FR","description":"Directory List &amp; Print - Editer et imprimer une liste des fichiers","potentialAction":[{"@type":"SearchAction","target":{"@type":"EntryPoint","urlTemplate":"https:\/\/www.infonautics-software.ch\/listefichiers\/?s={search_term_string}"},"query-input":{"@type":"PropertyValueSpecification","valueRequired":true,"valueName":"search_term_string"}}],"inLanguage":"fr-FR"}]}},"jetpack_shortlink":"https:\/\/wp.me\/P7vHWl-B","jetpack_sharing_enabled":true,"_links":{"self":[{"href":"https:\/\/www.infonautics-software.ch\/listefichiers\/wp-json\/wp\/v2\/pages\/37","targetHints":{"allow":["GET"]}}],"collection":[{"href":"https:\/\/www.infonautics-software.ch\/listefichiers\/wp-json\/wp\/v2\/pages"}],"about":[{"href":"https:\/\/www.infonautics-software.ch\/listefichiers\/wp-json\/wp\/v2\/types\/page"}],"author":[{"embeddable":true,"href":"https:\/\/www.infonautics-software.ch\/listefichiers\/wp-json\/wp\/v2\/users\/1"}],"replies":[{"embeddable":true,"href":"https:\/\/www.infonautics-software.ch\/listefichiers\/wp-json\/wp\/v2\/comments?post=37"}],"version-history":[{"count":10,"href":"https:\/\/www.infonautics-software.ch\/listefichiers\/wp-json\/wp\/v2\/pages\/37\/revisions"}],"predecessor-version":[{"id":1725,"href":"https:\/\/www.infonautics-software.ch\/listefichiers\/wp-json\/wp\/v2\/pages\/37\/revisions\/1725"}],"wp:attachment":[{"href":"https:\/\/www.infonautics-software.ch\/listefichiers\/wp-json\/wp\/v2\/media?parent=37"}],"curies":[{"name":"wp","href":"https:\/\/api.w.org\/{rel}","templated":true}]}}