{"id":824,"date":"2019-04-12T11:40:34","date_gmt":"2019-04-12T09:40:34","guid":{"rendered":"http:\/\/www.livefilebackup.ch\/?page_id=824"},"modified":"2019-04-12T15:48:50","modified_gmt":"2019-04-12T13:48:50","slug":"screenshots","status":"publish","type":"page","link":"https:\/\/www.infonautics-software.ch\/listefichiers\/screenshots\/","title":{"rendered":"CAPTURES D&rsquo;ECRAN"},"content":{"rendered":"<p>[et_pb_section bb_built=\u00a0\u00bb1&Prime; admin_label=\u00a0\u00bbSektion\u00a0\u00bb fullwidth=\u00a0\u00bbon\u00a0\u00bb specialty=\u00a0\u00bboff\u00a0\u00bb transparent_background=\u00a0\u00bboff\u00a0\u00bb background_color=\u00a0\u00bb#00458e\u00a0\u00bb allow_player_pause=\u00a0\u00bboff\u00a0\u00bb inner_shadow=\u00a0\u00bboff\u00a0\u00bb parallax=\u00a0\u00bboff\u00a0\u00bb parallax_method=\u00a0\u00bboff\u00a0\u00bb custom_padding=\u00a0\u00bb50px|||\u00a0\u00bb padding_mobile=\u00a0\u00bboff\u00a0\u00bb make_fullwidth=\u00a0\u00bboff\u00a0\u00bb use_custom_width=\u00a0\u00bboff\u00a0\u00bb width_unit=\u00a0\u00bbon\u00a0\u00bb make_equal=\u00a0\u00bboff\u00a0\u00bb use_custom_gutter=\u00a0\u00bboff\u00a0\u00bb custom_padding_tablet=\u00a0\u00bb50px|0|50px|0&Prime; custom_padding_last_edited=\u00a0\u00bbon|desktop\u00a0\u00bb next_background_color=\u00a0\u00bb#FFFFFF\u00a0\u00bb][et_pb_fullwidth_header admin_label=\u00a0\u00bbVollbreite Kopfzeile\u00a0\u00bb title=\u00a0\u00bbCaptures d&rsquo;\u00e9cran Directory List &amp; Print\u00a0\u00bb background_layout=\u00a0\u00bbdark\u00a0\u00bb text_orientation=\u00a0\u00bbleft\u00a0\u00bb header_fullscreen=\u00a0\u00bboff\u00a0\u00bb header_scroll_down=\u00a0\u00bboff\u00a0\u00bb parallax=\u00a0\u00bboff\u00a0\u00bb parallax_method=\u00a0\u00bboff\u00a0\u00bb content_orientation=\u00a0\u00bbcenter\u00a0\u00bb image_orientation=\u00a0\u00bbcenter\u00a0\u00bb custom_button_one=\u00a0\u00bboff\u00a0\u00bb button_one_letter_spacing=\u00a0\u00bb0&Prime; button_one_use_icon=\u00a0\u00bbdefault\u00a0\u00bb button_one_icon_placement=\u00a0\u00bbright\u00a0\u00bb button_one_on_hover=\u00a0\u00bbon\u00a0\u00bb button_one_letter_spacing_hover=\u00a0\u00bb0&Prime; custom_button_two=\u00a0\u00bboff\u00a0\u00bb button_two_letter_spacing=\u00a0\u00bb0&Prime; button_two_use_icon=\u00a0\u00bbdefault\u00a0\u00bb button_two_icon_placement=\u00a0\u00bbright\u00a0\u00bb button_two_on_hover=\u00a0\u00bbon\u00a0\u00bb button_two_letter_spacing_hover=\u00a0\u00bb0&Prime; content_max_width=\u00a0\u00bb100%\u00a0\u00bb background_color=\u00a0\u00bbrgba(255, 255, 255, 0)\u00a0\u00bb \/][\/et_pb_section][et_pb_section bb_built=\u00a0\u00bb1&Prime; admin_label=\u00a0\u00bbSektion\u00a0\u00bb fullwidth=\u00a0\u00bboff\u00a0\u00bb specialty=\u00a0\u00bbon\u00a0\u00bb prev_background_color=\u00a0\u00bb#00458e\u00a0\u00bb][et_pb_column type=\u00a0\u00bb3_4&Prime; specialty_columns=\u00a0\u00bb3&Prime;][et_pb_row_inner admin_label=\u00a0\u00bbZeile\u00a0\u00bb][et_pb_column_inner type=\u00a0\u00bb4_4&Prime; saved_specialty_column_type=\u00a0\u00bb3_4&Prime;][et_pb_text admin_label=\u00a0\u00bbText\u00a0\u00bb use_border_color=\u00a0\u00bboff\u00a0\u00bb background_position=\u00a0\u00bbtop_left\u00a0\u00bb background_repeat=\u00a0\u00bbrepeat\u00a0\u00bb background_size=\u00a0\u00bbinitial\u00a0\u00bb _builder_version=\u00a0\u00bb3.12&Prime;]<\/p>\n<h2><span style=\"color: #000080;\"><strong>Lister le contenu d&rsquo;un dossier dans un fichier au divers formats<\/strong><\/span><\/h2>\n<p>&nbsp;<\/p>\n<p><span style=\"font-size: 12pt;\">Les captures d&rsquo;\u00e9cran suivantes montrent les \u00e9tapes les plus importantes pour utiliser Directory List &amp; Print afin de d\u00e9finir, imprimer et g\u00e9n\u00e9rer vos propres listes de fichiers dans divers formats et applications.<\/span><\/p>\n<p><em><strong><span style=\"font-size: 12pt;\">S&rsquo;il vous pla\u00eet cliquer sur les images ci-dessous pour agrandir.<\/span><\/strong><\/em><\/p>\n<p>[\/et_pb_text][\/et_pb_column_inner][\/et_pb_row_inner][et_pb_row_inner admin_label=\u00a0\u00bbZeile\u00a0\u00bb padding_mobile=\u00a0\u00bboff\u00a0\u00bb use_custom_gutter=\u00a0\u00bboff\u00a0\u00bb column_padding_mobile=\u00a0\u00bbon\u00a0\u00bb make_equal=\u00a0\u00bbon\u00a0\u00bb][et_pb_column_inner type=\u00a0\u00bb1_2&Prime; saved_specialty_column_type=\u00a0\u00bb3_4&Prime;][et_pb_image admin_label=\u00a0\u00bbBild\u00a0\u00bb src=\u00a0\u00bbhttps:\/\/www.infonautics-software.ch\/listefichiers\/wp-content\/uploads\/sites\/28\/2017\/04\/directorylistprint1fr.png\u00a0\u00bb title_text=\u00a0\u00bbS\u00e9l\u00e9ctionner le r\u00e9pertoire et ses sous-r\u00e9pertoires.\u00a0\u00bb show_in_lightbox=\u00a0\u00bbon\u00a0\u00bb url_new_window=\u00a0\u00bboff\u00a0\u00bb sticky=\u00a0\u00bboff\u00a0\u00bb align=\u00a0\u00bbleft\u00a0\u00bb force_fullwidth=\u00a0\u00bboff\u00a0\u00bb always_center_on_mobile=\u00a0\u00bbon\u00a0\u00bb border_style=\u00a0\u00bbsolid\u00a0\u00bb alt=\u00a0\u00bbS\u00e9lectionner le r\u00e9pertoire pour cr\u00e9er la liste de fichiers\u00a0\u00bb use_overlay=\u00a0\u00bboff\u00a0\u00bb _builder_version=\u00a0\u00bb3.0.66&Prime; animation_style=\u00a0\u00bbnone\u00a0\u00bb animation_duration=\u00a0\u00bb1000ms\u00a0\u00bb animation_intensity_slide=\u00a0\u00bb50%\u00a0\u00bb show_bottom_space=\u00a0\u00bbon\u00a0\u00bb \/][\/et_pb_column_inner][et_pb_column_inner type=\u00a0\u00bb1_2&Prime; saved_specialty_column_type=\u00a0\u00bb3_4&Prime;][et_pb_text admin_label=\u00a0\u00bbText\u00a0\u00bb background_layout=\u00a0\u00bblight\u00a0\u00bb text_orientation=\u00a0\u00bbleft\u00a0\u00bb use_border_color=\u00a0\u00bboff\u00a0\u00bb border_color=\u00a0\u00bb#ffffff\u00a0\u00bb border_style=\u00a0\u00bbsolid\u00a0\u00bb background_position=\u00a0\u00bbtop_left\u00a0\u00bb background_repeat=\u00a0\u00bbrepeat\u00a0\u00bb background_size=\u00a0\u00bbinitial\u00a0\u00bb]<\/p>\n<h4><span style=\"color: #000080;\"><strong>1. S\u00e9lectionner le r\u00e9pertoire<\/strong><\/span><\/h4>\n<p>S\u00e9lectionnez le r\u00e9pertoire souhait\u00e9 et ses sous-r\u00e9pertoires possibles.<\/p>\n<p>[\/et_pb_text][\/et_pb_column_inner][\/et_pb_row_inner][et_pb_row_inner admin_label=\u00a0\u00bbZeile\u00a0\u00bb][et_pb_column_inner type=\u00a0\u00bb1_2&Prime; saved_specialty_column_type=\u00a0\u00bb3_4&Prime;][et_pb_text admin_label=\u00a0\u00bbText\u00a0\u00bb background_layout=\u00a0\u00bblight\u00a0\u00bb text_orientation=\u00a0\u00bbleft\u00a0\u00bb use_border_color=\u00a0\u00bboff\u00a0\u00bb border_color=\u00a0\u00bb#ffffff\u00a0\u00bb border_style=\u00a0\u00bbsolid\u00a0\u00bb background_position=\u00a0\u00bbtop_left\u00a0\u00bb background_repeat=\u00a0\u00bbrepeat\u00a0\u00bb background_size=\u00a0\u00bbinitial\u00a0\u00bb]<\/p>\n<h4><strong><span style=\"color: #000080;\">2.\u00a0Colonnes<\/span><\/strong><\/h4>\n<p>D\u00e9finissez votre liste des fichiers souhait\u00e9e sur la base des <strong>informations sur les fichiers et les m\u00e9ta tags<\/strong> (EXIF, IPTC, AUDIO, VIDEO,DOCUMENT) .<\/p>\n<p>[\/et_pb_text][\/et_pb_column_inner][et_pb_column_inner type=\u00a0\u00bb1_2&Prime; saved_specialty_column_type=\u00a0\u00bb3_4&Prime;][et_pb_image admin_label=\u00a0\u00bbBild\u00a0\u00bb src=\u00a0\u00bbhttps:\/\/www.infonautics-software.ch\/listefichiers\/wp-content\/uploads\/sites\/28\/2017\/08\/directorylistprint2fr.png\u00a0\u00bb show_in_lightbox=\u00a0\u00bbon\u00a0\u00bb url_new_window=\u00a0\u00bboff\u00a0\u00bb sticky=\u00a0\u00bboff\u00a0\u00bb align=\u00a0\u00bbleft\u00a0\u00bb force_fullwidth=\u00a0\u00bboff\u00a0\u00bb always_center_on_mobile=\u00a0\u00bbon\u00a0\u00bb border_style=\u00a0\u00bbsolid\u00a0\u00bb alt=\u00a0\u00bbD\u00e9finir toutes les colonnes pour la liste de fichiers souhait\u00e9e.\u00a0\u00bb title_text=\u00a0\u00bbD\u00e9finier toutes les colonnes pour cr\u00e9er la liste de fichiers souhait\u00e9e.\u00a0\u00bb use_overlay=\u00a0\u00bboff\u00a0\u00bb _builder_version=\u00a0\u00bb3.0.66&Prime; animation_style=\u00a0\u00bbnone\u00a0\u00bb animation_duration=\u00a0\u00bb1000ms\u00a0\u00bb animation_intensity_slide=\u00a0\u00bb50%\u00a0\u00bb show_bottom_space=\u00a0\u00bbon\u00a0\u00bb \/][\/et_pb_column_inner][\/et_pb_row_inner][et_pb_row_inner admin_label=\u00a0\u00bbZeile\u00a0\u00bb][et_pb_column_inner type=\u00a0\u00bb1_2&Prime; saved_specialty_column_type=\u00a0\u00bb3_4&Prime;][et_pb_image admin_label=\u00a0\u00bbBild\u00a0\u00bb src=\u00a0\u00bbhttps:\/\/www.infonautics-software.ch\/listefichiers\/wp-content\/uploads\/sites\/28\/2017\/08\/directorylistprint3fr.png\u00a0\u00bb show_in_lightbox=\u00a0\u00bbon\u00a0\u00bb url_new_window=\u00a0\u00bboff\u00a0\u00bb sticky=\u00a0\u00bboff\u00a0\u00bb align=\u00a0\u00bbleft\u00a0\u00bb force_fullwidth=\u00a0\u00bboff\u00a0\u00bb always_center_on_mobile=\u00a0\u00bbon\u00a0\u00bb border_style=\u00a0\u00bbsolid\u00a0\u00bb alt=\u00a0\u00bbD\u00e9finir les caract\u00e9ristiques de donn\u00e9es pour la liste de fichiers souhait\u00e9e.\u00a0\u00bb title_text=\u00a0\u00bb Definier des propri\u00e9t\u00e9s de donn\u00e9es pour la liste de fichiers souhait\u00e9e.\u00a0\u00bb use_overlay=\u00a0\u00bboff\u00a0\u00bb _builder_version=\u00a0\u00bb3.0.66&Prime; animation_style=\u00a0\u00bbnone\u00a0\u00bb animation_duration=\u00a0\u00bb1000ms\u00a0\u00bb animation_intensity_slide=\u00a0\u00bb50%\u00a0\u00bb show_bottom_space=\u00a0\u00bbon\u00a0\u00bb \/][\/et_pb_column_inner][et_pb_column_inner type=\u00a0\u00bb1_2&Prime; saved_specialty_column_type=\u00a0\u00bb3_4&Prime;][et_pb_text admin_label=\u00a0\u00bbText\u00a0\u00bb background_layout=\u00a0\u00bblight\u00a0\u00bb text_orientation=\u00a0\u00bbleft\u00a0\u00bb use_border_color=\u00a0\u00bboff\u00a0\u00bb border_color=\u00a0\u00bb#ffffff\u00a0\u00bb border_style=\u00a0\u00bbsolid\u00a0\u00bb background_position=\u00a0\u00bbtop_left\u00a0\u00bb background_repeat=\u00a0\u00bbrepeat\u00a0\u00bb background_size=\u00a0\u00bbinitial\u00a0\u00bb]<\/p>\n<h4><span style=\"color: #000080;\"><strong>3.\u00a0Affichage<\/strong><\/span><\/h4>\n<p>S\u00e9lectionnez \u00e0 l&rsquo;aide des <strong>propri\u00e9t\u00e9s d&rsquo;affichage<\/strong> les donn\u00e9es avec lesquelles vous voulez afficher la liste du\u00a0contenu des r\u00e9pertoires.<\/p>\n<p>[\/et_pb_text][\/et_pb_column_inner][\/et_pb_row_inner][et_pb_row_inner admin_label=\u00a0\u00bbZeile\u00a0\u00bb][et_pb_column_inner type=\u00a0\u00bb1_2&Prime; saved_specialty_column_type=\u00a0\u00bb3_4&Prime;][et_pb_text admin_label=\u00a0\u00bbText\u00a0\u00bb background_layout=\u00a0\u00bblight\u00a0\u00bb text_orientation=\u00a0\u00bbleft\u00a0\u00bb use_border_color=\u00a0\u00bboff\u00a0\u00bb border_color=\u00a0\u00bb#ffffff\u00a0\u00bb border_style=\u00a0\u00bbsolid\u00a0\u00bb background_position=\u00a0\u00bbtop_left\u00a0\u00bb background_repeat=\u00a0\u00bbrepeat\u00a0\u00bb background_size=\u00a0\u00bbinitial\u00a0\u00bb]<\/p>\n<h4><span style=\"color: #000080;\"><strong>4. Filtre<\/strong><\/span><\/h4>\n<p>De nombreuses<strong> possibilit\u00e9s de filtrage<\/strong> permettent d&rsquo;adopter votre liste des fichiers \u00e0 vos besoins.<\/p>\n<p>[\/et_pb_text][\/et_pb_column_inner][et_pb_column_inner type=\u00a0\u00bb1_2&Prime; saved_specialty_column_type=\u00a0\u00bb3_4&Prime;][et_pb_image admin_label=\u00a0\u00bbBild\u00a0\u00bb src=\u00a0\u00bbhttps:\/\/www.infonautics-software.ch\/listefichiers\/wp-content\/uploads\/sites\/28\/2017\/08\/directorylistprint4fr.png\u00a0\u00bb show_in_lightbox=\u00a0\u00bbon\u00a0\u00bb url_new_window=\u00a0\u00bboff\u00a0\u00bb sticky=\u00a0\u00bboff\u00a0\u00bb align=\u00a0\u00bbleft\u00a0\u00bb force_fullwidth=\u00a0\u00bboff\u00a0\u00bb always_center_on_mobile=\u00a0\u00bbon\u00a0\u00bb border_style=\u00a0\u00bbsolid\u00a0\u00bb alt=\u00a0\u00bbCr\u00e9er la liste de fichiers \u00e0 l&rsquo;aide de nombreuses possibilit\u00e9s de filtrage.\u00a0\u00bb title_text=\u00a0\u00bb Les listes de r\u00e9pertoires peuvent \u00eatre filtr\u00e9es \u00e0 vos besoins.\u00a0\u00bb use_overlay=\u00a0\u00bboff\u00a0\u00bb _builder_version=\u00a0\u00bb3.0.66&Prime; animation_style=\u00a0\u00bbnone\u00a0\u00bb animation_duration=\u00a0\u00bb1000ms\u00a0\u00bb animation_intensity_slide=\u00a0\u00bb50%\u00a0\u00bb show_bottom_space=\u00a0\u00bbon\u00a0\u00bb \/][\/et_pb_column_inner][\/et_pb_row_inner][et_pb_row_inner admin_label=\u00a0\u00bbZeile\u00a0\u00bb][et_pb_column_inner type=\u00a0\u00bb1_2&Prime; saved_specialty_column_type=\u00a0\u00bb3_4&Prime;][et_pb_image admin_label=\u00a0\u00bbBild\u00a0\u00bb src=\u00a0\u00bbhttps:\/\/www.infonautics-software.ch\/listefichiers\/wp-content\/uploads\/sites\/28\/2017\/08\/directorylistprint5fr.png\u00a0\u00bb show_in_lightbox=\u00a0\u00bbon\u00a0\u00bb url_new_window=\u00a0\u00bboff\u00a0\u00bb sticky=\u00a0\u00bboff\u00a0\u00bb align=\u00a0\u00bbleft\u00a0\u00bb force_fullwidth=\u00a0\u00bboff\u00a0\u00bb always_center_on_mobile=\u00a0\u00bbon\u00a0\u00bb border_style=\u00a0\u00bbsolid\u00a0\u00bb alt=\u00a0\u00bbLes formats de sortie pour les liste de fichiers et de dossiers.\u00a0\u00bb title_text=\u00a0\u00bbLes listes de fichiers peuvent \u00eatre sorties aux divers formats de sortie.\u00a0\u00bb use_overlay=\u00a0\u00bboff\u00a0\u00bb _builder_version=\u00a0\u00bb3.0.66&Prime; animation_style=\u00a0\u00bbnone\u00a0\u00bb animation_duration=\u00a0\u00bb1000ms\u00a0\u00bb animation_intensity_slide=\u00a0\u00bb50%\u00a0\u00bb show_bottom_space=\u00a0\u00bbon\u00a0\u00bb \/][\/et_pb_column_inner][et_pb_column_inner type=\u00a0\u00bb1_2&Prime; saved_specialty_column_type=\u00a0\u00bb3_4&Prime;][et_pb_text admin_label=\u00a0\u00bbText\u00a0\u00bb use_border_color=\u00a0\u00bboff\u00a0\u00bb background_position=\u00a0\u00bbtop_left\u00a0\u00bb background_repeat=\u00a0\u00bbrepeat\u00a0\u00bb background_size=\u00a0\u00bbinitial\u00a0\u00bb _builder_version=\u00a0\u00bb3.12&Prime;]<\/p>\n<h4><span style=\"color: #000080;\"><strong>5.\u00a0Sortie<\/strong><\/span><\/h4>\n<p>Directory List &amp; Print Pro permet de sortir les listes des fichiers et des dossiers aux formats divers comme<strong> Word, Excel (Microsoft Office, Writer, Calc (OpenOffice \/ LibreOffice), PDF<\/strong> ou tableau <strong>HMTL<\/strong> et <strong>XML<\/strong> ainsi que comme <strong>CSV<\/strong> ou fichier <strong>TXT<\/strong>. De m\u00eame, les fichiers <strong>Excel XLSX<\/strong> peuvent \u00eatre cr\u00e9\u00e9s <strong>sans qu&rsquo;Excel ne soit install\u00e9<\/strong>.<\/p>\n<p>[\/et_pb_text][\/et_pb_column_inner][\/et_pb_row_inner][et_pb_row_inner admin_label=\u00a0\u00bbZeile\u00a0\u00bb][et_pb_column_inner type=\u00a0\u00bb1_2&Prime; saved_specialty_column_type=\u00a0\u00bb3_4&Prime;][et_pb_text admin_label=\u00a0\u00bbText\u00a0\u00bb use_border_color=\u00a0\u00bboff\u00a0\u00bb background_position=\u00a0\u00bbtop_left\u00a0\u00bb background_repeat=\u00a0\u00bbrepeat\u00a0\u00bb background_size=\u00a0\u00bbinitial\u00a0\u00bb _builder_version=\u00a0\u00bb3.12&Prime;]<\/p>\n<h4><span style=\"color: #000080;\"><strong>6. Action<\/strong><\/span><\/h4>\n<p>A part de cr\u00e9er, imprimer et exporter les listes des fichiers et le contenu des dossiers il est possible de directement <strong>copier<\/strong>, <strong>d\u00e9placer<\/strong> et <strong>supprimer<\/strong> les fichiers\u00a0 par la fonction \u00ab\u00a0Action\u00a0\u00bb. Lors de la copie\/d\u00e9placement, si n\u00e9cessaire,<strong> la date de cr\u00e9ation originale des fichiers peut \u00eatre conserv\u00e9e<\/strong>.<\/p>\n<p>[\/et_pb_text][\/et_pb_column_inner][et_pb_column_inner type=\u00a0\u00bb1_2&Prime; saved_specialty_column_type=\u00a0\u00bb3_4&Prime;][et_pb_image admin_label=\u00a0\u00bbBild\u00a0\u00bb src=\u00a0\u00bbhttps:\/\/www.infonautics-software.ch\/listefichiers\/wp-content\/uploads\/sites\/28\/2017\/08\/directorylistprint6fr.png\u00a0\u00bb show_in_lightbox=\u00a0\u00bbon\u00a0\u00bb url_new_window=\u00a0\u00bboff\u00a0\u00bb sticky=\u00a0\u00bboff\u00a0\u00bb align=\u00a0\u00bbleft\u00a0\u00bb force_fullwidth=\u00a0\u00bboff\u00a0\u00bb always_center_on_mobile=\u00a0\u00bbon\u00a0\u00bb border_style=\u00a0\u00bbsolid\u00a0\u00bb alt=\u00a0\u00bbCopier, d\u00e9placer et supprimer les fichiers.\u00a0\u00bb title_text=\u00a0\u00bbDirectory List &amp; Print avec des fonctions d&rsquo;un gestionnaire de fichiers.\u00a0\u00bb use_overlay=\u00a0\u00bboff\u00a0\u00bb _builder_version=\u00a0\u00bb3.0.66&Prime; animation_style=\u00a0\u00bbnone\u00a0\u00bb animation_duration=\u00a0\u00bb1000ms\u00a0\u00bb animation_intensity_slide=\u00a0\u00bb50%\u00a0\u00bb show_bottom_space=\u00a0\u00bbon\u00a0\u00bb \/][\/et_pb_column_inner][\/et_pb_row_inner][et_pb_row_inner admin_label=\u00a0\u00bbZeile\u00a0\u00bb][et_pb_column_inner type=\u00a0\u00bb4_4&Prime; saved_specialty_column_type=\u00a0\u00bb3_4&Prime;][et_pb_text admin_label=\u00a0\u00bbText\u00a0\u00bb background_layout=\u00a0\u00bblight\u00a0\u00bb text_orientation=\u00a0\u00bbleft\u00a0\u00bb use_border_color=\u00a0\u00bboff\u00a0\u00bb border_color=\u00a0\u00bb#ffffff\u00a0\u00bb border_style=\u00a0\u00bbsolid\u00a0\u00bb background_position=\u00a0\u00bbtop_left\u00a0\u00bb background_repeat=\u00a0\u00bbrepeat\u00a0\u00bb background_size=\u00a0\u00bbinitial\u00a0\u00bb]<\/p>\n<p>Pour plus d&rsquo;informations comment facilement lister, imprimer et exporter des listes des fichiers avec Directory List &amp; Print veuillez regarder notre <a href=\"https:\/\/www.infonautics-software.ch\/listefichiers\/fonctions\/#video\"><strong>vid\u00e9o sur\u00a0Directory List &amp; Print.<\/strong><\/a><\/p>\n<p>[\/et_pb_text][\/et_pb_column_inner][\/et_pb_row_inner][\/et_pb_column][et_pb_column type=\u00a0\u00bb1_4&Prime;][et_pb_sidebar admin_label=\u00a0\u00bbSeitenleiste\u00a0\u00bb orientation=\u00a0\u00bbright\u00a0\u00bb area=\u00a0\u00bbsidebar-1&Prime; background_layout=\u00a0\u00bblight\u00a0\u00bb remove_border=\u00a0\u00bboff\u00a0\u00bb header_text_color=\u00a0\u00bb#000080&Prime; header_font_size=\u00a0\u00bb20&Prime; show_border=\u00a0\u00bbon\u00a0\u00bb \/][\/et_pb_column][\/et_pb_section]<\/p>\n","protected":false},"excerpt":{"rendered":"<p>Lister le contenu d&rsquo;un dossier dans un fichier au divers formats &nbsp; Les captures d&rsquo;\u00e9cran suivantes montrent les \u00e9tapes les plus importantes pour utiliser Directory List &amp; Print afin de d\u00e9finir, imprimer et g\u00e9n\u00e9rer vos propres listes de fichiers dans divers formats et applications. S&rsquo;il vous pla\u00eet cliquer sur les images ci-dessous pour agrandir. 1. [&hellip;]<\/p>\n","protected":false},"author":1,"featured_media":0,"parent":0,"menu_order":0,"comment_status":"closed","ping_status":"closed","template":"","meta":{"_et_pb_use_builder":"on","_et_pb_old_content":"","_et_gb_content_width":"","jetpack_post_was_ever_published":false,"footnotes":""},"class_list":["post-824","page","type-page","status-publish","hentry"],"yoast_head":"<!-- This site is optimized with the Yoast SEO plugin v25.0 - https:\/\/yoast.com\/wordpress\/plugins\/seo\/ -->\n<title>Comment lister le contenu d&#039;un dossier dans un fichier texte<\/title>\n<meta name=\"description\" content=\"Avec Directory List &amp; Print pour Windows il est possible de lister facilement le contenu d&#039;un dossier dans un fichier texte. T\u00e9l\u00e9charger gratuitement!\" \/>\n<meta name=\"robots\" content=\"index, follow, max-snippet:-1, max-image-preview:large, max-video-preview:-1\" \/>\n<link rel=\"canonical\" href=\"https:\/\/www.infonautics-software.ch\/listefichiers\/screenshots\/\" \/>\n<meta property=\"og:locale\" content=\"fr_FR\" \/>\n<meta property=\"og:type\" content=\"article\" \/>\n<meta property=\"og:title\" content=\"Comment lister le contenu d&#039;un dossier dans un fichier texte\" \/>\n<meta property=\"og:description\" content=\"Avec Directory List &amp; Print pour Windows il est possible de lister facilement le contenu d&#039;un dossier dans un fichier texte. T\u00e9l\u00e9charger gratuitement!\" \/>\n<meta property=\"og:url\" content=\"https:\/\/www.infonautics-software.ch\/listefichiers\/screenshots\/\" \/>\n<meta property=\"og:site_name\" content=\"Directory List &amp; Print FR\" \/>\n<meta property=\"article:modified_time\" content=\"2019-04-12T13:48:50+00:00\" \/>\n<meta name=\"twitter:card\" content=\"summary_large_image\" \/>\n<meta name=\"twitter:site\" content=\"@InfonauticsGmbH\" \/>\n<meta name=\"twitter:label1\" content=\"Dur\u00e9e de lecture estim\u00e9e\" \/>\n\t<meta name=\"twitter:data1\" content=\"8 minutes\" \/>\n<script type=\"application\/ld+json\" class=\"yoast-schema-graph\">{\"@context\":\"https:\/\/schema.org\",\"@graph\":[{\"@type\":\"WebPage\",\"@id\":\"https:\/\/www.infonautics-software.ch\/listefichiers\/screenshots\/\",\"url\":\"https:\/\/www.infonautics-software.ch\/listefichiers\/screenshots\/\",\"name\":\"Comment lister le contenu d'un dossier dans un fichier texte\",\"isPartOf\":{\"@id\":\"https:\/\/www.infonautics-software.ch\/listefichiers\/#website\"},\"datePublished\":\"2019-04-12T09:40:34+00:00\",\"dateModified\":\"2019-04-12T13:48:50+00:00\",\"description\":\"Avec Directory List & Print pour Windows il est possible de lister facilement le contenu d'un dossier dans un fichier texte. T\u00e9l\u00e9charger gratuitement!\",\"breadcrumb\":{\"@id\":\"https:\/\/www.infonautics-software.ch\/listefichiers\/screenshots\/#breadcrumb\"},\"inLanguage\":\"fr-FR\",\"potentialAction\":[{\"@type\":\"ReadAction\",\"target\":[\"https:\/\/www.infonautics-software.ch\/listefichiers\/screenshots\/\"]}]},{\"@type\":\"BreadcrumbList\",\"@id\":\"https:\/\/www.infonautics-software.ch\/listefichiers\/screenshots\/#breadcrumb\",\"itemListElement\":[{\"@type\":\"ListItem\",\"position\":1,\"name\":\"Accueil\",\"item\":\"https:\/\/www.infonautics-software.ch\/listefichiers\/\"},{\"@type\":\"ListItem\",\"position\":2,\"name\":\"CAPTURES D&rsquo;ECRAN\"}]},{\"@type\":\"WebSite\",\"@id\":\"https:\/\/www.infonautics-software.ch\/listefichiers\/#website\",\"url\":\"https:\/\/www.infonautics-software.ch\/listefichiers\/\",\"name\":\"Directory List &amp; Print FR\",\"description\":\"Directory List &amp; Print - Editer et imprimer une liste des fichiers\",\"potentialAction\":[{\"@type\":\"SearchAction\",\"target\":{\"@type\":\"EntryPoint\",\"urlTemplate\":\"https:\/\/www.infonautics-software.ch\/listefichiers\/?s={search_term_string}\"},\"query-input\":{\"@type\":\"PropertyValueSpecification\",\"valueRequired\":true,\"valueName\":\"search_term_string\"}}],\"inLanguage\":\"fr-FR\"}]}<\/script>\n<!-- \/ Yoast SEO plugin. -->","yoast_head_json":{"title":"Comment lister le contenu d'un dossier dans un fichier texte","description":"Avec Directory List & Print pour Windows il est possible de lister facilement le contenu d'un dossier dans un fichier texte. T\u00e9l\u00e9charger gratuitement!","robots":{"index":"index","follow":"follow","max-snippet":"max-snippet:-1","max-image-preview":"max-image-preview:large","max-video-preview":"max-video-preview:-1"},"canonical":"https:\/\/www.infonautics-software.ch\/listefichiers\/screenshots\/","og_locale":"fr_FR","og_type":"article","og_title":"Comment lister le contenu d'un dossier dans un fichier texte","og_description":"Avec Directory List & Print pour Windows il est possible de lister facilement le contenu d'un dossier dans un fichier texte. T\u00e9l\u00e9charger gratuitement!","og_url":"https:\/\/www.infonautics-software.ch\/listefichiers\/screenshots\/","og_site_name":"Directory List &amp; Print FR","article_modified_time":"2019-04-12T13:48:50+00:00","twitter_card":"summary_large_image","twitter_site":"@InfonauticsGmbH","twitter_misc":{"Dur\u00e9e de lecture estim\u00e9e":"8 minutes"},"schema":{"@context":"https:\/\/schema.org","@graph":[{"@type":"WebPage","@id":"https:\/\/www.infonautics-software.ch\/listefichiers\/screenshots\/","url":"https:\/\/www.infonautics-software.ch\/listefichiers\/screenshots\/","name":"Comment lister le contenu d'un dossier dans un fichier texte","isPartOf":{"@id":"https:\/\/www.infonautics-software.ch\/listefichiers\/#website"},"datePublished":"2019-04-12T09:40:34+00:00","dateModified":"2019-04-12T13:48:50+00:00","description":"Avec Directory List & Print pour Windows il est possible de lister facilement le contenu d'un dossier dans un fichier texte. T\u00e9l\u00e9charger gratuitement!","breadcrumb":{"@id":"https:\/\/www.infonautics-software.ch\/listefichiers\/screenshots\/#breadcrumb"},"inLanguage":"fr-FR","potentialAction":[{"@type":"ReadAction","target":["https:\/\/www.infonautics-software.ch\/listefichiers\/screenshots\/"]}]},{"@type":"BreadcrumbList","@id":"https:\/\/www.infonautics-software.ch\/listefichiers\/screenshots\/#breadcrumb","itemListElement":[{"@type":"ListItem","position":1,"name":"Accueil","item":"https:\/\/www.infonautics-software.ch\/listefichiers\/"},{"@type":"ListItem","position":2,"name":"CAPTURES D&rsquo;ECRAN"}]},{"@type":"WebSite","@id":"https:\/\/www.infonautics-software.ch\/listefichiers\/#website","url":"https:\/\/www.infonautics-software.ch\/listefichiers\/","name":"Directory List &amp; Print FR","description":"Directory List &amp; Print - Editer et imprimer une liste des fichiers","potentialAction":[{"@type":"SearchAction","target":{"@type":"EntryPoint","urlTemplate":"https:\/\/www.infonautics-software.ch\/listefichiers\/?s={search_term_string}"},"query-input":{"@type":"PropertyValueSpecification","valueRequired":true,"valueName":"search_term_string"}}],"inLanguage":"fr-FR"}]}},"jetpack_shortlink":"https:\/\/wp.me\/P7vHWl-di","jetpack_sharing_enabled":true,"_links":{"self":[{"href":"https:\/\/www.infonautics-software.ch\/listefichiers\/wp-json\/wp\/v2\/pages\/824","targetHints":{"allow":["GET"]}}],"collection":[{"href":"https:\/\/www.infonautics-software.ch\/listefichiers\/wp-json\/wp\/v2\/pages"}],"about":[{"href":"https:\/\/www.infonautics-software.ch\/listefichiers\/wp-json\/wp\/v2\/types\/page"}],"author":[{"embeddable":true,"href":"https:\/\/www.infonautics-software.ch\/listefichiers\/wp-json\/wp\/v2\/users\/1"}],"replies":[{"embeddable":true,"href":"https:\/\/www.infonautics-software.ch\/listefichiers\/wp-json\/wp\/v2\/comments?post=824"}],"version-history":[{"count":10,"href":"https:\/\/www.infonautics-software.ch\/listefichiers\/wp-json\/wp\/v2\/pages\/824\/revisions"}],"predecessor-version":[{"id":1591,"href":"https:\/\/www.infonautics-software.ch\/listefichiers\/wp-json\/wp\/v2\/pages\/824\/revisions\/1591"}],"wp:attachment":[{"href":"https:\/\/www.infonautics-software.ch\/listefichiers\/wp-json\/wp\/v2\/media?parent=824"}],"curies":[{"name":"wp","href":"https:\/\/api.w.org\/{rel}","templated":true}]}}