{"id":913,"date":"2024-10-14T11:00:50","date_gmt":"2024-10-14T09:00:50","guid":{"rendered":"http:\/\/www.livefilebackup.ch\/?page_id=913"},"modified":"2024-10-14T16:16:28","modified_gmt":"2024-10-14T14:16:28","slug":"impressum","status":"publish","type":"page","link":"https:\/\/www.infonautics-software.ch\/listefichiers\/impressum\/","title":{"rendered":"IMPRESSUM"},"content":{"rendered":"<p>[et_pb_section fb_built=\u00a0\u00bb1&Prime; fullwidth=\u00a0\u00bbon\u00a0\u00bb custom_padding_last_edited=\u00a0\u00bbon|desktop\u00a0\u00bb admin_label=\u00a0\u00bbSektion\u00a0\u00bb _builder_version=\u00a0\u00bb4.16&Prime; background_color=\u00a0\u00bb#00458e\u00a0\u00bb custom_padding=\u00a0\u00bb50px|||\u00a0\u00bb custom_padding_tablet=\u00a0\u00bb50px|0|50px|0&Prime; transparent_background=\u00a0\u00bboff\u00a0\u00bb padding_mobile=\u00a0\u00bboff\u00a0\u00bb make_fullwidth=\u00a0\u00bboff\u00a0\u00bb use_custom_width=\u00a0\u00bboff\u00a0\u00bb width_unit=\u00a0\u00bbon\u00a0\u00bb global_colors_info=\u00a0\u00bb{}\u00a0\u00bb custom_padding_phone=\u00a0\u00bb50px|0|50px|0&Prime;][et_pb_fullwidth_header title=\u00a0\u00bbIMPRESSUM\u00a0\u00bb content_max_width=\u00a0\u00bbnone\u00a0\u00bb admin_label=\u00a0\u00bbVollbreite Kopfzeile\u00a0\u00bb _builder_version=\u00a0\u00bb4.16&Prime; background_color=\u00a0\u00bbrgba(255, 255, 255, 0)\u00a0\u00bb button_one_letter_spacing_hover=\u00a0\u00bb0&Prime; button_two_letter_spacing_hover=\u00a0\u00bb0&Prime; global_colors_info=\u00a0\u00bb{}\u00a0\u00bb button_one_text_size__hover_enabled=\u00a0\u00bboff\u00a0\u00bb button_two_text_size__hover_enabled=\u00a0\u00bboff\u00a0\u00bb button_one_text_color__hover_enabled=\u00a0\u00bboff\u00a0\u00bb button_two_text_color__hover_enabled=\u00a0\u00bboff\u00a0\u00bb button_one_border_width__hover_enabled=\u00a0\u00bboff\u00a0\u00bb button_two_border_width__hover_enabled=\u00a0\u00bboff\u00a0\u00bb button_one_border_color__hover_enabled=\u00a0\u00bboff\u00a0\u00bb button_two_border_color__hover_enabled=\u00a0\u00bboff\u00a0\u00bb button_one_border_radius__hover_enabled=\u00a0\u00bboff\u00a0\u00bb button_two_border_radius__hover_enabled=\u00a0\u00bboff\u00a0\u00bb button_one_letter_spacing__hover_enabled=\u00a0\u00bbon\u00a0\u00bb button_one_letter_spacing__hover=\u00a0\u00bb0&Prime; button_two_letter_spacing__hover_enabled=\u00a0\u00bbon\u00a0\u00bb button_two_letter_spacing__hover=\u00a0\u00bb0&Prime; button_one_bg_color__hover_enabled=\u00a0\u00bboff\u00a0\u00bb button_two_bg_color__hover_enabled=\u00a0\u00bboff\u00a0\u00bb] [\/et_pb_fullwidth_header][\/et_pb_section][et_pb_section fb_built=\u00a0\u00bb1&Prime; specialty=\u00a0\u00bbon\u00a0\u00bb admin_label=\u00a0\u00bbSektion\u00a0\u00bb _builder_version=\u00a0\u00bb4.16&Prime; global_colors_info=\u00a0\u00bb{}\u00a0\u00bb][et_pb_column type=\u00a0\u00bb3_4&Prime; specialty_columns=\u00a0\u00bb3&Prime; _builder_version=\u00a0\u00bb4.16&Prime; custom_padding=\u00a0\u00bb|||\u00a0\u00bb global_colors_info=\u00a0\u00bb{}\u00a0\u00bb custom_padding__hover=\u00a0\u00bb|||\u00a0\u00bb][et_pb_row_inner admin_label=\u00a0\u00bbZeile\u00a0\u00bb _builder_version=\u00a0\u00bb4.16&Prime; global_colors_info=\u00a0\u00bb{}\u00a0\u00bb][et_pb_column_inner saved_specialty_column_type=\u00a0\u00bb3_4&Prime; _builder_version=\u00a0\u00bb4.16&Prime; custom_padding=\u00a0\u00bb|||\u00a0\u00bb global_colors_info=\u00a0\u00bb{}\u00a0\u00bb custom_padding__hover=\u00a0\u00bb|||\u00a0\u00bb][et_pb_text admin_label=\u00a0\u00bbText\u00a0\u00bb _builder_version=\u00a0\u00bb4.23.1&Prime; background_size=\u00a0\u00bbinitial\u00a0\u00bb background_position=\u00a0\u00bbtop_left\u00a0\u00bb background_repeat=\u00a0\u00bbrepeat\u00a0\u00bb hover_enabled=\u00a0\u00bb0&Prime; use_border_color=\u00a0\u00bboff\u00a0\u00bb border_color=\u00a0\u00bb#ffffff\u00a0\u00bb border_style=\u00a0\u00bbsolid\u00a0\u00bb global_colors_info=\u00a0\u00bb{}\u00a0\u00bb sticky_enabled=\u00a0\u00bb0&Prime;]<\/p>\n<h2><span style=\"color: #000080;\"><strong>Mentions l\u00e9gales<\/strong><\/span><\/h2>\n<p>L\u2019op\u00e9rateur du site est responsable du contenu:<\/p>\n<p>INFONAUTICS GmbH<br \/>Markus Ottiger<br \/>Eichholzweg 16<br \/>6312 Steinhausen<br \/>La Suisse<\/p>\n<p>Phone\u00a0+41 41 7431001<br \/>Fax \u00a0 \u00a0 \u00a0 +41 41 7431002<\/p>\n<p>Internet: <a href=\"https:\/\/www.infonautics.ch\" target=\"_blank\" rel=\"noopener noreferrer\">www.infonautics.ch<\/a><br \/>Courriel: <a href=\"mailto:infonautics@infonautics.ch\">infonautics@infonautics.ch<\/a><\/p>\n<h4>\u00a0<\/h4>\n<h4>\u00a0<\/h4>\n<h4><span style=\"color: #000080;\"><strong>Non-responsabilit\u00e9<\/strong><\/span><\/h4>\n<p>Malgr\u00e9 un contr\u00f4le minutieux du contenu, nous d\u00e9clinons toute responsabilit\u00e9 quant au contenu des liens externes. \u00a0L\u2019exploitant des pages cit\u00e9es en lien reste seul responsable de leur contenu.<\/p>\n<h4>\u00a0<\/h4>\n<h4>\u00a0<\/h4>\n<h4><span style=\"color: #000080;\"><strong>Profil d\u2019entreprise<\/strong><\/span><\/h4>\n<p>Depuis 1995, la soci\u00e9t\u00e9 de logiciels INFONAUTICS GmbH d\u00e9veloppe pour les petites et moyennes entreprises des logiciels innovants, fiables et conviviaux. Le d\u00e9veloppement de logiciels de l\u2019entreprise suisse peut \u00eatre divis\u00e9 dans les 3 domaines suivants:<\/p>\n<p>\u2022 Le d\u00e9veloppement de logiciels sur mesure selon les sp\u00e9cifications du client pour les petites et moyennes entreprises.<br \/>\u2022 Ses\u00a0solutions logicielles innovantes<br \/>\u2022 D\u00e9veloppement du Shareware et du Freeware<\/p>\n<p>&nbsp;<\/p>\n<p><span style=\"color: #000080;\"><strong>Logiciel personnalis\u00e9 selon les sp\u00e9cifications du client<\/strong><\/span><br \/>Le logiciel personnalis\u00e9 est donc utilis\u00e9 aux endroits o\u00f9 le logiciel standard ne comprend pas les fonctions souhait\u00e9es et ne peut plus r\u00e9pondre aux besoins individuels. Fort de nombreuses ann\u00e9es d\u2019exp\u00e9rience\u00a0 dans le d\u00e9veloppement de logiciels, la soci\u00e9t\u00e9 INFONAUTICS GmbH d\u00e9veloppe pour ses clients des solutions sur mesure qui s\u2019int\u00e8grent facilement dans l\u2019infrastructure informatique existante et restent avec succ\u00e8s dans le budget convenu.<\/p>\n<p>&nbsp;<\/p>\n<p><strong><span style=\"color: #000080;\">Solutions logicielles\u00a0<\/span><\/strong><\/p>\n<p>Les solutions logicielles d\u00e9velopp\u00e9es par INFONAUTICS GmbH comprennent entre autres:<\/p>\n<ul>\n<li>Le <a href=\"https:\/\/english.infowiz-umfragen.ch\/\" target=\"_blank\" rel=\"noopener noreferrer\">logiciel d\u2019enqu\u00eate InfoWiz<\/a> pour r\u00e9aliser facilement\u00a0 des enqu\u00eates de satisfaction des diff\u00e9rents groupes cibles, comme des clients, des collaborateurs, des clients de l\u2019h\u00f4tel, des patients, des \u00e9tudiants etc.<\/li>\n<li><a href=\"https:\/\/english.reservationsystem.ch\/\" target=\"_blank\" rel=\"noopener noreferrer\">Le syst\u00e8me de r\u00e9servation en ligne<\/a>\u00a0sans frais de commission \u00a0pour des h\u00f4tels .<\/li>\n<\/ul>\n<p>&nbsp;<\/p>\n<p><span style=\"color: #000080;\"><strong>Shareware \/ Freeware<br \/><\/strong><\/span>Les programmes de shareware d\u00e9velopp\u00e9s par INFONAUTICS GmbH sont des aides pr\u00e9cieuses pour le travail quotidien. Des applications diff\u00e9rentes\u00a0 peuvent \u00eatre t\u00e9l\u00e9charg\u00e9es directement et test\u00e9es \u00e0 fond avant de les acheter. Pour les Shareware, il y a une p\u00e9riode de remboursement de 14 jours \u00e0 partir du jour suivant la fin de la transaction.<\/p>\n<p>&nbsp;<\/p>\n<p style=\"text-align: center;\">Le credo de l\u2019entreprise est en cons\u00e9quence:<br \/><strong><em>Solutions logicielles \u2013 Intelligentes. <\/em><em>Conviviales. Fiables.<\/em><\/strong><\/p>\n<p style=\"text-align: left;\">[\/et_pb_text][\/et_pb_column_inner][\/et_pb_row_inner][\/et_pb_column][et_pb_column type=\u00a0\u00bb1_4&Prime; _builder_version=\u00a0\u00bb4.16&Prime; custom_padding=\u00a0\u00bb|||\u00a0\u00bb global_colors_info=\u00a0\u00bb{}\u00a0\u00bb custom_padding__hover=\u00a0\u00bb|||\u00a0\u00bb][et_pb_sidebar orientation=\u00a0\u00bbright\u00a0\u00bb area=\u00a0\u00bbsidebar-1&Prime; admin_label=\u00a0\u00bbSeitenleiste\u00a0\u00bb _builder_version=\u00a0\u00bb4.16&Prime; header_text_color=\u00a0\u00bb#000080&Prime; header_font_size=\u00a0\u00bb20&Prime; remove_border=\u00a0\u00bboff\u00a0\u00bb global_colors_info=\u00a0\u00bb{}\u00a0\u00bb] [\/et_pb_sidebar][\/et_pb_column][\/et_pb_section]<\/p>\n","protected":false},"excerpt":{"rendered":"<p>Mentions l\u00e9gales L\u2019op\u00e9rateur du site est responsable du contenu: INFONAUTICS GmbHMarkus OttigerEichholzweg 166312 SteinhausenLa Suisse Phone\u00a0+41 41 7431001Fax \u00a0 \u00a0 \u00a0 +41 41 7431002 Internet: www.infonautics.chCourriel: infonautics@infonautics.ch \u00a0 \u00a0 Non-responsabilit\u00e9 Malgr\u00e9 un contr\u00f4le minutieux du contenu, nous d\u00e9clinons toute responsabilit\u00e9 quant au contenu des liens externes. \u00a0L\u2019exploitant des pages cit\u00e9es en lien reste seul responsable [&hellip;]<\/p>\n","protected":false},"author":1,"featured_media":0,"parent":0,"menu_order":0,"comment_status":"closed","ping_status":"closed","template":"","meta":{"_et_pb_use_builder":"on","_et_pb_old_content":"","_et_gb_content_width":"","jetpack_post_was_ever_published":false,"footnotes":""},"class_list":["post-913","page","type-page","status-publish","hentry"],"yoast_head":"<!-- This site is optimized with the Yoast SEO plugin v25.0 - https:\/\/yoast.com\/wordpress\/plugins\/seo\/ -->\n<title>Infonautics GmbH entreprise suisse de logiciels<\/title>\n<meta name=\"description\" content=\"Directory List &amp; Print est un produit de la socit\u00e9t\u00e9 Infonautics GmbH. L&#039;entreprise de logiciels d\u00e9veloppe des logiciels innovants, fiables et conviviaux.\" \/>\n<meta name=\"robots\" content=\"index, follow, max-snippet:-1, max-image-preview:large, max-video-preview:-1\" \/>\n<link rel=\"canonical\" href=\"https:\/\/www.infonautics-software.ch\/listefichiers\/impressum\/\" \/>\n<meta property=\"og:locale\" content=\"fr_FR\" \/>\n<meta property=\"og:type\" content=\"article\" \/>\n<meta property=\"og:title\" content=\"Infonautics GmbH entreprise suisse de logiciels\" \/>\n<meta property=\"og:description\" content=\"Directory List &amp; Print est un produit de la socit\u00e9t\u00e9 Infonautics GmbH. L&#039;entreprise de logiciels d\u00e9veloppe des logiciels innovants, fiables et conviviaux.\" \/>\n<meta property=\"og:url\" content=\"https:\/\/www.infonautics-software.ch\/listefichiers\/impressum\/\" \/>\n<meta property=\"og:site_name\" content=\"Directory List &amp; Print FR\" \/>\n<meta property=\"article:modified_time\" content=\"2024-10-14T14:16:28+00:00\" \/>\n<meta name=\"twitter:card\" content=\"summary_large_image\" \/>\n<meta name=\"twitter:site\" content=\"@InfonauticsGmbH\" \/>\n<meta name=\"twitter:label1\" content=\"Dur\u00e9e de lecture estim\u00e9e\" \/>\n\t<meta name=\"twitter:data1\" content=\"2 minutes\" \/>\n<script type=\"application\/ld+json\" class=\"yoast-schema-graph\">{\"@context\":\"https:\/\/schema.org\",\"@graph\":[{\"@type\":\"WebPage\",\"@id\":\"https:\/\/www.infonautics-software.ch\/listefichiers\/impressum\/\",\"url\":\"https:\/\/www.infonautics-software.ch\/listefichiers\/impressum\/\",\"name\":\"Infonautics GmbH entreprise suisse de logiciels\",\"isPartOf\":{\"@id\":\"https:\/\/www.infonautics-software.ch\/listefichiers\/#website\"},\"datePublished\":\"2024-10-14T09:00:50+00:00\",\"dateModified\":\"2024-10-14T14:16:28+00:00\",\"description\":\"Directory List & Print est un produit de la socit\u00e9t\u00e9 Infonautics GmbH. L'entreprise de logiciels d\u00e9veloppe des logiciels innovants, fiables et conviviaux.\",\"breadcrumb\":{\"@id\":\"https:\/\/www.infonautics-software.ch\/listefichiers\/impressum\/#breadcrumb\"},\"inLanguage\":\"fr-FR\",\"potentialAction\":[{\"@type\":\"ReadAction\",\"target\":[\"https:\/\/www.infonautics-software.ch\/listefichiers\/impressum\/\"]}]},{\"@type\":\"BreadcrumbList\",\"@id\":\"https:\/\/www.infonautics-software.ch\/listefichiers\/impressum\/#breadcrumb\",\"itemListElement\":[{\"@type\":\"ListItem\",\"position\":1,\"name\":\"Accueil\",\"item\":\"https:\/\/www.infonautics-software.ch\/listefichiers\/\"},{\"@type\":\"ListItem\",\"position\":2,\"name\":\"IMPRESSUM\"}]},{\"@type\":\"WebSite\",\"@id\":\"https:\/\/www.infonautics-software.ch\/listefichiers\/#website\",\"url\":\"https:\/\/www.infonautics-software.ch\/listefichiers\/\",\"name\":\"Directory List &amp; Print FR\",\"description\":\"Directory List &amp; Print - Editer et imprimer une liste des fichiers\",\"potentialAction\":[{\"@type\":\"SearchAction\",\"target\":{\"@type\":\"EntryPoint\",\"urlTemplate\":\"https:\/\/www.infonautics-software.ch\/listefichiers\/?s={search_term_string}\"},\"query-input\":{\"@type\":\"PropertyValueSpecification\",\"valueRequired\":true,\"valueName\":\"search_term_string\"}}],\"inLanguage\":\"fr-FR\"}]}<\/script>\n<!-- \/ Yoast SEO plugin. -->","yoast_head_json":{"title":"Infonautics GmbH entreprise suisse de logiciels","description":"Directory List & Print est un produit de la socit\u00e9t\u00e9 Infonautics GmbH. L'entreprise de logiciels d\u00e9veloppe des logiciels innovants, fiables et conviviaux.","robots":{"index":"index","follow":"follow","max-snippet":"max-snippet:-1","max-image-preview":"max-image-preview:large","max-video-preview":"max-video-preview:-1"},"canonical":"https:\/\/www.infonautics-software.ch\/listefichiers\/impressum\/","og_locale":"fr_FR","og_type":"article","og_title":"Infonautics GmbH entreprise suisse de logiciels","og_description":"Directory List & Print est un produit de la socit\u00e9t\u00e9 Infonautics GmbH. L'entreprise de logiciels d\u00e9veloppe des logiciels innovants, fiables et conviviaux.","og_url":"https:\/\/www.infonautics-software.ch\/listefichiers\/impressum\/","og_site_name":"Directory List &amp; Print FR","article_modified_time":"2024-10-14T14:16:28+00:00","twitter_card":"summary_large_image","twitter_site":"@InfonauticsGmbH","twitter_misc":{"Dur\u00e9e de lecture estim\u00e9e":"2 minutes"},"schema":{"@context":"https:\/\/schema.org","@graph":[{"@type":"WebPage","@id":"https:\/\/www.infonautics-software.ch\/listefichiers\/impressum\/","url":"https:\/\/www.infonautics-software.ch\/listefichiers\/impressum\/","name":"Infonautics GmbH entreprise suisse de logiciels","isPartOf":{"@id":"https:\/\/www.infonautics-software.ch\/listefichiers\/#website"},"datePublished":"2024-10-14T09:00:50+00:00","dateModified":"2024-10-14T14:16:28+00:00","description":"Directory List & Print est un produit de la socit\u00e9t\u00e9 Infonautics GmbH. L'entreprise de logiciels d\u00e9veloppe des logiciels innovants, fiables et conviviaux.","breadcrumb":{"@id":"https:\/\/www.infonautics-software.ch\/listefichiers\/impressum\/#breadcrumb"},"inLanguage":"fr-FR","potentialAction":[{"@type":"ReadAction","target":["https:\/\/www.infonautics-software.ch\/listefichiers\/impressum\/"]}]},{"@type":"BreadcrumbList","@id":"https:\/\/www.infonautics-software.ch\/listefichiers\/impressum\/#breadcrumb","itemListElement":[{"@type":"ListItem","position":1,"name":"Accueil","item":"https:\/\/www.infonautics-software.ch\/listefichiers\/"},{"@type":"ListItem","position":2,"name":"IMPRESSUM"}]},{"@type":"WebSite","@id":"https:\/\/www.infonautics-software.ch\/listefichiers\/#website","url":"https:\/\/www.infonautics-software.ch\/listefichiers\/","name":"Directory List &amp; Print FR","description":"Directory List &amp; Print - Editer et imprimer une liste des fichiers","potentialAction":[{"@type":"SearchAction","target":{"@type":"EntryPoint","urlTemplate":"https:\/\/www.infonautics-software.ch\/listefichiers\/?s={search_term_string}"},"query-input":{"@type":"PropertyValueSpecification","valueRequired":true,"valueName":"search_term_string"}}],"inLanguage":"fr-FR"}]}},"jetpack_shortlink":"https:\/\/wp.me\/P7vHWl-eJ","jetpack_sharing_enabled":true,"_links":{"self":[{"href":"https:\/\/www.infonautics-software.ch\/listefichiers\/wp-json\/wp\/v2\/pages\/913","targetHints":{"allow":["GET"]}}],"collection":[{"href":"https:\/\/www.infonautics-software.ch\/listefichiers\/wp-json\/wp\/v2\/pages"}],"about":[{"href":"https:\/\/www.infonautics-software.ch\/listefichiers\/wp-json\/wp\/v2\/types\/page"}],"author":[{"embeddable":true,"href":"https:\/\/www.infonautics-software.ch\/listefichiers\/wp-json\/wp\/v2\/users\/1"}],"replies":[{"embeddable":true,"href":"https:\/\/www.infonautics-software.ch\/listefichiers\/wp-json\/wp\/v2\/comments?post=913"}],"version-history":[{"count":9,"href":"https:\/\/www.infonautics-software.ch\/listefichiers\/wp-json\/wp\/v2\/pages\/913\/revisions"}],"predecessor-version":[{"id":1690,"href":"https:\/\/www.infonautics-software.ch\/listefichiers\/wp-json\/wp\/v2\/pages\/913\/revisions\/1690"}],"wp:attachment":[{"href":"https:\/\/www.infonautics-software.ch\/listefichiers\/wp-json\/wp\/v2\/media?parent=913"}],"curies":[{"name":"wp","href":"https:\/\/api.w.org\/{rel}","templated":true}]}}