{"id":132,"date":"2024-02-14T10:55:50","date_gmt":"2024-02-14T09:55:50","guid":{"rendered":"http:\/\/www.infonautics-software.ch\/mymenuexplorerde\/?page_id=132"},"modified":"2024-02-14T17:04:47","modified_gmt":"2024-02-14T16:04:47","slug":"startmenu-download","status":"publish","type":"page","link":"https:\/\/www.infonautics-software.ch\/meinstartmenu\/startmenu-download\/","title":{"rendered":"DOWNLOADS"},"content":{"rendered":"<p>[et_pb_section fb_built=&#8220;1&#8243; fullwidth=&#8220;on&#8220; admin_label=&#8220;section&#8220; _builder_version=&#8220;4.16&#8243; background_color=&#8220;#00458e&#8220; transparent_background=&#8220;off&#8220; global_colors_info=&#8220;{}&#8220;][et_pb_fullwidth_header title=&#8220;Jetzt herunterladen und kostenfrei testen!&#8220; content_max_width=&#8220;none&#8220; admin_label=&#8220;Fullwidth Header&#8220; _builder_version=&#8220;4.16&#8243; background_color=&#8220;rgba(255, 255, 255, 0)&#8220; button_one_letter_spacing_hover=&#8220;0&#8243; button_two_letter_spacing_hover=&#8220;0&#8243; global_colors_info=&#8220;{}&#8220; button_one_text_size__hover_enabled=&#8220;off&#8220; button_two_text_size__hover_enabled=&#8220;off&#8220; button_one_text_color__hover_enabled=&#8220;off&#8220; button_two_text_color__hover_enabled=&#8220;off&#8220; button_one_border_width__hover_enabled=&#8220;off&#8220; button_two_border_width__hover_enabled=&#8220;off&#8220; button_one_border_color__hover_enabled=&#8220;off&#8220; button_two_border_color__hover_enabled=&#8220;off&#8220; button_one_border_radius__hover_enabled=&#8220;off&#8220; button_two_border_radius__hover_enabled=&#8220;off&#8220; button_one_letter_spacing__hover_enabled=&#8220;on&#8220; button_one_letter_spacing__hover=&#8220;0&#8243; button_two_letter_spacing__hover_enabled=&#8220;on&#8220; button_two_letter_spacing__hover=&#8220;0&#8243; button_one_bg_color__hover_enabled=&#8220;off&#8220; button_two_bg_color__hover_enabled=&#8220;off&#8220;] [\/et_pb_fullwidth_header][\/et_pb_section][et_pb_section fb_built=&#8220;1&#8243; admin_label=&#8220;section&#8220; _builder_version=&#8220;4.16&#8243; global_colors_info=&#8220;{}&#8220;][et_pb_row column_structure=&#8220;3_4,1_4&#8243; admin_label=&#8220;row&#8220; _builder_version=&#8220;4.16&#8243; background_size=&#8220;initial&#8220; background_position=&#8220;top_left&#8220; background_repeat=&#8220;repeat&#8220; global_colors_info=&#8220;{}&#8220;][et_pb_column type=&#8220;3_4&#8243; _builder_version=&#8220;4.16&#8243; custom_padding=&#8220;|||&#8220; global_colors_info=&#8220;{}&#8220; custom_padding__hover=&#8220;|||&#8220;][et_pb_text admin_label=&#8220;Text&#8220; _builder_version=&#8220;4.16&#8243; background_size=&#8220;initial&#8220; background_position=&#8220;top_left&#8220; background_repeat=&#8220;repeat&#8220; use_border_color=&#8220;off&#8220; border_color=&#8220;#ffffff&#8220; border_style=&#8220;solid&#8220; global_colors_info=&#8220;{}&#8220;]<\/p>\n<h2><span style=\"color: #000080;\"><strong>Kostenloser\u00a0Download des Startmen\u00fcs\u00a0My Start Menu<\/strong><\/span><\/h2>\n<p>&nbsp;<\/p>\n<p><span style=\"font-size: 12pt;\">Das \u00a0Startmen\u00fc <strong>My Start Menu<\/strong>\u00a0f\u00fcr Windows wird als Shareware vertrieben und kann <strong>kostenlos getestet werden<\/strong>. Laden Sie My Start Menu\u00a0direkt hier herunter, um alle Funktionen f\u00fcr ein speditives Arbeiten <strong>w\u00e4hrend 30 Tagen kostenfrei<\/strong> zu testen.<\/span><\/p>\n<p><span style=\"font-size: 12pt;\">My Start Menu\u00a0ben\u00f6tigt keine Administratorenrechte f\u00fcr die Installation. Mit der Installation der Software werden <strong>keine \u00c4nderungen an Ihrem Betriebssystem oder Windows Startmen\u00fc vorgenommen<\/strong>.<\/span><\/p>\n<p><span style=\"font-size: 12pt;\">Die Software-Installation und das Programm selbst sind digital signiert, <strong>100% sauber und sicher<\/strong>, und enthalten keinerlei Werbung oder Software von Drittanbietern.<\/span><\/p>\n<p>[\/et_pb_text][et_pb_toggle title=&#8220;Wenn Windows die Installation durch eine Sicherheitsmeldung blockiert, w\u00e4hlen Sie bitte \u201eWeitere Informationen\u201c und dann \u201eTrotzdem ausf\u00fchren\u201c. %91+\/-%93&#8243; icon_color=&#8220;#0c71c3&#8243; open_icon_color=&#8220;#0c71c3&#8243; _builder_version=&#8220;4.23.1&#8243; _module_preset=&#8220;default&#8220; title_font=&#8220;Arial||||||||&#8220; title_font_size=&#8220;15px&#8220; closed_title_font=&#8220;Arial||||||||&#8220; closed_title_font_size=&#8220;15px&#8220; closed_title_line_height=&#8220;1em&#8220; hover_enabled=&#8220;0&#8243; global_colors_info=&#8220;{}&#8220; open=&#8220;on&#8220; sticky_enabled=&#8220;0&#8243;]<\/p>\n<p><img loading=\"lazy\" decoding=\"async\" class=\"wp-image-1413 alignleft size-full\" src=\"https:\/\/www.infonautics-software.ch\/meinstartmenu\/wp-content\/uploads\/sites\/34\/2022\/02\/SmartScreenDE.png\" alt=\"\" width=\"750\" height=\"196\" srcset=\"https:\/\/www.infonautics-software.ch\/meinstartmenu\/wp-content\/uploads\/sites\/34\/2022\/02\/SmartScreenDE.png 750w, https:\/\/www.infonautics-software.ch\/meinstartmenu\/wp-content\/uploads\/sites\/34\/2022\/02\/SmartScreenDE-480x125.png 480w\" sizes=\"auto, (min-width: 0px) and (max-width: 480px) 480px, (min-width: 481px) 750px, 100vw\" \/><\/p>\n<p>[\/et_pb_toggle][et_pb_text admin_label=&#8220;Text&#8220; _builder_version=&#8220;4.16&#8243; background_size=&#8220;initial&#8220; background_position=&#8220;top_left&#8220; background_repeat=&#8220;repeat&#8220; use_border_color=&#8220;off&#8220; border_color=&#8220;#ffffff&#8220; border_style=&#8220;solid&#8220; global_colors_info=&#8220;{}&#8220;]<\/p>\n<p><span style=\"font-size: 12pt;\"><br \/>Die <strong>Software mit Installationsprogramm<\/strong> kann in folgenden Sprachen heruntergeladen werden:<\/span><\/p>\n<p>&nbsp;<\/p>\n<table style=\"height: 40px;\" width=\"431\">\n<tbody>\n<tr>\n<td><span style=\"font-size: 12pt;\"><a href=\"https:\/\/www.infonautics-software.ch\/downloads\/MyStartMenuEN.zip\"><img loading=\"lazy\" decoding=\"async\" class=\"alignleft wp-image-154 size-full\" title=\"Kostenloser Download von My Start Menu in Englisch\" src=\"https:\/\/www.infonautics-software.ch\/meinstartmenu\/wp-content\/uploads\/sites\/34\/2015\/05\/united_kingdom_32.png\" alt=\"Kostenloser Download von My Start Menu Startmen\u00fc f\u00fcr Windows.\" width=\"32\" height=\"32\" \/><\/a><strong><a href=\"https:\/\/www.infonautics-software.ch\/downloads\/MyStartMenuEN.zip\">Englisch<\/a>\u00a0<\/strong><\/span><\/td>\n<td><span style=\"font-size: 12pt;\"><a href=\"https:\/\/www.infonautics-software.ch\/downloads\/MyStartMenuDE.zip\"><img loading=\"lazy\" decoding=\"async\" class=\"alignleft wp-image-153 size-full\" title=\"Kostenloser Download von My Start Menu in Deutsch\" src=\"https:\/\/www.infonautics-software.ch\/meinstartmenu\/wp-content\/uploads\/sites\/34\/2015\/05\/germany_32.png\" alt=\"Kostenloser Download von My Start Menu Startmen\u00fc f\u00fcr Windows.\" width=\"32\" height=\"32\" \/><\/a><a href=\"https:\/\/www.infonautics-software.ch\/downloads\/MyStartMenuDE.zip\"><strong>Deutsch<\/strong><\/a><\/span><\/td>\n<td><span style=\"font-size: 12pt;\"><a href=\"https:\/\/www.infonautics-software.ch\/downloads\/MyStartMenuFR.zip\" target=\"_blank\" rel=\"noopener noreferrer\"><img loading=\"lazy\" decoding=\"async\" class=\"alignleft wp-image-152 size-full\" title=\"Kostenloser Download von My Start Menu in Franz\u00f6sisch\" src=\"https:\/\/www.infonautics-software.ch\/meinstartmenu\/wp-content\/uploads\/sites\/34\/2015\/05\/france_32.png\" alt=\"Kostenloser Download von My Start Menu Startmen\u00fc f\u00fcr Windows.\" width=\"32\" height=\"32\" \/><\/a><a href=\"https:\/\/www.infonautics-software.ch\/downloads\/MyStartMenuFR.zip\"><strong>Franz\u00f6sisch<\/strong><\/a><\/span> *<\/td>\n<\/tr>\n<\/tbody>\n<\/table>\n<p style=\"text-align: right;\">\u00a0\u00a0<sup> * Programm franz\u00f6sisch, Handbuch nur englisch<\/sup><\/p>\n<p>&nbsp;<\/p>\n<p><span style=\"font-size: 12pt;\">Eine <strong>Version ohne Installationsprogramm<\/strong> ist in den folgenden Sprachen verf\u00fcgbar:\u00a0<\/span><\/p>\n<table style=\"height: 40px;\" width=\"431\">\n<tbody>\n<tr>\n<td><span style=\"font-size: 12pt;\"><a href=\"https:\/\/www.infonautics-software.ch\/downloads\/MyStartMenuNoinstallEN.zip\"><img loading=\"lazy\" decoding=\"async\" class=\"alignleft wp-image-154 size-full\" title=\"Kostenloser Download von Startmen\u00fc My Start Menu in Englisch\" src=\"https:\/\/www.infonautics-software.ch\/meinstartmenu\/wp-content\/uploads\/sites\/34\/2015\/05\/united_kingdom_32.png\" alt=\"Kostenloser Download von Startmen\u00fc My Start Menuf\u00fcr Windows\" width=\"32\" height=\"32\" \/><\/a><strong><a href=\"https:\/\/www.infonautics-software.ch\/downloads\/MyStartMenuNoinstallEN.zip\">Englisch<\/a><\/strong><\/span><\/td>\n<td><span style=\"font-size: 12pt;\"><a href=\"https:\/\/www.infonautics-software.ch\/downloads\/MyStartMenuNoinstallDE.zip\"><img loading=\"lazy\" decoding=\"async\" class=\"alignleft wp-image-153 size-full\" title=\"Kostenloser Download von Startmen\u00fc My Start Menu in Deutsch\" src=\"https:\/\/www.infonautics-software.ch\/meinstartmenu\/wp-content\/uploads\/sites\/34\/2015\/05\/germany_32.png\" alt=\"Kostenloser Download von Startmen\u00fc My Start Menu f\u00fcr Windows\" width=\"32\" height=\"32\" \/><\/a><strong><a href=\"https:\/\/www.infonautics-software.ch\/downloads\/MyStartMenuNoinstallDE.zip\">Deutsch<\/a><\/strong><\/span><\/td>\n<td><span style=\"font-size: 12pt;\"><a href=\"https:\/\/www.infonautics-software.ch\/downloads\/MyStartMenuNoinstallFR.zip\"><img loading=\"lazy\" decoding=\"async\" class=\"alignleft wp-image-152 size-full\" title=\"Kostenloser Download von Startmen\u00fc My Start Menu in Franz\u00f6sisch\" src=\"https:\/\/www.infonautics-software.ch\/meinstartmenu\/wp-content\/uploads\/sites\/34\/2015\/05\/france_32.png\" alt=\"Kostenloser Download von Startmen\u00fc My Start Menu  f\u00fcr Windows\" width=\"32\" height=\"32\" \/><\/a><strong><a href=\"https:\/\/www.infonautics-software.ch\/downloads\/MyStartMenuNoinstallFR.zip\">Franz\u00f6sisch<\/a><\/strong><\/span> *<\/td>\n<\/tr>\n<\/tbody>\n<\/table>\n<p style=\"text-align: right;\">\u00a0\u00a0<sup> * Programm franz\u00f6sisch, Handbuch nur englisch<\/sup><\/p>\n<p><span style=\"font-size: 12pt;\"><br \/>Sollte My Start Menu\u00a0nicht Ihren Erwartungen entsprechen, k\u00f6nnen Sie die Software problemlos wieder deinstallieren.\u00a0<\/span><\/p>\n<p>[\/et_pb_text][\/et_pb_column][et_pb_column type=&#8220;1_4&#8243; _builder_version=&#8220;4.16&#8243; custom_padding=&#8220;|||&#8220; global_colors_info=&#8220;{}&#8220; custom_padding__hover=&#8220;|||&#8220;][et_pb_sidebar area=&#8220;sidebar-1&#8243; admin_label=&#8220;Sidebar&#8220; _builder_version=&#8220;4.16&#8243; global_colors_info=&#8220;{}&#8220;] [\/et_pb_sidebar][\/et_pb_column][\/et_pb_row][\/et_pb_section]<\/p>\n","protected":false},"excerpt":{"rendered":"<p>Kostenloser\u00a0Download des Startmen\u00fcs\u00a0My Start Menu &nbsp; Das \u00a0Startmen\u00fc My Start Menu\u00a0f\u00fcr Windows wird als Shareware vertrieben und kann kostenlos getestet werden. Laden Sie My Start Menu\u00a0direkt hier herunter, um alle Funktionen f\u00fcr ein speditives Arbeiten w\u00e4hrend 30 Tagen kostenfrei zu testen. My Start Menu\u00a0ben\u00f6tigt keine Administratorenrechte f\u00fcr die Installation. Mit der Installation der Software werden [&hellip;]<\/p>\n","protected":false},"author":1,"featured_media":0,"parent":0,"menu_order":0,"comment_status":"open","ping_status":"open","template":"","meta":{"_et_pb_use_builder":"on","_et_pb_old_content":"","_et_gb_content_width":"","jetpack_post_was_ever_published":false,"footnotes":""},"class_list":["post-132","page","type-page","status-publish","hentry"],"yoast_head":"<!-- This site is optimized with the Yoast SEO plugin v25.0 - https:\/\/yoast.com\/wordpress\/plugins\/seo\/ -->\n<title>Kostenlose Testversion von My Start Menu - das Startmen\u00fc f\u00fcr Windows<\/title>\n<meta name=\"description\" content=\"Jetzt Windows Startmen\u00fc Ersatz My Start Menu herunterladen und w\u00e4hrend 30 Tagen kostenlos testen. Keine Administratorenrechte f\u00fcr Installation n\u00f6tig.\" \/>\n<meta name=\"robots\" content=\"index, follow, max-snippet:-1, max-image-preview:large, max-video-preview:-1\" \/>\n<link rel=\"canonical\" href=\"https:\/\/www.infonautics-software.ch\/meinstartmenu\/startmenu-download\/\" \/>\n<meta property=\"og:locale\" content=\"de_DE\" \/>\n<meta property=\"og:type\" content=\"article\" \/>\n<meta property=\"og:title\" content=\"Kostenlose Testversion von My Start Menu - das Startmen\u00fc f\u00fcr Windows\" \/>\n<meta property=\"og:description\" content=\"Jetzt Windows Startmen\u00fc Ersatz My Start Menu herunterladen und w\u00e4hrend 30 Tagen kostenlos testen. Keine Administratorenrechte f\u00fcr Installation n\u00f6tig.\" \/>\n<meta property=\"og:url\" content=\"https:\/\/www.infonautics-software.ch\/meinstartmenu\/startmenu-download\/\" \/>\n<meta property=\"og:site_name\" content=\"My Start Menu DE\" \/>\n<meta property=\"article:modified_time\" content=\"2024-02-14T16:04:47+00:00\" \/>\n<meta property=\"og:image\" content=\"https:\/\/www.infonautics-software.ch\/meinstartmenu\/wp-content\/uploads\/sites\/34\/2022\/02\/SmartScreenDE.png\" \/>\n<meta name=\"twitter:card\" content=\"summary_large_image\" \/>\n<meta name=\"twitter:site\" content=\"@InfonauticsGmbH\" \/>\n<meta name=\"twitter:label1\" content=\"Gesch\u00e4tzte Lesezeit\" \/>\n\t<meta name=\"twitter:data1\" content=\"3\u00a0Minuten\" \/>\n<script type=\"application\/ld+json\" class=\"yoast-schema-graph\">{\"@context\":\"https:\/\/schema.org\",\"@graph\":[{\"@type\":\"WebPage\",\"@id\":\"https:\/\/www.infonautics-software.ch\/meinstartmenu\/startmenu-download\/\",\"url\":\"https:\/\/www.infonautics-software.ch\/meinstartmenu\/startmenu-download\/\",\"name\":\"Kostenlose Testversion von My Start Menu - das Startmen\u00fc f\u00fcr Windows\",\"isPartOf\":{\"@id\":\"https:\/\/www.infonautics-software.ch\/meinstartmenu\/#website\"},\"primaryImageOfPage\":{\"@id\":\"https:\/\/www.infonautics-software.ch\/meinstartmenu\/startmenu-download\/#primaryimage\"},\"image\":{\"@id\":\"https:\/\/www.infonautics-software.ch\/meinstartmenu\/startmenu-download\/#primaryimage\"},\"thumbnailUrl\":\"https:\/\/www.infonautics-software.ch\/meinstartmenu\/wp-content\/uploads\/sites\/34\/2022\/02\/SmartScreenDE.png\",\"datePublished\":\"2024-02-14T09:55:50+00:00\",\"dateModified\":\"2024-02-14T16:04:47+00:00\",\"description\":\"Jetzt Windows Startmen\u00fc Ersatz My Start Menu herunterladen und w\u00e4hrend 30 Tagen kostenlos testen. Keine Administratorenrechte f\u00fcr Installation n\u00f6tig.\",\"breadcrumb\":{\"@id\":\"https:\/\/www.infonautics-software.ch\/meinstartmenu\/startmenu-download\/#breadcrumb\"},\"inLanguage\":\"de\",\"potentialAction\":[{\"@type\":\"ReadAction\",\"target\":[\"https:\/\/www.infonautics-software.ch\/meinstartmenu\/startmenu-download\/\"]}]},{\"@type\":\"ImageObject\",\"inLanguage\":\"de\",\"@id\":\"https:\/\/www.infonautics-software.ch\/meinstartmenu\/startmenu-download\/#primaryimage\",\"url\":\"https:\/\/www.infonautics-software.ch\/meinstartmenu\/wp-content\/uploads\/sites\/34\/2022\/02\/SmartScreenDE.png\",\"contentUrl\":\"https:\/\/www.infonautics-software.ch\/meinstartmenu\/wp-content\/uploads\/sites\/34\/2022\/02\/SmartScreenDE.png\",\"width\":750,\"height\":196},{\"@type\":\"BreadcrumbList\",\"@id\":\"https:\/\/www.infonautics-software.ch\/meinstartmenu\/startmenu-download\/#breadcrumb\",\"itemListElement\":[{\"@type\":\"ListItem\",\"position\":1,\"name\":\"Startseite\",\"item\":\"https:\/\/www.infonautics-software.ch\/meinstartmenu\/\"},{\"@type\":\"ListItem\",\"position\":2,\"name\":\"DOWNLOADS\"}]},{\"@type\":\"WebSite\",\"@id\":\"https:\/\/www.infonautics-software.ch\/meinstartmenu\/#website\",\"url\":\"https:\/\/www.infonautics-software.ch\/meinstartmenu\/\",\"name\":\"My Start Menu DE\",\"description\":\"My Start Menu f\u00fcr Windows, Startmen\u00fc f\u00fcr Windows\",\"potentialAction\":[{\"@type\":\"SearchAction\",\"target\":{\"@type\":\"EntryPoint\",\"urlTemplate\":\"https:\/\/www.infonautics-software.ch\/meinstartmenu\/?s={search_term_string}\"},\"query-input\":{\"@type\":\"PropertyValueSpecification\",\"valueRequired\":true,\"valueName\":\"search_term_string\"}}],\"inLanguage\":\"de\"}]}<\/script>\n<!-- \/ Yoast SEO plugin. -->","yoast_head_json":{"title":"Kostenlose Testversion von My Start Menu - das Startmen\u00fc f\u00fcr Windows","description":"Jetzt Windows Startmen\u00fc Ersatz My Start Menu herunterladen und w\u00e4hrend 30 Tagen kostenlos testen. Keine Administratorenrechte f\u00fcr Installation n\u00f6tig.","robots":{"index":"index","follow":"follow","max-snippet":"max-snippet:-1","max-image-preview":"max-image-preview:large","max-video-preview":"max-video-preview:-1"},"canonical":"https:\/\/www.infonautics-software.ch\/meinstartmenu\/startmenu-download\/","og_locale":"de_DE","og_type":"article","og_title":"Kostenlose Testversion von My Start Menu - das Startmen\u00fc f\u00fcr Windows","og_description":"Jetzt Windows Startmen\u00fc Ersatz My Start Menu herunterladen und w\u00e4hrend 30 Tagen kostenlos testen. Keine Administratorenrechte f\u00fcr Installation n\u00f6tig.","og_url":"https:\/\/www.infonautics-software.ch\/meinstartmenu\/startmenu-download\/","og_site_name":"My Start Menu DE","article_modified_time":"2024-02-14T16:04:47+00:00","og_image":[{"url":"https:\/\/www.infonautics-software.ch\/meinstartmenu\/wp-content\/uploads\/sites\/34\/2022\/02\/SmartScreenDE.png","type":"","width":"","height":""}],"twitter_card":"summary_large_image","twitter_site":"@InfonauticsGmbH","twitter_misc":{"Gesch\u00e4tzte Lesezeit":"3\u00a0Minuten"},"schema":{"@context":"https:\/\/schema.org","@graph":[{"@type":"WebPage","@id":"https:\/\/www.infonautics-software.ch\/meinstartmenu\/startmenu-download\/","url":"https:\/\/www.infonautics-software.ch\/meinstartmenu\/startmenu-download\/","name":"Kostenlose Testversion von My Start Menu - das Startmen\u00fc f\u00fcr Windows","isPartOf":{"@id":"https:\/\/www.infonautics-software.ch\/meinstartmenu\/#website"},"primaryImageOfPage":{"@id":"https:\/\/www.infonautics-software.ch\/meinstartmenu\/startmenu-download\/#primaryimage"},"image":{"@id":"https:\/\/www.infonautics-software.ch\/meinstartmenu\/startmenu-download\/#primaryimage"},"thumbnailUrl":"https:\/\/www.infonautics-software.ch\/meinstartmenu\/wp-content\/uploads\/sites\/34\/2022\/02\/SmartScreenDE.png","datePublished":"2024-02-14T09:55:50+00:00","dateModified":"2024-02-14T16:04:47+00:00","description":"Jetzt Windows Startmen\u00fc Ersatz My Start Menu herunterladen und w\u00e4hrend 30 Tagen kostenlos testen. Keine Administratorenrechte f\u00fcr Installation n\u00f6tig.","breadcrumb":{"@id":"https:\/\/www.infonautics-software.ch\/meinstartmenu\/startmenu-download\/#breadcrumb"},"inLanguage":"de","potentialAction":[{"@type":"ReadAction","target":["https:\/\/www.infonautics-software.ch\/meinstartmenu\/startmenu-download\/"]}]},{"@type":"ImageObject","inLanguage":"de","@id":"https:\/\/www.infonautics-software.ch\/meinstartmenu\/startmenu-download\/#primaryimage","url":"https:\/\/www.infonautics-software.ch\/meinstartmenu\/wp-content\/uploads\/sites\/34\/2022\/02\/SmartScreenDE.png","contentUrl":"https:\/\/www.infonautics-software.ch\/meinstartmenu\/wp-content\/uploads\/sites\/34\/2022\/02\/SmartScreenDE.png","width":750,"height":196},{"@type":"BreadcrumbList","@id":"https:\/\/www.infonautics-software.ch\/meinstartmenu\/startmenu-download\/#breadcrumb","itemListElement":[{"@type":"ListItem","position":1,"name":"Startseite","item":"https:\/\/www.infonautics-software.ch\/meinstartmenu\/"},{"@type":"ListItem","position":2,"name":"DOWNLOADS"}]},{"@type":"WebSite","@id":"https:\/\/www.infonautics-software.ch\/meinstartmenu\/#website","url":"https:\/\/www.infonautics-software.ch\/meinstartmenu\/","name":"My Start Menu DE","description":"My Start Menu f\u00fcr Windows, Startmen\u00fc f\u00fcr Windows","potentialAction":[{"@type":"SearchAction","target":{"@type":"EntryPoint","urlTemplate":"https:\/\/www.infonautics-software.ch\/meinstartmenu\/?s={search_term_string}"},"query-input":{"@type":"PropertyValueSpecification","valueRequired":true,"valueName":"search_term_string"}}],"inLanguage":"de"}]}},"jetpack_sharing_enabled":true,"jetpack_shortlink":"https:\/\/wp.me\/P6bdC3-28","_links":{"self":[{"href":"https:\/\/www.infonautics-software.ch\/meinstartmenu\/wp-json\/wp\/v2\/pages\/132","targetHints":{"allow":["GET"]}}],"collection":[{"href":"https:\/\/www.infonautics-software.ch\/meinstartmenu\/wp-json\/wp\/v2\/pages"}],"about":[{"href":"https:\/\/www.infonautics-software.ch\/meinstartmenu\/wp-json\/wp\/v2\/types\/page"}],"author":[{"embeddable":true,"href":"https:\/\/www.infonautics-software.ch\/meinstartmenu\/wp-json\/wp\/v2\/users\/1"}],"replies":[{"embeddable":true,"href":"https:\/\/www.infonautics-software.ch\/meinstartmenu\/wp-json\/wp\/v2\/comments?post=132"}],"version-history":[{"count":10,"href":"https:\/\/www.infonautics-software.ch\/meinstartmenu\/wp-json\/wp\/v2\/pages\/132\/revisions"}],"predecessor-version":[{"id":1430,"href":"https:\/\/www.infonautics-software.ch\/meinstartmenu\/wp-json\/wp\/v2\/pages\/132\/revisions\/1430"}],"wp:attachment":[{"href":"https:\/\/www.infonautics-software.ch\/meinstartmenu\/wp-json\/wp\/v2\/media?parent=132"}],"curies":[{"name":"wp","href":"https:\/\/api.w.org\/{rel}","templated":true}]}}