{"id":137,"date":"2017-02-23T15:55:10","date_gmt":"2017-02-23T14:55:10","guid":{"rendered":"http:\/\/www.infonautics-software.ch\/mymenuexplorerde\/?page_id=137"},"modified":"2017-02-23T15:55:00","modified_gmt":"2017-02-23T14:55:00","slug":"startmenu-erstellen","status":"publish","type":"page","link":"https:\/\/www.infonautics-software.ch\/meinstartmenu\/startmenu-erstellen\/","title":{"rendered":"SUPPORT"},"content":{"rendered":"<p>[et_pb_section admin_label=&#8220;section&#8220; fullwidth=&#8220;on&#8220; specialty=&#8220;off&#8220; transparent_background=&#8220;off&#8220; background_color=&#8220;#00458e&#8220; allow_player_pause=&#8220;off&#8220; inner_shadow=&#8220;off&#8220; parallax=&#8220;off&#8220; parallax_method=&#8220;off&#8220;][et_pb_fullwidth_header admin_label=&#8220;Fullwidth Header&#8220; title=&#8220;Support f\u00fcr My Start Menu f\u00fcr Windows&#8220; background_layout=&#8220;dark&#8220; text_orientation=&#8220;left&#8220; header_fullscreen=&#8220;off&#8220; header_scroll_down=&#8220;off&#8220; parallax=&#8220;off&#8220; parallax_method=&#8220;off&#8220; content_orientation=&#8220;center&#8220; image_orientation=&#8220;center&#8220; custom_button_one=&#8220;off&#8220; button_one_letter_spacing=&#8220;0&#8243; button_one_use_icon=&#8220;default&#8220; button_one_icon_placement=&#8220;right&#8220; button_one_on_hover=&#8220;on&#8220; button_one_letter_spacing_hover=&#8220;0&#8243; custom_button_two=&#8220;off&#8220; button_two_letter_spacing=&#8220;0&#8243; button_two_use_icon=&#8220;default&#8220; button_two_icon_placement=&#8220;right&#8220; button_two_on_hover=&#8220;on&#8220; button_two_letter_spacing_hover=&#8220;0&#8243;] [\/et_pb_fullwidth_header][\/et_pb_section][et_pb_section admin_label=&#8220;section&#8220; fullwidth=&#8220;off&#8220; specialty=&#8220;off&#8220;][et_pb_row admin_label=&#8220;row&#8220;][et_pb_column type=&#8220;3_4&#8243;][et_pb_text admin_label=&#8220;Text&#8220; background_layout=&#8220;light&#8220; text_orientation=&#8220;left&#8220; use_border_color=&#8220;off&#8220; border_color=&#8220;#ffffff&#8220; border_style=&#8220;solid&#8220;]<\/p>\n<h2><span style=\"color: #000080;\"><strong>Kostenloser\u00a0Support f\u00fcr\u00a0My Start Menu<\/strong><\/span><\/h2>\n<p>&nbsp;<\/p>\n<p><span style=\"font-size: 12pt;\">Einfach und schnell mit\u00a0<strong>My Start Menu<\/strong> f\u00fcr Windows<strong>\u00a0<\/strong>Ihr pers\u00f6nliches\u00a0und Ihren Bed\u00fcrfnissen entsprechendes\u00a0Startmen\u00fc erstellen.<\/span><\/p>\n<p><span style=\"font-size: 12pt;\">F\u00fcr My Start Menu\u00a0bieten wir Ihnen kostenlosen Support via E-Mail in den Sprachen Deutsch und Englisch an.<\/span><\/p>\n<p><span style=\"font-size: 12pt;\">Bei Fragen zum alternativen Startmen\u00fc <strong>My Start Menu<\/strong>\u00a0f\u00fcr Windows kontaktieren Sie uns bitte unter <a href=\"mailto:support@infonautics.ch\"><b>support@infonautics.ch<\/b><\/a>\u00a0.<\/span><\/p>\n<p><span style=\"font-size: 12pt;\">Gerne werden wir Ihre Fragen innert 48 Stunden beantworten. Das Softwareunternehmen \u00a0<a href=\"https:\/\/www.infonautics.ch\" target=\"_blank\">INFONAUTICSS\u00a0GmbH<\/a> hat seinen Sitz in der Schweiz. Bitte beachten Sie m\u00f6gliche Zeitunterschiede.<\/span><\/p>\n<h4>\u00a0<\/h4>\n<h4><span style=\"color: #000080;\"><strong>Anregungen \/ W\u00fcnsche<\/strong><\/span><\/h4>\n<p><span style=\"font-size: 12pt;\">Haben Sie Anregungen und W\u00fcnsche f\u00fcr zuk\u00fcnftige\u00a0Updates der Software? <a href=\"mailto:support@infonautics.ch\">Kontaktieren Sie uns<\/a>. Wir freuen uns, von Ihnen zu h\u00f6ren.\u00a0<\/span><\/p>\n<h4>\u00a0<\/h4>\n<h4><span style=\"color: #000080;\"><strong>Kostenloser Download<\/strong><\/span><\/h4>\n<p><span style=\"font-size: 12pt;\">Jetzt alle wertvollen Funktionen vom alternativen Startmen\u00fc My Start Menu\u00a0<strong><a href=\"https:\/\/www.infonautics-software.ch\/meinstartmenu\/startmenu-download\/\">kostenlos testen und herunterladen<\/a>\u00a0<\/strong>und einfach und schnell ein eigens personalisiertes Startmen\u00fc erstellen.\u00a0<\/span><\/p>\n<p>[\/et_pb_text][\/et_pb_column][et_pb_column type=&#8220;1_4&#8243;][et_pb_sidebar admin_label=&#8220;Sidebar&#8220; orientation=&#8220;left&#8220; area=&#8220;sidebar-1&#8243; background_layout=&#8220;light&#8220;] [\/et_pb_sidebar][\/et_pb_column][\/et_pb_row][\/et_pb_section]<\/p>\n","protected":false},"excerpt":{"rendered":"<p>Kostenloser\u00a0Support f\u00fcr\u00a0My Start Menu &nbsp; Einfach und schnell mit\u00a0My Start Menu f\u00fcr Windows\u00a0Ihr pers\u00f6nliches\u00a0und Ihren Bed\u00fcrfnissen entsprechendes\u00a0Startmen\u00fc erstellen. F\u00fcr My Start Menu\u00a0bieten wir Ihnen kostenlosen Support via E-Mail in den Sprachen Deutsch und Englisch an. Bei Fragen zum alternativen Startmen\u00fc My Start Menu\u00a0f\u00fcr Windows kontaktieren Sie uns bitte unter support@infonautics.ch\u00a0. Gerne werden wir Ihre Fragen [&hellip;]<\/p>\n","protected":false},"author":1,"featured_media":0,"parent":0,"menu_order":0,"comment_status":"open","ping_status":"open","template":"","meta":{"_et_pb_use_builder":"on","_et_pb_old_content":"","_et_gb_content_width":"","jetpack_post_was_ever_published":false,"footnotes":""},"class_list":["post-137","page","type-page","status-publish","hentry"],"yoast_head":"<!-- This site is optimized with the Yoast SEO plugin v25.0 - https:\/\/yoast.com\/wordpress\/plugins\/seo\/ -->\n<title>Mit Start Men\u00fc f\u00fcr Windows individuelles Startmen\u00fc erstellen<\/title>\n<meta name=\"description\" content=\"Mit My Start Menu einfach pers\u00f6nliches Startmen\u00fc erstellen. Erstellen Sie Ihr Startmen\u00fc f\u00fcr Windows mit eigener Men\u00fcstruktur und beliebigen Men\u00fcordnern.\" \/>\n<meta name=\"robots\" content=\"index, follow, max-snippet:-1, max-image-preview:large, max-video-preview:-1\" \/>\n<link rel=\"canonical\" href=\"https:\/\/www.infonautics-software.ch\/meinstartmenu\/startmenu-erstellen\/\" \/>\n<meta property=\"og:locale\" content=\"de_DE\" \/>\n<meta property=\"og:type\" content=\"article\" \/>\n<meta property=\"og:title\" content=\"Mit Start Men\u00fc f\u00fcr Windows individuelles Startmen\u00fc erstellen\" \/>\n<meta property=\"og:description\" content=\"Mit My Start Menu einfach pers\u00f6nliches Startmen\u00fc erstellen. Erstellen Sie Ihr Startmen\u00fc f\u00fcr Windows mit eigener Men\u00fcstruktur und beliebigen Men\u00fcordnern.\" \/>\n<meta property=\"og:url\" content=\"https:\/\/www.infonautics-software.ch\/meinstartmenu\/startmenu-erstellen\/\" \/>\n<meta property=\"og:site_name\" content=\"My Start Menu DE\" \/>\n<meta name=\"twitter:card\" content=\"summary_large_image\" \/>\n<meta name=\"twitter:site\" content=\"@InfonauticsGmbH\" \/>\n<meta name=\"twitter:label1\" content=\"Gesch\u00e4tzte Lesezeit\" \/>\n\t<meta name=\"twitter:data1\" content=\"2\u00a0Minuten\" \/>\n<script type=\"application\/ld+json\" class=\"yoast-schema-graph\">{\"@context\":\"https:\/\/schema.org\",\"@graph\":[{\"@type\":\"WebPage\",\"@id\":\"https:\/\/www.infonautics-software.ch\/meinstartmenu\/startmenu-erstellen\/\",\"url\":\"https:\/\/www.infonautics-software.ch\/meinstartmenu\/startmenu-erstellen\/\",\"name\":\"Mit Start Men\u00fc f\u00fcr Windows individuelles Startmen\u00fc erstellen\",\"isPartOf\":{\"@id\":\"https:\/\/www.infonautics-software.ch\/meinstartmenu\/#website\"},\"datePublished\":\"2017-02-23T14:55:10+00:00\",\"description\":\"Mit My Start Menu einfach pers\u00f6nliches Startmen\u00fc erstellen. Erstellen Sie Ihr Startmen\u00fc f\u00fcr Windows mit eigener Men\u00fcstruktur und beliebigen Men\u00fcordnern.\",\"breadcrumb\":{\"@id\":\"https:\/\/www.infonautics-software.ch\/meinstartmenu\/startmenu-erstellen\/#breadcrumb\"},\"inLanguage\":\"de\",\"potentialAction\":[{\"@type\":\"ReadAction\",\"target\":[\"https:\/\/www.infonautics-software.ch\/meinstartmenu\/startmenu-erstellen\/\"]}]},{\"@type\":\"BreadcrumbList\",\"@id\":\"https:\/\/www.infonautics-software.ch\/meinstartmenu\/startmenu-erstellen\/#breadcrumb\",\"itemListElement\":[{\"@type\":\"ListItem\",\"position\":1,\"name\":\"Startseite\",\"item\":\"https:\/\/www.infonautics-software.ch\/meinstartmenu\/\"},{\"@type\":\"ListItem\",\"position\":2,\"name\":\"SUPPORT\"}]},{\"@type\":\"WebSite\",\"@id\":\"https:\/\/www.infonautics-software.ch\/meinstartmenu\/#website\",\"url\":\"https:\/\/www.infonautics-software.ch\/meinstartmenu\/\",\"name\":\"My Start Menu DE\",\"description\":\"My Start Menu f\u00fcr Windows, Startmen\u00fc f\u00fcr Windows\",\"potentialAction\":[{\"@type\":\"SearchAction\",\"target\":{\"@type\":\"EntryPoint\",\"urlTemplate\":\"https:\/\/www.infonautics-software.ch\/meinstartmenu\/?s={search_term_string}\"},\"query-input\":{\"@type\":\"PropertyValueSpecification\",\"valueRequired\":true,\"valueName\":\"search_term_string\"}}],\"inLanguage\":\"de\"}]}<\/script>\n<!-- \/ Yoast SEO plugin. -->","yoast_head_json":{"title":"Mit Start Men\u00fc f\u00fcr Windows individuelles Startmen\u00fc erstellen","description":"Mit My Start Menu einfach pers\u00f6nliches Startmen\u00fc erstellen. Erstellen Sie Ihr Startmen\u00fc f\u00fcr Windows mit eigener Men\u00fcstruktur und beliebigen Men\u00fcordnern.","robots":{"index":"index","follow":"follow","max-snippet":"max-snippet:-1","max-image-preview":"max-image-preview:large","max-video-preview":"max-video-preview:-1"},"canonical":"https:\/\/www.infonautics-software.ch\/meinstartmenu\/startmenu-erstellen\/","og_locale":"de_DE","og_type":"article","og_title":"Mit Start Men\u00fc f\u00fcr Windows individuelles Startmen\u00fc erstellen","og_description":"Mit My Start Menu einfach pers\u00f6nliches Startmen\u00fc erstellen. Erstellen Sie Ihr Startmen\u00fc f\u00fcr Windows mit eigener Men\u00fcstruktur und beliebigen Men\u00fcordnern.","og_url":"https:\/\/www.infonautics-software.ch\/meinstartmenu\/startmenu-erstellen\/","og_site_name":"My Start Menu DE","twitter_card":"summary_large_image","twitter_site":"@InfonauticsGmbH","twitter_misc":{"Gesch\u00e4tzte Lesezeit":"2\u00a0Minuten"},"schema":{"@context":"https:\/\/schema.org","@graph":[{"@type":"WebPage","@id":"https:\/\/www.infonautics-software.ch\/meinstartmenu\/startmenu-erstellen\/","url":"https:\/\/www.infonautics-software.ch\/meinstartmenu\/startmenu-erstellen\/","name":"Mit Start Men\u00fc f\u00fcr Windows individuelles Startmen\u00fc erstellen","isPartOf":{"@id":"https:\/\/www.infonautics-software.ch\/meinstartmenu\/#website"},"datePublished":"2017-02-23T14:55:10+00:00","description":"Mit My Start Menu einfach pers\u00f6nliches Startmen\u00fc erstellen. Erstellen Sie Ihr Startmen\u00fc f\u00fcr Windows mit eigener Men\u00fcstruktur und beliebigen Men\u00fcordnern.","breadcrumb":{"@id":"https:\/\/www.infonautics-software.ch\/meinstartmenu\/startmenu-erstellen\/#breadcrumb"},"inLanguage":"de","potentialAction":[{"@type":"ReadAction","target":["https:\/\/www.infonautics-software.ch\/meinstartmenu\/startmenu-erstellen\/"]}]},{"@type":"BreadcrumbList","@id":"https:\/\/www.infonautics-software.ch\/meinstartmenu\/startmenu-erstellen\/#breadcrumb","itemListElement":[{"@type":"ListItem","position":1,"name":"Startseite","item":"https:\/\/www.infonautics-software.ch\/meinstartmenu\/"},{"@type":"ListItem","position":2,"name":"SUPPORT"}]},{"@type":"WebSite","@id":"https:\/\/www.infonautics-software.ch\/meinstartmenu\/#website","url":"https:\/\/www.infonautics-software.ch\/meinstartmenu\/","name":"My Start Menu DE","description":"My Start Menu f\u00fcr Windows, Startmen\u00fc f\u00fcr Windows","potentialAction":[{"@type":"SearchAction","target":{"@type":"EntryPoint","urlTemplate":"https:\/\/www.infonautics-software.ch\/meinstartmenu\/?s={search_term_string}"},"query-input":{"@type":"PropertyValueSpecification","valueRequired":true,"valueName":"search_term_string"}}],"inLanguage":"de"}]}},"jetpack_sharing_enabled":true,"jetpack_shortlink":"https:\/\/wp.me\/P6bdC3-2d","_links":{"self":[{"href":"https:\/\/www.infonautics-software.ch\/meinstartmenu\/wp-json\/wp\/v2\/pages\/137","targetHints":{"allow":["GET"]}}],"collection":[{"href":"https:\/\/www.infonautics-software.ch\/meinstartmenu\/wp-json\/wp\/v2\/pages"}],"about":[{"href":"https:\/\/www.infonautics-software.ch\/meinstartmenu\/wp-json\/wp\/v2\/types\/page"}],"author":[{"embeddable":true,"href":"https:\/\/www.infonautics-software.ch\/meinstartmenu\/wp-json\/wp\/v2\/users\/1"}],"replies":[{"embeddable":true,"href":"https:\/\/www.infonautics-software.ch\/meinstartmenu\/wp-json\/wp\/v2\/comments?post=137"}],"version-history":[{"count":10,"href":"https:\/\/www.infonautics-software.ch\/meinstartmenu\/wp-json\/wp\/v2\/pages\/137\/revisions"}],"predecessor-version":[{"id":1335,"href":"https:\/\/www.infonautics-software.ch\/meinstartmenu\/wp-json\/wp\/v2\/pages\/137\/revisions\/1335"}],"wp:attachment":[{"href":"https:\/\/www.infonautics-software.ch\/meinstartmenu\/wp-json\/wp\/v2\/media?parent=137"}],"curies":[{"name":"wp","href":"https:\/\/api.w.org\/{rel}","templated":true}]}}