{"id":37,"date":"2017-02-23T15:55:16","date_gmt":"2017-02-23T14:55:16","guid":{"rendered":"http:\/\/www.infonautics-software.ch\/mymenuexplorerde\/?page_id=37"},"modified":"2017-02-24T14:31:50","modified_gmt":"2017-02-24T13:31:50","slug":"home","status":"publish","type":"page","link":"https:\/\/www.infonautics-software.ch\/meinstartmenu\/","title":{"rendered":"HOME"},"content":{"rendered":"<p>[et_pb_section admin_label=&#8220;section&#8220; fullwidth=&#8220;on&#8220; specialty=&#8220;off&#8220; background_color=&#8220;#ffffff&#8220; inner_shadow=&#8220;off&#8220; parallax=&#8220;off&#8220; transparent_background=&#8220;off&#8220; allow_player_pause=&#8220;off&#8220; parallax_method=&#8220;off&#8220;][et_pb_fullwidth_slider admin_label=&#8220;Fullwidth Slider&#8220; show_arrows=&#8220;on&#8220; show_pagination=&#8220;on&#8220; auto=&#8220;off&#8220; parallax=&#8220;off&#8220; parallax_method=&#8220;off&#8220; auto_ignore_hover=&#8220;off&#8220; remove_inner_shadow=&#8220;off&#8220; background_position=&#8220;default&#8220; background_size=&#8220;default&#8220; hide_content_on_mobile=&#8220;off&#8220; hide_cta_on_mobile=&#8220;off&#8220; show_image_video_mobile=&#8220;off&#8220; custom_button=&#8220;off&#8220; button_letter_spacing=&#8220;0&#8243; button_use_icon=&#8220;default&#8220; button_icon_placement=&#8220;right&#8220; button_on_hover=&#8220;on&#8220; button_letter_spacing_hover=&#8220;0&#8243;] [et_pb_slide heading=&#8220;My Start Menu&#8220; button_text=&#8220;Jetzt herunterladen!&#8220; button_link=&#8220;https:\/\/www.infonautics-software.ch\/meinstartmenu\/startmenu-download\/&#8220; background_color=&#8220;#00458e&#8220; image=&#8220;https:\/\/www.infonautics-software.ch\/meinstartmenu\/wp-content\/uploads\/sites\/34\/2017\/03\/MyStartMenuBox400.png&#8220; alignment=&#8220;center&#8220; background_layout=&#8220;dark&#8220; allow_player_pause=&#8220;off&#8220; background_position=&#8220;default&#8220; background_size=&#8220;default&#8220; use_bg_overlay=&#8220;off&#8220; use_text_overlay=&#8220;off&#8220; text_border_radius=&#8220;3&#8243; header_font_select=&#8220;default&#8220; header_font=&#8220;||||&#8220; body_font_select=&#8220;default&#8220; body_font=&#8220;||||&#8220; custom_button=&#8220;off&#8220; button_font_select=&#8220;default&#8220; button_font=&#8220;||||&#8220; button_use_icon=&#8220;default&#8220; button_icon_placement=&#8220;right&#8220; button_on_hover=&#8220;on&#8220;]<\/p>\n<p>Ben\u00fctzen Sie <strong>My Start Menu<\/strong>\u00a0anstelle des Windows Startmen\u00fcs, um einfach und schnell Ihr <strong>pers\u00f6nliches Startmen\u00fc<\/strong> mit eigener \u00fcbersichtlicher Men\u00fcstruktur zu erstellen. Jetzt herunterladen und w\u00e4hrend 30 Tagen <strong>kostenlos testen<\/strong>.<\/p>\n<p>[\/et_pb_slide] [\/et_pb_fullwidth_slider][\/et_pb_section][et_pb_section admin_label=&#8220;section&#8220; fullwidth=&#8220;off&#8220; specialty=&#8220;on&#8220; transparent_background=&#8220;off&#8220; allow_player_pause=&#8220;off&#8220; inner_shadow=&#8220;off&#8220; parallax=&#8220;off&#8220; parallax_method=&#8220;off&#8220; custom_padding=&#8220;60px|60px&#8220; padding_mobile=&#8220;off&#8220; make_fullwidth=&#8220;off&#8220; use_custom_width=&#8220;off&#8220; width_unit=&#8220;on&#8220; make_equal=&#8220;off&#8220; use_custom_gutter=&#8220;off&#8220;][et_pb_column type=&#8220;3_4&#8243; specialty_columns=&#8220;3&#8243;][et_pb_row_inner admin_label=&#8220;row_inner&#8220;][et_pb_column_inner type=&#8220;4_4&#8243; saved_specialty_column_type=&#8220;3_4&#8243;][et_pb_text admin_label=&#8220;Text&#8220; background_layout=&#8220;light&#8220; text_orientation=&#8220;left&#8220; use_border_color=&#8220;off&#8220; border_color=&#8220;#ffffff&#8220; border_style=&#8220;solid&#8220;]<\/p>\n<h2><span style=\"color: #000080;\"><strong>Alternatives Windows Startmen\u00fc &#8222;My Start Menu&#8220;\u00a0<\/strong><\/span><\/h2>\n<p>&nbsp;<\/p>\n<p><span style=\"font-size: 12pt;\">Suchen Sie eine Alternative zum Startmen\u00fc von Windows?\u00a0 Mit dem <strong>Startmen\u00fc Ersatz My Start Menu <\/strong>f\u00fcr\u00a0Windows\u2122 sparen Sie Zeit und arbeiten effizienter im Alltag mit Windows. Und so geht\u2019s:<\/span><\/p>\n<ul>\n<li><span style=\"font-size: 12pt;\">Stellen Sie Ihr <strong>pers\u00f6nliches Windows Startmen\u00fc<\/strong> Ihren Bed\u00fcrfnissen entsprechend selber zusammen.<\/span><\/li>\n<li><span style=\"font-size: 12pt;\"><strong>Ersparen<\/strong> Sie sich das <strong>st\u00e4ndige m\u00fchsame Durchklicken<\/strong> durch die Windows Men\u00fcstruktur.<\/span><\/li>\n<li><span style=\"font-size: 12pt;\">Starten oder \u00f6ffnen Sie auf <strong>deutlich direkterem Weg<\/strong> das gew\u00fcnschte Programm oder Dokument.<\/span><\/li>\n<li><span style=\"font-size: 12pt;\">Suchen Sie eine Applikation oder ein Dokument? Nutzen Sie die schnelle <strong>Suchfunktion<\/strong> innerhalb aller Men\u00fcordner und den zuletzt ge\u00f6ffneten Dokumenten.<\/span><\/li>\n<\/ul>\n<p><span style=\"font-size: 12pt;\">Das Startmen\u00fc <strong>My Start Menu<\/strong>\u00a0verbindet wertvolle <strong>Funktionen eines flexiblen Startmen\u00fcs<\/strong> mit der <strong>vertrauten Bedienoberfl\u00e4che von Windows Explorer,<\/strong> ohne das originale Windows Startmen\u00fc zu ver\u00e4ndern. Einmal installiert, m\u00f6chten Sie My Start Menu\u00a0nicht mehr missen.<\/span><\/p>\n<p>[\/et_pb_text][\/et_pb_column_inner][\/et_pb_row_inner][et_pb_row_inner admin_label=&#8220;row_inner&#8220;][et_pb_column_inner type=&#8220;1_2&#8243; saved_specialty_column_type=&#8220;3_4&#8243;][et_pb_image admin_label=&#8220;Image&#8220; src=&#8220;https:\/\/www.infonautics-software.ch\/meinstartmenu\/wp-content\/uploads\/sites\/34\/2017\/03\/MyStartMenuMenustruktur.png&#8220; show_in_lightbox=&#8220;on&#8220; url_new_window=&#8220;on&#8220; animation=&#8220;off&#8220; sticky=&#8220;off&#8220; url=&#8220;https:\/\/www.infonautics-software.ch\/mymenuexplorerde\/wp-content\/uploads\/sites\/34\/2015\/05\/screenshotMME3.png&#8220; alt=&#8220;My Start Menu f\u00fcr Windows &#8211; Alternatives Windows Startmen\u00fc&#8220; title_text=&#8220;My Start Menu f\u00fcr Windows &#8211; Alternatives Windows Startmen\u00fc&#8220; align=&#8220;left&#8220; force_fullwidth=&#8220;off&#8220; always_center_on_mobile=&#8220;on&#8220; use_border_color=&#8220;off&#8220; border_color=&#8220;#ffffff&#8220; border_style=&#8220;solid&#8220; use_overlay=&#8220;off&#8220;] [\/et_pb_image][\/et_pb_column_inner][et_pb_column_inner type=&#8220;1_2&#8243; saved_specialty_column_type=&#8220;3_4&#8243;][et_pb_text admin_label=&#8220;Text&#8220; background_layout=&#8220;light&#8220; text_orientation=&#8220;left&#8220; use_border_color=&#8220;off&#8220; border_color=&#8220;#ffffff&#8220; border_style=&#8220;solid&#8220;]<\/p>\n<h3><span style=\"color: #000080;\"><strong>Pers\u00f6nliches Windows Startmen\u00fc erstellen<\/strong>\u00a0<\/span><\/h3>\n<p><span style=\"font-size: 12pt;\">Stellen Sie sich Ihr <strong>pers\u00f6nliches Windows Startmen\u00fc<\/strong>\u00a0mit eigener <strong>Men\u00fcstruktur<\/strong> zusammen, um im t\u00e4glichen Arbeitsablauf sofort und direkt auf die <strong>h\u00e4ufig genutzten Programme und Dokumente<\/strong> zugreifen zu k\u00f6nnen. Ersparen Sie sich das Suchen und m\u00fchsame Durchklicken durch die Windows Men\u00fcstruktur bis Sie die gew\u00fcnschte Anwendung starten k\u00f6nnen.<\/span><\/p>\n<p><em>(Zum Vergr\u00f6ssern auf Bild klicken!)<\/em><\/p>\n<p>[\/et_pb_text][\/et_pb_column_inner][\/et_pb_row_inner][et_pb_row_inner admin_label=&#8220;row_inner&#8220;][et_pb_column_inner type=&#8220;1_2&#8243; saved_specialty_column_type=&#8220;3_4&#8243;][et_pb_text admin_label=&#8220;Text&#8220; background_layout=&#8220;light&#8220; text_orientation=&#8220;left&#8220; use_border_color=&#8220;off&#8220; border_color=&#8220;#ffffff&#8220; border_style=&#8220;solid&#8220;]<\/p>\n<h3><span style=\"color: #000080;\"><strong>Men\u00fcerweiterung mit Drag &amp; Drop <\/strong><\/span><\/h3>\n<p><span style=\"font-size: 12pt;\">Mit der <strong>Drag &amp; Drop<\/strong> Funktion, durch <strong>Kopieren\/Einf\u00fcgen<\/strong> (copy\/paste) oder mit dem <strong>Verkn\u00fcpfungsassistenten<\/strong> erweitern Sie einfach und schnell das eigene Startmen\u00fc mit gew\u00fcnschten Objekten, wie: Programme, Dokumente, Dateien, Verzeichnisse, Laufwerke, Netzlaufwerke oder Webadressen.<\/span><\/p>\n<p><span style=\"font-size: 12pt;\">Sie k\u00f6nnen die einzelnen Objekte im Startmen\u00fc My Start Menu f\u00fcr Windows\u00a0umbenennen, verschieben, kopieren, l\u00f6schen, an die Taskleiste heften und in der Merkliste aufnehmen.<\/span><\/p>\n<p><em>(Zum Vergr\u00f6ssern auf Bild klicken!)<\/em><\/p>\n<p>[\/et_pb_text][\/et_pb_column_inner][et_pb_column_inner type=&#8220;1_2&#8243; saved_specialty_column_type=&#8220;3_4&#8243;][et_pb_image admin_label=&#8220;Image&#8220; src=&#8220;https:\/\/www.infonautics-software.ch\/meinstartmenu\/wp-content\/uploads\/sites\/34\/2017\/02\/DragDrop.png&#8220; alt=&#8220;Einfache Men\u00fcerweiterung mit Drag &amp; Drop&#8220; title_text=&#8220;Einfache Men\u00fcerweiterung mit Drag &amp; Drop&#8220; show_in_lightbox=&#8220;on&#8220; url_new_window=&#8220;off&#8220; animation=&#8220;off&#8220; sticky=&#8220;off&#8220; use_overlay=&#8220;off&#8220; align=&#8220;left&#8220; force_fullwidth=&#8220;off&#8220; always_center_on_mobile=&#8220;on&#8220; use_border_color=&#8220;off&#8220; border_color=&#8220;#ffffff&#8220; border_style=&#8220;solid&#8220;] [\/et_pb_image][\/et_pb_column_inner][\/et_pb_row_inner][et_pb_row_inner admin_label=&#8220;row_inner&#8220;][et_pb_column_inner type=&#8220;1_2&#8243; saved_specialty_column_type=&#8220;3_4&#8243;][et_pb_image admin_label=&#8220;Image&#8220; src=&#8220;https:\/\/www.infonautics-software.ch\/meinstartmenu\/wp-content\/uploads\/sites\/34\/2017\/02\/Merkliste.png&#8220; alt=&#8220;Erstellen Sie Ihre Merkliste im Startmen\u00fc My Start Menu f\u00fcr Windows&#8220; title_text=&#8220;Erstellen Sie Ihre Merkliste im Startmen\u00fc My Start Menu f\u00fcr Windows&#8220; show_in_lightbox=&#8220;on&#8220; url_new_window=&#8220;off&#8220; animation=&#8220;off&#8220; sticky=&#8220;off&#8220; use_overlay=&#8220;off&#8220; align=&#8220;left&#8220; force_fullwidth=&#8220;off&#8220; always_center_on_mobile=&#8220;on&#8220; use_border_color=&#8220;off&#8220; border_color=&#8220;#ffffff&#8220; border_style=&#8220;solid&#8220;] [\/et_pb_image][\/et_pb_column_inner][et_pb_column_inner type=&#8220;1_2&#8243; saved_specialty_column_type=&#8220;3_4&#8243;][et_pb_text admin_label=&#8220;Text&#8220; background_layout=&#8220;light&#8220; text_orientation=&#8220;left&#8220; use_border_color=&#8220;off&#8220; border_color=&#8220;#ffffff&#8220; border_style=&#8220;solid&#8220;]<\/p>\n<h3><span style=\"color: #000080;\"><strong>Merkliste<\/strong><\/span><\/h3>\n<p><span style=\"font-size: 12pt;\">Arbeiten Sie regelm\u00e4ssig mit denselben Programmen und Dokumenten? Stellen Sie sich eine eigene Merkliste dieser Applikationen und Dokumente in Ihrem pers\u00f6nlichen Windows Startmen\u00fc zusammen.<\/span><\/p>\n<p><em>(Zum Vergr\u00f6ssern auf Bild klicken!)<\/em><\/p>\n<p>&nbsp;<\/p>\n<p>[\/et_pb_text][\/et_pb_column_inner][\/et_pb_row_inner][et_pb_row_inner admin_label=&#8220;row_inner&#8220;][et_pb_column_inner type=&#8220;1_2&#8243; saved_specialty_column_type=&#8220;3_4&#8243;][et_pb_text admin_label=&#8220;Text&#8220; background_layout=&#8220;light&#8220; text_orientation=&#8220;left&#8220; use_border_color=&#8220;off&#8220; border_color=&#8220;#ffffff&#8220; border_style=&#8220;solid&#8220;]<\/p>\n<h3><span style=\"color: #000080;\"><strong>Anzeige<\/strong><\/span><\/h3>\n<p><span style=\"font-size: 12pt;\">W\u00e4hlen Sie die gew\u00fcnschte Ansicht. Die einzelnen Objekte k\u00f6nnen mit <strong>grossen Icons<\/strong> oder in <strong>Listen mit kleinen Icons<\/strong> angezeigt werden.<\/span><\/p>\n<p><em>(Zum Vergr\u00f6ssern auf Bild klicken!)<\/em><\/p>\n<p>[\/et_pb_text][\/et_pb_column_inner][et_pb_column_inner type=&#8220;1_2&#8243; saved_specialty_column_type=&#8220;3_4&#8243;][et_pb_image admin_label=&#8220;Image&#8220; src=&#8220;https:\/\/www.infonautics-software.ch\/meinstartmenu\/wp-content\/uploads\/sites\/34\/2015\/06\/MyMenuExplorerAnsicht.png&#8220; alt=&#8220;Anzeige im Startmen\u00fc My Start Menu f\u00fcr Windows&#8220; title_text=&#8220;Anzeige im Startmen\u00fc My Start Menu f\u00fcr Windows&#8220; show_in_lightbox=&#8220;on&#8220; url_new_window=&#8220;off&#8220; animation=&#8220;off&#8220; sticky=&#8220;off&#8220; use_overlay=&#8220;off&#8220; align=&#8220;left&#8220; force_fullwidth=&#8220;off&#8220; always_center_on_mobile=&#8220;on&#8220; use_border_color=&#8220;off&#8220; border_color=&#8220;#ffffff&#8220; border_style=&#8220;solid&#8220;] [\/et_pb_image][\/et_pb_column_inner][\/et_pb_row_inner][et_pb_row_inner admin_label=&#8220;row_inner&#8220;][et_pb_column_inner type=&#8220;1_2&#8243; saved_specialty_column_type=&#8220;3_4&#8243;][et_pb_image admin_label=&#8220;Image&#8220; src=&#8220;https:\/\/www.infonautics-software.ch\/meinstartmenu\/wp-content\/uploads\/sites\/34\/2017\/02\/Suchfunktion.png&#8220; alt=&#8220;Suchfunktion im Startmen\u00fc My Start Menu f\u00fcr Windows&#8220; title_text=&#8220;Suchfunktion im Startmen\u00fc My Start Menu f\u00fcr Windows&#8220; show_in_lightbox=&#8220;on&#8220; url_new_window=&#8220;off&#8220; animation=&#8220;off&#8220; sticky=&#8220;off&#8220; use_overlay=&#8220;off&#8220; align=&#8220;left&#8220; force_fullwidth=&#8220;off&#8220; always_center_on_mobile=&#8220;on&#8220; use_border_color=&#8220;off&#8220; border_color=&#8220;#ffffff&#8220; border_style=&#8220;solid&#8220;] [\/et_pb_image][\/et_pb_column_inner][et_pb_column_inner type=&#8220;1_2&#8243; saved_specialty_column_type=&#8220;3_4&#8243;][et_pb_text admin_label=&#8220;Text&#8220; background_layout=&#8220;light&#8220; text_orientation=&#8220;left&#8220; use_border_color=&#8220;off&#8220; border_color=&#8220;#ffffff&#8220; border_style=&#8220;solid&#8220;]<\/p>\n<h3><span style=\"color: #000080;\"><strong>Schnelle Suche<\/strong><\/span><\/h3>\n<p><span style=\"font-size: 12pt;\">Wissen Sie nicht mehr genau, wo Sie ein Programm in Ihrer Men\u00fcstruktur abgelegt haben oder suchen Sie ein bestimmtes Dokument? Mit der<strong> integrierten Suchfunktion<\/strong> von My Start Menu finden Sie die gew\u00fcnschte Anwendung oder das gesuchte Dokument sofort.<\/span><\/p>\n<p><em>(Zum Vergr\u00f6ssern auf Bild klicken!)<\/em><\/p>\n<p>[\/et_pb_text][\/et_pb_column_inner][\/et_pb_row_inner][et_pb_row_inner admin_label=&#8220;row_inner&#8220;][et_pb_column_inner type=&#8220;1_2&#8243; saved_specialty_column_type=&#8220;3_4&#8243;][et_pb_text admin_label=&#8220;Text&#8220; background_layout=&#8220;light&#8220; text_orientation=&#8220;left&#8220; use_border_color=&#8220;off&#8220; border_color=&#8220;#ffffff&#8220; border_style=&#8220;solid&#8220;]<\/p>\n<h3><span style=\"color: #000080;\"><strong>Direkter Zugriff auf Systemfunktionen<\/strong><\/span><\/h3>\n<p><span style=\"font-size: 12pt;\">My Start Menu f\u00fcr Windows erm\u00f6glicht den direkten Zugriff auf Systemfunktionen wie <strong>Windows Explorer, Systemsteuerung, Drucker, Taskmanager, Ausf\u00fchren und Herunterfahren.<\/strong><\/span><\/p>\n<p><em>(Zum Vergr\u00f6ssern auf Bild klicken!)<\/em><\/p>\n<p>[\/et_pb_text][\/et_pb_column_inner][et_pb_column_inner type=&#8220;1_2&#8243; saved_specialty_column_type=&#8220;3_4&#8243;][et_pb_image admin_label=&#8220;Image&#8220; src=&#8220;https:\/\/www.infonautics-software.ch\/meinstartmenu\/wp-content\/uploads\/sites\/34\/2017\/03\/MyStartMenuSystemfunktionen.png&#8220; alt=&#8220;Direkter Zugriff auf Systemfunktionen in My Start Menu f\u00fcr Windows&#8220; title_text=&#8220;Direkter Zugriff auf Systemfunktionen in My Start Menu f\u00fcr Windows&#8220; show_in_lightbox=&#8220;on&#8220; url_new_window=&#8220;off&#8220; animation=&#8220;off&#8220; sticky=&#8220;off&#8220; use_overlay=&#8220;off&#8220; align=&#8220;left&#8220; force_fullwidth=&#8220;off&#8220; always_center_on_mobile=&#8220;on&#8220; use_border_color=&#8220;off&#8220; border_color=&#8220;#ffffff&#8220; border_style=&#8220;solid&#8220;] [\/et_pb_image][\/et_pb_column_inner][\/et_pb_row_inner][et_pb_row_inner admin_label=&#8220;row_inner&#8220;][et_pb_column_inner type=&#8220;1_2&#8243; saved_specialty_column_type=&#8220;3_4&#8243;][et_pb_image admin_label=&#8220;Image&#8220; src=&#8220;https:\/\/www.infonautics-software.ch\/meinstartmenu\/wp-content\/uploads\/sites\/34\/2017\/02\/ZuletztGestartet.png&#8220; alt=&#8220;Zuletzt gestartete Objekte und ge\u00f6ffnete Dokumente in My Start Menu&#8220; title_text=&#8220;Zuletzt gestartete Objekte und ge\u00f6ffnete Dokumente in My Start Menu&#8220; show_in_lightbox=&#8220;on&#8220; url_new_window=&#8220;off&#8220; animation=&#8220;off&#8220; sticky=&#8220;off&#8220; use_overlay=&#8220;off&#8220; align=&#8220;left&#8220; force_fullwidth=&#8220;off&#8220; always_center_on_mobile=&#8220;on&#8220; use_border_color=&#8220;off&#8220; border_color=&#8220;#ffffff&#8220; border_style=&#8220;solid&#8220;] [\/et_pb_image][\/et_pb_column_inner][et_pb_column_inner type=&#8220;1_2&#8243; saved_specialty_column_type=&#8220;3_4&#8243;][et_pb_text admin_label=&#8220;Text&#8220; background_layout=&#8220;light&#8220; text_orientation=&#8220;left&#8220; use_border_color=&#8220;off&#8220; border_color=&#8220;#ffffff&#8220; border_style=&#8220;solid&#8220;]<\/p>\n<h3><span style=\"color: #000080;\"><strong>Zuletzt gestartet \/ Zuletzt ge\u00f6ffnet<\/strong><\/span><\/h3>\n<p><span style=\"font-size: 12pt;\">Mit den beiden Listen <strong>&#8222;Zuletzt gestartete Objekte&#8220;<\/strong> und &#8222;<strong>Zuletzt ge\u00f6ffnete Dokumente&#8220;<\/strong> haben Sie schnellen Zugriff auf die k\u00fcrzlich benutzten Objekte und Dokumente.<\/span><\/p>\n<p><em>(Zum Vergr\u00f6ssern auf Bild klicken!)<\/em><\/p>\n<p>[\/et_pb_text][\/et_pb_column_inner][\/et_pb_row_inner][et_pb_row_inner admin_label=&#8220;row_inner&#8220;][et_pb_column_inner type=&#8220;4_4&#8243; saved_specialty_column_type=&#8220;3_4&#8243;][et_pb_text admin_label=&#8220;Text&#8220; background_layout=&#8220;light&#8220; text_orientation=&#8220;left&#8220; use_border_color=&#8220;off&#8220; border_color=&#8220;#ffffff&#8220; border_style=&#8220;solid&#8220;]<\/p>\n<p><span style=\"font-size: 12pt;\"><strong>My Start Menu <\/strong>ist\u00a0Ihr <strong>alternatives Windows Startmen\u00fc<\/strong> f\u00fcr speditives Arbeiten. <strong><a href=\"https:\/\/www.infonautics-software.ch\/meinstartmenu\/startmenu-download\/\">Jetzt herunterladen<\/a><\/strong> und kostenlos testen. F\u00fcr weitere Informationen zu den Basisfunktionen von My Start Menu pr\u00fcfen Sie unsere <strong><a href=\"https:\/\/www.infonautics-software.ch\/meinstartmenu\/startmenu-ersatz\/\">Video-Anleitung.<\/a><\/strong><\/span><\/p>\n<p>[\/et_pb_text][\/et_pb_column_inner][\/et_pb_row_inner][\/et_pb_column][et_pb_column type=&#8220;1_4&#8243;][et_pb_sidebar admin_label=&#8220;Sidebar&#8220; orientation=&#8220;left&#8220; area=&#8220;sidebar-1&#8243; background_layout=&#8220;light&#8220;] [\/et_pb_sidebar][\/et_pb_column][\/et_pb_section]<\/p>\n","protected":false},"excerpt":{"rendered":"<p>Ben\u00fctzen Sie My Start Menu\u00a0anstelle des Windows Startmen\u00fcs, um einfach und schnell Ihr pers\u00f6nliches Startmen\u00fc mit eigener \u00fcbersichtlicher Men\u00fcstruktur zu erstellen. Jetzt herunterladen und w\u00e4hrend 30 Tagen kostenlos testen. Alternatives Windows Startmen\u00fc &#8222;My Start Menu&#8220;\u00a0 &nbsp; Suchen Sie eine Alternative zum Startmen\u00fc von Windows?\u00a0 Mit dem Startmen\u00fc Ersatz My Start Menu f\u00fcr\u00a0Windows\u2122 sparen Sie Zeit [&hellip;]<\/p>\n","protected":false},"author":1,"featured_media":0,"parent":0,"menu_order":0,"comment_status":"open","ping_status":"open","template":"","meta":{"_et_pb_use_builder":"on","_et_pb_old_content":"","_et_gb_content_width":"","jetpack_post_was_ever_published":false,"footnotes":""},"class_list":["post-37","page","type-page","status-publish","hentry"],"yoast_head":"<!-- This site is optimized with the Yoast SEO plugin v25.0 - https:\/\/yoast.com\/wordpress\/plugins\/seo\/ -->\n<title>Alternatives Windows Startmen\u00fc My Start Menu f\u00fcr Ihren Computer<\/title>\n<meta name=\"description\" content=\"Suchen Sie ein alternatives Windows Startmen\u00fc? Mit My Start Menu erstellen Sie Ihr pers\u00f6nliches Startmen\u00fc mit eigener Struktur und beliebigen Men\u00fcordnern\" \/>\n<meta name=\"robots\" content=\"index, follow, max-snippet:-1, max-image-preview:large, max-video-preview:-1\" \/>\n<link rel=\"canonical\" href=\"https:\/\/www.infonautics-software.ch\/meinstartmenu\/\" \/>\n<meta property=\"og:locale\" content=\"de_DE\" \/>\n<meta property=\"og:type\" content=\"article\" \/>\n<meta property=\"og:title\" content=\"Alternatives Windows Startmen\u00fc My Start Menu f\u00fcr Ihren Computer\" \/>\n<meta property=\"og:description\" content=\"Suchen Sie ein alternatives Windows Startmen\u00fc? Mit My Start Menu erstellen Sie Ihr pers\u00f6nliches Startmen\u00fc mit eigener Struktur und beliebigen Men\u00fcordnern\" \/>\n<meta property=\"og:url\" content=\"https:\/\/www.infonautics-software.ch\/meinstartmenu\/\" \/>\n<meta property=\"og:site_name\" content=\"My Start Menu DE\" \/>\n<meta property=\"article:modified_time\" content=\"2017-02-24T13:31:50+00:00\" \/>\n<meta name=\"twitter:card\" content=\"summary_large_image\" \/>\n<meta name=\"twitter:site\" content=\"@InfonauticsGmbH\" \/>\n<meta name=\"twitter:label1\" content=\"Gesch\u00e4tzte Lesezeit\" \/>\n\t<meta name=\"twitter:data1\" content=\"10\u00a0Minuten\" \/>\n<script type=\"application\/ld+json\" class=\"yoast-schema-graph\">{\"@context\":\"https:\/\/schema.org\",\"@graph\":[{\"@type\":\"WebPage\",\"@id\":\"https:\/\/www.infonautics-software.ch\/meinstartmenu\/\",\"url\":\"https:\/\/www.infonautics-software.ch\/meinstartmenu\/\",\"name\":\"Alternatives Windows Startmen\u00fc My Start Menu f\u00fcr Ihren Computer\",\"isPartOf\":{\"@id\":\"https:\/\/www.infonautics-software.ch\/meinstartmenu\/#website\"},\"datePublished\":\"2017-02-23T14:55:16+00:00\",\"dateModified\":\"2017-02-24T13:31:50+00:00\",\"description\":\"Suchen Sie ein alternatives Windows Startmen\u00fc? Mit My Start Menu erstellen Sie Ihr pers\u00f6nliches Startmen\u00fc mit eigener Struktur und beliebigen Men\u00fcordnern\",\"breadcrumb\":{\"@id\":\"https:\/\/www.infonautics-software.ch\/meinstartmenu\/#breadcrumb\"},\"inLanguage\":\"de\",\"potentialAction\":[{\"@type\":\"ReadAction\",\"target\":[\"https:\/\/www.infonautics-software.ch\/meinstartmenu\/\"]}]},{\"@type\":\"BreadcrumbList\",\"@id\":\"https:\/\/www.infonautics-software.ch\/meinstartmenu\/#breadcrumb\",\"itemListElement\":[{\"@type\":\"ListItem\",\"position\":1,\"name\":\"Startseite\",\"item\":\"https:\/\/www.infonautics-software.ch\/meinstartmenu\/\"},{\"@type\":\"ListItem\",\"position\":2,\"name\":\"HOME\"}]},{\"@type\":\"WebSite\",\"@id\":\"https:\/\/www.infonautics-software.ch\/meinstartmenu\/#website\",\"url\":\"https:\/\/www.infonautics-software.ch\/meinstartmenu\/\",\"name\":\"My Start Menu DE\",\"description\":\"My Start Menu f\u00fcr Windows, Startmen\u00fc f\u00fcr Windows\",\"potentialAction\":[{\"@type\":\"SearchAction\",\"target\":{\"@type\":\"EntryPoint\",\"urlTemplate\":\"https:\/\/www.infonautics-software.ch\/meinstartmenu\/?s={search_term_string}\"},\"query-input\":{\"@type\":\"PropertyValueSpecification\",\"valueRequired\":true,\"valueName\":\"search_term_string\"}}],\"inLanguage\":\"de\"}]}<\/script>\n<!-- \/ Yoast SEO plugin. -->","yoast_head_json":{"title":"Alternatives Windows Startmen\u00fc My Start Menu f\u00fcr Ihren Computer","description":"Suchen Sie ein alternatives Windows Startmen\u00fc? Mit My Start Menu erstellen Sie Ihr pers\u00f6nliches Startmen\u00fc mit eigener Struktur und beliebigen Men\u00fcordnern","robots":{"index":"index","follow":"follow","max-snippet":"max-snippet:-1","max-image-preview":"max-image-preview:large","max-video-preview":"max-video-preview:-1"},"canonical":"https:\/\/www.infonautics-software.ch\/meinstartmenu\/","og_locale":"de_DE","og_type":"article","og_title":"Alternatives Windows Startmen\u00fc My Start Menu f\u00fcr Ihren Computer","og_description":"Suchen Sie ein alternatives Windows Startmen\u00fc? Mit My Start Menu erstellen Sie Ihr pers\u00f6nliches Startmen\u00fc mit eigener Struktur und beliebigen Men\u00fcordnern","og_url":"https:\/\/www.infonautics-software.ch\/meinstartmenu\/","og_site_name":"My Start Menu DE","article_modified_time":"2017-02-24T13:31:50+00:00","twitter_card":"summary_large_image","twitter_site":"@InfonauticsGmbH","twitter_misc":{"Gesch\u00e4tzte Lesezeit":"10\u00a0Minuten"},"schema":{"@context":"https:\/\/schema.org","@graph":[{"@type":"WebPage","@id":"https:\/\/www.infonautics-software.ch\/meinstartmenu\/","url":"https:\/\/www.infonautics-software.ch\/meinstartmenu\/","name":"Alternatives Windows Startmen\u00fc My Start Menu f\u00fcr Ihren Computer","isPartOf":{"@id":"https:\/\/www.infonautics-software.ch\/meinstartmenu\/#website"},"datePublished":"2017-02-23T14:55:16+00:00","dateModified":"2017-02-24T13:31:50+00:00","description":"Suchen Sie ein alternatives Windows Startmen\u00fc? Mit My Start Menu erstellen Sie Ihr pers\u00f6nliches Startmen\u00fc mit eigener Struktur und beliebigen Men\u00fcordnern","breadcrumb":{"@id":"https:\/\/www.infonautics-software.ch\/meinstartmenu\/#breadcrumb"},"inLanguage":"de","potentialAction":[{"@type":"ReadAction","target":["https:\/\/www.infonautics-software.ch\/meinstartmenu\/"]}]},{"@type":"BreadcrumbList","@id":"https:\/\/www.infonautics-software.ch\/meinstartmenu\/#breadcrumb","itemListElement":[{"@type":"ListItem","position":1,"name":"Startseite","item":"https:\/\/www.infonautics-software.ch\/meinstartmenu\/"},{"@type":"ListItem","position":2,"name":"HOME"}]},{"@type":"WebSite","@id":"https:\/\/www.infonautics-software.ch\/meinstartmenu\/#website","url":"https:\/\/www.infonautics-software.ch\/meinstartmenu\/","name":"My Start Menu DE","description":"My Start Menu f\u00fcr Windows, Startmen\u00fc f\u00fcr Windows","potentialAction":[{"@type":"SearchAction","target":{"@type":"EntryPoint","urlTemplate":"https:\/\/www.infonautics-software.ch\/meinstartmenu\/?s={search_term_string}"},"query-input":{"@type":"PropertyValueSpecification","valueRequired":true,"valueName":"search_term_string"}}],"inLanguage":"de"}]}},"jetpack_sharing_enabled":true,"jetpack_shortlink":"https:\/\/wp.me\/P6bdC3-B","_links":{"self":[{"href":"https:\/\/www.infonautics-software.ch\/meinstartmenu\/wp-json\/wp\/v2\/pages\/37","targetHints":{"allow":["GET"]}}],"collection":[{"href":"https:\/\/www.infonautics-software.ch\/meinstartmenu\/wp-json\/wp\/v2\/pages"}],"about":[{"href":"https:\/\/www.infonautics-software.ch\/meinstartmenu\/wp-json\/wp\/v2\/types\/page"}],"author":[{"embeddable":true,"href":"https:\/\/www.infonautics-software.ch\/meinstartmenu\/wp-json\/wp\/v2\/users\/1"}],"replies":[{"embeddable":true,"href":"https:\/\/www.infonautics-software.ch\/meinstartmenu\/wp-json\/wp\/v2\/comments?post=37"}],"version-history":[{"count":9,"href":"https:\/\/www.infonautics-software.ch\/meinstartmenu\/wp-json\/wp\/v2\/pages\/37\/revisions"}],"predecessor-version":[{"id":1319,"href":"https:\/\/www.infonautics-software.ch\/meinstartmenu\/wp-json\/wp\/v2\/pages\/37\/revisions\/1319"}],"wp:attachment":[{"href":"https:\/\/www.infonautics-software.ch\/meinstartmenu\/wp-json\/wp\/v2\/media?parent=37"}],"curies":[{"name":"wp","href":"https:\/\/api.w.org\/{rel}","templated":true}]}}