{"id":125,"date":"2022-02-21T11:23:10","date_gmt":"2022-02-21T10:23:10","guid":{"rendered":"http:\/\/www.infonautics-software.ch\/mymenuexplorerfr\/?page_id=125"},"modified":"2022-02-21T19:21:19","modified_gmt":"2022-02-21T18:21:19","slug":"menu-demarrer","status":"publish","type":"page","link":"https:\/\/www.infonautics-software.ch\/menudemarrer\/menu-demarrer\/","title":{"rendered":"FONCTIONS"},"content":{"rendered":"<p>[et_pb_section fb_built=\u00a0\u00bb1&Prime; fullwidth=\u00a0\u00bbon\u00a0\u00bb admin_label=\u00a0\u00bbsection\u00a0\u00bb _builder_version=\u00a0\u00bb3.22&Prime; background_color=\u00a0\u00bb#00458e\u00a0\u00bb transparent_background=\u00a0\u00bboff\u00a0\u00bb][et_pb_fullwidth_header title=\u00a0\u00bbMy Start Menu le menu D\u00e9marrer pour Windows\u00a0\u00bb content_max_width=\u00a0\u00bbnone\u00a0\u00bb admin_label=\u00a0\u00bbFullwidth Header\u00a0\u00bb _builder_version=\u00a0\u00bb3.16&Prime; background_color=\u00a0\u00bbrgba(255, 255, 255, 0)\u00a0\u00bb button_one_letter_spacing_hover=\u00a0\u00bb0&Prime; button_two_letter_spacing_hover=\u00a0\u00bb0&Prime; button_one_text_size__hover_enabled=\u00a0\u00bboff\u00a0\u00bb button_two_text_size__hover_enabled=\u00a0\u00bboff\u00a0\u00bb button_one_text_color__hover_enabled=\u00a0\u00bboff\u00a0\u00bb button_two_text_color__hover_enabled=\u00a0\u00bboff\u00a0\u00bb button_one_border_width__hover_enabled=\u00a0\u00bboff\u00a0\u00bb button_two_border_width__hover_enabled=\u00a0\u00bboff\u00a0\u00bb button_one_border_color__hover_enabled=\u00a0\u00bboff\u00a0\u00bb button_two_border_color__hover_enabled=\u00a0\u00bboff\u00a0\u00bb button_one_border_radius__hover_enabled=\u00a0\u00bboff\u00a0\u00bb button_two_border_radius__hover_enabled=\u00a0\u00bboff\u00a0\u00bb button_one_letter_spacing__hover_enabled=\u00a0\u00bbon\u00a0\u00bb button_one_letter_spacing__hover=\u00a0\u00bb0&Prime; button_two_letter_spacing__hover_enabled=\u00a0\u00bbon\u00a0\u00bb button_two_letter_spacing__hover=\u00a0\u00bb0&Prime; button_one_bg_color__hover_enabled=\u00a0\u00bboff\u00a0\u00bb button_two_bg_color__hover_enabled=\u00a0\u00bboff\u00a0\u00bb][\/et_pb_fullwidth_header][\/et_pb_section][et_pb_section fb_built=\u00a0\u00bb1&Prime; specialty=\u00a0\u00bbon\u00a0\u00bb custom_padding_last_edited=\u00a0\u00bbon|desktop\u00a0\u00bb admin_label=\u00a0\u00bbsection\u00a0\u00bb _builder_version=\u00a0\u00bb3.22&Prime; custom_padding=\u00a0\u00bb50px||40px|\u00a0\u00bb custom_padding_tablet=\u00a0\u00bb50px|0|50px|0&Prime; custom_padding_phone=\u00a0\u00bb\u00a0\u00bb transparent_background=\u00a0\u00bboff\u00a0\u00bb padding_mobile=\u00a0\u00bboff\u00a0\u00bb make_fullwidth=\u00a0\u00bboff\u00a0\u00bb use_custom_width=\u00a0\u00bboff\u00a0\u00bb width_unit=\u00a0\u00bbon\u00a0\u00bb][et_pb_column type=\u00a0\u00bb3_4&Prime; specialty_columns=\u00a0\u00bb3&Prime; _builder_version=\u00a0\u00bb3.25&Prime; custom_padding=\u00a0\u00bb|||\u00a0\u00bb custom_padding__hover=\u00a0\u00bb|||\u00a0\u00bb][et_pb_row_inner _builder_version=\u00a0\u00bb3.25&Prime;][et_pb_column_inner saved_specialty_column_type=\u00a0\u00bb3_4&Prime; _builder_version=\u00a0\u00bb3.25&Prime; custom_padding=\u00a0\u00bb|||\u00a0\u00bb custom_padding__hover=\u00a0\u00bb|||\u00a0\u00bb][et_pb_text admin_label=\u00a0\u00bbText\u00a0\u00bb _builder_version=\u00a0\u00bb3.27.4&Prime; module_alignment=\u00a0\u00bbleft\u00a0\u00bb use_border_color=\u00a0\u00bboff\u00a0\u00bb]<\/p>\n<h2><span style=\"color: #000080;\"><strong>Cr\u00e9ez votre propre et rapide menu D\u00e9marrer<\/strong><\/span><\/h2>\n<p>&nbsp;<\/p>\n<p><span style=\"font-size: 12pt;\">Avec le menu D\u00e9marrer <strong>My Start Menu<\/strong>\u00a0pour Microsoft Windows&#x2122; des applications et des documents peuvent \u00eatre lanc\u00e9s et ouverts plus rapidement. L&rsquo;interface utilisateur s&rsquo;inspire de l&rsquo;apparence de Windows Explorer familiaris\u00e9. Apr\u00e8s le d\u00e9marrage d&rsquo;un \u00e9l\u00e9ment les dossiers du menu restent ouverts. D&rsquo;autres programmes et \u00e9l\u00e9ments peuvent \u00eatre simplement ajout\u00e9s par glisser-d\u00e9poser, copier-coller ou par l&rsquo;assistant de raccourcis de Windows. Des diff\u00e9rentes fonctions des syst\u00e8mes comme Windows Explorer et le panneau de configuration Windows\u00a0 peuvent \u00eatre directement ouverts par les ic\u00f4nes correspondantes. La <strong>fonction de recherche<\/strong>, la <strong>liste de favoris<\/strong> ainsi que les listes <strong>d&rsquo;\u00e9l\u00e9ments r\u00e9cemment utilis\u00e9s<\/strong> et <strong>des documents r\u00e9cemment ouverts<\/strong> permettent un acc\u00e8s encore plus rapide aux programmes et aux documents. \u00a0L&rsquo;interface utilisateur facile et la fen\u00eatre de My Start Menu\u00a0toujours pr\u00e9sente rendent l&rsquo;utilisation de l&rsquo;ordinateur plus facile, plus rapide et plus confortable. \u00a0Il est plus simple de personnaliser le menu D\u00e9marrer selon vos propres besoins.\u00a0<strong>Le menu D\u00e9marrer de Windows par d\u00e9faut ne sera pas modifi\u00e9 en aucune fa\u00e7on.<\/strong><\/span><\/p>\n<p>&nbsp;<\/p>\n<p><span style=\"font-size: 12pt;\">\u00a0<\/span><\/p>\n<h3><span style=\"color: #000080;\"><strong><b class=\"b4\">Tutoriel <\/b><b class=\"b5\">vid\u00e9o<\/b><b class=\"b4\">\u00a0(en anglais)<\/b><\/strong><\/span><\/h3>\n<p><span style=\"font-size: 12pt;\">Les\u00a0caract\u00e9ristiques de base<b class=\"b3\">\u00a0<\/b>du menu D\u00e9marrer <strong>My Start Menu<\/strong>\u00a0pour Windows<br \/>\n (L&rsquo;ancien programme \u00ab\u00a0My Menu Explorer\u00a0\u00bb est appel\u00e9 maintenant \u00ab\u00a0My Start Menu\u00a0\u00bb)<\/span><\/p>\n<p><iframe loading=\"lazy\" title=\"My Start Menu -  Windows Start Menu Replacement\" width=\"1080\" height=\"608\" src=\"https:\/\/www.youtube.com\/embed\/7MXXG1jVfl8?feature=oembed\"  allow=\"accelerometer; autoplay; clipboard-write; encrypted-media; gyroscope; picture-in-picture; web-share\" referrerpolicy=\"strict-origin-when-cross-origin\" allowfullscreen><\/iframe><\/p>\n<p>&nbsp;<\/p>\n<p>[\/et_pb_text][et_pb_text _builder_version=\u00a0\u00bb3.27.4&Prime; background_size=\u00a0\u00bbinitial\u00a0\u00bb background_position=\u00a0\u00bbtop_left\u00a0\u00bb background_repeat=\u00a0\u00bbrepeat\u00a0\u00bb module_alignment=\u00a0\u00bbleft\u00a0\u00bb use_border_color=\u00a0\u00bboff\u00a0\u00bb border_color=\u00a0\u00bb#ffffff\u00a0\u00bb border_style=\u00a0\u00bbsolid\u00a0\u00bb]<\/p>\n<h3><span style=\"color: #000080;\"><strong>Captures d&rsquo;\u00e9cran<\/strong><\/span><\/h3>\n<p><em>(Cliquer sur l&rsquo;image pour l&rsquo;agrandir!)<\/em><\/p>\n<p>[\/et_pb_text][\/et_pb_column_inner][\/et_pb_row_inner][et_pb_row_inner _builder_version=\u00a0\u00bb3.25&Prime; column_structure=\u00a0\u00bb1_2,1_2&Prime;][et_pb_column_inner type=\u00a0\u00bb1_2&Prime; saved_specialty_column_type=\u00a0\u00bb3_4&Prime; _builder_version=\u00a0\u00bb3.25&Prime; custom_padding=\u00a0\u00bb|||\u00a0\u00bb custom_padding__hover=\u00a0\u00bb|||\u00a0\u00bb][et_pb_image src=\u00a0\u00bbhttps:\/\/www.infonautics-software.ch\/menudemarrer\/wp-content\/uploads\/sites\/35\/2017\/03\/msm1en-1.png\u00a0\u00bb alt=\u00a0\u00bbMy Start Menu &#8211; Affichage en liste avec des ic\u00f4nes grandes\u00a0\u00bb title_text=\u00a0\u00bbLe rempla\u00e7ant du menu D\u00e9marrer de Windows\u00a0\u00bb show_in_lightbox=\u00a0\u00bbon\u00a0\u00bb align_tablet=\u00a0\u00bbcenter\u00a0\u00bb align_last_edited=\u00a0\u00bbon|desktop\u00a0\u00bb _builder_version=\u00a0\u00bb3.23&Prime; use_border_color=\u00a0\u00bboff\u00a0\u00bb border_color=\u00a0\u00bb#ffffff\u00a0\u00bb border_style=\u00a0\u00bbsolid\u00a0\u00bb animation=\u00a0\u00bboff\u00a0\u00bb sticky=\u00a0\u00bboff\u00a0\u00bb always_center_on_mobile=\u00a0\u00bbon\u00a0\u00bb][\/et_pb_image][\/et_pb_column_inner][et_pb_column_inner type=\u00a0\u00bb1_2&Prime; saved_specialty_column_type=\u00a0\u00bb3_4&Prime; _builder_version=\u00a0\u00bb3.25&Prime; custom_padding=\u00a0\u00bb|||\u00a0\u00bb custom_padding__hover=\u00a0\u00bb|||\u00a0\u00bb][et_pb_image src=\u00a0\u00bbhttps:\/\/www.infonautics-software.ch\/menudemarrer\/wp-content\/uploads\/sites\/35\/2017\/03\/msm2en-1.png\u00a0\u00bb alt=\u00a0\u00bbMy Start Menu &#8211; Affichage en liste avec de petites ic\u00f4nes\u00a0\u00bb title_text=\u00a0\u00bbLe rempla\u00e7ant du menu D\u00e9marrer de Windows\u00a0\u00bb show_in_lightbox=\u00a0\u00bbon\u00a0\u00bb align_tablet=\u00a0\u00bbcenter\u00a0\u00bb align_last_edited=\u00a0\u00bbon|desktop\u00a0\u00bb _builder_version=\u00a0\u00bb3.23&Prime; use_border_color=\u00a0\u00bboff\u00a0\u00bb border_color=\u00a0\u00bb#ffffff\u00a0\u00bb border_style=\u00a0\u00bbsolid\u00a0\u00bb animation=\u00a0\u00bboff\u00a0\u00bb sticky=\u00a0\u00bboff\u00a0\u00bb always_center_on_mobile=\u00a0\u00bbon\u00a0\u00bb][\/et_pb_image][\/et_pb_column_inner][\/et_pb_row_inner][et_pb_row_inner _builder_version=\u00a0\u00bb3.25&Prime;][et_pb_column_inner saved_specialty_column_type=\u00a0\u00bb3_4&Prime; _builder_version=\u00a0\u00bb3.25&Prime; custom_padding=\u00a0\u00bb|||\u00a0\u00bb custom_padding__hover=\u00a0\u00bb|||\u00a0\u00bb][et_pb_text admin_label=\u00a0\u00bbText\u00a0\u00bb _builder_version=\u00a0\u00bb4.6.1&Prime; module_alignment=\u00a0\u00bbleft\u00a0\u00bb hover_enabled=\u00a0\u00bb0&Prime; sticky_enabled=\u00a0\u00bb0&Prime;]<\/p>\n<h3><span style=\"color: #000080;\"><strong>Propri\u00e9t\u00e9s du programme<\/strong><\/span><\/h3>\n<ul>\n<li><span style=\"font-size: 12pt;\">L&rsquo;interface utilisateur est inspir\u00e9e par celle de Windows Explorer familiaris\u00e9.<\/span><\/li>\n<li><span style=\"font-size: 12pt;\"><strong>Acc\u00e8s rapide aux \u00e9l\u00e9ments li\u00e9s<\/strong> comme des logiciels, des documents, des r\u00e9pertoires, des lecteurs et des sites web.<\/span><\/li>\n<li><span style=\"font-size: 12pt;\">Rubrique &lsquo;Mon menu\u00a0\u00bb avec sa <strong>propre structure de menu<\/strong> et ses propres liens vers les \u00e9l\u00e9ments. <\/span><\/li>\n<li><span style=\"font-size: 12pt;\">Rubrique &lsquo; Menu D\u00e9marrer Windows&rsquo; affichant la structure original du menu D\u00e9marrer Windows.<\/span><\/li>\n<li><span style=\"font-size: 12pt;\"><strong>Am\u00e9lioration du menu D\u00e9marrer par glisser-d\u00e9poser,<\/strong> copier-coller ou par l&rsquo;assistant de raccourcis de Windows.<\/span><\/li>\n<li><span style=\"font-size: 12pt;\"><strong>Cr\u00e9ation automatique de raccourcis<\/strong> des documents, des fichiers, des r\u00e9pertoires, des lecteurs, des lecteurs r\u00e9seau, des sites web.<\/span><\/li>\n<li><span style=\"font-size: 12pt;\"><strong>Affichage des \u00e9l\u00e9ments r\u00e9cemment utilis\u00e9s<\/strong> (Le temps de r\u00e9tention est r\u00e9glable).<\/span><\/li>\n<li><span style=\"font-size: 12pt;\"><strong>Affichage des documents r\u00e9cemment ouverts<\/strong> (effa\u00e7able).<\/span><\/li>\n<li><span style=\"font-size: 12pt;\"><strong>Recherche rapide<\/strong> parmi les dossiers du menu et les documents r\u00e9cemment ouverts (r\u00e9glable).<\/span><\/li>\n<li><span style=\"font-size: 12pt;\">Possibilit\u00e9 d&rsquo;afficher des \u00e9l\u00e9ments et des documents dans une <strong>liste de favoris<\/strong> pour un acc\u00e8s plus rapide.<\/span><\/li>\n<li><span style=\"font-size: 12pt;\"><strong>Acc\u00e8s direct aux fonctions du syst\u00e8me<\/strong> comme Windows Explorer, panneau de configuration Windows, imprimante, gestionnaire des t\u00e2ches, ex\u00e9cuter et arr\u00eater.<\/span><\/li>\n<li><span style=\"font-size: 12pt;\">Passer le programme \u00e0 l&rsquo;avant-plan par l&rsquo;ic\u00f4ne \u00e9pingl\u00e9e \u00e0 la barre de t\u00e2ches ou ajout\u00e9e sur votre bureau.<\/span><\/li>\n<li><span style=\"font-size: 12pt;\">Passer le programme \u00e0 l&rsquo;avant-plan par un mouvement du souris.<\/span><\/li>\n<li><span style=\"font-size: 12pt;\">La rubrique &lsquo;Mon Menu&rsquo; peut \u00eatre attribu\u00e9e \u00e0 un r\u00e9pertoire d\u00e9fini par vous-m\u00eame.<\/span><\/li>\n<li><span style=\"font-size: 12pt;\">Affichage des \u00e9l\u00e9ments avec de grandes ic\u00f4nes ou dans une liste avec de petites ic\u00f4nes.<\/span><\/li>\n<li><span style=\"font-size: 12pt;\"><strong>L&rsquo;ouverture et la fermeture rapide<\/strong> de tous les dossiers du menu.<\/span><\/li>\n<li><span style=\"font-size: 12pt;\">Possibilit\u00e9 d&rsquo;installer le menu de d\u00e9marrage avec un programme d&rsquo;installation ou comme application portable (sans installation).<\/span><\/li>\n<li><span style=\"font-size: 12pt;\">La documentation et le<strong> support gratuit<\/strong> par courrier \u00e9lectronique est en allemand et en anglais.<\/span><\/li>\n<\/ul>\n<p>&nbsp;<\/p>\n<h3><span style=\"color: #000080;\"><strong>La configuration syst\u00e8me requise\u00a0<\/strong><\/span><\/h3>\n<ul>\n<li style=\"list-style-type: none;\">\n<ul>\n<li><span style=\"font-size: 12pt;\">Microsoft Windows&#x2122; 7 \/ 8 \/ 10 \/ 11 \u00a0 (32bits et 64bits).<\/span><\/li>\n<li><span style=\"font-size: 12pt;\">Environ\u00a010 Mo\u00a0d&rsquo;espace disque.<\/span><\/li>\n<\/ul>\n<\/li>\n<\/ul>\n<p>&nbsp;<\/p>\n<p>[\/et_pb_text][\/et_pb_column_inner][\/et_pb_row_inner][\/et_pb_column][et_pb_column type=\u00a0\u00bb1_4&Prime; _builder_version=\u00a0\u00bb3.25&Prime; custom_padding=\u00a0\u00bb|||\u00a0\u00bb custom_padding__hover=\u00a0\u00bb|||\u00a0\u00bb][et_pb_sidebar area=\u00a0\u00bbsidebar-1&Prime; admin_label=\u00a0\u00bbSidebar\u00a0\u00bb _builder_version=\u00a0\u00bb3.0.74&Prime;][\/et_pb_sidebar][\/et_pb_column][\/et_pb_section]<\/p>\n","protected":false},"excerpt":{"rendered":"<p>Cr\u00e9ez votre propre et rapide menu D\u00e9marrer &nbsp; Avec le menu D\u00e9marrer My Start Menu\u00a0pour Microsoft Windows&#x2122; des applications et des documents peuvent \u00eatre lanc\u00e9s et ouverts plus rapidement. L&rsquo;interface utilisateur s&rsquo;inspire de l&rsquo;apparence de Windows Explorer familiaris\u00e9. Apr\u00e8s le d\u00e9marrage d&rsquo;un \u00e9l\u00e9ment les dossiers du menu restent ouverts. D&rsquo;autres programmes et \u00e9l\u00e9ments peuvent \u00eatre [&hellip;]<\/p>\n","protected":false},"author":1,"featured_media":0,"parent":0,"menu_order":0,"comment_status":"open","ping_status":"open","template":"","meta":{"_et_pb_use_builder":"on","_et_pb_old_content":"<p>[et_pb_section][et_pb_row][\/et_pb_row][\/et_pb_section]<\/p>","_et_gb_content_width":"","footnotes":""},"class_list":["post-125","page","type-page","status-publish","hentry"],"yoast_head":"<!-- This site is optimized with the Yoast SEO plugin v25.0 - https:\/\/yoast.com\/wordpress\/plugins\/seo\/ -->\n<title>My Start Menu le rempla\u00e7ant du menu D\u00e9marrer de Windows<\/title>\n<meta name=\"description\" content=\"My Start Menu le remplacement du menu D\u00e9marrer de Windows vous permet un acc\u00e8s imm\u00e9diat aux applications, documents, fichiers, disques et sites web.\" \/>\n<meta name=\"robots\" content=\"index, follow, max-snippet:-1, max-image-preview:large, max-video-preview:-1\" \/>\n<link rel=\"canonical\" href=\"https:\/\/www.infonautics-software.ch\/menudemarrer\/menu-demarrer\/\" \/>\n<meta property=\"og:locale\" content=\"fr_FR\" \/>\n<meta property=\"og:type\" content=\"article\" \/>\n<meta property=\"og:title\" content=\"My Start Menu le rempla\u00e7ant du menu D\u00e9marrer de Windows\" \/>\n<meta property=\"og:description\" content=\"My Start Menu le remplacement du menu D\u00e9marrer de Windows vous permet un acc\u00e8s imm\u00e9diat aux applications, documents, fichiers, disques et sites web.\" \/>\n<meta property=\"og:url\" content=\"https:\/\/www.infonautics-software.ch\/menudemarrer\/menu-demarrer\/\" \/>\n<meta property=\"og:site_name\" content=\"My Start Menu FR\" \/>\n<meta property=\"article:modified_time\" content=\"2022-02-21T18:21:19+00:00\" \/>\n<meta name=\"twitter:card\" content=\"summary_large_image\" \/>\n<meta name=\"twitter:site\" content=\"@InfonauticsGmbH\" \/>\n<meta name=\"twitter:label1\" content=\"Dur\u00e9e de lecture estim\u00e9e\" \/>\n\t<meta name=\"twitter:data1\" content=\"6 minutes\" \/>\n<script type=\"application\/ld+json\" class=\"yoast-schema-graph\">{\"@context\":\"https:\/\/schema.org\",\"@graph\":[{\"@type\":\"WebPage\",\"@id\":\"https:\/\/www.infonautics-software.ch\/menudemarrer\/menu-demarrer\/\",\"url\":\"https:\/\/www.infonautics-software.ch\/menudemarrer\/menu-demarrer\/\",\"name\":\"My Start Menu le rempla\u00e7ant du menu D\u00e9marrer de Windows\",\"isPartOf\":{\"@id\":\"https:\/\/www.infonautics-software.ch\/menudemarrer\/#website\"},\"datePublished\":\"2022-02-21T10:23:10+00:00\",\"dateModified\":\"2022-02-21T18:21:19+00:00\",\"description\":\"My Start Menu le remplacement du menu D\u00e9marrer de Windows vous permet un acc\u00e8s imm\u00e9diat aux applications, documents, fichiers, disques et sites web.\",\"breadcrumb\":{\"@id\":\"https:\/\/www.infonautics-software.ch\/menudemarrer\/menu-demarrer\/#breadcrumb\"},\"inLanguage\":\"fr-FR\",\"potentialAction\":[{\"@type\":\"ReadAction\",\"target\":[\"https:\/\/www.infonautics-software.ch\/menudemarrer\/menu-demarrer\/\"]}]},{\"@type\":\"BreadcrumbList\",\"@id\":\"https:\/\/www.infonautics-software.ch\/menudemarrer\/menu-demarrer\/#breadcrumb\",\"itemListElement\":[{\"@type\":\"ListItem\",\"position\":1,\"name\":\"Accueil\",\"item\":\"https:\/\/www.infonautics-software.ch\/menudemarrer\/\"},{\"@type\":\"ListItem\",\"position\":2,\"name\":\"FONCTIONS\"}]},{\"@type\":\"WebSite\",\"@id\":\"https:\/\/www.infonautics-software.ch\/menudemarrer\/#website\",\"url\":\"https:\/\/www.infonautics-software.ch\/menudemarrer\/\",\"name\":\"My Start Menu FR\",\"description\":\"My Start Menu pour Windows, remplacement du menu de d\u00e9marrage de Windows\",\"potentialAction\":[{\"@type\":\"SearchAction\",\"target\":{\"@type\":\"EntryPoint\",\"urlTemplate\":\"https:\/\/www.infonautics-software.ch\/menudemarrer\/?s={search_term_string}\"},\"query-input\":{\"@type\":\"PropertyValueSpecification\",\"valueRequired\":true,\"valueName\":\"search_term_string\"}}],\"inLanguage\":\"fr-FR\"}]}<\/script>\n<!-- \/ Yoast SEO plugin. -->","yoast_head_json":{"title":"My Start Menu le rempla\u00e7ant du menu D\u00e9marrer de Windows","description":"My Start Menu le remplacement du menu D\u00e9marrer de Windows vous permet un acc\u00e8s imm\u00e9diat aux applications, documents, fichiers, disques et sites web.","robots":{"index":"index","follow":"follow","max-snippet":"max-snippet:-1","max-image-preview":"max-image-preview:large","max-video-preview":"max-video-preview:-1"},"canonical":"https:\/\/www.infonautics-software.ch\/menudemarrer\/menu-demarrer\/","og_locale":"fr_FR","og_type":"article","og_title":"My Start Menu le rempla\u00e7ant du menu D\u00e9marrer de Windows","og_description":"My Start Menu le remplacement du menu D\u00e9marrer de Windows vous permet un acc\u00e8s imm\u00e9diat aux applications, documents, fichiers, disques et sites web.","og_url":"https:\/\/www.infonautics-software.ch\/menudemarrer\/menu-demarrer\/","og_site_name":"My Start Menu FR","article_modified_time":"2022-02-21T18:21:19+00:00","twitter_card":"summary_large_image","twitter_site":"@InfonauticsGmbH","twitter_misc":{"Dur\u00e9e de lecture estim\u00e9e":"6 minutes"},"schema":{"@context":"https:\/\/schema.org","@graph":[{"@type":"WebPage","@id":"https:\/\/www.infonautics-software.ch\/menudemarrer\/menu-demarrer\/","url":"https:\/\/www.infonautics-software.ch\/menudemarrer\/menu-demarrer\/","name":"My Start Menu le rempla\u00e7ant du menu D\u00e9marrer de Windows","isPartOf":{"@id":"https:\/\/www.infonautics-software.ch\/menudemarrer\/#website"},"datePublished":"2022-02-21T10:23:10+00:00","dateModified":"2022-02-21T18:21:19+00:00","description":"My Start Menu le remplacement du menu D\u00e9marrer de Windows vous permet un acc\u00e8s imm\u00e9diat aux applications, documents, fichiers, disques et sites web.","breadcrumb":{"@id":"https:\/\/www.infonautics-software.ch\/menudemarrer\/menu-demarrer\/#breadcrumb"},"inLanguage":"fr-FR","potentialAction":[{"@type":"ReadAction","target":["https:\/\/www.infonautics-software.ch\/menudemarrer\/menu-demarrer\/"]}]},{"@type":"BreadcrumbList","@id":"https:\/\/www.infonautics-software.ch\/menudemarrer\/menu-demarrer\/#breadcrumb","itemListElement":[{"@type":"ListItem","position":1,"name":"Accueil","item":"https:\/\/www.infonautics-software.ch\/menudemarrer\/"},{"@type":"ListItem","position":2,"name":"FONCTIONS"}]},{"@type":"WebSite","@id":"https:\/\/www.infonautics-software.ch\/menudemarrer\/#website","url":"https:\/\/www.infonautics-software.ch\/menudemarrer\/","name":"My Start Menu FR","description":"My Start Menu pour Windows, remplacement du menu de d\u00e9marrage de Windows","potentialAction":[{"@type":"SearchAction","target":{"@type":"EntryPoint","urlTemplate":"https:\/\/www.infonautics-software.ch\/menudemarrer\/?s={search_term_string}"},"query-input":{"@type":"PropertyValueSpecification","valueRequired":true,"valueName":"search_term_string"}}],"inLanguage":"fr-FR"}]}},"jetpack_sharing_enabled":true,"jetpack_shortlink":"https:\/\/wp.me\/P9rghW-21","_links":{"self":[{"href":"https:\/\/www.infonautics-software.ch\/menudemarrer\/wp-json\/wp\/v2\/pages\/125","targetHints":{"allow":["GET"]}}],"collection":[{"href":"https:\/\/www.infonautics-software.ch\/menudemarrer\/wp-json\/wp\/v2\/pages"}],"about":[{"href":"https:\/\/www.infonautics-software.ch\/menudemarrer\/wp-json\/wp\/v2\/types\/page"}],"author":[{"embeddable":true,"href":"https:\/\/www.infonautics-software.ch\/menudemarrer\/wp-json\/wp\/v2\/users\/1"}],"replies":[{"embeddable":true,"href":"https:\/\/www.infonautics-software.ch\/menudemarrer\/wp-json\/wp\/v2\/comments?post=125"}],"version-history":[{"count":10,"href":"https:\/\/www.infonautics-software.ch\/menudemarrer\/wp-json\/wp\/v2\/pages\/125\/revisions"}],"predecessor-version":[{"id":868,"href":"https:\/\/www.infonautics-software.ch\/menudemarrer\/wp-json\/wp\/v2\/pages\/125\/revisions\/868"}],"wp:attachment":[{"href":"https:\/\/www.infonautics-software.ch\/menudemarrer\/wp-json\/wp\/v2\/media?parent=125"}],"curies":[{"name":"wp","href":"https:\/\/api.w.org\/{rel}","templated":true}]}}