{"id":137,"date":"2017-02-23T16:24:10","date_gmt":"2017-02-23T15:24:10","guid":{"rendered":"http:\/\/www.infonautics-software.ch\/mymenuexplorerfr\/?page_id=137"},"modified":"2017-02-23T19:35:22","modified_gmt":"2017-02-23T18:35:22","slug":"creer-menu-demarrer","status":"publish","type":"page","link":"https:\/\/www.infonautics-software.ch\/menudemarrer\/creer-menu-demarrer\/","title":{"rendered":"SUPPORT"},"content":{"rendered":"<p>[et_pb_section admin_label=\u00a0\u00bbsection\u00a0\u00bb fullwidth=\u00a0\u00bbon\u00a0\u00bb specialty=\u00a0\u00bboff\u00a0\u00bb transparent_background=\u00a0\u00bboff\u00a0\u00bb background_color=\u00a0\u00bb#00458e\u00a0\u00bb allow_player_pause=\u00a0\u00bboff\u00a0\u00bb inner_shadow=\u00a0\u00bboff\u00a0\u00bb parallax=\u00a0\u00bboff\u00a0\u00bb parallax_method=\u00a0\u00bboff\u00a0\u00bb][et_pb_fullwidth_header admin_label=\u00a0\u00bbFullwidth Header\u00a0\u00bb title=\u00a0\u00bbSupport pour My Start Menu\u00a0\u00bb background_layout=\u00a0\u00bbdark\u00a0\u00bb text_orientation=\u00a0\u00bbleft\u00a0\u00bb header_fullscreen=\u00a0\u00bboff\u00a0\u00bb header_scroll_down=\u00a0\u00bboff\u00a0\u00bb parallax=\u00a0\u00bboff\u00a0\u00bb parallax_method=\u00a0\u00bboff\u00a0\u00bb content_orientation=\u00a0\u00bbcenter\u00a0\u00bb image_orientation=\u00a0\u00bbcenter\u00a0\u00bb custom_button_one=\u00a0\u00bboff\u00a0\u00bb button_one_letter_spacing=\u00a0\u00bb0&Prime; button_one_use_icon=\u00a0\u00bbdefault\u00a0\u00bb button_one_icon_placement=\u00a0\u00bbright\u00a0\u00bb button_one_on_hover=\u00a0\u00bbon\u00a0\u00bb button_one_letter_spacing_hover=\u00a0\u00bb0&Prime; custom_button_two=\u00a0\u00bboff\u00a0\u00bb button_two_letter_spacing=\u00a0\u00bb0&Prime; button_two_use_icon=\u00a0\u00bbdefault\u00a0\u00bb button_two_icon_placement=\u00a0\u00bbright\u00a0\u00bb button_two_on_hover=\u00a0\u00bbon\u00a0\u00bb button_two_letter_spacing_hover=\u00a0\u00bb0&Prime;] [\/et_pb_fullwidth_header][\/et_pb_section][et_pb_section admin_label=\u00a0\u00bbsection\u00a0\u00bb fullwidth=\u00a0\u00bboff\u00a0\u00bb specialty=\u00a0\u00bboff\u00a0\u00bb transparent_background=\u00a0\u00bboff\u00a0\u00bb allow_player_pause=\u00a0\u00bboff\u00a0\u00bb inner_shadow=\u00a0\u00bboff\u00a0\u00bb parallax=\u00a0\u00bboff\u00a0\u00bb parallax_method=\u00a0\u00bboff\u00a0\u00bb custom_padding=\u00a0\u00bb50px|50px\u00a0\u00bb padding_mobile=\u00a0\u00bboff\u00a0\u00bb make_fullwidth=\u00a0\u00bboff\u00a0\u00bb use_custom_width=\u00a0\u00bboff\u00a0\u00bb width_unit=\u00a0\u00bbon\u00a0\u00bb make_equal=\u00a0\u00bboff\u00a0\u00bb use_custom_gutter=\u00a0\u00bboff\u00a0\u00bb][et_pb_row admin_label=\u00a0\u00bbrow\u00a0\u00bb][et_pb_column type=\u00a0\u00bb3_4&Prime;][et_pb_text admin_label=\u00a0\u00bbText\u00a0\u00bb background_layout=\u00a0\u00bblight\u00a0\u00bb text_orientation=\u00a0\u00bbleft\u00a0\u00bb use_border_color=\u00a0\u00bboff\u00a0\u00bb border_color=\u00a0\u00bb#ffffff\u00a0\u00bb border_style=\u00a0\u00bbsolid\u00a0\u00bb]<\/p>\n<h2><span style=\"color: #000080;\"><strong>Support gratuit pour My Start Menu<\/strong><\/span><\/h2>\n<p>&nbsp;<\/p>\n<p><span style=\"font-size: 12pt;\">Pour <strong>My Start Menu<\/strong> nous vous offrons un support gratuit par courriel en\u00a0Anglais et en Allemand.\u00a0<\/span><\/p>\n<p><span style=\"font-size: 12pt;\">Si vous avez des questions veuillez nous contacter sous <b><a href=\"mailto:support@infonautics.ch\">support@infonautics.ch<\/a>.<\/b><\/span><\/p>\n<p><span style=\"font-size: 12pt;\">Nous r\u00e9pondrons volontiers \u00e0 vos questions dans les 48 heures.\u00a0L&rsquo;entreprise de logiciels <a href=\"https:\/\/www.infonautics.ch\/en\/index.htm\" target=\"_blank\">INFONAUTICS GmbH<\/a> a son si\u00e8ge social en Suisse. Veuillez consid\u00e9rer des d\u00e9calages horaires.<\/span><\/p>\n<h4>\u00a0<\/h4>\n<h4><span style=\"color: #000080;\"><strong>D\u00e9sirs \/ Suggestions<\/strong><\/span><\/h4>\n<p><span style=\"font-size: 12pt;\">Avez-vous des d\u00e9sirs ou des suggestions concernant des nouvelles caract\u00e9ristiques du programme My Start Menu?\u00a0Contactez-nous \u00e0 <a href=\"mailto:support@infonautics.ch\">support@infonautics.ch<\/a>. Nous nous r\u00e9jouissons d&rsquo;avoir de vos\u00a0nouvelles.<\/span><\/p>\n<h4>\u00a0<\/h4>\n<h4><span style=\"color: #000080;\"><strong>T\u00e9l\u00e9chargement gratuit<\/strong><\/span><\/h4>\n<p><span style=\"font-size: 12pt;\"><a href=\"https:\/\/www.infonautics-software.ch\/menudemarrer\/menu-demarrage\/\"><strong>T\u00e9l\u00e9chargez maintenant et testez gratuitement<\/strong><\/a> toutes les fonctions de My Start Menu pour cr\u00e9er votre propre menu D\u00e9marrer pour Windows.<strong>\u00a0<\/strong><\/span><\/p>\n<p>[\/et_pb_text][\/et_pb_column][et_pb_column type=\u00a0\u00bb1_4&Prime;][et_pb_sidebar admin_label=\u00a0\u00bbSidebar\u00a0\u00bb orientation=\u00a0\u00bbleft\u00a0\u00bb area=\u00a0\u00bbsidebar-1&Prime; background_layout=\u00a0\u00bblight\u00a0\u00bb] [\/et_pb_sidebar][\/et_pb_column][\/et_pb_row][\/et_pb_section]<\/p>\n","protected":false},"excerpt":{"rendered":"<p>Support gratuit pour My Start Menu &nbsp; Pour My Start Menu nous vous offrons un support gratuit par courriel en\u00a0Anglais et en Allemand.\u00a0 Si vous avez des questions veuillez nous contacter sous support@infonautics.ch. Nous r\u00e9pondrons volontiers \u00e0 vos questions dans les 48 heures.\u00a0L&rsquo;entreprise de logiciels INFONAUTICS GmbH a son si\u00e8ge social en Suisse. Veuillez consid\u00e9rer [&hellip;]<\/p>\n","protected":false},"author":1,"featured_media":0,"parent":0,"menu_order":0,"comment_status":"open","ping_status":"open","template":"","meta":{"_et_pb_use_builder":"on","_et_pb_old_content":"","_et_gb_content_width":"","footnotes":""},"class_list":["post-137","page","type-page","status-publish","hentry"],"yoast_head":"<!-- This site is optimized with the Yoast SEO plugin v25.0 - https:\/\/yoast.com\/wordpress\/plugins\/seo\/ -->\n<title>Cr\u00e9er le menu D\u00e9marrer avec My Start Menu pour Windows<\/title>\n<meta name=\"description\" content=\"Commet cr\u00e9er le menu D\u00e9marrer avec My Start Menu. Cr\u00e9ez votre propre menu D\u00e9marrer pour Windows avec vos dossiers pr\u00e9f\u00e9r\u00e9s selon vos besoins.\" \/>\n<meta name=\"robots\" content=\"index, follow, max-snippet:-1, max-image-preview:large, max-video-preview:-1\" \/>\n<link rel=\"canonical\" href=\"https:\/\/www.infonautics-software.ch\/menudemarrer\/creer-menu-demarrer\/\" \/>\n<meta property=\"og:locale\" content=\"fr_FR\" \/>\n<meta property=\"og:type\" content=\"article\" \/>\n<meta property=\"og:title\" content=\"Cr\u00e9er le menu D\u00e9marrer avec My Start Menu pour Windows\" \/>\n<meta property=\"og:description\" content=\"Commet cr\u00e9er le menu D\u00e9marrer avec My Start Menu. Cr\u00e9ez votre propre menu D\u00e9marrer pour Windows avec vos dossiers pr\u00e9f\u00e9r\u00e9s selon vos besoins.\" \/>\n<meta property=\"og:url\" content=\"https:\/\/www.infonautics-software.ch\/menudemarrer\/creer-menu-demarrer\/\" \/>\n<meta property=\"og:site_name\" content=\"My Start Menu FR\" \/>\n<meta property=\"article:modified_time\" content=\"2017-02-23T18:35:22+00:00\" \/>\n<meta name=\"twitter:card\" content=\"summary_large_image\" \/>\n<meta name=\"twitter:site\" content=\"@InfonauticsGmbH\" \/>\n<meta name=\"twitter:label1\" content=\"Dur\u00e9e de lecture estim\u00e9e\" \/>\n\t<meta name=\"twitter:data1\" content=\"2 minutes\" \/>\n<script type=\"application\/ld+json\" class=\"yoast-schema-graph\">{\"@context\":\"https:\/\/schema.org\",\"@graph\":[{\"@type\":\"WebPage\",\"@id\":\"https:\/\/www.infonautics-software.ch\/menudemarrer\/creer-menu-demarrer\/\",\"url\":\"https:\/\/www.infonautics-software.ch\/menudemarrer\/creer-menu-demarrer\/\",\"name\":\"Cr\u00e9er le menu D\u00e9marrer avec My Start Menu pour Windows\",\"isPartOf\":{\"@id\":\"https:\/\/www.infonautics-software.ch\/menudemarrer\/#website\"},\"datePublished\":\"2017-02-23T15:24:10+00:00\",\"dateModified\":\"2017-02-23T18:35:22+00:00\",\"description\":\"Commet cr\u00e9er le menu D\u00e9marrer avec My Start Menu. Cr\u00e9ez votre propre menu D\u00e9marrer pour Windows avec vos dossiers pr\u00e9f\u00e9r\u00e9s selon vos besoins.\",\"breadcrumb\":{\"@id\":\"https:\/\/www.infonautics-software.ch\/menudemarrer\/creer-menu-demarrer\/#breadcrumb\"},\"inLanguage\":\"fr-FR\",\"potentialAction\":[{\"@type\":\"ReadAction\",\"target\":[\"https:\/\/www.infonautics-software.ch\/menudemarrer\/creer-menu-demarrer\/\"]}]},{\"@type\":\"BreadcrumbList\",\"@id\":\"https:\/\/www.infonautics-software.ch\/menudemarrer\/creer-menu-demarrer\/#breadcrumb\",\"itemListElement\":[{\"@type\":\"ListItem\",\"position\":1,\"name\":\"Accueil\",\"item\":\"https:\/\/www.infonautics-software.ch\/menudemarrer\/\"},{\"@type\":\"ListItem\",\"position\":2,\"name\":\"SUPPORT\"}]},{\"@type\":\"WebSite\",\"@id\":\"https:\/\/www.infonautics-software.ch\/menudemarrer\/#website\",\"url\":\"https:\/\/www.infonautics-software.ch\/menudemarrer\/\",\"name\":\"My Start Menu FR\",\"description\":\"My Start Menu pour Windows, remplacement du menu de d\u00e9marrage de Windows\",\"potentialAction\":[{\"@type\":\"SearchAction\",\"target\":{\"@type\":\"EntryPoint\",\"urlTemplate\":\"https:\/\/www.infonautics-software.ch\/menudemarrer\/?s={search_term_string}\"},\"query-input\":{\"@type\":\"PropertyValueSpecification\",\"valueRequired\":true,\"valueName\":\"search_term_string\"}}],\"inLanguage\":\"fr-FR\"}]}<\/script>\n<!-- \/ Yoast SEO plugin. -->","yoast_head_json":{"title":"Cr\u00e9er le menu D\u00e9marrer avec My Start Menu pour Windows","description":"Commet cr\u00e9er le menu D\u00e9marrer avec My Start Menu. Cr\u00e9ez votre propre menu D\u00e9marrer pour Windows avec vos dossiers pr\u00e9f\u00e9r\u00e9s selon vos besoins.","robots":{"index":"index","follow":"follow","max-snippet":"max-snippet:-1","max-image-preview":"max-image-preview:large","max-video-preview":"max-video-preview:-1"},"canonical":"https:\/\/www.infonautics-software.ch\/menudemarrer\/creer-menu-demarrer\/","og_locale":"fr_FR","og_type":"article","og_title":"Cr\u00e9er le menu D\u00e9marrer avec My Start Menu pour Windows","og_description":"Commet cr\u00e9er le menu D\u00e9marrer avec My Start Menu. Cr\u00e9ez votre propre menu D\u00e9marrer pour Windows avec vos dossiers pr\u00e9f\u00e9r\u00e9s selon vos besoins.","og_url":"https:\/\/www.infonautics-software.ch\/menudemarrer\/creer-menu-demarrer\/","og_site_name":"My Start Menu FR","article_modified_time":"2017-02-23T18:35:22+00:00","twitter_card":"summary_large_image","twitter_site":"@InfonauticsGmbH","twitter_misc":{"Dur\u00e9e de lecture estim\u00e9e":"2 minutes"},"schema":{"@context":"https:\/\/schema.org","@graph":[{"@type":"WebPage","@id":"https:\/\/www.infonautics-software.ch\/menudemarrer\/creer-menu-demarrer\/","url":"https:\/\/www.infonautics-software.ch\/menudemarrer\/creer-menu-demarrer\/","name":"Cr\u00e9er le menu D\u00e9marrer avec My Start Menu pour Windows","isPartOf":{"@id":"https:\/\/www.infonautics-software.ch\/menudemarrer\/#website"},"datePublished":"2017-02-23T15:24:10+00:00","dateModified":"2017-02-23T18:35:22+00:00","description":"Commet cr\u00e9er le menu D\u00e9marrer avec My Start Menu. Cr\u00e9ez votre propre menu D\u00e9marrer pour Windows avec vos dossiers pr\u00e9f\u00e9r\u00e9s selon vos besoins.","breadcrumb":{"@id":"https:\/\/www.infonautics-software.ch\/menudemarrer\/creer-menu-demarrer\/#breadcrumb"},"inLanguage":"fr-FR","potentialAction":[{"@type":"ReadAction","target":["https:\/\/www.infonautics-software.ch\/menudemarrer\/creer-menu-demarrer\/"]}]},{"@type":"BreadcrumbList","@id":"https:\/\/www.infonautics-software.ch\/menudemarrer\/creer-menu-demarrer\/#breadcrumb","itemListElement":[{"@type":"ListItem","position":1,"name":"Accueil","item":"https:\/\/www.infonautics-software.ch\/menudemarrer\/"},{"@type":"ListItem","position":2,"name":"SUPPORT"}]},{"@type":"WebSite","@id":"https:\/\/www.infonautics-software.ch\/menudemarrer\/#website","url":"https:\/\/www.infonautics-software.ch\/menudemarrer\/","name":"My Start Menu FR","description":"My Start Menu pour Windows, remplacement du menu de d\u00e9marrage de Windows","potentialAction":[{"@type":"SearchAction","target":{"@type":"EntryPoint","urlTemplate":"https:\/\/www.infonautics-software.ch\/menudemarrer\/?s={search_term_string}"},"query-input":{"@type":"PropertyValueSpecification","valueRequired":true,"valueName":"search_term_string"}}],"inLanguage":"fr-FR"}]}},"jetpack_sharing_enabled":true,"jetpack_shortlink":"https:\/\/wp.me\/P9rghW-2d","_links":{"self":[{"href":"https:\/\/www.infonautics-software.ch\/menudemarrer\/wp-json\/wp\/v2\/pages\/137","targetHints":{"allow":["GET"]}}],"collection":[{"href":"https:\/\/www.infonautics-software.ch\/menudemarrer\/wp-json\/wp\/v2\/pages"}],"about":[{"href":"https:\/\/www.infonautics-software.ch\/menudemarrer\/wp-json\/wp\/v2\/types\/page"}],"author":[{"embeddable":true,"href":"https:\/\/www.infonautics-software.ch\/menudemarrer\/wp-json\/wp\/v2\/users\/1"}],"replies":[{"embeddable":true,"href":"https:\/\/www.infonautics-software.ch\/menudemarrer\/wp-json\/wp\/v2\/comments?post=137"}],"version-history":[{"count":11,"href":"https:\/\/www.infonautics-software.ch\/menudemarrer\/wp-json\/wp\/v2\/pages\/137\/revisions"}],"predecessor-version":[{"id":811,"href":"https:\/\/www.infonautics-software.ch\/menudemarrer\/wp-json\/wp\/v2\/pages\/137\/revisions\/811"}],"wp:attachment":[{"href":"https:\/\/www.infonautics-software.ch\/menudemarrer\/wp-json\/wp\/v2\/media?parent=137"}],"curies":[{"name":"wp","href":"https:\/\/api.w.org\/{rel}","templated":true}]}}