{"id":137,"date":"2018-05-08T11:00:10","date_gmt":"2018-05-08T09:00:10","guid":{"rendered":"http:\/\/www.infonautics-software.ch\/mymenuexplorerde\/?page_id=137"},"modified":"2018-05-08T13:57:52","modified_gmt":"2018-05-08T11:57:52","slug":"support","status":"publish","type":"page","link":"https:\/\/www.infonautics-software.ch\/quickmerge-fuer-excelword\/support\/","title":{"rendered":"SUPPORT"},"content":{"rendered":"<p>[et_pb_section bb_built=&#8220;1&#8243; admin_label=&#8220;section&#8220; fullwidth=&#8220;on&#8220; specialty=&#8220;off&#8220; transparent_background=&#8220;off&#8220; background_color=&#8220;#00458e&#8220; allow_player_pause=&#8220;off&#8220; inner_shadow=&#8220;off&#8220; parallax=&#8220;off&#8220; parallax_method=&#8220;off&#8220; custom_padding=&#8220;50px|||&#8220; padding_mobile=&#8220;off&#8220; make_fullwidth=&#8220;off&#8220; use_custom_width=&#8220;off&#8220; width_unit=&#8220;on&#8220; make_equal=&#8220;off&#8220; use_custom_gutter=&#8220;off&#8220; custom_padding_tablet=&#8220;50px|0|50px|0&#8243; custom_padding_last_edited=&#8220;on|desktop&#8220; next_background_color=&#8220;#ffffff&#8220;][et_pb_fullwidth_header admin_label=&#8220;Fullwidth Header&#8220; title=&#8220;Support f\u00fcr Quick Merge f\u00fcr Excel&#x2122;+Word&#x2122; &#8220; background_layout=&#8220;dark&#8220; text_orientation=&#8220;left&#8220; header_fullscreen=&#8220;off&#8220; header_scroll_down=&#8220;off&#8220; content_orientation=&#8220;center&#8220; image_orientation=&#8220;center&#8220; custom_button_one=&#8220;off&#8220; button_one_icon_placement=&#8220;right&#8220; custom_button_two=&#8220;off&#8220; button_two_icon_placement=&#8220;right&#8220; _builder_version=&#8220;3.0.106&#8243; max_width_tablet=&#8220;50px&#8220; \/][\/et_pb_section][et_pb_section bb_built=&#8220;1&#8243; admin_label=&#8220;section&#8220; fullwidth=&#8220;off&#8220; specialty=&#8220;off&#8220; prev_background_color=&#8220;#00458e&#8220;][et_pb_row admin_label=&#8220;row&#8220; make_fullwidth=&#8220;off&#8220; use_custom_width=&#8220;off&#8220; width_unit=&#8220;on&#8220; use_custom_gutter=&#8220;off&#8220; padding_mobile=&#8220;off&#8220; allow_player_pause=&#8220;off&#8220; parallax=&#8220;off&#8220; parallax_method=&#8220;off&#8220; make_equal=&#8220;off&#8220; background_position=&#8220;top_left&#8220; background_repeat=&#8220;repeat&#8220; background_size=&#8220;initial&#8220;][et_pb_column type=&#8220;3_4&#8243;][et_pb_text background_layout=&#8220;light&#8220; use_border_color=&#8220;off&#8220; background_position=&#8220;top_left&#8220; background_repeat=&#8220;repeat&#8220; background_size=&#8220;initial&#8220; _builder_version=&#8220;3.0.106&#8243;]<\/p>\n<h2><span style=\"color: #000080;\"><strong>Kostenloser\u00a0Support f\u00fcr Quick Merge f\u00fcr Excel&#x2122;+Word&#x2122; <\/strong><\/span><\/h2>\n<p>&nbsp;<\/p>\n<p><span style=\"font-size: 12pt;\">Haben Sie weitere Fragen zu Quick Merge f\u00fcr Excel&#x2122;+Word&#x2122;?\u00a0Wir offerieren Ihnen <strong>kostenlosen Support via E-Mail<\/strong> in den Sprachen <strong>Deutsch<\/strong> und <strong>Englisch<\/strong>. Bitte kontaktieren Sie uns bei Fragen unter <strong><a href=\"mailto:support@infonautics.ch\">support@infonautics.ch<\/a><\/strong>.\u00a0<\/span><\/p>\n<p><span style=\"font-size: 12pt;\">Gerne werden wir Ihre Fragen an Werktagen innert 48 Stunden beantworten. Das Softwareunternehmen <a href=\"https:\/\/www.infonautics.ch\" target=\"_blank\" rel=\"noopener\">INFONAUTICS GmbH<\/a> hat seinen Sitz in der Schweiz, bitte beachten Sie m\u00f6gliche Zeitunterschiede.<\/span><\/p>\n<p><span style=\"font-size: 12pt;\">Haben\u00a0Sie Anregungen und W\u00fcnsche f\u00fcr zuk\u00fcnftige\u00a0Updates? Bitte kontaktieren Sie uns ebenfalls unter <a href=\"mailto:support@infonautics.ch\">support@infonautics.ch<\/a>. Wir freuen uns, von Ihnen zu h\u00f6ren.<\/span><\/p>\n<p><span style=\"font-size: 12pt;\">Jetzt\u00a0Quick Merge f\u00fcr Excel&#x2122;+Word&#x2122; \u00a0<strong><a href=\"https:\/\/www.infonautics-software.ch\/quickmerge-fuer-excelword\/download\/\">kostenlos testen und herunterladen<\/a><\/strong>.\u00a0<\/span><\/p>\n<p><span style=\"font-size: 12pt;\">Korrekte Formatierung von Datum- und Zahlenfelder im Serienbrief.\u00a0Mit\u00a0Quick Merge f\u00fcr Excel&#x2122;+Word&#x2122; werden die Zahlenformate von Excel automatisch korrekt in Word f\u00fcr Serienbriefe \u00fcbernommen. Mit\u00a0Quick Merge f\u00fcr Excel&#x2122;+Word&#x2122; gibt es keine fehlerhaften Zahlenformate mehr in Serienbriefen und in Seriendokumenten.<br \/>\n<\/span><\/p>\n<p>&nbsp;<\/p>\n<p>[\/et_pb_text][\/et_pb_column][et_pb_column type=&#8220;1_4&#8243;][et_pb_sidebar admin_label=&#8220;Sidebar&#8220; orientation=&#8220;right&#8220; area=&#8220;sidebar-1&#8243; background_layout=&#8220;light&#8220; remove_border=&#8220;off&#8220; header_text_color=&#8220;#000080&#8243; show_border=&#8220;on&#8220; \/][\/et_pb_column][\/et_pb_row][\/et_pb_section]<\/p>\n","protected":false},"excerpt":{"rendered":"<p>Kostenloser\u00a0Support f\u00fcr Quick Merge f\u00fcr Excel&#x2122;+Word&#x2122; &nbsp; Haben Sie weitere Fragen zu Quick Merge f\u00fcr Excel&#x2122;+Word&#x2122;?\u00a0Wir offerieren Ihnen kostenlosen Support via E-Mail in den Sprachen Deutsch und Englisch. Bitte kontaktieren Sie uns bei Fragen unter support@infonautics.ch.\u00a0 Gerne werden wir Ihre Fragen an Werktagen innert 48 Stunden beantworten. Das Softwareunternehmen INFONAUTICS GmbH hat seinen Sitz in [&hellip;]<\/p>\n","protected":false},"author":1,"featured_media":0,"parent":0,"menu_order":0,"comment_status":"open","ping_status":"open","template":"","meta":{"_et_pb_use_builder":"on","_et_pb_old_content":"","_et_gb_content_width":"","jetpack_post_was_ever_published":false,"footnotes":""},"class_list":["post-137","page","type-page","status-publish","hentry"],"yoast_head":"<!-- This site is optimized with the Yoast SEO plugin v25.0 - https:\/\/yoast.com\/wordpress\/plugins\/seo\/ -->\n<title>Korrekte Formatierung von Datum- und Zahlenfelder im Serienbrief<\/title>\n<meta name=\"description\" content=\"Mit Quick Merge f\u00fcr Excel\u2122+Word\u2122 automatische die korrekte Formatierung von Datum- und Zahlenfelder im Serienbrief aus Excel \u00fcbernehmen. Jetzt Serienbriefe einfach und schnelle erstellen und kostenlos das Windows-Programm Quick Merge herunterladen und testen.\" \/>\n<meta name=\"robots\" content=\"index, follow, max-snippet:-1, max-image-preview:large, max-video-preview:-1\" \/>\n<link rel=\"canonical\" href=\"https:\/\/www.infonautics-software.ch\/quickmerge-fuer-excelword\/support\/\" \/>\n<meta property=\"og:locale\" content=\"de_DE\" \/>\n<meta property=\"og:type\" content=\"article\" \/>\n<meta property=\"og:title\" content=\"Korrekte Formatierung von Datum- und Zahlenfelder im Serienbrief\" \/>\n<meta property=\"og:description\" content=\"Mit Quick Merge f\u00fcr Excel\u2122+Word\u2122 automatische die korrekte Formatierung von Datum- und Zahlenfelder im Serienbrief aus Excel \u00fcbernehmen. Jetzt Serienbriefe einfach und schnelle erstellen und kostenlos das Windows-Programm Quick Merge herunterladen und testen.\" \/>\n<meta property=\"og:url\" content=\"https:\/\/www.infonautics-software.ch\/quickmerge-fuer-excelword\/support\/\" \/>\n<meta property=\"og:site_name\" content=\"Quick Merge f\u00fcr Excel+Word\" \/>\n<meta property=\"article:modified_time\" content=\"2018-05-08T11:57:52+00:00\" \/>\n<meta name=\"twitter:card\" content=\"summary_large_image\" \/>\n<meta name=\"twitter:site\" content=\"@InfonauticsGmbH\" \/>\n<meta name=\"twitter:label1\" content=\"Gesch\u00e4tzte Lesezeit\" \/>\n\t<meta name=\"twitter:data1\" content=\"2\u00a0Minuten\" \/>\n<script type=\"application\/ld+json\" class=\"yoast-schema-graph\">{\"@context\":\"https:\/\/schema.org\",\"@graph\":[{\"@type\":\"WebPage\",\"@id\":\"https:\/\/www.infonautics-software.ch\/quickmerge-fuer-excelword\/support\/\",\"url\":\"https:\/\/www.infonautics-software.ch\/quickmerge-fuer-excelword\/support\/\",\"name\":\"Korrekte Formatierung von Datum- und Zahlenfelder im Serienbrief\",\"isPartOf\":{\"@id\":\"https:\/\/www.infonautics-software.ch\/quickmerge-fuer-excelword\/#website\"},\"datePublished\":\"2018-05-08T09:00:10+00:00\",\"dateModified\":\"2018-05-08T11:57:52+00:00\",\"description\":\"Mit Quick Merge f\u00fcr Excel\u2122+Word\u2122 automatische die korrekte Formatierung von Datum- und Zahlenfelder im Serienbrief aus Excel \u00fcbernehmen. Jetzt Serienbriefe einfach und schnelle erstellen und kostenlos das Windows-Programm Quick Merge herunterladen und testen.\",\"breadcrumb\":{\"@id\":\"https:\/\/www.infonautics-software.ch\/quickmerge-fuer-excelword\/support\/#breadcrumb\"},\"inLanguage\":\"de\",\"potentialAction\":[{\"@type\":\"ReadAction\",\"target\":[\"https:\/\/www.infonautics-software.ch\/quickmerge-fuer-excelword\/support\/\"]}]},{\"@type\":\"BreadcrumbList\",\"@id\":\"https:\/\/www.infonautics-software.ch\/quickmerge-fuer-excelword\/support\/#breadcrumb\",\"itemListElement\":[{\"@type\":\"ListItem\",\"position\":1,\"name\":\"Startseite\",\"item\":\"https:\/\/www.infonautics-software.ch\/quickmerge-fuer-excelword\/\"},{\"@type\":\"ListItem\",\"position\":2,\"name\":\"SUPPORT\"}]},{\"@type\":\"WebSite\",\"@id\":\"https:\/\/www.infonautics-software.ch\/quickmerge-fuer-excelword\/#website\",\"url\":\"https:\/\/www.infonautics-software.ch\/quickmerge-fuer-excelword\/\",\"name\":\"Quick Merge f\u00fcr Excel+Word\",\"description\":\"Vereinfachte Erstellung von Seriendokumenten mit Excel und Word\",\"potentialAction\":[{\"@type\":\"SearchAction\",\"target\":{\"@type\":\"EntryPoint\",\"urlTemplate\":\"https:\/\/www.infonautics-software.ch\/quickmerge-fuer-excelword\/?s={search_term_string}\"},\"query-input\":{\"@type\":\"PropertyValueSpecification\",\"valueRequired\":true,\"valueName\":\"search_term_string\"}}],\"inLanguage\":\"de\"}]}<\/script>\n<!-- \/ Yoast SEO plugin. -->","yoast_head_json":{"title":"Korrekte Formatierung von Datum- und Zahlenfelder im Serienbrief","description":"Mit Quick Merge f\u00fcr Excel\u2122+Word\u2122 automatische die korrekte Formatierung von Datum- und Zahlenfelder im Serienbrief aus Excel \u00fcbernehmen. Jetzt Serienbriefe einfach und schnelle erstellen und kostenlos das Windows-Programm Quick Merge herunterladen und testen.","robots":{"index":"index","follow":"follow","max-snippet":"max-snippet:-1","max-image-preview":"max-image-preview:large","max-video-preview":"max-video-preview:-1"},"canonical":"https:\/\/www.infonautics-software.ch\/quickmerge-fuer-excelword\/support\/","og_locale":"de_DE","og_type":"article","og_title":"Korrekte Formatierung von Datum- und Zahlenfelder im Serienbrief","og_description":"Mit Quick Merge f\u00fcr Excel\u2122+Word\u2122 automatische die korrekte Formatierung von Datum- und Zahlenfelder im Serienbrief aus Excel \u00fcbernehmen. Jetzt Serienbriefe einfach und schnelle erstellen und kostenlos das Windows-Programm Quick Merge herunterladen und testen.","og_url":"https:\/\/www.infonautics-software.ch\/quickmerge-fuer-excelword\/support\/","og_site_name":"Quick Merge f\u00fcr Excel+Word","article_modified_time":"2018-05-08T11:57:52+00:00","twitter_card":"summary_large_image","twitter_site":"@InfonauticsGmbH","twitter_misc":{"Gesch\u00e4tzte Lesezeit":"2\u00a0Minuten"},"schema":{"@context":"https:\/\/schema.org","@graph":[{"@type":"WebPage","@id":"https:\/\/www.infonautics-software.ch\/quickmerge-fuer-excelword\/support\/","url":"https:\/\/www.infonautics-software.ch\/quickmerge-fuer-excelword\/support\/","name":"Korrekte Formatierung von Datum- und Zahlenfelder im Serienbrief","isPartOf":{"@id":"https:\/\/www.infonautics-software.ch\/quickmerge-fuer-excelword\/#website"},"datePublished":"2018-05-08T09:00:10+00:00","dateModified":"2018-05-08T11:57:52+00:00","description":"Mit Quick Merge f\u00fcr Excel\u2122+Word\u2122 automatische die korrekte Formatierung von Datum- und Zahlenfelder im Serienbrief aus Excel \u00fcbernehmen. Jetzt Serienbriefe einfach und schnelle erstellen und kostenlos das Windows-Programm Quick Merge herunterladen und testen.","breadcrumb":{"@id":"https:\/\/www.infonautics-software.ch\/quickmerge-fuer-excelword\/support\/#breadcrumb"},"inLanguage":"de","potentialAction":[{"@type":"ReadAction","target":["https:\/\/www.infonautics-software.ch\/quickmerge-fuer-excelword\/support\/"]}]},{"@type":"BreadcrumbList","@id":"https:\/\/www.infonautics-software.ch\/quickmerge-fuer-excelword\/support\/#breadcrumb","itemListElement":[{"@type":"ListItem","position":1,"name":"Startseite","item":"https:\/\/www.infonautics-software.ch\/quickmerge-fuer-excelword\/"},{"@type":"ListItem","position":2,"name":"SUPPORT"}]},{"@type":"WebSite","@id":"https:\/\/www.infonautics-software.ch\/quickmerge-fuer-excelword\/#website","url":"https:\/\/www.infonautics-software.ch\/quickmerge-fuer-excelword\/","name":"Quick Merge f\u00fcr Excel+Word","description":"Vereinfachte Erstellung von Seriendokumenten mit Excel und Word","potentialAction":[{"@type":"SearchAction","target":{"@type":"EntryPoint","urlTemplate":"https:\/\/www.infonautics-software.ch\/quickmerge-fuer-excelword\/?s={search_term_string}"},"query-input":{"@type":"PropertyValueSpecification","valueRequired":true,"valueName":"search_term_string"}}],"inLanguage":"de"}]}},"jetpack_shortlink":"https:\/\/wp.me\/P9WzIO-2d","jetpack_sharing_enabled":true,"_links":{"self":[{"href":"https:\/\/www.infonautics-software.ch\/quickmerge-fuer-excelword\/wp-json\/wp\/v2\/pages\/137","targetHints":{"allow":["GET"]}}],"collection":[{"href":"https:\/\/www.infonautics-software.ch\/quickmerge-fuer-excelword\/wp-json\/wp\/v2\/pages"}],"about":[{"href":"https:\/\/www.infonautics-software.ch\/quickmerge-fuer-excelword\/wp-json\/wp\/v2\/types\/page"}],"author":[{"embeddable":true,"href":"https:\/\/www.infonautics-software.ch\/quickmerge-fuer-excelword\/wp-json\/wp\/v2\/users\/1"}],"replies":[{"embeddable":true,"href":"https:\/\/www.infonautics-software.ch\/quickmerge-fuer-excelword\/wp-json\/wp\/v2\/comments?post=137"}],"version-history":[{"count":10,"href":"https:\/\/www.infonautics-software.ch\/quickmerge-fuer-excelword\/wp-json\/wp\/v2\/pages\/137\/revisions"}],"predecessor-version":[{"id":1056,"href":"https:\/\/www.infonautics-software.ch\/quickmerge-fuer-excelword\/wp-json\/wp\/v2\/pages\/137\/revisions\/1056"}],"wp:attachment":[{"href":"https:\/\/www.infonautics-software.ch\/quickmerge-fuer-excelword\/wp-json\/wp\/v2\/media?parent=137"}],"curies":[{"name":"wp","href":"https:\/\/api.w.org\/{rel}","templated":true}]}}